{"id":6287,"date":"2026-02-12T18:37:05","date_gmt":"2026-02-12T18:37:05","guid":{"rendered":"https:\/\/frm-pt.com\/?post_type=product&#038;p=6287"},"modified":"2026-03-29T21:49:15","modified_gmt":"2026-03-29T21:49:15","slug":"gerador-professional-de-gasolina-7500w","status":"publish","type":"product","link":"https:\/\/frm-pt.com\/en\/product\/gerador-professional-de-gasolina-7500w\/","title":{"rendered":"Gerador Professional de Gasolina \u2013 7500W"},"content":{"rendered":"<div class=\"xdj266r x14z9mp xat24cr x1lziwak x1vvkbs x126k92a\">\n<div dir=\"auto\">\n<h3 style=\"text-align: center;\"><strong>Gerador Professional de Gasolina \u2013 7500W<\/strong><\/h3>\n<\/div>\n<h6 dir=\"auto\" style=\"text-align: center;\">Gerador port\u00e1til movido a gasolina 95<\/h6>\n<h6 dir=\"auto\" style=\"text-align: center;\">Potente motor monocil\u00edndrico de 4 tempos, 6,5cv<\/h6>\n<h6 dir=\"auto\" style=\"text-align: center;\">Ber\u00e7o de motor de tubo de a\u00e7o resistente<\/h6>\n<\/div>\n<div dir=\"auto\"><img fetchpriority=\"high\" decoding=\"async\" class=\"aligncenter wp-image-6305 size-full\" src=\"https:\/\/frm-pt.com\/wp-content\/uploads\/2026\/02\/WhatsApp-Image-2026-02-12-at-23.25.45.jpeg\" alt=\"\" width=\"1536\" height=\"1024\" srcset=\"https:\/\/frm-pt.com\/wp-content\/uploads\/2026\/02\/WhatsApp-Image-2026-02-12-at-23.25.45.jpeg 1536w, https:\/\/frm-pt.com\/wp-content\/uploads\/2026\/02\/WhatsApp-Image-2026-02-12-at-23.25.45-300x200.jpeg 300w, https:\/\/frm-pt.com\/wp-content\/uploads\/2026\/02\/WhatsApp-Image-2026-02-12-at-23.25.45-1024x683.jpeg 1024w, https:\/\/frm-pt.com\/wp-content\/uploads\/2026\/02\/WhatsApp-Image-2026-02-12-at-23.25.45-768x512.jpeg 768w, https:\/\/frm-pt.com\/wp-content\/uploads\/2026\/02\/WhatsApp-Image-2026-02-12-at-23.25.45-1320x880.jpeg 1320w, https:\/\/frm-pt.com\/wp-content\/uploads\/2026\/02\/WhatsApp-Image-2026-02-12-at-23.25.45-600x400.jpeg 600w\" sizes=\"(max-width: 1536px) 100vw, 1536px\" \/><\/div>\n<div class=\"xdj266r x14z9mp xat24cr x1lziwak x1vvkbs x126k92a\"><\/div>\n<div class=\"x14z9mp xat24cr x1lziwak x1vvkbs xtlvy1s x126k92a\">\n<div dir=\"auto\" style=\"text-align: center;\">\n<h6 dir=\"auto\">Disjuntor e tomadas cobertas<\/h6>\n<h6 dir=\"auto\">Op\u00e7\u00e3o de inicializa\u00e7\u00e3o dupla<\/h6>\n<h6 dir=\"auto\">Partida de recuo e partida el\u00e9trica<\/h6>\n<h6 dir=\"auto\">Alta efici\u00eancia baixa manuten\u00e7\u00e3o<\/h6>\n<h6 dir=\"auto\">Ecol\u00f3gico com sistema de queima mais limpo<\/h6>\n<h6 dir=\"auto\">Com sa\u00edda de entrada de bloqueio de tor\u00e7\u00e3o<\/h6>\n<div dir=\"auto\"><img decoding=\"async\" class=\"aligncenter wp-image-6306 size-full\" src=\"https:\/\/frm-pt.com\/wp-content\/uploads\/2026\/02\/WhatsApp-Image-2026-02-12-at-23.23.55.jpeg\" alt=\"\" width=\"1536\" height=\"1024\" srcset=\"https:\/\/frm-pt.com\/wp-content\/uploads\/2026\/02\/WhatsApp-Image-2026-02-12-at-23.23.55.jpeg 1536w, https:\/\/frm-pt.com\/wp-content\/uploads\/2026\/02\/WhatsApp-Image-2026-02-12-at-23.23.55-300x200.jpeg 300w, https:\/\/frm-pt.com\/wp-content\/uploads\/2026\/02\/WhatsApp-Image-2026-02-12-at-23.23.55-1024x683.jpeg 1024w, https:\/\/frm-pt.com\/wp-content\/uploads\/2026\/02\/WhatsApp-Image-2026-02-12-at-23.23.55-768x512.jpeg 768w, https:\/\/frm-pt.com\/wp-content\/uploads\/2026\/02\/WhatsApp-Image-2026-02-12-at-23.23.55-1320x880.jpeg 1320w, https:\/\/frm-pt.com\/wp-content\/uploads\/2026\/02\/WhatsApp-Image-2026-02-12-at-23.23.55-600x400.jpeg 600w\" sizes=\"(max-width: 1536px) 100vw, 1536px\" \/><\/div>\n<div dir=\"auto\">\n<h6 dir=\"auto\">Toda a constru\u00e7\u00e3o de metal com revestimento motorizado<\/h6>\n<h6 dir=\"auto\">Circuito aprimorado e prote\u00e7\u00e3o el\u00e9trica<\/h6>\n<h6 dir=\"auto\">Design robusto e desempenho premium<\/h6>\n<h6 dir=\"auto\">Constru\u00e7\u00e3o de baixo ru\u00eddo e silencioso<\/h6>\n<h6 dir=\"auto\">Desligamento autom\u00e1tico de \u00f3leo baixo para prote\u00e7\u00e3o do motor<\/h6>\n<h6 dir=\"auto\">Painel frontal sofisticado<\/h6>\n<h6 dir=\"auto\">Alta capacidade de combust\u00edvel<\/h6>\n<h6 dir=\"auto\">Para uso profissional e dom\u00e9stico<\/h6>\n<div dir=\"auto\"><img decoding=\"async\" class=\"aligncenter wp-image-6307 size-full\" src=\"https:\/\/frm-pt.com\/wp-content\/uploads\/2026\/02\/WhatsApp-Image-2026-02-12-at-23.23.50.jpeg\" alt=\"\" width=\"1536\" height=\"1024\" srcset=\"https:\/\/frm-pt.com\/wp-content\/uploads\/2026\/02\/WhatsApp-Image-2026-02-12-at-23.23.50.jpeg 1536w, https:\/\/frm-pt.com\/wp-content\/uploads\/2026\/02\/WhatsApp-Image-2026-02-12-at-23.23.50-300x200.jpeg 300w, https:\/\/frm-pt.com\/wp-content\/uploads\/2026\/02\/WhatsApp-Image-2026-02-12-at-23.23.50-1024x683.jpeg 1024w, https:\/\/frm-pt.com\/wp-content\/uploads\/2026\/02\/WhatsApp-Image-2026-02-12-at-23.23.50-768x512.jpeg 768w, https:\/\/frm-pt.com\/wp-content\/uploads\/2026\/02\/WhatsApp-Image-2026-02-12-at-23.23.50-1320x880.jpeg 1320w, https:\/\/frm-pt.com\/wp-content\/uploads\/2026\/02\/WhatsApp-Image-2026-02-12-at-23.23.50-600x400.jpeg 600w\" sizes=\"(max-width: 1536px) 100vw, 1536px\" \/><\/div>\n<div dir=\"auto\">\n<div class=\"xdj266r x14z9mp xat24cr x1lziwak x1vvkbs x126k92a\">\n<h6 dir=\"auto\">Especifica\u00e7\u00f5es:<\/h6>\n<h6 dir=\"auto\">Materiais: A\u00e7o Revestido a P\u00f3<\/h6>\n<h6 dir=\"auto\">Combust\u00edvel: Gasolina<\/h6>\n<h6 dir=\"auto\">Sistema de Igni\u00e7\u00e3o: Igni\u00e7\u00e3o Transistorizada Sem Contato<\/h6>\n<h6 dir=\"auto\">Sistema de partida: partida de recuo, partida el\u00e9trica<\/h6>\n<h6 dir=\"auto\">Pot\u00eancia nominal de sa\u00edda: 3000W<\/h6>\n<h6 dir=\"auto\">M\u00e1x. Pot\u00eancia de sa\u00edda: 3000W<\/h6>\n<h6 dir=\"auto\">Monof\u00e1sico<\/h6>\n<h6 dir=\"auto\">Frequ\u00eancia nominal: 50 Hz<\/h6>\n<h6 dir=\"auto\">Sa\u00edda de tens\u00e3o CA nominal: 220V \/ 380V<\/h6>\n<h6 dir=\"auto\">Fase: 3\u00d8<\/h6>\n<h6 dir=\"auto\">Sa\u00edda de tens\u00e3o DC nominal: 12V<\/h6>\n<h6 dir=\"auto\">Atual: 8.3Amp<\/h6>\n<h6 dir=\"auto\">Fator de pot\u00eancia: 1,0<\/h6>\n<h6 dir=\"auto\">Peso Bruto: 38KG<\/h6>\n<\/div>\n<div class=\"x14z9mp xat24cr x1lziwak x1vvkbs xtlvy1s x126k92a\">\n<h6 dir=\"auto\">Tipo de motor: 4 tempos, cilindro \u00fanico. Capacidade do tanque: 16L<\/h6>\n<h6 dir=\"auto\">Consumo de combust\u00edvel: 1,35<\/h6>\n<h6 dir=\"auto\">Capacidade do \u00f3leo do motor: 0,6L<\/h6>\n<h6 dir=\"auto\">N\u00edvel de ru\u00eddo: 58 dB<\/h6>\n<p><img loading=\"lazy\" decoding=\"async\" class=\"aligncenter wp-image-6267 size-full\" src=\"https:\/\/frm-pt.com\/wp-content\/uploads\/2026\/02\/Captura-de-ecra-2026-02-11-221423.png\" alt=\"\" width=\"1913\" height=\"807\" srcset=\"https:\/\/frm-pt.com\/wp-content\/uploads\/2026\/02\/Captura-de-ecra-2026-02-11-221423.png 1913w, https:\/\/frm-pt.com\/wp-content\/uploads\/2026\/02\/Captura-de-ecra-2026-02-11-221423-300x127.png 300w, https:\/\/frm-pt.com\/wp-content\/uploads\/2026\/02\/Captura-de-ecra-2026-02-11-221423-1024x432.png 1024w, https:\/\/frm-pt.com\/wp-content\/uploads\/2026\/02\/Captura-de-ecra-2026-02-11-221423-768x324.png 768w, https:\/\/frm-pt.com\/wp-content\/uploads\/2026\/02\/Captura-de-ecra-2026-02-11-221423-1536x648.png 1536w, https:\/\/frm-pt.com\/wp-content\/uploads\/2026\/02\/Captura-de-ecra-2026-02-11-221423-1320x557.png 1320w, https:\/\/frm-pt.com\/wp-content\/uploads\/2026\/02\/Captura-de-ecra-2026-02-11-221423-600x253.png 600w\" sizes=\"(max-width: 1913px) 100vw, 1913px\" \/><\/p>\n<\/div>\n<\/div>\n<\/div>\n<\/div>\n<\/div>","protected":false},"excerpt":{"rendered":"<p><img decoding=\"async\" class=\"emoji\" role=\"img\" draggable=\"false\" src=\"https:\/\/s.w.org\/images\/core\/emoji\/17.0.2\/svg\/1f69b.svg\" alt=\"\ud83d\ude9b\" \/>\u00a0 Envios \u00e1 Cobran\u00e7a<\/p>\n<p><img decoding=\"async\" class=\"emoji\" role=\"img\" draggable=\"false\" src=\"https:\/\/s.w.org\/images\/core\/emoji\/17.0.2\/svg\/1f69b.svg\" alt=\"\ud83d\ude9b\" \/>\u00a0Entregas em 24h a 48h<\/p>","protected":false},"featured_media":6304,"template":"","meta":{"nf_dc_page":"","site-sidebar-layout":"default","site-content-layout":"","ast-site-content-layout":"default","site-content-style":"default","site-sidebar-style":"default","ast-global-header-display":"","ast-banner-title-visibility":"","ast-main-header-display":"","ast-hfb-above-header-display":"","ast-hfb-below-header-display":"","ast-hfb-mobile-header-display":"","site-post-title":"","ast-breadcrumbs-content":"","ast-featured-img":"","footer-sml-layout":"","ast-disable-related-posts":"","theme-transparent-header-meta":"default","adv-header-id-meta":"","stick-header-meta":"","header-above-stick-meta":"","header-main-stick-meta":"","header-below-stick-meta":"","astra-migrate-meta-layouts":"set","ast-page-background-enabled":"default","ast-page-background-meta":{"desktop":{"background-color":"","background-image":"","background-repeat":"repeat","background-position":"center center","background-size":"auto","background-attachment":"scroll","background-type":"","background-media":"","overlay-type":"","overlay-color":"","overlay-opacity":"","overlay-gradient":""},"tablet":{"background-color":"","background-image":"","background-repeat":"repeat","background-position":"center center","background-size":"auto","background-attachment":"scroll","background-type":"","background-media":"","overlay-type":"","overlay-color":"","overlay-opacity":"","overlay-gradient":""},"mobile":{"background-color":"","background-image":"","background-repeat":"repeat","background-position":"center center","background-size":"auto","background-attachment":"scroll","background-type":"","background-media":"","overlay-type":"","overlay-color":"","overlay-opacity":"","overlay-gradient":""}},"ast-content-background-meta":{"desktop":{"background-color":"var(--ast-global-color-5)","background-image":"","background-repeat":"repeat","background-position":"center center","background-size":"auto","background-attachment":"scroll","background-type":"","background-media":"","overlay-type":"","overlay-color":"","overlay-opacity":"","overlay-gradient":""},"tablet":{"background-color":"var(--ast-global-color-5)","background-image":"","background-repeat":"repeat","background-position":"center center","background-size":"auto","background-attachment":"scroll","background-type":"","background-media":"","overlay-type":"","overlay-color":"","overlay-opacity":"","overlay-gradient":""},"mobile":{"background-color":"var(--ast-global-color-5)","background-image":"","background-repeat":"repeat","background-position":"center center","background-size":"auto","background-attachment":"scroll","background-type":"","background-media":"","overlay-type":"","overlay-color":"","overlay-opacity":"","overlay-gradient":""}}},"product_brand":[],"product_cat":[46],"product_tag":[],"class_list":{"0":"post-6287","1":"product","2":"type-product","3":"status-publish","4":"has-post-thumbnail","6":"product_cat-gerador","7":"desktop-align-left","8":"tablet-align-left","9":"mobile-align-left","11":"first","12":"instock","13":"sale","14":"shipping-taxable","15":"purchasable","16":"product-type-simple"},"_links":{"self":[{"href":"https:\/\/frm-pt.com\/en\/wp-json\/wp\/v2\/product\/6287","targetHints":{"allow":["GET"]}}],"collection":[{"href":"https:\/\/frm-pt.com\/en\/wp-json\/wp\/v2\/product"}],"about":[{"href":"https:\/\/frm-pt.com\/en\/wp-json\/wp\/v2\/types\/product"}],"wp:featuredmedia":[{"embeddable":true,"href":"https:\/\/frm-pt.com\/en\/wp-json\/wp\/v2\/media\/6304"}],"wp:attachment":[{"href":"https:\/\/frm-pt.com\/en\/wp-json\/wp\/v2\/media?parent=6287"}],"wp:term":[{"taxonomy":"product_brand","embeddable":true,"href":"https:\/\/frm-pt.com\/en\/wp-json\/wp\/v2\/product_brand?post=6287"},{"taxonomy":"product_cat","embeddable":true,"href":"https:\/\/frm-pt.com\/en\/wp-json\/wp\/v2\/product_cat?post=6287"},{"taxonomy":"product_tag","embeddable":true,"href":"https:\/\/frm-pt.com\/en\/wp-json\/wp\/v2\/product_tag?post=6287"}],"curies":[{"name":"wp","href":"https:\/\/api.w.org\/{rel}","templated":true}]}}