{"id":5104,"date":"2025-08-11T22:32:46","date_gmt":"2025-08-11T22:32:46","guid":{"rendered":"https:\/\/frm-pt.com\/?post_type=product&#038;p=5104"},"modified":"2025-08-11T22:32:46","modified_gmt":"2025-08-11T22:32:46","slug":"furadeira-parafusadeira-a-bateria-de-litio-12v","status":"publish","type":"product","link":"https:\/\/frm-pt.com\/en\/product\/furadeira-parafusadeira-a-bateria-de-litio-12v\/","title":{"rendered":"Furadeira Parafusadeira \u00c0 Bateria de L\u00edtio 12V"},"content":{"rendered":"<p style=\"text-align: center;\">Indicada para soltar e apertar parafusos e fazer furos em madeiras ou metais. Compacta e pr\u00e1tica de usar. Possui regulagem de torque com 18 posi\u00e7\u00f5es mais 1, adequando-se a necessidade de aperto de acordo com a dureza do material. Possui ainda mandril de aperto r\u00e1pido proporcionando troca r\u00e1pida do acess\u00f3rio utilizado.<\/p>\n<p style=\"text-align: center;\">Itens inclusos &#8211; Manual de Instru\u00e7\u00f5es &#8211; Bateria de L\u00edtio &#8211; Carregador Bivolt\u00a0 Frequ\u00eancia: 50 &#8211; 60 Hz Pot\u00eancia M\u00e1xima: 200W Bateria de L\u00edtio: 12V Capacidade da Bateria: 1.300 mAh Tipo de bateria: Li-\u00edon Velocidade sem carga: 0 &#8211; 650rpm Capacidade de mandril: 10 mm (3\/8 Pol)<\/p>\n<p style=\"text-align: center;\">Quantidade e fun\u00e7\u00f5es: 2 Tipos de fun\u00e7\u00f5es: Parafusar e furar Regulagem de torque: 18 posi\u00e7\u00f5es mais 1 Torque: 23 Nm<\/p>\n<p style=\"text-align: center;\">Velocidade vari\u00e1vel e revers\u00edvel: Sim Possui mandril sem chave: Sim Possui anel de pr\u00e9-sele\u00e7\u00e3o de torque : Sim Possui luz LED: Sim Possui gatilho do interruptor: Sim Possui bot\u00e3o de desbloqueio da bateria: Sim Possui bot\u00e3o de dire\u00e7\u00e3o rotacional: Sim<\/p>\n<p>Conte\u00fado da embalagem: 1 Furadeira parafusadeira<\/p>\n<p>Dimens\u00f5es aproximadas da embalagem: 6 x 21 x 20 cm (A x L x P)<\/p>\n<p>Peso aproximado da embalagem: 1,2 Kg<\/p>\n<p>Informa\u00e7\u00f5es Adicionais: Indicada para soltar e apertar parafusos. &#8211; Os objetos que ambientam as imagens, n\u00e3o acompanham o produto.<\/p>\n<p><img fetchpriority=\"high\" decoding=\"async\" class=\"aligncenter wp-image-5105 size-full\" src=\"https:\/\/frm-pt.com\/wp-content\/uploads\/2025\/08\/ca7bf85b-e01d-4803-ad72-8a8d558c42be.jpg\" alt=\"\" width=\"1080\" height=\"1064\" srcset=\"https:\/\/frm-pt.com\/wp-content\/uploads\/2025\/08\/ca7bf85b-e01d-4803-ad72-8a8d558c42be.jpg 1080w, https:\/\/frm-pt.com\/wp-content\/uploads\/2025\/08\/ca7bf85b-e01d-4803-ad72-8a8d558c42be-300x296.jpg 300w, https:\/\/frm-pt.com\/wp-content\/uploads\/2025\/08\/ca7bf85b-e01d-4803-ad72-8a8d558c42be-1024x1009.jpg 1024w, https:\/\/frm-pt.com\/wp-content\/uploads\/2025\/08\/ca7bf85b-e01d-4803-ad72-8a8d558c42be-768x757.jpg 768w, https:\/\/frm-pt.com\/wp-content\/uploads\/2025\/08\/ca7bf85b-e01d-4803-ad72-8a8d558c42be-600x591.jpg 600w, https:\/\/frm-pt.com\/wp-content\/uploads\/2025\/08\/ca7bf85b-e01d-4803-ad72-8a8d558c42be-100x100.jpg 100w\" sizes=\"(max-width: 1080px) 100vw, 1080px\" \/><img decoding=\"async\" class=\"aligncenter wp-image-5106 size-full\" src=\"https:\/\/frm-pt.com\/wp-content\/uploads\/2025\/08\/115e4fdf-d634-468e-8c66-aab0b4bd4ce9.jpg\" alt=\"\" width=\"1072\" height=\"1068\" srcset=\"https:\/\/frm-pt.com\/wp-content\/uploads\/2025\/08\/115e4fdf-d634-468e-8c66-aab0b4bd4ce9.jpg 1072w, https:\/\/frm-pt.com\/wp-content\/uploads\/2025\/08\/115e4fdf-d634-468e-8c66-aab0b4bd4ce9-300x300.jpg 300w, https:\/\/frm-pt.com\/wp-content\/uploads\/2025\/08\/115e4fdf-d634-468e-8c66-aab0b4bd4ce9-1024x1020.jpg 1024w, https:\/\/frm-pt.com\/wp-content\/uploads\/2025\/08\/115e4fdf-d634-468e-8c66-aab0b4bd4ce9-150x150.jpg 150w, https:\/\/frm-pt.com\/wp-content\/uploads\/2025\/08\/115e4fdf-d634-468e-8c66-aab0b4bd4ce9-768x765.jpg 768w, https:\/\/frm-pt.com\/wp-content\/uploads\/2025\/08\/115e4fdf-d634-468e-8c66-aab0b4bd4ce9-600x598.jpg 600w, https:\/\/frm-pt.com\/wp-content\/uploads\/2025\/08\/115e4fdf-d634-468e-8c66-aab0b4bd4ce9-100x100.jpg 100w\" sizes=\"(max-width: 1072px) 100vw, 1072px\" \/><img decoding=\"async\" class=\"aligncenter wp-image-5107 size-full\" src=\"https:\/\/frm-pt.com\/wp-content\/uploads\/2025\/08\/f66dc254-4146-4679-b29a-9086c9dd5806.jpg\" alt=\"\" width=\"1080\" height=\"1053\" srcset=\"https:\/\/frm-pt.com\/wp-content\/uploads\/2025\/08\/f66dc254-4146-4679-b29a-9086c9dd5806.jpg 1080w, https:\/\/frm-pt.com\/wp-content\/uploads\/2025\/08\/f66dc254-4146-4679-b29a-9086c9dd5806-300x293.jpg 300w, https:\/\/frm-pt.com\/wp-content\/uploads\/2025\/08\/f66dc254-4146-4679-b29a-9086c9dd5806-1024x998.jpg 1024w, https:\/\/frm-pt.com\/wp-content\/uploads\/2025\/08\/f66dc254-4146-4679-b29a-9086c9dd5806-768x749.jpg 768w, https:\/\/frm-pt.com\/wp-content\/uploads\/2025\/08\/f66dc254-4146-4679-b29a-9086c9dd5806-600x585.jpg 600w\" sizes=\"(max-width: 1080px) 100vw, 1080px\" \/><img loading=\"lazy\" decoding=\"async\" class=\"aligncenter wp-image-5108 size-full\" src=\"https:\/\/frm-pt.com\/wp-content\/uploads\/2025\/08\/1ec8a327-e241-4da1-8a10-7e005757f629.jpg\" alt=\"\" width=\"1080\" height=\"1067\" srcset=\"https:\/\/frm-pt.com\/wp-content\/uploads\/2025\/08\/1ec8a327-e241-4da1-8a10-7e005757f629.jpg 1080w, https:\/\/frm-pt.com\/wp-content\/uploads\/2025\/08\/1ec8a327-e241-4da1-8a10-7e005757f629-300x296.jpg 300w, https:\/\/frm-pt.com\/wp-content\/uploads\/2025\/08\/1ec8a327-e241-4da1-8a10-7e005757f629-1024x1012.jpg 1024w, https:\/\/frm-pt.com\/wp-content\/uploads\/2025\/08\/1ec8a327-e241-4da1-8a10-7e005757f629-768x759.jpg 768w, https:\/\/frm-pt.com\/wp-content\/uploads\/2025\/08\/1ec8a327-e241-4da1-8a10-7e005757f629-600x593.jpg 600w, https:\/\/frm-pt.com\/wp-content\/uploads\/2025\/08\/1ec8a327-e241-4da1-8a10-7e005757f629-100x100.jpg 100w\" sizes=\"(max-width: 1080px) 100vw, 1080px\" \/><\/p>\n<p><em>\u2705Fazemos envios \u00e1 cobran\u00e7a para todo Portugal Continental . com\u00a0 c\u00f3digo de rastreo online.\u00a0<\/em><\/p>\n<p><em>\u2705Voc\u00ea somente paga o valor descrito em nosso site, fique tranquilo, n\u00e3o haver\u00e1 cobran\u00e7as adicionais de taxas ou impostos.<\/em><\/p>\n<p><em>\u2705Prazo m\u00e9dio para entrega \u00e9 de 24h a 48h ap\u00f3s o seu pedido.<\/em><\/p>\n<p><em>\u2705Site protegido com os melhores certificados de seguran\u00e7a.<\/em><\/p>","protected":false},"excerpt":{"rendered":"<div class=\"woocommerce-product-details__short-description\">\n<p>\ud83d\ude9b\u00a0 Envios \u00e1 Cobran\u00e7a<\/p>\n<p>\ud83d\ude9b Entregas em 24h a 48h<\/p>\n<\/div>","protected":false},"featured_media":5105,"template":"","meta":{"nf_dc_page":"","site-sidebar-layout":"default","site-content-layout":"","ast-site-content-layout":"default","site-content-style":"default","site-sidebar-style":"default","ast-global-header-display":"","ast-banner-title-visibility":"","ast-main-header-display":"","ast-hfb-above-header-display":"","ast-hfb-below-header-display":"","ast-hfb-mobile-header-display":"","site-post-title":"","ast-breadcrumbs-content":"","ast-featured-img":"","footer-sml-layout":"","ast-disable-related-posts":"","theme-transparent-header-meta":"default","adv-header-id-meta":"","stick-header-meta":"","header-above-stick-meta":"","header-main-stick-meta":"","header-below-stick-meta":"","astra-migrate-meta-layouts":"set","ast-page-background-enabled":"default","ast-page-background-meta":{"desktop":{"background-color":"","background-image":"","background-repeat":"repeat","background-position":"center center","background-size":"auto","background-attachment":"scroll","background-type":"","background-media":"","overlay-type":"","overlay-color":"","overlay-opacity":"","overlay-gradient":""},"tablet":{"background-color":"","background-image":"","background-repeat":"repeat","background-position":"center center","background-size":"auto","background-attachment":"scroll","background-type":"","background-media":"","overlay-type":"","overlay-color":"","overlay-opacity":"","overlay-gradient":""},"mobile":{"background-color":"","background-image":"","background-repeat":"repeat","background-position":"center center","background-size":"auto","background-attachment":"scroll","background-type":"","background-media":"","overlay-type":"","overlay-color":"","overlay-opacity":"","overlay-gradient":""}},"ast-content-background-meta":{"desktop":{"background-color":"var(--ast-global-color-5)","background-image":"","background-repeat":"repeat","background-position":"center center","background-size":"auto","background-attachment":"scroll","background-type":"","background-media":"","overlay-type":"","overlay-color":"","overlay-opacity":"","overlay-gradient":""},"tablet":{"background-color":"var(--ast-global-color-5)","background-image":"","background-repeat":"repeat","background-position":"center center","background-size":"auto","background-attachment":"scroll","background-type":"","background-media":"","overlay-type":"","overlay-color":"","overlay-opacity":"","overlay-gradient":""},"mobile":{"background-color":"var(--ast-global-color-5)","background-image":"","background-repeat":"repeat","background-position":"center center","background-size":"auto","background-attachment":"scroll","background-type":"","background-media":"","overlay-type":"","overlay-color":"","overlay-opacity":"","overlay-gradient":""}}},"product_brand":[],"product_cat":[34],"product_tag":[],"class_list":{"0":"post-5104","1":"product","2":"type-product","3":"status-publish","4":"has-post-thumbnail","6":"product_cat-maquinas-de-baterias","7":"desktop-align-left","8":"tablet-align-left","9":"mobile-align-left","11":"first","12":"instock","13":"sale","14":"shipping-taxable","15":"purchasable","16":"product-type-simple"},"_links":{"self":[{"href":"https:\/\/frm-pt.com\/en\/wp-json\/wp\/v2\/product\/5104","targetHints":{"allow":["GET"]}}],"collection":[{"href":"https:\/\/frm-pt.com\/en\/wp-json\/wp\/v2\/product"}],"about":[{"href":"https:\/\/frm-pt.com\/en\/wp-json\/wp\/v2\/types\/product"}],"wp:featuredmedia":[{"embeddable":true,"href":"https:\/\/frm-pt.com\/en\/wp-json\/wp\/v2\/media\/5105"}],"wp:attachment":[{"href":"https:\/\/frm-pt.com\/en\/wp-json\/wp\/v2\/media?parent=5104"}],"wp:term":[{"taxonomy":"product_brand","embeddable":true,"href":"https:\/\/frm-pt.com\/en\/wp-json\/wp\/v2\/product_brand?post=5104"},{"taxonomy":"product_cat","embeddable":true,"href":"https:\/\/frm-pt.com\/en\/wp-json\/wp\/v2\/product_cat?post=5104"},{"taxonomy":"product_tag","embeddable":true,"href":"https:\/\/frm-pt.com\/en\/wp-json\/wp\/v2\/product_tag?post=5104"}],"curies":[{"name":"wp","href":"https:\/\/api.w.org\/{rel}","templated":true}]}}