{"id":5098,"date":"2025-08-11T22:14:41","date_gmt":"2025-08-11T22:14:41","guid":{"rendered":"https:\/\/frm-pt.com\/?post_type=product&#038;p=5098"},"modified":"2025-09-07T21:37:32","modified_gmt":"2025-09-07T21:37:32","slug":"caixa-de-ferramenta-85-pcs-red-kraftmuller","status":"publish","type":"product","link":"https:\/\/frm-pt.com\/en\/product\/caixa-de-ferramenta-85-pcs-red-kraftmuller\/","title":{"rendered":"Caixa de ferramenta 85 PCS RED KRAFTMULLER"},"content":{"rendered":"<p>Adequado para o seu passatempo em casa, construindo novos m\u00f3veis ou manuten\u00e7\u00e3o e repara\u00e7\u00f5es em casa, de bicicleta, moto ou carro.<\/p>\n<p>&#8211; Tamb\u00e9m ideal para viajar. Seja para acampar ou simplesmente como seguran\u00e7a no porta-malas do seu carro. Com este conjunto de ferramentas, tem sempre a ferramenta certa na ponta dos dedos<\/p>\n<p>-Com caixa met\u00e1lica s\u00f3lida com dimens\u00f5es: 47 x 22 x 22 cm<br \/>\nDETALHE:<br \/>\nO kit de ferramentas para o DIY di\u00e1rio. Tens sempre as ferramentas certas na ponta dos dedos. Gra\u00e7as \u00e0 caixa resistente com entalhes pr\u00e1ticos, as ferramentas feitas de a\u00e7o CR-V (van\u00e1dio cromado) e a\u00e7o de ferramenta de alta qualidade s\u00e3o sempre perfeitamente armazenadas e protegidas.<\/p>\n<p>Conte\u00fado do pacote:<br \/>\n-18 alqueires (1\/2&#8243;) 10, 11, 12, 13, 14, 15, 16, 17, 18, 19, 20, 21, 22, 23, 24, 27, 30, 32 mm<br \/>\n&#8211; 1 cabo de roquete de desbloqueio r\u00e1pido (1\/2&#8243;)<br \/>\n&#8211; 1 extens\u00e3o 5&#8243; (1\/2&#8243;). Extens\u00e3o de 3 cm com 3<br \/>\n&#8211; Adaptador (1\/2&#8243;) 1 x conector universal (1\/2&#8243;) 12 x tomadas (1\/4&#8243;) 4, 4,5, 5, 5, 6, 7, 8, 9, 10, 11, 12, 13 mm.<br \/>\n-1 pega de roquete r\u00e1pida (1\/4&#8243;), 1 extens\u00e3o 3&#8243; (1\/4&#8243;) 6 pe\u00e7as de chave de fendas, 1 chave de fendas para pontas, grampo de bico de 16&#8243;, 1 grampo universal de 7&#8243;, 1 fita 3 m, 1 cortador de ferro fundido, 10 l\u00e2minas sobressalentes.<br \/>\n&#8211; 5 chave de fendas. 5 x 75, 6 x 100, 8 x 150 mm, PH1 x 75 mm, PH2 x 100 mm, 1 x 10&#8243; grampo multi-tira -1 x 10&#8243; grampo de v\u00edcio 9 x Chaves Allen 1,5-10 mm, 12 x chaves planas &#8211; 6, 8, 9, 10, 111, 12, 13, 15, 15, 16, 17, 19 mm &#8211; 1 caixa de metal.<\/p>\n<p><img fetchpriority=\"high\" decoding=\"async\" class=\"aligncenter wp-image-5099 size-full\" src=\"https:\/\/frm-pt.com\/wp-content\/uploads\/2025\/08\/83e33752-256a-4153-8210-80ec9a465e45.jpg\" alt=\"\" width=\"1080\" height=\"1068\" srcset=\"https:\/\/frm-pt.com\/wp-content\/uploads\/2025\/08\/83e33752-256a-4153-8210-80ec9a465e45.jpg 1080w, https:\/\/frm-pt.com\/wp-content\/uploads\/2025\/08\/83e33752-256a-4153-8210-80ec9a465e45-300x297.jpg 300w, https:\/\/frm-pt.com\/wp-content\/uploads\/2025\/08\/83e33752-256a-4153-8210-80ec9a465e45-1024x1013.jpg 1024w, https:\/\/frm-pt.com\/wp-content\/uploads\/2025\/08\/83e33752-256a-4153-8210-80ec9a465e45-768x759.jpg 768w, https:\/\/frm-pt.com\/wp-content\/uploads\/2025\/08\/83e33752-256a-4153-8210-80ec9a465e45-600x593.jpg 600w, https:\/\/frm-pt.com\/wp-content\/uploads\/2025\/08\/83e33752-256a-4153-8210-80ec9a465e45-100x100.jpg 100w\" sizes=\"(max-width: 1080px) 100vw, 1080px\" \/><img decoding=\"async\" class=\"aligncenter wp-image-5100 size-full\" src=\"https:\/\/frm-pt.com\/wp-content\/uploads\/2025\/08\/ee2c0ab7-44a0-4198-8e88-a66ecbde1a56.jpg\" alt=\"\" width=\"1080\" height=\"1058\" srcset=\"https:\/\/frm-pt.com\/wp-content\/uploads\/2025\/08\/ee2c0ab7-44a0-4198-8e88-a66ecbde1a56.jpg 1080w, https:\/\/frm-pt.com\/wp-content\/uploads\/2025\/08\/ee2c0ab7-44a0-4198-8e88-a66ecbde1a56-300x294.jpg 300w, https:\/\/frm-pt.com\/wp-content\/uploads\/2025\/08\/ee2c0ab7-44a0-4198-8e88-a66ecbde1a56-1024x1003.jpg 1024w, https:\/\/frm-pt.com\/wp-content\/uploads\/2025\/08\/ee2c0ab7-44a0-4198-8e88-a66ecbde1a56-768x752.jpg 768w, https:\/\/frm-pt.com\/wp-content\/uploads\/2025\/08\/ee2c0ab7-44a0-4198-8e88-a66ecbde1a56-600x588.jpg 600w\" sizes=\"(max-width: 1080px) 100vw, 1080px\" \/><img decoding=\"async\" class=\"aligncenter wp-image-5101 size-full\" src=\"https:\/\/frm-pt.com\/wp-content\/uploads\/2025\/08\/fc0cb431-fb7c-4658-97fe-05f05b37d9bc.jpg\" alt=\"\" width=\"1080\" height=\"1079\" srcset=\"https:\/\/frm-pt.com\/wp-content\/uploads\/2025\/08\/fc0cb431-fb7c-4658-97fe-05f05b37d9bc.jpg 1080w, https:\/\/frm-pt.com\/wp-content\/uploads\/2025\/08\/fc0cb431-fb7c-4658-97fe-05f05b37d9bc-300x300.jpg 300w, https:\/\/frm-pt.com\/wp-content\/uploads\/2025\/08\/fc0cb431-fb7c-4658-97fe-05f05b37d9bc-1024x1024.jpg 1024w, https:\/\/frm-pt.com\/wp-content\/uploads\/2025\/08\/fc0cb431-fb7c-4658-97fe-05f05b37d9bc-150x150.jpg 150w, https:\/\/frm-pt.com\/wp-content\/uploads\/2025\/08\/fc0cb431-fb7c-4658-97fe-05f05b37d9bc-768x767.jpg 768w, https:\/\/frm-pt.com\/wp-content\/uploads\/2025\/08\/fc0cb431-fb7c-4658-97fe-05f05b37d9bc-600x599.jpg 600w, https:\/\/frm-pt.com\/wp-content\/uploads\/2025\/08\/fc0cb431-fb7c-4658-97fe-05f05b37d9bc-100x100.jpg 100w\" sizes=\"(max-width: 1080px) 100vw, 1080px\" \/><img loading=\"lazy\" decoding=\"async\" class=\"aligncenter wp-image-5102\" src=\"https:\/\/frm-pt.com\/wp-content\/uploads\/2025\/08\/0bb92000-a3f1-4236-8b1e-d43ea4fcd1a2.jpg\" alt=\"\" width=\"1069\" height=\"1068\" srcset=\"https:\/\/frm-pt.com\/wp-content\/uploads\/2025\/08\/0bb92000-a3f1-4236-8b1e-d43ea4fcd1a2.jpg 1069w, https:\/\/frm-pt.com\/wp-content\/uploads\/2025\/08\/0bb92000-a3f1-4236-8b1e-d43ea4fcd1a2-300x300.jpg 300w, https:\/\/frm-pt.com\/wp-content\/uploads\/2025\/08\/0bb92000-a3f1-4236-8b1e-d43ea4fcd1a2-1024x1024.jpg 1024w, https:\/\/frm-pt.com\/wp-content\/uploads\/2025\/08\/0bb92000-a3f1-4236-8b1e-d43ea4fcd1a2-150x150.jpg 150w, https:\/\/frm-pt.com\/wp-content\/uploads\/2025\/08\/0bb92000-a3f1-4236-8b1e-d43ea4fcd1a2-768x767.jpg 768w, https:\/\/frm-pt.com\/wp-content\/uploads\/2025\/08\/0bb92000-a3f1-4236-8b1e-d43ea4fcd1a2-600x599.jpg 600w, https:\/\/frm-pt.com\/wp-content\/uploads\/2025\/08\/0bb92000-a3f1-4236-8b1e-d43ea4fcd1a2-100x100.jpg 100w\" sizes=\"(max-width: 1069px) 100vw, 1069px\" \/><\/p>\n<p><em>\u2705Fazemos envios \u00e1 cobran\u00e7a para todo Portugal Continental . com\u00a0 c\u00f3digo de rastreo online.\u00a0<\/em><\/p>\n<p><em>\u2705Voc\u00ea somente paga o valor descrito em nosso site, fique tranquilo, n\u00e3o haver\u00e1 cobran\u00e7as adicionais de taxas ou impostos.<\/em><\/p>\n<p><em>\u2705Prazo m\u00e9dio para entrega \u00e9 de 24h a 48h ap\u00f3s o seu pedido.<\/em><\/p>\n<p><em>\u2705Site protegido com os melhores certificados de seguran\u00e7a.<\/em><\/p>","protected":false},"excerpt":{"rendered":"<div class=\"woocommerce-product-details__short-description\">\n<p>\ud83d\ude9b\u00a0 Envios \u00e1 Cobran\u00e7a<\/p>\n<p>\ud83d\ude9b Entregas em 24h a 48h<\/p>\n<\/div>","protected":false},"featured_media":5260,"template":"","meta":{"nf_dc_page":"","site-sidebar-layout":"default","site-content-layout":"","ast-site-content-layout":"default","site-content-style":"default","site-sidebar-style":"default","ast-global-header-display":"","ast-banner-title-visibility":"","ast-main-header-display":"","ast-hfb-above-header-display":"","ast-hfb-below-header-display":"","ast-hfb-mobile-header-display":"","site-post-title":"","ast-breadcrumbs-content":"","ast-featured-img":"","footer-sml-layout":"","ast-disable-related-posts":"","theme-transparent-header-meta":"default","adv-header-id-meta":"","stick-header-meta":"","header-above-stick-meta":"","header-main-stick-meta":"","header-below-stick-meta":"","astra-migrate-meta-layouts":"set","ast-page-background-enabled":"default","ast-page-background-meta":{"desktop":{"background-color":"","background-image":"","background-repeat":"repeat","background-position":"center center","background-size":"auto","background-attachment":"scroll","background-type":"","background-media":"","overlay-type":"","overlay-color":"","overlay-opacity":"","overlay-gradient":""},"tablet":{"background-color":"","background-image":"","background-repeat":"repeat","background-position":"center center","background-size":"auto","background-attachment":"scroll","background-type":"","background-media":"","overlay-type":"","overlay-color":"","overlay-opacity":"","overlay-gradient":""},"mobile":{"background-color":"","background-image":"","background-repeat":"repeat","background-position":"center center","background-size":"auto","background-attachment":"scroll","background-type":"","background-media":"","overlay-type":"","overlay-color":"","overlay-opacity":"","overlay-gradient":""}},"ast-content-background-meta":{"desktop":{"background-color":"var(--ast-global-color-5)","background-image":"","background-repeat":"repeat","background-position":"center center","background-size":"auto","background-attachment":"scroll","background-type":"","background-media":"","overlay-type":"","overlay-color":"","overlay-opacity":"","overlay-gradient":""},"tablet":{"background-color":"var(--ast-global-color-5)","background-image":"","background-repeat":"repeat","background-position":"center center","background-size":"auto","background-attachment":"scroll","background-type":"","background-media":"","overlay-type":"","overlay-color":"","overlay-opacity":"","overlay-gradient":""},"mobile":{"background-color":"var(--ast-global-color-5)","background-image":"","background-repeat":"repeat","background-position":"center center","background-size":"auto","background-attachment":"scroll","background-type":"","background-media":"","overlay-type":"","overlay-color":"","overlay-opacity":"","overlay-gradient":""}}},"product_brand":[],"product_cat":[37,28],"product_tag":[],"class_list":{"0":"post-5098","1":"product","2":"type-product","3":"status-publish","4":"has-post-thumbnail","6":"product_cat-ferramentas","7":"product_cat-malas-de-ferramentas","8":"desktop-align-left","9":"tablet-align-left","10":"mobile-align-left","12":"first","13":"instock","14":"sale","15":"shipping-taxable","16":"purchasable","17":"product-type-simple"},"_links":{"self":[{"href":"https:\/\/frm-pt.com\/en\/wp-json\/wp\/v2\/product\/5098","targetHints":{"allow":["GET"]}}],"collection":[{"href":"https:\/\/frm-pt.com\/en\/wp-json\/wp\/v2\/product"}],"about":[{"href":"https:\/\/frm-pt.com\/en\/wp-json\/wp\/v2\/types\/product"}],"wp:featuredmedia":[{"embeddable":true,"href":"https:\/\/frm-pt.com\/en\/wp-json\/wp\/v2\/media\/5260"}],"wp:attachment":[{"href":"https:\/\/frm-pt.com\/en\/wp-json\/wp\/v2\/media?parent=5098"}],"wp:term":[{"taxonomy":"product_brand","embeddable":true,"href":"https:\/\/frm-pt.com\/en\/wp-json\/wp\/v2\/product_brand?post=5098"},{"taxonomy":"product_cat","embeddable":true,"href":"https:\/\/frm-pt.com\/en\/wp-json\/wp\/v2\/product_cat?post=5098"},{"taxonomy":"product_tag","embeddable":true,"href":"https:\/\/frm-pt.com\/en\/wp-json\/wp\/v2\/product_tag?post=5098"}],"curies":[{"name":"wp","href":"https:\/\/api.w.org\/{rel}","templated":true}]}}