{"id":5091,"date":"2025-08-11T21:49:43","date_gmt":"2025-08-11T21:49:43","guid":{"rendered":"https:\/\/frm-pt.com\/?post_type=product&#038;p=5091"},"modified":"2025-08-11T21:49:43","modified_gmt":"2025-08-11T21:49:43","slug":"aparelho-de-soldar-inverter-350-amperes","status":"publish","type":"product","link":"https:\/\/frm-pt.com\/en\/product\/aparelho-de-soldar-inverter-350-amperes\/","title":{"rendered":"Aparelho de Soldar Inverter 350 Amperes"},"content":{"rendered":"<p>A m\u00e1quina de solda IGBT com inversor DC port\u00e1til, MMA-350 \u00e9 uma ferramenta de ponta projetada para desempenho de soldagem superior, oferecendo portabilidade e tecnologia avan\u00e7ada de inversor. A tecnologia IGBT (Insulated Gate Bipolar Transistor) garante uma opera\u00e7\u00e3o eficiente, est\u00e1vel e com economia de energia, reduzindo a perda magn\u00e9tica e de resist\u00eancia, levando a uma maior efici\u00eancia de soldagem. O seu design compacto e leve facilita o transporte, permitindo que os soldadores se desloquem facilmente entre os locais de trabalho, ao mesmo tempo que beneficiam de um inversor de alta frequ\u00eancia que reduz significativamente a polui\u00e7\u00e3o sonora, garantindo um ambiente de trabalho mais silencioso.<\/p>\n<p>Uma das caracter\u00edsticas de destaque do aparelho soldar,MMA-350 \u00e9 o seu controle de corrente vari\u00e1vel, que permite ajustes precisos para uma ampla gama de aplica\u00e7\u00f5es de soldagem. Com uma faixa de corrente de 20 a 350 amperes, este soldador pode realizar tarefas leves e pesadas, tornando-o altamente vers\u00e1til para v\u00e1rios trabalhos de soldagem. O modo de controle avan\u00e7ado proporciona f\u00e1cil in\u00edcio do arco, fluxo de corrente est\u00e1vel, m\u00ednimo de respingos e excelente modelagem da solda, garantindo resultados profissionais mesmo em condi\u00e7\u00f5es de campo desafiadoras. Al\u00e9m disso, as suas capacidades de poupan\u00e7a de energia garantem um consumo reduzido de energia sem sacrificar o desempenho, tornando-o uma solu\u00e7\u00e3o econ\u00f3mica e eficaz.<\/p>\n<ul>\n<li>O MMA-350 possui alta efici\u00eancia com taxa de convers\u00e3o de energia de 85%, fator de pot\u00eancia de 0,9 e classe de prote\u00e7\u00e3o IP21S, garantindo opera\u00e7\u00e3o confi\u00e1vel e segura. Sua constru\u00e7\u00e3o robusta e recursos, como boa compensa\u00e7\u00e3o da for\u00e7a do arco e alta tens\u00e3o sem carga, tornam-no adequado para aplica\u00e7\u00f5es em oficinas e em campo. Com um ciclo de trabalho de 80% e capacidade de usar hastes de soldagem de 2,5 a 3,2 mm, esta m\u00e1quina atende a diversas necessidades de soldagem enquanto mant\u00e9m o desempenho. Seja para uso profissional ou pessoal, o aparelho de soldar, MMA-350 oferece uma solu\u00e7\u00e3o de soldagem poderosa, eficiente e altamente port\u00e1til.<\/li>\n<li>Tecnologia avan\u00e7ada de inversor IGBT \u2013 Esta m\u00e1quina de solda est\u00e1 equipada com tecnologia avan\u00e7ada de transistor bipolar de porta isolada (IGBT), que aumenta a efici\u00eancia e o desempenho, reduzindo a perda de energia, melhorando a estabilidade da soldagem e economizando energia. O sistema IGBT tamb\u00e9m torna a m\u00e1quina mais dur\u00e1vel e adequada para tarefas de soldagem pesadas.<\/li>\n<li>\u00a0Controle de Corrente Vari\u00e1vel (20-350A) \u2013 O MMA-350 oferece uma ampla gama de configura\u00e7\u00f5es de corrente, de 20 a 350 A, permitindo controle preciso para atender \u00e0s necessidades espec\u00edficas de diferentes aplica\u00e7\u00f5es de soldagem. Quer voc\u00ea esteja trabalhando em materiais leves ou metais espessos, a corrente ajust\u00e1vel garante desempenho ideal para qualquer trabalho de soldagem.<\/li>\n<li>Alta Efici\u00eancia (85%) \u2013 O soldador opera com uma efici\u00eancia impressionante de 85%, convertendo a maior parte de sua pot\u00eancia de entrada em energia de soldagem utiliz\u00e1vel. Esta alta efici\u00eancia minimiza o desperd\u00edcio de energia, reduz os custos de energia e maximiza o desempenho geral da m\u00e1quina.<br \/>\nDesign leve e port\u00e1til \u2013 Pesando apenas 5kg, este soldador \u00e9 leve e f\u00e1cil de transportar, tornando-o ideal para trabalho de campo ou opera\u00e7\u00f5es m\u00f3veis. Seu design compacto garante f\u00e1cil manuseio e armazenamento, permitindo que os soldadores o levem para diferentes locais de trabalho sem complica\u00e7\u00f5es.<\/li>\n<li>Arco Suave e Est\u00e1vel \u2013 Gra\u00e7as \u00e0 sua avan\u00e7ada tecnologia de controle, o MMA-350 proporciona um arco suave e consistente, resultando em melhor qualidade de solda. O arco est\u00e1vel minimiza respingos, garantindo soldas mais limpas e precisas, o que \u00e9 particularmente \u00fatil para profissionais que buscam resultados de alta qualidade.<\/li>\n<li>Ciclo de trabalho de 80% \u2013 Com um ciclo de trabalho de 80%, esta m\u00e1quina de solda permite soldar continuamente por longos per\u00edodos sem superaquecimento. Esse recurso garante alta produtividade e reduz o tempo de inatividade, tornando-o ideal para projetos de soldagem grandes ou complexos.<\/li>\n<li>Design com economia de energia \u2013 O MMA-350 foi projetado tendo em mente a efici\u00eancia energ\u00e9tica, reduzindo o consumo de energia durante a opera\u00e7\u00e3o. Isto torna-o ecol\u00f3gico e econ\u00f3mico, reduzindo os custos de eletricidade e mantendo um elevado desempenho de soldadura.<\/li>\n<li>Tens\u00e3o de entrada monof\u00e1sica (220 V) \u2013 A m\u00e1quina de solda funciona com uma entrada monof\u00e1sica padr\u00e3o de 220 V, tornando-a compat\u00edvel com a maioria das fontes de energia em resid\u00eancias ou oficinas. Sua ampla toler\u00e2ncia de tens\u00e3o garante opera\u00e7\u00e3o est\u00e1vel mesmo em ambientes de energia flutuante.<\/li>\n<li>Classe de prote\u00e7\u00e3o IP21S \u2013 A m\u00e1quina \u00e9 classificada como IP21S para prote\u00e7\u00e3o, o que significa que est\u00e1 protegida contra poeira e respingos leves de \u00e1gua. Esse recurso garante a durabilidade e seguran\u00e7a do soldador, especialmente em ambientes desafiadores ou externos.<\/li>\n<li>Suporta hastes de soldagem de 2,5-3,2 mm \u2013 O MMA-350 \u00e9 compat\u00edvel com hastes de soldagem de 2,5 mm a 3,2 mm, tornando-o vers\u00e1til para diversas tarefas de soldagem. Esteja voc\u00ea trabalhando em materiais finos ou metais mais espessos, a m\u00e1quina oferece flexibilidade para atender a diferentes necessidades de soldagem.<\/li>\n<\/ul>\n<p><img fetchpriority=\"high\" decoding=\"async\" class=\"aligncenter wp-image-5092 size-full\" src=\"https:\/\/frm-pt.com\/wp-content\/uploads\/2025\/08\/Captura-de-ecra-2025-07-28-221625.png\" alt=\"\" width=\"902\" height=\"700\" srcset=\"https:\/\/frm-pt.com\/wp-content\/uploads\/2025\/08\/Captura-de-ecra-2025-07-28-221625.png 902w, https:\/\/frm-pt.com\/wp-content\/uploads\/2025\/08\/Captura-de-ecra-2025-07-28-221625-300x233.png 300w, https:\/\/frm-pt.com\/wp-content\/uploads\/2025\/08\/Captura-de-ecra-2025-07-28-221625-768x596.png 768w, https:\/\/frm-pt.com\/wp-content\/uploads\/2025\/08\/Captura-de-ecra-2025-07-28-221625-600x466.png 600w\" sizes=\"(max-width: 902px) 100vw, 902px\" \/><img decoding=\"async\" class=\"aligncenter wp-image-5094 size-full\" src=\"https:\/\/frm-pt.com\/wp-content\/uploads\/2025\/08\/Captura-de-ecra-2025-02-16-170604.png\" alt=\"\" width=\"906\" height=\"840\" srcset=\"https:\/\/frm-pt.com\/wp-content\/uploads\/2025\/08\/Captura-de-ecra-2025-02-16-170604.png 906w, https:\/\/frm-pt.com\/wp-content\/uploads\/2025\/08\/Captura-de-ecra-2025-02-16-170604-300x278.png 300w, https:\/\/frm-pt.com\/wp-content\/uploads\/2025\/08\/Captura-de-ecra-2025-02-16-170604-768x712.png 768w, https:\/\/frm-pt.com\/wp-content\/uploads\/2025\/08\/Captura-de-ecra-2025-02-16-170604-600x556.png 600w\" sizes=\"(max-width: 906px) 100vw, 906px\" \/><img decoding=\"async\" class=\"aligncenter wp-image-5095 size-full\" src=\"https:\/\/frm-pt.com\/wp-content\/uploads\/2025\/08\/Captura-de-ecra-2025-02-16-170651.png\" alt=\"\" width=\"906\" height=\"717\" srcset=\"https:\/\/frm-pt.com\/wp-content\/uploads\/2025\/08\/Captura-de-ecra-2025-02-16-170651.png 906w, https:\/\/frm-pt.com\/wp-content\/uploads\/2025\/08\/Captura-de-ecra-2025-02-16-170651-300x237.png 300w, https:\/\/frm-pt.com\/wp-content\/uploads\/2025\/08\/Captura-de-ecra-2025-02-16-170651-768x608.png 768w, https:\/\/frm-pt.com\/wp-content\/uploads\/2025\/08\/Captura-de-ecra-2025-02-16-170651-600x475.png 600w\" sizes=\"(max-width: 906px) 100vw, 906px\" \/><img loading=\"lazy\" decoding=\"async\" class=\"aligncenter wp-image-5096 size-full\" src=\"https:\/\/frm-pt.com\/wp-content\/uploads\/2025\/08\/Captura-de-ecra-2025-02-16-182908.png\" alt=\"\" width=\"677\" height=\"845\" srcset=\"https:\/\/frm-pt.com\/wp-content\/uploads\/2025\/08\/Captura-de-ecra-2025-02-16-182908.png 677w, https:\/\/frm-pt.com\/wp-content\/uploads\/2025\/08\/Captura-de-ecra-2025-02-16-182908-240x300.png 240w, https:\/\/frm-pt.com\/wp-content\/uploads\/2025\/08\/Captura-de-ecra-2025-02-16-182908-600x749.png 600w\" sizes=\"(max-width: 677px) 100vw, 677px\" \/><\/p>\n<p><em>\u2705Fazemos envios \u00e1 cobran\u00e7a para todo Portugal Continental . com\u00a0 c\u00f3digo de rastreo online.\u00a0<\/em><\/p>\n<p><em>\u2705Voc\u00ea somente paga o valor descrito em nosso site, fique tranquilo, n\u00e3o haver\u00e1 cobran\u00e7as adicionais de taxas ou impostos.<\/em><\/p>\n<p><em>\u2705Prazo m\u00e9dio para entrega \u00e9 de 24h a 48h ap\u00f3s o seu pedido.<\/em><\/p>\n<p><em>\u2705Site protegido com os melhores certificados de seguran\u00e7a.<\/em><\/p>","protected":false},"excerpt":{"rendered":"<div class=\"woocommerce-product-details__short-description\">\n<p>\ud83d\ude9b\u00a0 Envios \u00e1 Cobran\u00e7a<\/p>\n<p>\ud83d\ude9b Entregas em 24h a 48h<\/p>\n<\/div>","protected":false},"featured_media":5093,"template":"","meta":{"nf_dc_page":"","site-sidebar-layout":"default","site-content-layout":"","ast-site-content-layout":"default","site-content-style":"default","site-sidebar-style":"default","ast-global-header-display":"","ast-banner-title-visibility":"","ast-main-header-display":"","ast-hfb-above-header-display":"","ast-hfb-below-header-display":"","ast-hfb-mobile-header-display":"","site-post-title":"","ast-breadcrumbs-content":"","ast-featured-img":"","footer-sml-layout":"","ast-disable-related-posts":"","theme-transparent-header-meta":"default","adv-header-id-meta":"","stick-header-meta":"","header-above-stick-meta":"","header-main-stick-meta":"","header-below-stick-meta":"","astra-migrate-meta-layouts":"set","ast-page-background-enabled":"default","ast-page-background-meta":{"desktop":{"background-color":"","background-image":"","background-repeat":"repeat","background-position":"center center","background-size":"auto","background-attachment":"scroll","background-type":"","background-media":"","overlay-type":"","overlay-color":"","overlay-opacity":"","overlay-gradient":""},"tablet":{"background-color":"","background-image":"","background-repeat":"repeat","background-position":"center center","background-size":"auto","background-attachment":"scroll","background-type":"","background-media":"","overlay-type":"","overlay-color":"","overlay-opacity":"","overlay-gradient":""},"mobile":{"background-color":"","background-image":"","background-repeat":"repeat","background-position":"center center","background-size":"auto","background-attachment":"scroll","background-type":"","background-media":"","overlay-type":"","overlay-color":"","overlay-opacity":"","overlay-gradient":""}},"ast-content-background-meta":{"desktop":{"background-color":"var(--ast-global-color-5)","background-image":"","background-repeat":"repeat","background-position":"center center","background-size":"auto","background-attachment":"scroll","background-type":"","background-media":"","overlay-type":"","overlay-color":"","overlay-opacity":"","overlay-gradient":""},"tablet":{"background-color":"var(--ast-global-color-5)","background-image":"","background-repeat":"repeat","background-position":"center center","background-size":"auto","background-attachment":"scroll","background-type":"","background-media":"","overlay-type":"","overlay-color":"","overlay-opacity":"","overlay-gradient":""},"mobile":{"background-color":"var(--ast-global-color-5)","background-image":"","background-repeat":"repeat","background-position":"center center","background-size":"auto","background-attachment":"scroll","background-type":"","background-media":"","overlay-type":"","overlay-color":"","overlay-opacity":"","overlay-gradient":""}}},"product_brand":[],"product_cat":[30],"product_tag":[],"class_list":{"0":"post-5091","1":"product","2":"type-product","3":"status-publish","4":"has-post-thumbnail","6":"product_cat-aparelhos-de-soldar","7":"desktop-align-left","8":"tablet-align-left","9":"mobile-align-left","11":"first","12":"instock","13":"sale","14":"shipping-taxable","15":"purchasable","16":"product-type-simple"},"_links":{"self":[{"href":"https:\/\/frm-pt.com\/en\/wp-json\/wp\/v2\/product\/5091","targetHints":{"allow":["GET"]}}],"collection":[{"href":"https:\/\/frm-pt.com\/en\/wp-json\/wp\/v2\/product"}],"about":[{"href":"https:\/\/frm-pt.com\/en\/wp-json\/wp\/v2\/types\/product"}],"wp:featuredmedia":[{"embeddable":true,"href":"https:\/\/frm-pt.com\/en\/wp-json\/wp\/v2\/media\/5093"}],"wp:attachment":[{"href":"https:\/\/frm-pt.com\/en\/wp-json\/wp\/v2\/media?parent=5091"}],"wp:term":[{"taxonomy":"product_brand","embeddable":true,"href":"https:\/\/frm-pt.com\/en\/wp-json\/wp\/v2\/product_brand?post=5091"},{"taxonomy":"product_cat","embeddable":true,"href":"https:\/\/frm-pt.com\/en\/wp-json\/wp\/v2\/product_cat?post=5091"},{"taxonomy":"product_tag","embeddable":true,"href":"https:\/\/frm-pt.com\/en\/wp-json\/wp\/v2\/product_tag?post=5091"}],"curies":[{"name":"wp","href":"https:\/\/api.w.org\/{rel}","templated":true}]}}