{"id":4413,"date":"2025-05-07T21:28:12","date_gmt":"2025-05-07T21:28:12","guid":{"rendered":"https:\/\/frm-pt.com\/?post_type=product&#038;p=4413"},"modified":"2025-08-21T09:56:43","modified_gmt":"2025-08-21T09:56:43","slug":"gerador-inverter-portatil-silencioso-a-gasolina-2500w","status":"publish","type":"product","link":"https:\/\/frm-pt.com\/en\/product\/gerador-inverter-portatil-silencioso-a-gasolina-2500w\/","title":{"rendered":"Gerador inverter port\u00e1til Silencioso a Gasolina 2500W"},"content":{"rendered":"<h4 class=\"css-10ofhqw\" style=\"text-align: center;\">Gerador a Gasolina inverter 2500W<\/h4>\n<p>Widmann WM2500W: Gerador de inversor port\u00e1til a gasolinaO Widmann WM2500W \u00e9 um gerador de inversor port\u00e1til de alta efici\u00eancia a gasolina. Este gerador tem um pico ou um alcance m\u00e1ximo de 2,0 KVA em design compacto e leve, perfeito para canteiros de obras, falta de energia, pesca, camping, utiliza\u00e7\u00e3o n\u00e3o autorizada e outras atividades recreativas ao ar livre e como unidade de energia de emerg\u00eancia em casa. \u00c9 equipado com uma porta USB de conex\u00e3o direta amig\u00e1vel para fornecer uma corrente el\u00e9trica segura e limpa para alimentar eletr\u00f4nicos sens\u00edveis. A grande capacidade de combust\u00edvel permite que voc\u00ea aproveite a pot\u00eancia durante 8 a 10 horas de opera\u00e7\u00e3o. Inclui dois recept\u00e1culos de tr\u00eas pinos de 120V, um de 12V DC e uma porta USB de 5V. Tamb\u00e9m \u00e9 capaz de conex\u00e3o paralela, caso o 2.0 KVA n\u00e3o seja suficiente para suprir a necessidade de energia necess\u00e1ria. O mecanismo est\u00e1 operando em 74-94 DB, o que oferece muito mais comodidade ao usu\u00e1rio. Este gerador port\u00e1til possui prote\u00e7\u00e3o contra curto-circuito, controle de temperatura e tens\u00e3o e prote\u00e7\u00e3o contra sobrecorrente. Esta fonte de alimenta\u00e7\u00e3o port\u00e1til vers\u00e1til oferece confiabilidade, efici\u00eancia e versatilidade, protegendo voc\u00ea e seus dispositivos durante o uso. Desfrute ao m\u00e1ximo do exterior com uma pot\u00eancia infinita e confi\u00e1vel. Caracter\u00edsticas: Fonte de alimenta\u00e7\u00e3o vers\u00e1til e conveniente Port\u00e1til e eficienteProduzir energia limpa e de alta qualidadeRevolucionar sistema de inversor Opera\u00e7\u00e3o de longo tempo de opera\u00e7\u00e3o Op\u00e7\u00e3o Eco-mode para economizar mais combust\u00edvel e dinheiro Opera\u00e7\u00e3o com gerador paralelo capaz Opera\u00e7\u00e3o super silenciosa e acelerador inteligente Partida f\u00e1cil devido \u00e0 fun\u00e7\u00e3o de aquecimento autom\u00e1tico Maximize a efici\u00eancia de combust\u00edvel F\u00e1cil de armazenar e portabilidade idealCurto circuito prote\u00e7\u00e3o contra sobrecorrente e controle de temperatura; projeto compacto e leve; perfeito para canteiros de obras, quedas de energia, pesca, camping, outras atividades ao ar livre e muito mais; especifica\u00e7\u00f5es: marca: Widmann; cor: vermelho; material: PE; ABS dimens\u00e3o: 50,5 cm x 36 cm x 44 cm; peso: 18 kg; sa\u00edda: &#8211; Pot\u00eancia de sa\u00edda m\u00e1xima de sa\u00edda: 15 kV \/ 100 Hz &#8211; 50 Hz Motor de 1.1 KW de pot\u00eancia 1.5 PK \/ 1.5 PS \/ 1.5 CV \/ 1.5HPStroke: 2-StrokeFuel: UnleadedLWA: 74-94 DB<\/p>\n<p><img fetchpriority=\"high\" decoding=\"async\" class=\"aligncenter wp-image-4480 size-full\" src=\"https:\/\/frm-pt.com\/wp-content\/uploads\/2025\/05\/Captura-de-ecra-2025-04-30-232223.png\" alt=\"\" width=\"827\" height=\"791\" srcset=\"https:\/\/frm-pt.com\/wp-content\/uploads\/2025\/05\/Captura-de-ecra-2025-04-30-232223.png 827w, https:\/\/frm-pt.com\/wp-content\/uploads\/2025\/05\/Captura-de-ecra-2025-04-30-232223-300x287.png 300w, https:\/\/frm-pt.com\/wp-content\/uploads\/2025\/05\/Captura-de-ecra-2025-04-30-232223-768x735.png 768w, https:\/\/frm-pt.com\/wp-content\/uploads\/2025\/05\/Captura-de-ecra-2025-04-30-232223-600x574.png 600w\" sizes=\"(max-width: 827px) 100vw, 827px\" \/><img decoding=\"async\" class=\"aligncenter wp-image-4481 size-full\" src=\"https:\/\/frm-pt.com\/wp-content\/uploads\/2025\/05\/Captura-de-ecra-2025-04-30-232153.png\" alt=\"\" width=\"835\" height=\"835\" srcset=\"https:\/\/frm-pt.com\/wp-content\/uploads\/2025\/05\/Captura-de-ecra-2025-04-30-232153.png 835w, https:\/\/frm-pt.com\/wp-content\/uploads\/2025\/05\/Captura-de-ecra-2025-04-30-232153-300x300.png 300w, https:\/\/frm-pt.com\/wp-content\/uploads\/2025\/05\/Captura-de-ecra-2025-04-30-232153-150x150.png 150w, https:\/\/frm-pt.com\/wp-content\/uploads\/2025\/05\/Captura-de-ecra-2025-04-30-232153-768x768.png 768w, https:\/\/frm-pt.com\/wp-content\/uploads\/2025\/05\/Captura-de-ecra-2025-04-30-232153-600x600.png 600w, https:\/\/frm-pt.com\/wp-content\/uploads\/2025\/05\/Captura-de-ecra-2025-04-30-232153-100x100.png 100w\" sizes=\"(max-width: 835px) 100vw, 835px\" \/><img decoding=\"async\" class=\"aligncenter wp-image-4483 size-full\" src=\"https:\/\/frm-pt.com\/wp-content\/uploads\/2025\/05\/Captura-de-ecra-2025-04-30-232100.png\" alt=\"\" width=\"775\" height=\"887\" srcset=\"https:\/\/frm-pt.com\/wp-content\/uploads\/2025\/05\/Captura-de-ecra-2025-04-30-232100.png 775w, https:\/\/frm-pt.com\/wp-content\/uploads\/2025\/05\/Captura-de-ecra-2025-04-30-232100-262x300.png 262w, https:\/\/frm-pt.com\/wp-content\/uploads\/2025\/05\/Captura-de-ecra-2025-04-30-232100-768x879.png 768w, https:\/\/frm-pt.com\/wp-content\/uploads\/2025\/05\/Captura-de-ecra-2025-04-30-232100-600x687.png 600w\" sizes=\"(max-width: 775px) 100vw, 775px\" \/><img loading=\"lazy\" decoding=\"async\" class=\"aligncenter wp-image-4484 size-full\" src=\"https:\/\/frm-pt.com\/wp-content\/uploads\/2025\/05\/Captura-de-ecra-2025-04-30-232606.png\" alt=\"\" width=\"840\" height=\"743\" srcset=\"https:\/\/frm-pt.com\/wp-content\/uploads\/2025\/05\/Captura-de-ecra-2025-04-30-232606.png 840w, https:\/\/frm-pt.com\/wp-content\/uploads\/2025\/05\/Captura-de-ecra-2025-04-30-232606-300x265.png 300w, https:\/\/frm-pt.com\/wp-content\/uploads\/2025\/05\/Captura-de-ecra-2025-04-30-232606-768x679.png 768w, https:\/\/frm-pt.com\/wp-content\/uploads\/2025\/05\/Captura-de-ecra-2025-04-30-232606-600x531.png 600w\" sizes=\"(max-width: 840px) 100vw, 840px\" \/><\/p>\n<p style=\"text-align: center;\">\u2b50\u2b50\u2b50\u2b50\u2b50(4.9)<\/p>\n<p><em>\u2705Fazemos envios \u00e1 cobran\u00e7a para todo Portugal Continental . com\u00a0 c\u00f3digo de rastreo online.\u00a0<\/em><\/p>\n<p><em>\u2705Voc\u00ea somente paga o valor descrito em nosso site, fique tranquilo, n\u00e3o haver\u00e1 cobran\u00e7as adicionais de taxas ou impostos.<\/em><\/p>\n<p><em>\u2705Prazo m\u00e9dio para entrega \u00e9 de 24h a 48h ap\u00f3s o seu pedido.<\/em><\/p>\n<p><em>\u2705Site protegido com os melhores certificados de seguran\u00e7a.<\/em><\/p>\n<p>&nbsp;<\/p>","protected":false},"excerpt":{"rendered":"<div class=\"woocommerce-product-details__short-description\">\n<div class=\"woocommerce-product-details__short-description\">\n<p>\ud83d\ude9b\u00a0 Envios \u00e1 Cobran\u00e7a<\/p>\n<p>\ud83d\ude9b Entregas em 24h a 48h<\/p>\n<\/div>\n<\/div>","protected":false},"featured_media":4485,"template":"","meta":{"nf_dc_page":"","site-sidebar-layout":"default","site-content-layout":"","ast-site-content-layout":"default","site-content-style":"default","site-sidebar-style":"default","ast-global-header-display":"","ast-banner-title-visibility":"","ast-main-header-display":"","ast-hfb-above-header-display":"","ast-hfb-below-header-display":"","ast-hfb-mobile-header-display":"","site-post-title":"","ast-breadcrumbs-content":"","ast-featured-img":"","footer-sml-layout":"","ast-disable-related-posts":"","theme-transparent-header-meta":"default","adv-header-id-meta":"","stick-header-meta":"","header-above-stick-meta":"","header-main-stick-meta":"","header-below-stick-meta":"","astra-migrate-meta-layouts":"set","ast-page-background-enabled":"default","ast-page-background-meta":{"desktop":{"background-color":"","background-image":"","background-repeat":"repeat","background-position":"center center","background-size":"auto","background-attachment":"scroll","background-type":"","background-media":"","overlay-type":"","overlay-color":"","overlay-opacity":"","overlay-gradient":""},"tablet":{"background-color":"","background-image":"","background-repeat":"repeat","background-position":"center center","background-size":"auto","background-attachment":"scroll","background-type":"","background-media":"","overlay-type":"","overlay-color":"","overlay-opacity":"","overlay-gradient":""},"mobile":{"background-color":"","background-image":"","background-repeat":"repeat","background-position":"center center","background-size":"auto","background-attachment":"scroll","background-type":"","background-media":"","overlay-type":"","overlay-color":"","overlay-opacity":"","overlay-gradient":""}},"ast-content-background-meta":{"desktop":{"background-color":"var(--ast-global-color-5)","background-image":"","background-repeat":"repeat","background-position":"center center","background-size":"auto","background-attachment":"scroll","background-type":"","background-media":"","overlay-type":"","overlay-color":"","overlay-opacity":"","overlay-gradient":""},"tablet":{"background-color":"var(--ast-global-color-5)","background-image":"","background-repeat":"repeat","background-position":"center center","background-size":"auto","background-attachment":"scroll","background-type":"","background-media":"","overlay-type":"","overlay-color":"","overlay-opacity":"","overlay-gradient":""},"mobile":{"background-color":"var(--ast-global-color-5)","background-image":"","background-repeat":"repeat","background-position":"center center","background-size":"auto","background-attachment":"scroll","background-type":"","background-media":"","overlay-type":"","overlay-color":"","overlay-opacity":"","overlay-gradient":""}}},"product_brand":[],"product_cat":[46],"product_tag":[],"class_list":{"0":"post-4413","1":"product","2":"type-product","3":"status-publish","4":"has-post-thumbnail","6":"product_cat-gerador","7":"desktop-align-left","8":"tablet-align-left","9":"mobile-align-left","11":"first","12":"instock","13":"sale","14":"shipping-taxable","15":"purchasable","16":"product-type-simple"},"_links":{"self":[{"href":"https:\/\/frm-pt.com\/en\/wp-json\/wp\/v2\/product\/4413","targetHints":{"allow":["GET"]}}],"collection":[{"href":"https:\/\/frm-pt.com\/en\/wp-json\/wp\/v2\/product"}],"about":[{"href":"https:\/\/frm-pt.com\/en\/wp-json\/wp\/v2\/types\/product"}],"wp:featuredmedia":[{"embeddable":true,"href":"https:\/\/frm-pt.com\/en\/wp-json\/wp\/v2\/media\/4485"}],"wp:attachment":[{"href":"https:\/\/frm-pt.com\/en\/wp-json\/wp\/v2\/media?parent=4413"}],"wp:term":[{"taxonomy":"product_brand","embeddable":true,"href":"https:\/\/frm-pt.com\/en\/wp-json\/wp\/v2\/product_brand?post=4413"},{"taxonomy":"product_cat","embeddable":true,"href":"https:\/\/frm-pt.com\/en\/wp-json\/wp\/v2\/product_cat?post=4413"},{"taxonomy":"product_tag","embeddable":true,"href":"https:\/\/frm-pt.com\/en\/wp-json\/wp\/v2\/product_tag?post=4413"}],"curies":[{"name":"wp","href":"https:\/\/api.w.org\/{rel}","templated":true}]}}