{"id":4290,"date":"2025-04-13T21:30:58","date_gmt":"2025-04-13T21:30:58","guid":{"rendered":"https:\/\/frm-pt.com\/?post_type=product&#038;p=4290"},"modified":"2025-04-14T16:21:30","modified_gmt":"2025-04-14T16:21:30","slug":"motobomba-a-gasolina-4t-6-5hp-35000l-h","status":"publish","type":"product","link":"https:\/\/frm-pt.com\/en\/product\/motobomba-a-gasolina-4t-6-5hp-35000l-h\/","title":{"rendered":"Motobomba a Gasolina 4T 6.5hp 35000L\/h"},"content":{"rendered":"<h6 style=\"text-align: center;\">Motobomba a Gasolina 4 Tempos 6.5hp 60000L\/h<\/h6>\n<p>&nbsp;<\/p>\n<p style=\"text-align: left;\">A Motobomba a Gasolina \u00e9 ideal para transferir \u00e1gua ou outros produtos em estado l\u00edquido, de um lugar para o outro. Possui um motor de 4 Tempos, a gasolina 95, uma pot\u00eancia de 6.5hp e uma cilindrada de 196cc. Tem um RPM de 3600, \u00e9 refrigerado a ar, tem um caudal de 36000L\/h e uma altura de eleva\u00e7\u00e3o de 32M. Tem um consumo m\u00e9dio de combust\u00edvel de 1.2L, e 2\u201d (50mm) \/ 7m de suc\u00e7\u00e3o.<\/p>\n<p style=\"text-align: left;\">Arranque manual.<br \/>\nBoca de entrada de 8.5 cm.<br \/>\nBoa c\u00e1 de sa\u00edda 8.5cm.<br \/>\nCaudal m\u00e1ximo 36000L\/h.<br \/>\nChassis tributar.<br \/>\nDep\u00f3sito de \u00f3leo 0,65 L.<br \/>\nDep\u00f3sito de combust\u00edvel 3.8 L.<br \/>\nDimens\u00f5es 48.5 cm \/38 cm \/ 40.5 cm.<br \/>\nEleva\u00e7\u00e3o m\u00e1xima 28m.<br \/>\nMotor OHV 6.5 cv.<br \/>\nPeso 25 Kg.<br \/>\nPot\u00eancia real 6.5 Cv.<br \/>\nProfundidade m\u00e1xima 7 m.<br \/>\nPara po\u00e7o e furo.<br \/>\nMotor a gasolina de 4 tempos<br \/>\nConex\u00e3o da mangueira 3<br \/>\nPress\u00e3o\/ pot\u00eancia de som: 97 dB ( LPAY \/ 102 dB ( PTN).<br \/>\nMedidas 485\/ 380 \/ 405 mm.<br \/>\nBocal de sa\u00edda e entrada tamanho Grande.<\/p>\n<p><img fetchpriority=\"high\" decoding=\"async\" class=\"aligncenter wp-image-4293 size-full\" src=\"https:\/\/frm-pt.com\/wp-content\/uploads\/2025\/04\/Captura-de-ecra-2025-04-13-201135.png\" alt=\"\" width=\"901\" height=\"780\" srcset=\"https:\/\/frm-pt.com\/wp-content\/uploads\/2025\/04\/Captura-de-ecra-2025-04-13-201135.png 901w, https:\/\/frm-pt.com\/wp-content\/uploads\/2025\/04\/Captura-de-ecra-2025-04-13-201135-300x260.png 300w, https:\/\/frm-pt.com\/wp-content\/uploads\/2025\/04\/Captura-de-ecra-2025-04-13-201135-768x665.png 768w, https:\/\/frm-pt.com\/wp-content\/uploads\/2025\/04\/Captura-de-ecra-2025-04-13-201135-600x519.png 600w\" sizes=\"(max-width: 901px) 100vw, 901px\" \/><img decoding=\"async\" class=\"aligncenter wp-image-4294 size-full\" src=\"https:\/\/frm-pt.com\/wp-content\/uploads\/2025\/04\/Captura-de-ecra-2025-04-13-201237.png\" alt=\"\" width=\"897\" height=\"736\" srcset=\"https:\/\/frm-pt.com\/wp-content\/uploads\/2025\/04\/Captura-de-ecra-2025-04-13-201237.png 897w, https:\/\/frm-pt.com\/wp-content\/uploads\/2025\/04\/Captura-de-ecra-2025-04-13-201237-300x246.png 300w, https:\/\/frm-pt.com\/wp-content\/uploads\/2025\/04\/Captura-de-ecra-2025-04-13-201237-768x630.png 768w, https:\/\/frm-pt.com\/wp-content\/uploads\/2025\/04\/Captura-de-ecra-2025-04-13-201237-600x492.png 600w\" sizes=\"(max-width: 897px) 100vw, 897px\" \/><img decoding=\"async\" class=\"aligncenter wp-image-4295 size-full\" src=\"https:\/\/frm-pt.com\/wp-content\/uploads\/2025\/04\/Captura-de-ecra-2025-04-13-200859.png\" alt=\"\" width=\"903\" height=\"775\" srcset=\"https:\/\/frm-pt.com\/wp-content\/uploads\/2025\/04\/Captura-de-ecra-2025-04-13-200859.png 903w, https:\/\/frm-pt.com\/wp-content\/uploads\/2025\/04\/Captura-de-ecra-2025-04-13-200859-300x257.png 300w, https:\/\/frm-pt.com\/wp-content\/uploads\/2025\/04\/Captura-de-ecra-2025-04-13-200859-768x659.png 768w, https:\/\/frm-pt.com\/wp-content\/uploads\/2025\/04\/Captura-de-ecra-2025-04-13-200859-600x515.png 600w\" sizes=\"(max-width: 903px) 100vw, 903px\" \/><img loading=\"lazy\" decoding=\"async\" class=\"aligncenter wp-image-4297 size-full\" src=\"https:\/\/frm-pt.com\/wp-content\/uploads\/2025\/04\/Captura-de-ecra-2025-04-13-203349.png\" alt=\"\" width=\"902\" height=\"811\" srcset=\"https:\/\/frm-pt.com\/wp-content\/uploads\/2025\/04\/Captura-de-ecra-2025-04-13-203349.png 902w, https:\/\/frm-pt.com\/wp-content\/uploads\/2025\/04\/Captura-de-ecra-2025-04-13-203349-300x270.png 300w, https:\/\/frm-pt.com\/wp-content\/uploads\/2025\/04\/Captura-de-ecra-2025-04-13-203349-768x691.png 768w, https:\/\/frm-pt.com\/wp-content\/uploads\/2025\/04\/Captura-de-ecra-2025-04-13-203349-600x539.png 600w\" sizes=\"(max-width: 902px) 100vw, 902px\" \/><\/p>\n<p>&nbsp;<\/p>\n<p style=\"text-align: center;\">\u2b50\u2b50\u2b50\u2b50\u2b50(4.9)<\/p>\n<p><em>\u2705Fazemos envios \u00e1 cobran\u00e7a para todo Portugal Continental . com\u00a0 c\u00f3digo de rastreo online.\u00a0<\/em><\/p>\n<p><em>\u2705Voc\u00ea somente paga o valor descrito em nosso site, fique tranquilo, n\u00e3o haver\u00e1 cobran\u00e7as adicionais de taxas ou impostos.<\/em><\/p>\n<p><em>\u2705Prazo m\u00e9dio para entrega \u00e9 de 24h a 48h ap\u00f3s o seu pedido.<\/em><\/p>\n<p><em>\u2705Site protegido com os melhores certificados de seguran\u00e7a.<\/em><\/p>\n<p>&nbsp;<\/p>","protected":false},"excerpt":{"rendered":"<p>\ud83d\ude9b Envios \u00e1 Cobran\u00e7a<\/p>\n<p>\ud83d\ude9b Entregas em 24h a 48h<\/p>","protected":false},"featured_media":4295,"template":"","meta":{"nf_dc_page":"","site-sidebar-layout":"default","site-content-layout":"","ast-site-content-layout":"default","site-content-style":"default","site-sidebar-style":"default","ast-global-header-display":"","ast-banner-title-visibility":"","ast-main-header-display":"","ast-hfb-above-header-display":"","ast-hfb-below-header-display":"","ast-hfb-mobile-header-display":"","site-post-title":"","ast-breadcrumbs-content":"","ast-featured-img":"","footer-sml-layout":"","ast-disable-related-posts":"","theme-transparent-header-meta":"default","adv-header-id-meta":"","stick-header-meta":"","header-above-stick-meta":"","header-main-stick-meta":"","header-below-stick-meta":"","astra-migrate-meta-layouts":"set","ast-page-background-enabled":"default","ast-page-background-meta":{"desktop":{"background-color":"","background-image":"","background-repeat":"repeat","background-position":"center center","background-size":"auto","background-attachment":"scroll","background-type":"","background-media":"","overlay-type":"","overlay-color":"","overlay-opacity":"","overlay-gradient":""},"tablet":{"background-color":"","background-image":"","background-repeat":"repeat","background-position":"center center","background-size":"auto","background-attachment":"scroll","background-type":"","background-media":"","overlay-type":"","overlay-color":"","overlay-opacity":"","overlay-gradient":""},"mobile":{"background-color":"","background-image":"","background-repeat":"repeat","background-position":"center center","background-size":"auto","background-attachment":"scroll","background-type":"","background-media":"","overlay-type":"","overlay-color":"","overlay-opacity":"","overlay-gradient":""}},"ast-content-background-meta":{"desktop":{"background-color":"var(--ast-global-color-5)","background-image":"","background-repeat":"repeat","background-position":"center center","background-size":"auto","background-attachment":"scroll","background-type":"","background-media":"","overlay-type":"","overlay-color":"","overlay-opacity":"","overlay-gradient":""},"tablet":{"background-color":"var(--ast-global-color-5)","background-image":"","background-repeat":"repeat","background-position":"center center","background-size":"auto","background-attachment":"scroll","background-type":"","background-media":"","overlay-type":"","overlay-color":"","overlay-opacity":"","overlay-gradient":""},"mobile":{"background-color":"var(--ast-global-color-5)","background-image":"","background-repeat":"repeat","background-position":"center center","background-size":"auto","background-attachment":"scroll","background-type":"","background-media":"","overlay-type":"","overlay-color":"","overlay-opacity":"","overlay-gradient":""}}},"product_brand":[],"product_cat":[18],"product_tag":[],"class_list":{"0":"post-4290","1":"product","2":"type-product","3":"status-publish","4":"has-post-thumbnail","6":"product_cat-uncategorized","7":"desktop-align-left","8":"tablet-align-left","9":"mobile-align-left","11":"first","12":"instock","13":"sale","14":"shipping-taxable","15":"purchasable","16":"product-type-simple"},"_links":{"self":[{"href":"https:\/\/frm-pt.com\/en\/wp-json\/wp\/v2\/product\/4290","targetHints":{"allow":["GET"]}}],"collection":[{"href":"https:\/\/frm-pt.com\/en\/wp-json\/wp\/v2\/product"}],"about":[{"href":"https:\/\/frm-pt.com\/en\/wp-json\/wp\/v2\/types\/product"}],"wp:featuredmedia":[{"embeddable":true,"href":"https:\/\/frm-pt.com\/en\/wp-json\/wp\/v2\/media\/4295"}],"wp:attachment":[{"href":"https:\/\/frm-pt.com\/en\/wp-json\/wp\/v2\/media?parent=4290"}],"wp:term":[{"taxonomy":"product_brand","embeddable":true,"href":"https:\/\/frm-pt.com\/en\/wp-json\/wp\/v2\/product_brand?post=4290"},{"taxonomy":"product_cat","embeddable":true,"href":"https:\/\/frm-pt.com\/en\/wp-json\/wp\/v2\/product_cat?post=4290"},{"taxonomy":"product_tag","embeddable":true,"href":"https:\/\/frm-pt.com\/en\/wp-json\/wp\/v2\/product_tag?post=4290"}],"curies":[{"name":"wp","href":"https:\/\/api.w.org\/{rel}","templated":true}]}}