{"id":3851,"date":"2025-02-14T14:31:21","date_gmt":"2025-02-14T14:31:21","guid":{"rendered":"https:\/\/frm-pt.com\/?post_type=product&#038;p=3851"},"modified":"2025-02-14T14:41:37","modified_gmt":"2025-02-14T14:41:37","slug":"kit-de-reparacao-de-colisao-hidraulica-de-10-toneladas","status":"publish","type":"product","link":"https:\/\/frm-pt.com\/en\/product\/kit-de-reparacao-de-colisao-hidraulica-de-10-toneladas\/","title":{"rendered":"Kit de reparacao de colis\u00e3o hidr\u00e1ulica de 10 toneladas"},"content":{"rendered":"<h6 style=\"text-align: center;\">Kit de Repara\u00e7\u00e3o Hidr\u00e1ulico para Carro\u00e7aria<br \/>\n10TON Kraftmuller Novo<\/h6>\n<p style=\"text-align: center;\">Kit de repara\u00e7\u00e3o de colis\u00e3o hidr\u00e1ulica de 10 toneladas.<br \/>\nEle foi projetado para ser usado para empurrar, espalhar e apertar os pain\u00e9is da carro\u00e7aria do ve\u00edculo, bem como v\u00e1rios componentes e montagens.<br \/>\nO sistema de sobrecarga autom\u00e1tica da bomba protege os arietes e o equipamento contra danos.<br \/>\nExtens\u00f5es de paredes grossas se destacam nas situa\u00e7\u00f5es mais dif\u00edceis.<br \/>\nA cabe\u00e7a Flex possui uma almofada de borracha permanentemente moldada. Essas duas extremidades est\u00e3o aninhadas para impedir a separa\u00e7\u00e3o.<br \/>\nVoc\u00ea encontrar\u00e1 tudo o que precisa para fazer seu trabalho de reparo.<br \/>\nCom uma capacidade de 10 toneladas, fornece o m\u00fasculo extra necess\u00e1rio para o bom desempenho do seu trabalho Usado para reparo de autom\u00f3veis, cami\u00f5es e equipamentos<\/p>\n<p style=\"text-align: center;\">Este macaco hidr\u00e1ulico pesado \u00e9 constru\u00eddo em a\u00e7o e ferro fundido, adota um cilindro de 10 toneladas. Este kit pode fazer um \u00f3timo trabalho de levantar, empurrar, puxar, dobrar, alisar e espalhar tarefas. Voc\u00ea pode carreg\u00e1-lo em seu carro ou coloc\u00e1-lo em sua garagem para us\u00e1-lo a qualquer momento.<\/p>\n<p style=\"text-align: center;\">Nota: N\u00e3o exceder a altura m\u00e1xima de 132 mm.<\/p>\n<p style=\"text-align: center;\">Carater\u00edsticas:<br \/>\n&#8211; Constru\u00e7\u00e3o dur\u00e1vel<br \/>\n&#8211; Al\u00e7a longa<br \/>\n&#8211; Grande Capacidade<br \/>\n&#8211; Tubo de \u00f3leo 2 m<\/p>\n<p style=\"text-align: center;\">Especifica\u00e7\u00f5es:<br \/>\n&#8211; Material: A\u00e7o carbono + ferro forjado<br \/>\n&#8211; Capacidade de carga: 10 toneladas<br \/>\n&#8211; Altura m\u00e1xima de eleva\u00e7\u00e3o: 5.2&#8243; \/ 132 mm<br \/>\n&#8211; Tipo de pot\u00eancia do macaco: Hidr\u00e1ulico<br \/>\n&#8211; Comprimento do tubo: 55 pol \/ 1,4 m<br \/>\n&#8211; \u00d3leo: \u00d3leo de trabalho n\u00b010<br \/>\n&#8211; \u00d3leo para encher: 400 g<br \/>\n&#8211; Peso: 27 kg \/ 59,5 lbs<\/p>\n<p style=\"text-align: center;\">Conte\u00fado da embalagem:<br \/>\n&#8211; 1 x tomada hidr\u00e1ulica<br \/>\n&#8211; 1 x bomba manual hidr\u00e1ulica<br \/>\n&#8211; 1 x Mangueira Jack<br \/>\n&#8211; 1 x carneiro de 10 toneladas<br \/>\n&#8211; 1 x Ram Spreader<br \/>\n&#8211; 4 x tubos de extens\u00e3o<br \/>\n&#8211; 1 x conector<br \/>\n&#8211; 1 x Base plana<br \/>\n&#8211; 1 x suporte de 90 graus V<br \/>\n&#8211; 1 x Cabe\u00e7a de Cunha<br \/>\n&#8211; 1 x Retrator de mergulhador de dedos<br \/>\n&#8211; 1 x Dedo de Carneiro Espalhador<br \/>\n&#8211; 1 x Cabe\u00e7a Flex<br \/>\n&#8211; 1 x Sela Dente de Serra<br \/>\n&#8211; 1 x estojo de transporte<\/p>\n<p><img fetchpriority=\"high\" decoding=\"async\" class=\"aligncenter wp-image-3852 size-full\" src=\"https:\/\/frm-pt.com\/wp-content\/uploads\/2025\/02\/WhatsApp-Image-2025-02-14-at-13.32.04.jpeg\" alt=\"\" width=\"1200\" height=\"1600\" srcset=\"https:\/\/frm-pt.com\/wp-content\/uploads\/2025\/02\/WhatsApp-Image-2025-02-14-at-13.32.04.jpeg 1200w, https:\/\/frm-pt.com\/wp-content\/uploads\/2025\/02\/WhatsApp-Image-2025-02-14-at-13.32.04-225x300.jpeg 225w, https:\/\/frm-pt.com\/wp-content\/uploads\/2025\/02\/WhatsApp-Image-2025-02-14-at-13.32.04-768x1024.jpeg 768w, https:\/\/frm-pt.com\/wp-content\/uploads\/2025\/02\/WhatsApp-Image-2025-02-14-at-13.32.04-1152x1536.jpeg 1152w, https:\/\/frm-pt.com\/wp-content\/uploads\/2025\/02\/WhatsApp-Image-2025-02-14-at-13.32.04-600x800.jpeg 600w\" sizes=\"(max-width: 1200px) 100vw, 1200px\" \/><img decoding=\"async\" class=\"aligncenter wp-image-3853 size-full\" src=\"https:\/\/frm-pt.com\/wp-content\/uploads\/2025\/02\/WhatsApp-Image-2025-02-14-at-13.32.04-1.jpeg\" alt=\"\" width=\"1200\" height=\"1600\" srcset=\"https:\/\/frm-pt.com\/wp-content\/uploads\/2025\/02\/WhatsApp-Image-2025-02-14-at-13.32.04-1.jpeg 1200w, https:\/\/frm-pt.com\/wp-content\/uploads\/2025\/02\/WhatsApp-Image-2025-02-14-at-13.32.04-1-225x300.jpeg 225w, https:\/\/frm-pt.com\/wp-content\/uploads\/2025\/02\/WhatsApp-Image-2025-02-14-at-13.32.04-1-768x1024.jpeg 768w, https:\/\/frm-pt.com\/wp-content\/uploads\/2025\/02\/WhatsApp-Image-2025-02-14-at-13.32.04-1-1152x1536.jpeg 1152w, https:\/\/frm-pt.com\/wp-content\/uploads\/2025\/02\/WhatsApp-Image-2025-02-14-at-13.32.04-1-600x800.jpeg 600w\" sizes=\"(max-width: 1200px) 100vw, 1200px\" \/><img decoding=\"async\" class=\"aligncenter wp-image-3854 size-full\" src=\"https:\/\/frm-pt.com\/wp-content\/uploads\/2025\/02\/Captura-de-ecra-2025-02-14-130906.png\" alt=\"\" width=\"888\" height=\"705\" srcset=\"https:\/\/frm-pt.com\/wp-content\/uploads\/2025\/02\/Captura-de-ecra-2025-02-14-130906.png 888w, https:\/\/frm-pt.com\/wp-content\/uploads\/2025\/02\/Captura-de-ecra-2025-02-14-130906-300x238.png 300w, https:\/\/frm-pt.com\/wp-content\/uploads\/2025\/02\/Captura-de-ecra-2025-02-14-130906-768x610.png 768w, https:\/\/frm-pt.com\/wp-content\/uploads\/2025\/02\/Captura-de-ecra-2025-02-14-130906-600x476.png 600w\" sizes=\"(max-width: 888px) 100vw, 888px\" \/><\/p>\n<p style=\"text-align: center;\">\u2b50\u2b50\u2b50\u2b50\u2b50(5.2)<\/p>\n<p style=\"text-align: center;\"><em>\u2705Fazemos envios \u00e1 cobran\u00e7a para todo Portugal Continental . com\u00a0 c\u00f3digo de rastreo online.\u00a0<\/em><\/p>\n<p style=\"text-align: center;\"><em>\u2705Voc\u00ea somente paga o valor descrito em nosso site, fique tranquilo, n\u00e3o haver\u00e1 cobran\u00e7as adicionais de taxas ou impostos.<\/em><\/p>\n<p style=\"text-align: center;\"><em>\u2705Prazo m\u00e9dio para entrega \u00e9 de 24h a 48h ap\u00f3s o seu pedido.<\/em><\/p>\n<p style=\"text-align: center;\"><em>\u2705Site protegido com os melhores certificados de seguran\u00e7a.<\/em><\/p>","protected":false},"excerpt":{"rendered":"<p>\ud83d\ude9b Envios \u00e1 Cobran\u00e7a<\/p>\n<p>\ud83d\ude9b Entregas em 24h a 48h<\/p>","protected":false},"featured_media":3855,"template":"","meta":{"nf_dc_page":"","site-sidebar-layout":"default","site-content-layout":"","ast-site-content-layout":"default","site-content-style":"default","site-sidebar-style":"default","ast-global-header-display":"","ast-banner-title-visibility":"","ast-main-header-display":"","ast-hfb-above-header-display":"","ast-hfb-below-header-display":"","ast-hfb-mobile-header-display":"","site-post-title":"","ast-breadcrumbs-content":"","ast-featured-img":"","footer-sml-layout":"","ast-disable-related-posts":"","theme-transparent-header-meta":"default","adv-header-id-meta":"","stick-header-meta":"","header-above-stick-meta":"","header-main-stick-meta":"","header-below-stick-meta":"","astra-migrate-meta-layouts":"set","ast-page-background-enabled":"default","ast-page-background-meta":{"desktop":{"background-color":"","background-image":"","background-repeat":"repeat","background-position":"center center","background-size":"auto","background-attachment":"scroll","background-type":"","background-media":"","overlay-type":"","overlay-color":"","overlay-opacity":"","overlay-gradient":""},"tablet":{"background-color":"","background-image":"","background-repeat":"repeat","background-position":"center center","background-size":"auto","background-attachment":"scroll","background-type":"","background-media":"","overlay-type":"","overlay-color":"","overlay-opacity":"","overlay-gradient":""},"mobile":{"background-color":"","background-image":"","background-repeat":"repeat","background-position":"center center","background-size":"auto","background-attachment":"scroll","background-type":"","background-media":"","overlay-type":"","overlay-color":"","overlay-opacity":"","overlay-gradient":""}},"ast-content-background-meta":{"desktop":{"background-color":"var(--ast-global-color-5)","background-image":"","background-repeat":"repeat","background-position":"center center","background-size":"auto","background-attachment":"scroll","background-type":"","background-media":"","overlay-type":"","overlay-color":"","overlay-opacity":"","overlay-gradient":""},"tablet":{"background-color":"var(--ast-global-color-5)","background-image":"","background-repeat":"repeat","background-position":"center center","background-size":"auto","background-attachment":"scroll","background-type":"","background-media":"","overlay-type":"","overlay-color":"","overlay-opacity":"","overlay-gradient":""},"mobile":{"background-color":"var(--ast-global-color-5)","background-image":"","background-repeat":"repeat","background-position":"center center","background-size":"auto","background-attachment":"scroll","background-type":"","background-media":"","overlay-type":"","overlay-color":"","overlay-opacity":"","overlay-gradient":""}}},"product_brand":[],"product_cat":[37,32],"product_tag":[],"class_list":{"0":"post-3851","1":"product","2":"type-product","3":"status-publish","4":"has-post-thumbnail","6":"product_cat-ferramentas","7":"product_cat-macacos-e-gruas","8":"desktop-align-left","9":"tablet-align-left","10":"mobile-align-left","12":"first","13":"instock","14":"sale","15":"shipping-taxable","16":"purchasable","17":"product-type-simple"},"_links":{"self":[{"href":"https:\/\/frm-pt.com\/en\/wp-json\/wp\/v2\/product\/3851","targetHints":{"allow":["GET"]}}],"collection":[{"href":"https:\/\/frm-pt.com\/en\/wp-json\/wp\/v2\/product"}],"about":[{"href":"https:\/\/frm-pt.com\/en\/wp-json\/wp\/v2\/types\/product"}],"wp:featuredmedia":[{"embeddable":true,"href":"https:\/\/frm-pt.com\/en\/wp-json\/wp\/v2\/media\/3855"}],"wp:attachment":[{"href":"https:\/\/frm-pt.com\/en\/wp-json\/wp\/v2\/media?parent=3851"}],"wp:term":[{"taxonomy":"product_brand","embeddable":true,"href":"https:\/\/frm-pt.com\/en\/wp-json\/wp\/v2\/product_brand?post=3851"},{"taxonomy":"product_cat","embeddable":true,"href":"https:\/\/frm-pt.com\/en\/wp-json\/wp\/v2\/product_cat?post=3851"},{"taxonomy":"product_tag","embeddable":true,"href":"https:\/\/frm-pt.com\/en\/wp-json\/wp\/v2\/product_tag?post=3851"}],"curies":[{"name":"wp","href":"https:\/\/api.w.org\/{rel}","templated":true}]}}