{"id":3817,"date":"2025-02-12T22:53:39","date_gmt":"2025-02-12T22:53:39","guid":{"rendered":"https:\/\/frm-pt.com\/?post_type=product&#038;p=3817"},"modified":"2025-02-12T22:54:36","modified_gmt":"2025-02-12T22:54:36","slug":"booster-carregador-de-baterias-12v-e-24v-km-cdr-530","status":"publish","type":"product","link":"https:\/\/frm-pt.com\/en\/product\/booster-carregador-de-baterias-12v-e-24v-km-cdr-530\/","title":{"rendered":"Booster Carregador de Baterias 12v e 24v KM\/CDR-530"},"content":{"rendered":"<h6 style=\"text-align: center;\">Booster Carregador de Baterias 12v e 24v KM\/CDR-530<\/h6>\n<p style=\"text-align: center;\">O Carregador de Bateria Booster 500A 220V da marca KRAFTMULLER \u00e9 a solu\u00e7\u00e3o perfeita para quem procura uma forma r\u00e1pida e eficiente de carregar baterias de 12V e 24V. Com uma tens\u00e3o de sa\u00edda de at\u00e9 500A para arranque e uma corrente de sa\u00edda de carga de 35-80A, este carregador \u00e9 capaz de carregar baterias de forma r\u00e1pida e eficiente. Com uma capacidade de carga de 2.0kW e uma capacidade de arranque de 12kW, este carregador \u00e9 capaz de lidar com as baterias mais exigentes. Al\u00e9m disso, com uma voltagem de alimenta\u00e7\u00e3o de 220V, este carregador \u00e9 f\u00e1cil de usar em qualquer lugar. Se procura um carregador de bateria de alta qualidade e fi\u00e1vel, o Carregador de Bateria Booster 500A 220V \u00e9 a escolha certa para si.<\/p>\n<p style=\"text-align: center;\">DIMENS\u00c3O (CM): 67 * 36 * 30 PESO (KG): 24,5.<\/p>\n<p><img fetchpriority=\"high\" decoding=\"async\" class=\"aligncenter wp-image-3818\" src=\"https:\/\/frm-pt.com\/wp-content\/uploads\/2025\/02\/Captura-de-ecra-2025-02-09-201448.png\" alt=\"\" width=\"841\" height=\"523\" srcset=\"https:\/\/frm-pt.com\/wp-content\/uploads\/2025\/02\/Captura-de-ecra-2025-02-09-201448.png 976w, https:\/\/frm-pt.com\/wp-content\/uploads\/2025\/02\/Captura-de-ecra-2025-02-09-201448-300x187.png 300w, https:\/\/frm-pt.com\/wp-content\/uploads\/2025\/02\/Captura-de-ecra-2025-02-09-201448-768x478.png 768w, https:\/\/frm-pt.com\/wp-content\/uploads\/2025\/02\/Captura-de-ecra-2025-02-09-201448-600x373.png 600w\" sizes=\"(max-width: 841px) 100vw, 841px\" \/><img decoding=\"async\" class=\"aligncenter wp-image-3819 size-full\" src=\"https:\/\/frm-pt.com\/wp-content\/uploads\/2025\/02\/Captura-de-ecra-2025-02-09-201603.png\" alt=\"\" width=\"842\" height=\"631\" srcset=\"https:\/\/frm-pt.com\/wp-content\/uploads\/2025\/02\/Captura-de-ecra-2025-02-09-201603.png 842w, https:\/\/frm-pt.com\/wp-content\/uploads\/2025\/02\/Captura-de-ecra-2025-02-09-201603-300x225.png 300w, https:\/\/frm-pt.com\/wp-content\/uploads\/2025\/02\/Captura-de-ecra-2025-02-09-201603-768x576.png 768w, https:\/\/frm-pt.com\/wp-content\/uploads\/2025\/02\/Captura-de-ecra-2025-02-09-201603-600x450.png 600w\" sizes=\"(max-width: 842px) 100vw, 842px\" \/><img decoding=\"async\" class=\"aligncenter wp-image-3820 size-full\" src=\"https:\/\/frm-pt.com\/wp-content\/uploads\/2025\/02\/Captura-de-ecra-2025-02-09-201658.png\" alt=\"\" width=\"841\" height=\"672\" srcset=\"https:\/\/frm-pt.com\/wp-content\/uploads\/2025\/02\/Captura-de-ecra-2025-02-09-201658.png 841w, https:\/\/frm-pt.com\/wp-content\/uploads\/2025\/02\/Captura-de-ecra-2025-02-09-201658-300x240.png 300w, https:\/\/frm-pt.com\/wp-content\/uploads\/2025\/02\/Captura-de-ecra-2025-02-09-201658-768x614.png 768w, https:\/\/frm-pt.com\/wp-content\/uploads\/2025\/02\/Captura-de-ecra-2025-02-09-201658-600x479.png 600w\" sizes=\"(max-width: 841px) 100vw, 841px\" \/><\/p>\n<p style=\"text-align: center;\">\u2b50\u2b50\u2b50\u2b50(4.9)<\/p>\n<p style=\"text-align: center;\"><em>\u2705Fazemos envios \u00e1 cobran\u00e7a para todo Portugal Continental . com\u00a0 c\u00f3digo de rastreo online.\u00a0<\/em><\/p>\n<p style=\"text-align: center;\"><em>\u2705Voc\u00ea somente paga o valor descrito em nosso site, fique tranquilo, n\u00e3o haver\u00e1 cobran\u00e7as adicionais de taxas ou impostos.<\/em><\/p>\n<p style=\"text-align: center;\"><em>\u2705Prazo m\u00e9dio para entrega \u00e9 de 24h a 48h ap\u00f3s o seu pedido.<\/em><\/p>\n<p style=\"text-align: center;\"><em>\u2705Site protegido com os melhores certificados de seguran\u00e7a.<\/em><\/p>","protected":false},"excerpt":{"rendered":"<div class=\"woocommerce-product-details__short-description\">\n<div class=\"woocommerce-product-details__short-description\">\n<p>\ud83d\ude9b\u00a0 Envios \u00e1 Cobran\u00e7a<\/p>\n<p>\ud83d\ude9b Entregas em 24h a 48h<\/p>\n<\/div>\n<\/div>","protected":false},"featured_media":3819,"template":"","meta":{"nf_dc_page":"","site-sidebar-layout":"default","site-content-layout":"","ast-site-content-layout":"default","site-content-style":"default","site-sidebar-style":"default","ast-global-header-display":"","ast-banner-title-visibility":"","ast-main-header-display":"","ast-hfb-above-header-display":"","ast-hfb-below-header-display":"","ast-hfb-mobile-header-display":"","site-post-title":"","ast-breadcrumbs-content":"","ast-featured-img":"","footer-sml-layout":"","ast-disable-related-posts":"","theme-transparent-header-meta":"default","adv-header-id-meta":"","stick-header-meta":"","header-above-stick-meta":"","header-main-stick-meta":"","header-below-stick-meta":"","astra-migrate-meta-layouts":"set","ast-page-background-enabled":"default","ast-page-background-meta":{"desktop":{"background-color":"","background-image":"","background-repeat":"repeat","background-position":"center center","background-size":"auto","background-attachment":"scroll","background-type":"","background-media":"","overlay-type":"","overlay-color":"","overlay-opacity":"","overlay-gradient":""},"tablet":{"background-color":"","background-image":"","background-repeat":"repeat","background-position":"center center","background-size":"auto","background-attachment":"scroll","background-type":"","background-media":"","overlay-type":"","overlay-color":"","overlay-opacity":"","overlay-gradient":""},"mobile":{"background-color":"","background-image":"","background-repeat":"repeat","background-position":"center center","background-size":"auto","background-attachment":"scroll","background-type":"","background-media":"","overlay-type":"","overlay-color":"","overlay-opacity":"","overlay-gradient":""}},"ast-content-background-meta":{"desktop":{"background-color":"var(--ast-global-color-5)","background-image":"","background-repeat":"repeat","background-position":"center center","background-size":"auto","background-attachment":"scroll","background-type":"","background-media":"","overlay-type":"","overlay-color":"","overlay-opacity":"","overlay-gradient":""},"tablet":{"background-color":"var(--ast-global-color-5)","background-image":"","background-repeat":"repeat","background-position":"center center","background-size":"auto","background-attachment":"scroll","background-type":"","background-media":"","overlay-type":"","overlay-color":"","overlay-opacity":"","overlay-gradient":""},"mobile":{"background-color":"var(--ast-global-color-5)","background-image":"","background-repeat":"repeat","background-position":"center center","background-size":"auto","background-attachment":"scroll","background-type":"","background-media":"","overlay-type":"","overlay-color":"","overlay-opacity":"","overlay-gradient":""}}},"product_brand":[],"product_cat":[37,34],"product_tag":[],"class_list":{"0":"post-3817","1":"product","2":"type-product","3":"status-publish","4":"has-post-thumbnail","6":"product_cat-ferramentas","7":"product_cat-maquinas-de-baterias","8":"desktop-align-left","9":"tablet-align-left","10":"mobile-align-left","12":"first","13":"instock","14":"sale","15":"shipping-taxable","16":"purchasable","17":"product-type-simple"},"_links":{"self":[{"href":"https:\/\/frm-pt.com\/en\/wp-json\/wp\/v2\/product\/3817","targetHints":{"allow":["GET"]}}],"collection":[{"href":"https:\/\/frm-pt.com\/en\/wp-json\/wp\/v2\/product"}],"about":[{"href":"https:\/\/frm-pt.com\/en\/wp-json\/wp\/v2\/types\/product"}],"wp:featuredmedia":[{"embeddable":true,"href":"https:\/\/frm-pt.com\/en\/wp-json\/wp\/v2\/media\/3819"}],"wp:attachment":[{"href":"https:\/\/frm-pt.com\/en\/wp-json\/wp\/v2\/media?parent=3817"}],"wp:term":[{"taxonomy":"product_brand","embeddable":true,"href":"https:\/\/frm-pt.com\/en\/wp-json\/wp\/v2\/product_brand?post=3817"},{"taxonomy":"product_cat","embeddable":true,"href":"https:\/\/frm-pt.com\/en\/wp-json\/wp\/v2\/product_cat?post=3817"},{"taxonomy":"product_tag","embeddable":true,"href":"https:\/\/frm-pt.com\/en\/wp-json\/wp\/v2\/product_tag?post=3817"}],"curies":[{"name":"wp","href":"https:\/\/api.w.org\/{rel}","templated":true}]}}