{"id":3749,"date":"2025-02-06T17:49:55","date_gmt":"2025-02-06T17:49:55","guid":{"rendered":"https:\/\/frm-pt.com\/?post_type=product&#038;p=3749"},"modified":"2025-02-06T17:50:25","modified_gmt":"2025-02-06T17:50:25","slug":"maquina-de-lavar-alta-pressao-240bar","status":"publish","type":"product","link":"https:\/\/frm-pt.com\/en\/product\/maquina-de-lavar-alta-pressao-240bar\/","title":{"rendered":"M\u00e1quina de lavar alta press\u00e3o 240Bar"},"content":{"rendered":"<h6 class=\"product_title entry-title\" style=\"text-align: center;\">M\u00e1quina de lavar alta press\u00e3o 240bar<\/h6>\n<p>Lavadora de alta press\u00e3o otimizada para limpeza no exterior sem esfor\u00e7o. Uma lavadora de alta press\u00e3o a Gasolina 240bar. Opera\u00e7\u00e3o ergon\u00f3mica e descomplicada com uma mangueira ultraflex\u00edvel de 8 metros, altura da al\u00e7a aprimorada, estabilidade excecional e experi\u00eancia intuitiva do utilizador. E uma variedade de recursos inteligentes permitem uma configura\u00e7\u00e3o simples e uso eficiente. Perfeitamente adequada para enxaguar eficazmente as \u00e1reas ao redor da sua casa com excelentes resultados, sempre. \u00c9 perfeita para remover manchas dif\u00edceis, especialmente de p\u00e1tios de tijolos cobertos por anos de sujeira e musgo, e cal\u00e7adas de concreto manchadas de \u00f3leo ou ferrugem.<\/p>\n<ul class=\"detailGuide_cont js-toggleCont toggle-hidden toggle-show\">\n<li>Motor eficiente de 12 HP: A lavadora de alta press\u00e3o movida a gasolina tem um motor potente de 350 cc e 4 raios e pode conter 0,8 gal\u00f5es de gasolina. \u00c9 f\u00e1cil de ligar e tem uma bomba de cobre. Se voc\u00ea \u00e9 um entusiasta do fa\u00e7a voc\u00ea mesmo que valoriza for\u00e7a e desempenho, esta \u00e9 uma excelente escolha.<\/li>\n<li>Uso multiuso: A lavadora de alta press\u00e3o a Gasolina vem com 5 bicos de pulveriza\u00e7\u00e3o de metal de conex\u00e3o r\u00e1pida (0\u00b0\/ 15\u00b0\/ 25\u00b0\/ 40\u00b0\/ ), variando de jatos de \u00e1gua de alto impacto a jatos suaves. Definitivamente mais adequado para suas diferentes tarefas de limpeza e economiza despesas desnecess\u00e1rias.<\/li>\n<li>Acess\u00f3rios bem armazenados: Esta lavadora de alta press\u00e3o vem com uma pistola de pulveriza\u00e7\u00e3o que pode ser conectada rapidamente e 5 bicos diferentes. Ela tamb\u00e9m inclui uma mangueira de \u00e1gua de 50 p\u00e9s que \u00e9 resistente \u00e0 abras\u00e3o e alta press\u00e3o. Tudo \u00e9 convenientemente armazenado na m\u00e1quina para que voc\u00ea n\u00e3o precise se preocupar em perder nenhuma pe\u00e7a.<\/li>\n<\/ul>\n<ul>\n<li>Mova-se com facilidade: nossa lavadora de alta pot\u00eancia \u00e9 feita com uma estrutura de a\u00e7o forte e possui uma al\u00e7a ergon\u00f4mica e duas rodas de 10 polegadas que nunca furam. Voc\u00ea pode mov\u00ea-la facilmente, do jardim da frente para o de tr\u00e1s, sem qualquer aborrecimento. Usar esta m\u00e1quina tornar\u00e1 suas tarefas de limpeza muito mais simples e menos cansativas.<\/li>\n<\/ul>\n<p><img fetchpriority=\"high\" decoding=\"async\" class=\"aligncenter wp-image-3750 size-full\" src=\"https:\/\/frm-pt.com\/wp-content\/uploads\/2025\/02\/Captura-de-ecra-2025-02-06-164510.png\" alt=\"\" width=\"906\" height=\"841\" srcset=\"https:\/\/frm-pt.com\/wp-content\/uploads\/2025\/02\/Captura-de-ecra-2025-02-06-164510.png 906w, https:\/\/frm-pt.com\/wp-content\/uploads\/2025\/02\/Captura-de-ecra-2025-02-06-164510-300x278.png 300w, https:\/\/frm-pt.com\/wp-content\/uploads\/2025\/02\/Captura-de-ecra-2025-02-06-164510-768x713.png 768w, https:\/\/frm-pt.com\/wp-content\/uploads\/2025\/02\/Captura-de-ecra-2025-02-06-164510-600x557.png 600w\" sizes=\"(max-width: 906px) 100vw, 906px\" \/><img decoding=\"async\" class=\"aligncenter wp-image-3751 size-full\" src=\"https:\/\/frm-pt.com\/wp-content\/uploads\/2025\/02\/Captura-de-ecra-2025-02-06-164657.png\" alt=\"\" width=\"900\" height=\"842\" srcset=\"https:\/\/frm-pt.com\/wp-content\/uploads\/2025\/02\/Captura-de-ecra-2025-02-06-164657.png 900w, https:\/\/frm-pt.com\/wp-content\/uploads\/2025\/02\/Captura-de-ecra-2025-02-06-164657-300x281.png 300w, https:\/\/frm-pt.com\/wp-content\/uploads\/2025\/02\/Captura-de-ecra-2025-02-06-164657-768x719.png 768w, https:\/\/frm-pt.com\/wp-content\/uploads\/2025\/02\/Captura-de-ecra-2025-02-06-164657-600x561.png 600w\" sizes=\"(max-width: 900px) 100vw, 900px\" \/><img decoding=\"async\" class=\"aligncenter wp-image-3752 size-full\" src=\"https:\/\/frm-pt.com\/wp-content\/uploads\/2025\/02\/Captura-de-ecra-2025-02-06-164432.png\" alt=\"\" width=\"902\" height=\"867\" srcset=\"https:\/\/frm-pt.com\/wp-content\/uploads\/2025\/02\/Captura-de-ecra-2025-02-06-164432.png 902w, https:\/\/frm-pt.com\/wp-content\/uploads\/2025\/02\/Captura-de-ecra-2025-02-06-164432-300x288.png 300w, https:\/\/frm-pt.com\/wp-content\/uploads\/2025\/02\/Captura-de-ecra-2025-02-06-164432-768x738.png 768w, https:\/\/frm-pt.com\/wp-content\/uploads\/2025\/02\/Captura-de-ecra-2025-02-06-164432-600x577.png 600w\" sizes=\"(max-width: 902px) 100vw, 902px\" \/><img loading=\"lazy\" decoding=\"async\" class=\"aligncenter wp-image-3753 size-full\" src=\"https:\/\/frm-pt.com\/wp-content\/uploads\/2025\/02\/Captura-de-ecra-2025-02-06-164301.png\" alt=\"\" width=\"906\" height=\"813\" srcset=\"https:\/\/frm-pt.com\/wp-content\/uploads\/2025\/02\/Captura-de-ecra-2025-02-06-164301.png 906w, https:\/\/frm-pt.com\/wp-content\/uploads\/2025\/02\/Captura-de-ecra-2025-02-06-164301-300x269.png 300w, https:\/\/frm-pt.com\/wp-content\/uploads\/2025\/02\/Captura-de-ecra-2025-02-06-164301-768x689.png 768w, https:\/\/frm-pt.com\/wp-content\/uploads\/2025\/02\/Captura-de-ecra-2025-02-06-164301-600x538.png 600w\" sizes=\"(max-width: 906px) 100vw, 906px\" \/><img loading=\"lazy\" decoding=\"async\" class=\"aligncenter wp-image-3754 size-full\" src=\"https:\/\/frm-pt.com\/wp-content\/uploads\/2025\/02\/Captura-de-ecra-2025-02-06-170929.png\" alt=\"\" width=\"857\" height=\"666\" srcset=\"https:\/\/frm-pt.com\/wp-content\/uploads\/2025\/02\/Captura-de-ecra-2025-02-06-170929.png 857w, https:\/\/frm-pt.com\/wp-content\/uploads\/2025\/02\/Captura-de-ecra-2025-02-06-170929-300x233.png 300w, https:\/\/frm-pt.com\/wp-content\/uploads\/2025\/02\/Captura-de-ecra-2025-02-06-170929-768x597.png 768w, https:\/\/frm-pt.com\/wp-content\/uploads\/2025\/02\/Captura-de-ecra-2025-02-06-170929-600x466.png 600w\" sizes=\"(max-width: 857px) 100vw, 857px\" \/><\/p>\n<p style=\"text-align: center;\">\u2b50\u2b50\u2b50\u2b50\u2b50(5.8)<\/p>\n<p style=\"text-align: center;\"><em>\u2705Fazemos envios \u00e1 cobran\u00e7a para todo Portugal Continental . com\u00a0 c\u00f3digo de rastreo online.\u00a0<\/em><\/p>\n<p style=\"text-align: center;\"><em>\u2705Voc\u00ea somente paga o valor descrito em nosso site, fique tranquilo, n\u00e3o haver\u00e1 cobran\u00e7as adicionais de taxas ou impostos.<\/em><\/p>\n<p style=\"text-align: center;\"><em>\u2705Prazo m\u00e9dio para entrega \u00e9 de 24h a 48h ap\u00f3s o seu pedido.<\/em><\/p>\n<p style=\"text-align: center;\"><em>\u2705Site protegido com os melhores certificados de seguran\u00e7a.<\/em><\/p>\n<p>&nbsp;<\/p>\n<dl>\n<dt>\n<dl><\/dl>\n<dl>\n<dd><\/dd>\n<\/dl>\n<\/dt>\n<\/dl>","protected":false},"excerpt":{"rendered":"<p>\ud83d\ude9b Envios \u00e1 Cobran\u00e7a<\/p>\n<p>\ud83d\ude9b Entregas em 24h a 48h<\/p>","protected":false},"featured_media":3755,"template":"","meta":{"nf_dc_page":"","site-sidebar-layout":"default","site-content-layout":"","ast-site-content-layout":"default","site-content-style":"default","site-sidebar-style":"default","ast-global-header-display":"","ast-banner-title-visibility":"","ast-main-header-display":"","ast-hfb-above-header-display":"","ast-hfb-below-header-display":"","ast-hfb-mobile-header-display":"","site-post-title":"","ast-breadcrumbs-content":"","ast-featured-img":"","footer-sml-layout":"","ast-disable-related-posts":"","theme-transparent-header-meta":"default","adv-header-id-meta":"","stick-header-meta":"","header-above-stick-meta":"","header-main-stick-meta":"","header-below-stick-meta":"","astra-migrate-meta-layouts":"set","ast-page-background-enabled":"default","ast-page-background-meta":{"desktop":{"background-color":"","background-image":"","background-repeat":"repeat","background-position":"center center","background-size":"auto","background-attachment":"scroll","background-type":"","background-media":"","overlay-type":"","overlay-color":"","overlay-opacity":"","overlay-gradient":""},"tablet":{"background-color":"","background-image":"","background-repeat":"repeat","background-position":"center center","background-size":"auto","background-attachment":"scroll","background-type":"","background-media":"","overlay-type":"","overlay-color":"","overlay-opacity":"","overlay-gradient":""},"mobile":{"background-color":"","background-image":"","background-repeat":"repeat","background-position":"center center","background-size":"auto","background-attachment":"scroll","background-type":"","background-media":"","overlay-type":"","overlay-color":"","overlay-opacity":"","overlay-gradient":""}},"ast-content-background-meta":{"desktop":{"background-color":"var(--ast-global-color-5)","background-image":"","background-repeat":"repeat","background-position":"center center","background-size":"auto","background-attachment":"scroll","background-type":"","background-media":"","overlay-type":"","overlay-color":"","overlay-opacity":"","overlay-gradient":""},"tablet":{"background-color":"var(--ast-global-color-5)","background-image":"","background-repeat":"repeat","background-position":"center center","background-size":"auto","background-attachment":"scroll","background-type":"","background-media":"","overlay-type":"","overlay-color":"","overlay-opacity":"","overlay-gradient":""},"mobile":{"background-color":"var(--ast-global-color-5)","background-image":"","background-repeat":"repeat","background-position":"center center","background-size":"auto","background-attachment":"scroll","background-type":"","background-media":"","overlay-type":"","overlay-color":"","overlay-opacity":"","overlay-gradient":""}}},"product_brand":[],"product_cat":[29,18],"product_tag":[],"class_list":{"0":"post-3749","1":"product","2":"type-product","3":"status-publish","4":"has-post-thumbnail","6":"product_cat-maquinas-de-jardim","7":"product_cat-uncategorized","8":"desktop-align-left","9":"tablet-align-left","10":"mobile-align-left","12":"first","13":"instock","14":"sale","15":"shipping-taxable","16":"purchasable","17":"product-type-simple"},"_links":{"self":[{"href":"https:\/\/frm-pt.com\/en\/wp-json\/wp\/v2\/product\/3749","targetHints":{"allow":["GET"]}}],"collection":[{"href":"https:\/\/frm-pt.com\/en\/wp-json\/wp\/v2\/product"}],"about":[{"href":"https:\/\/frm-pt.com\/en\/wp-json\/wp\/v2\/types\/product"}],"wp:featuredmedia":[{"embeddable":true,"href":"https:\/\/frm-pt.com\/en\/wp-json\/wp\/v2\/media\/3755"}],"wp:attachment":[{"href":"https:\/\/frm-pt.com\/en\/wp-json\/wp\/v2\/media?parent=3749"}],"wp:term":[{"taxonomy":"product_brand","embeddable":true,"href":"https:\/\/frm-pt.com\/en\/wp-json\/wp\/v2\/product_brand?post=3749"},{"taxonomy":"product_cat","embeddable":true,"href":"https:\/\/frm-pt.com\/en\/wp-json\/wp\/v2\/product_cat?post=3749"},{"taxonomy":"product_tag","embeddable":true,"href":"https:\/\/frm-pt.com\/en\/wp-json\/wp\/v2\/product_tag?post=3749"}],"curies":[{"name":"wp","href":"https:\/\/api.w.org\/{rel}","templated":true}]}}