{"id":3466,"date":"2025-01-07T22:07:24","date_gmt":"2025-01-07T22:07:24","guid":{"rendered":"https:\/\/frm-pt.com\/?post_type=product&#038;p=3466"},"modified":"2025-01-07T22:07:25","modified_gmt":"2025-01-07T22:07:25","slug":"aparelho-de-soldar-semi-automatico-mig-300","status":"publish","type":"product","link":"https:\/\/frm-pt.com\/en\/product\/aparelho-de-soldar-semi-automatico-mig-300\/","title":{"rendered":"Aparelho de Soldar Semi Automatico Mig-300"},"content":{"rendered":"<h6 style=\"text-align: center;\">Widmann WM300: Inversor semi-autom\u00e1tico de soldagem MIG 300<\/h6>\n<p style=\"text-align: center;\">Soldador semi-autom\u00e1tico com refrigera\u00e7\u00e3o por ventilador com prote\u00e7\u00e3o t\u00e9rmica, equipado com regulador de controle de velocidade.<\/p>\n<p style=\"text-align: center;\">Fornece um arco tolerante, excelente a\u00e7\u00e3o de arco fora de posi\u00e7\u00e3o, poucos respingos e uma ampla faixa de tens\u00e3o.<br \/>\nExcelente para projetos dom\u00e9sticos e v\u00e1rios reparos, perfeito para oficinas de autom\u00f3veis, fazendas e pequenas oficinas de soldagem.<br \/>\nO display permite predefini\u00e7\u00f5es para precis\u00e3o e controle adicionais.<\/p>\n<p style=\"text-align: center;\">Caracter\u00edsticas:<br \/>\nPort\u00e1til MIG 300<br \/>\nTecnologia do inversor IGBT<br \/>\nProte\u00e7\u00e3o contra superaquecimento\/sobrecarga\/sobretens\u00e3o<br \/>\nAdequado para fio de a\u00e7o inoxid\u00e1vel, fio de arg\u00f4nio de fio de alum\u00ednio, fio fluxado<br \/>\nVentila\u00e7\u00e3o de Resfriamento de Ar<br \/>\nControle de alimenta\u00e7\u00e3o de arame<br \/>\nPeso leve<br \/>\nEspecifica\u00e7\u00f5es:<br \/>\nTens\u00e3o de alimenta\u00e7\u00e3o (V): 1 fase AC220V \u00b1 15%<br \/>\nFrequ\u00eancia: 50Hz<br \/>\nEntrada de energia: 1ph 230V<br \/>\nm\u00e1x. Tens\u00e3o sem carga: 28V<br \/>\nCorrente de sa\u00edda (A): 50-100<br \/>\nFaixa de for\u00e7a (A): n\/a<br \/>\nCiclo de trabalho: 10%<br \/>\nPerda sem carga (W): n\/a<br \/>\nEfici\u00eancia: 85%<br \/>\nGrau de isolamento: F<br \/>\nDi\u00e2metro do fio do cabo de fluxo: 0,6-0,9 mm<br \/>\nGrau de prote\u00e7\u00e3o da caixa: IP21S<br \/>\nPeso: 12kg<\/p>\n<p><img fetchpriority=\"high\" decoding=\"async\" class=\"aligncenter wp-image-3469 size-full\" src=\"https:\/\/frm-pt.com\/wp-content\/uploads\/2025\/01\/Captura-de-ecra-2024-12-17-224603.png\" alt=\"\" width=\"900\" height=\"690\" srcset=\"https:\/\/frm-pt.com\/wp-content\/uploads\/2025\/01\/Captura-de-ecra-2024-12-17-224603.png 900w, https:\/\/frm-pt.com\/wp-content\/uploads\/2025\/01\/Captura-de-ecra-2024-12-17-224603-300x230.png 300w, https:\/\/frm-pt.com\/wp-content\/uploads\/2025\/01\/Captura-de-ecra-2024-12-17-224603-768x589.png 768w, https:\/\/frm-pt.com\/wp-content\/uploads\/2025\/01\/Captura-de-ecra-2024-12-17-224603-600x460.png 600w\" sizes=\"(max-width: 900px) 100vw, 900px\" \/> <img decoding=\"async\" class=\"aligncenter wp-image-3470 size-full\" src=\"https:\/\/frm-pt.com\/wp-content\/uploads\/2025\/01\/Captura-de-ecra-2024-12-17-224651.png\" alt=\"\" width=\"741\" height=\"563\" srcset=\"https:\/\/frm-pt.com\/wp-content\/uploads\/2025\/01\/Captura-de-ecra-2024-12-17-224651.png 741w, https:\/\/frm-pt.com\/wp-content\/uploads\/2025\/01\/Captura-de-ecra-2024-12-17-224651-300x228.png 300w, https:\/\/frm-pt.com\/wp-content\/uploads\/2025\/01\/Captura-de-ecra-2024-12-17-224651-600x456.png 600w\" sizes=\"(max-width: 741px) 100vw, 741px\" \/> <img decoding=\"async\" class=\"aligncenter wp-image-3471 size-full\" src=\"https:\/\/frm-pt.com\/wp-content\/uploads\/2025\/01\/Captura-de-ecra-2024-12-17-230344.png\" alt=\"\" width=\"840\" height=\"652\" srcset=\"https:\/\/frm-pt.com\/wp-content\/uploads\/2025\/01\/Captura-de-ecra-2024-12-17-230344.png 840w, https:\/\/frm-pt.com\/wp-content\/uploads\/2025\/01\/Captura-de-ecra-2024-12-17-230344-300x233.png 300w, https:\/\/frm-pt.com\/wp-content\/uploads\/2025\/01\/Captura-de-ecra-2024-12-17-230344-768x596.png 768w, https:\/\/frm-pt.com\/wp-content\/uploads\/2025\/01\/Captura-de-ecra-2024-12-17-230344-600x466.png 600w\" sizes=\"(max-width: 840px) 100vw, 840px\" \/><\/p>\n<p><img loading=\"lazy\" decoding=\"async\" class=\"aligncenter wp-image-3468 size-full\" src=\"https:\/\/frm-pt.com\/wp-content\/uploads\/2025\/01\/Captura-de-ecra-2024-12-17-224521.png\" alt=\"\" width=\"743\" height=\"635\" srcset=\"https:\/\/frm-pt.com\/wp-content\/uploads\/2025\/01\/Captura-de-ecra-2024-12-17-224521.png 743w, https:\/\/frm-pt.com\/wp-content\/uploads\/2025\/01\/Captura-de-ecra-2024-12-17-224521-300x256.png 300w, https:\/\/frm-pt.com\/wp-content\/uploads\/2025\/01\/Captura-de-ecra-2024-12-17-224521-600x513.png 600w\" sizes=\"(max-width: 743px) 100vw, 743px\" \/><\/p>\n<p style=\"text-align: center;\">\u2b50\u2b50\u2b50\u2b50\u2b50(5.7)<\/p>\n<p style=\"text-align: center;\"><em>\u2705Fazemos envios \u00e1 cobran\u00e7a para todo Portugal Continental . com\u00a0 c\u00f3digo de rastreo online.\u00a0<\/em><\/p>\n<p style=\"text-align: center;\"><em>\u2705Voc\u00ea somente paga o valor descrito em nosso site, fique tranquilo, n\u00e3o haver\u00e1 cobran\u00e7as adicionais de taxas ou impostos.<\/em><\/p>\n<p style=\"text-align: center;\"><em>\u2705Prazo m\u00e9dio para entrega \u00e9 de 24h a 48h ap\u00f3s o seu pedido.<\/em><\/p>\n<p style=\"text-align: center;\"><em>\u2705Site protegido com os melhores certificados de seguran\u00e7a.<\/em><\/p>","protected":false},"excerpt":{"rendered":"<p>\ud83d\ude9b Envios \u00e1 Cobran\u00e7a<\/p>\n<p>\ud83d\ude9b Entregas em 24h a 48h<\/p>","protected":false},"featured_media":3472,"template":"","meta":{"nf_dc_page":"","site-sidebar-layout":"default","site-content-layout":"","ast-site-content-layout":"default","site-content-style":"default","site-sidebar-style":"default","ast-global-header-display":"","ast-banner-title-visibility":"","ast-main-header-display":"","ast-hfb-above-header-display":"","ast-hfb-below-header-display":"","ast-hfb-mobile-header-display":"","site-post-title":"","ast-breadcrumbs-content":"","ast-featured-img":"","footer-sml-layout":"","ast-disable-related-posts":"","theme-transparent-header-meta":"default","adv-header-id-meta":"","stick-header-meta":"","header-above-stick-meta":"","header-main-stick-meta":"","header-below-stick-meta":"","astra-migrate-meta-layouts":"set","ast-page-background-enabled":"default","ast-page-background-meta":{"desktop":{"background-color":"","background-image":"","background-repeat":"repeat","background-position":"center center","background-size":"auto","background-attachment":"scroll","background-type":"","background-media":"","overlay-type":"","overlay-color":"","overlay-opacity":"","overlay-gradient":""},"tablet":{"background-color":"","background-image":"","background-repeat":"repeat","background-position":"center center","background-size":"auto","background-attachment":"scroll","background-type":"","background-media":"","overlay-type":"","overlay-color":"","overlay-opacity":"","overlay-gradient":""},"mobile":{"background-color":"","background-image":"","background-repeat":"repeat","background-position":"center center","background-size":"auto","background-attachment":"scroll","background-type":"","background-media":"","overlay-type":"","overlay-color":"","overlay-opacity":"","overlay-gradient":""}},"ast-content-background-meta":{"desktop":{"background-color":"var(--ast-global-color-5)","background-image":"","background-repeat":"repeat","background-position":"center center","background-size":"auto","background-attachment":"scroll","background-type":"","background-media":"","overlay-type":"","overlay-color":"","overlay-opacity":"","overlay-gradient":""},"tablet":{"background-color":"var(--ast-global-color-5)","background-image":"","background-repeat":"repeat","background-position":"center center","background-size":"auto","background-attachment":"scroll","background-type":"","background-media":"","overlay-type":"","overlay-color":"","overlay-opacity":"","overlay-gradient":""},"mobile":{"background-color":"var(--ast-global-color-5)","background-image":"","background-repeat":"repeat","background-position":"center center","background-size":"auto","background-attachment":"scroll","background-type":"","background-media":"","overlay-type":"","overlay-color":"","overlay-opacity":"","overlay-gradient":""}}},"product_brand":[],"product_cat":[30,37],"product_tag":[],"class_list":{"0":"post-3466","1":"product","2":"type-product","3":"status-publish","4":"has-post-thumbnail","6":"product_cat-aparelhos-de-soldar","7":"product_cat-ferramentas","8":"desktop-align-left","9":"tablet-align-left","10":"mobile-align-left","12":"first","13":"instock","14":"sale","15":"shipping-taxable","16":"purchasable","17":"product-type-simple"},"_links":{"self":[{"href":"https:\/\/frm-pt.com\/en\/wp-json\/wp\/v2\/product\/3466","targetHints":{"allow":["GET"]}}],"collection":[{"href":"https:\/\/frm-pt.com\/en\/wp-json\/wp\/v2\/product"}],"about":[{"href":"https:\/\/frm-pt.com\/en\/wp-json\/wp\/v2\/types\/product"}],"wp:featuredmedia":[{"embeddable":true,"href":"https:\/\/frm-pt.com\/en\/wp-json\/wp\/v2\/media\/3472"}],"wp:attachment":[{"href":"https:\/\/frm-pt.com\/en\/wp-json\/wp\/v2\/media?parent=3466"}],"wp:term":[{"taxonomy":"product_brand","embeddable":true,"href":"https:\/\/frm-pt.com\/en\/wp-json\/wp\/v2\/product_brand?post=3466"},{"taxonomy":"product_cat","embeddable":true,"href":"https:\/\/frm-pt.com\/en\/wp-json\/wp\/v2\/product_cat?post=3466"},{"taxonomy":"product_tag","embeddable":true,"href":"https:\/\/frm-pt.com\/en\/wp-json\/wp\/v2\/product_tag?post=3466"}],"curies":[{"name":"wp","href":"https:\/\/api.w.org\/{rel}","templated":true}]}}