{"id":3294,"date":"2024-12-16T22:25:13","date_gmt":"2024-12-16T22:25:13","guid":{"rendered":"https:\/\/frm-pt.com\/?post_type=product&#038;p=3294"},"modified":"2024-12-16T22:25:14","modified_gmt":"2024-12-16T22:25:14","slug":"parafusadeira-furadeira-de-impacto-profissional-21v-2","status":"publish","type":"product","link":"https:\/\/frm-pt.com\/en\/product\/parafusadeira-furadeira-de-impacto-profissional-21v-2\/","title":{"rendered":"Parafusadeira Furadeira De Impacto Profissional 21v"},"content":{"rendered":"<h5 class=\"ui-pdp-title\" style=\"text-align: center;\">Furadeira Martelete Parafusadeira Sem Fio 21v \u2013 2 Baterias<\/h5>\n<p style=\"text-align: center;\">A Parafusadeira Furadeira 10mm 3\/8 + Bateria Extra 21v bivolt \u00e9 a escolha certa para voc\u00ea! Super Potente e Vers\u00e1til com design compacto e ergon\u00f4mico \u00e9 ideal para diversos tipos de trabalhos, seja em casa, escrit\u00f3rio, Oficina ou aonde for necess\u00e1rio um aperto ou furo.<\/p>\n<p style=\"text-align: center;\">Sua bateria de 21v da a ela muita autonomia, proporcionando horas de trabalho sem interrup\u00e7\u00f5es, com isso seus projetos ou trabalhos v\u00e3o ficar prontos muito mais r\u00e1pido.<\/p>\n<p style=\"text-align: center;\">Al\u00e9m disso a Parafusadeira Furadeira conta com motor potente de alta performance, o que permite que voc\u00ea trabalhe com facilidade em diferentes materiais, como madeira, metal, etc.<\/p>\n<p style=\"text-align: center;\">Seu carregador bivolt garante que voc\u00ea possa utilizar a parafusadeira furadeira em qualquer lugar, sem se preocupar com as voltagens da tomada.<\/p>\n<p style=\"text-align: center;\">Possui um sistema de luz LED embutido, garantindo maior visibilidade durante o trabalho em \u00e1reas com pouca luz.<\/p>\n<p style=\"text-align: center;\">Muito leve e f\u00e1cil de manusear pois n\u00e3o h\u00e1 cabos no meio, tornando ent\u00e3o o uso mais confort\u00e1vel ao manipular causando menos fadiga ap\u00f3s o uso intensivo.<\/p>\n<p style=\"text-align: center;\"><strong>Caracter\u00edsticas:<\/strong><\/p>\n<p style=\"text-align: center;\">*Alimenta\u00e7\u00e3o: bateria recarreg\u00e1vel li-ion, fornecer mais tempo de execu\u00e7\u00e3o e mais pot\u00eancia<\/p>\n<p style=\"text-align: center;\">*18 + 3 configura\u00e7\u00f5es de est\u00e1gio, oferece 18 configura\u00e7\u00f5es de torque e 3 modos de broca para trabalho de alta precis\u00e3o<\/p>\n<p style=\"text-align: center;\">*3\/8 \u201ckeyless mandril de r\u00e1pido e simples manuseio, suporta at\u00e9 10mm bitola<\/p>\n<p style=\"text-align: center;\">*0-400rpm e 0-1450rpm alta\/baixa vari\u00e1vel de 2 velocidades, para uma ampla gama de aplica\u00e7\u00f5es<\/p>\n<p style=\"text-align: center;\">*Punho confort\u00e1vel ergon\u00f4mico do aperto fornece o equil\u00edbrio ideal e o controle da ferramenta<\/p>\n<div class=\"ui-pdp-container__row ui-pdp-container__row--highlighted-features-title\" style=\"text-align: center;\">\n<p><strong>O que voc\u00ea precisa saber sobre este produto:<\/strong><\/p>\n<\/div>\n<div class=\"ui-pdp-container__row ui-pdp-container__row--highlighted-features\" style=\"text-align: center;\">\n<div class=\"ui-vpp-highlighted-specs__features\">\n<p>Voltagem: 110V\/220V<\/p>\n<p>Com fun\u00e7\u00e3o reversa.<\/p>\n<p>Vem com mala de transporte.<\/p>\n<p>Sua frequ\u00eancia \u00e9 de 60Hz.<\/p>\n<p>Possui fun\u00e7\u00e3o parafusadeira.<\/p>\n<p>Inclui fun\u00e7\u00e3o martelete.<\/p>\n<p>Velocidade de rota\u00e7\u00e3o m\u00e1xima: 1400rpm.<\/p>\n<p>Com bateria inclu\u00edda de Li-ion.<\/p>\n<p>Possui controle de torque.<\/p>\n<p>Possui luz LED.<\/p>\n<\/div>\n<\/div>\n<p style=\"text-align: center;\"><strong>Pacote Inclui:<\/strong><\/p>\n<p style=\"text-align: center;\">1 x Furadeira sem fio<\/p>\n<p style=\"text-align: center;\">1 x Manual Do Usu\u00e1rio<\/p>\n<p style=\"text-align: center;\">1 x carregador de bateria<\/p>\n<p style=\"text-align: center;\">2 x baterias<\/p>\n<p style=\"text-align: center;\">6 x brocas<\/p>\n<p style=\"text-align: center;\">10 x bocas<\/p>\n<p style=\"text-align: center;\">6 x pontas parafusadeira<\/p>\n<p style=\"text-align: center;\">1 x adaptador<\/p>\n<p style=\"text-align: center;\">1 x maleta transporte<\/p>\n<p><img fetchpriority=\"high\" decoding=\"async\" class=\"aligncenter wp-image-3299 size-full\" src=\"https:\/\/frm-pt.com\/wp-content\/uploads\/2024\/12\/Captura_de_ecra_2024-12-15_201200-removebg-preview.png\" alt=\"\" width=\"600\" height=\"416\" srcset=\"https:\/\/frm-pt.com\/wp-content\/uploads\/2024\/12\/Captura_de_ecra_2024-12-15_201200-removebg-preview.png 600w, https:\/\/frm-pt.com\/wp-content\/uploads\/2024\/12\/Captura_de_ecra_2024-12-15_201200-removebg-preview-300x208.png 300w\" sizes=\"(max-width: 600px) 100vw, 600px\" \/><img decoding=\"async\" class=\"aligncenter wp-image-3295\" src=\"https:\/\/frm-pt.com\/wp-content\/uploads\/2024\/12\/Captura-de-ecra-2024-12-16-220151-300x204.png\" alt=\"\" width=\"600\" height=\"407\" srcset=\"https:\/\/frm-pt.com\/wp-content\/uploads\/2024\/12\/Captura-de-ecra-2024-12-16-220151-300x204.png 300w, https:\/\/frm-pt.com\/wp-content\/uploads\/2024\/12\/Captura-de-ecra-2024-12-16-220151-768x521.png 768w, https:\/\/frm-pt.com\/wp-content\/uploads\/2024\/12\/Captura-de-ecra-2024-12-16-220151-600x407.png 600w, https:\/\/frm-pt.com\/wp-content\/uploads\/2024\/12\/Captura-de-ecra-2024-12-16-220151.png 872w\" sizes=\"(max-width: 600px) 100vw, 600px\" \/><img decoding=\"async\" class=\"aligncenter wp-image-3296\" src=\"https:\/\/frm-pt.com\/wp-content\/uploads\/2024\/12\/Captura-de-ecra-2024-12-16-220306-300x198.png\" alt=\"\" width=\"600\" height=\"395\" srcset=\"https:\/\/frm-pt.com\/wp-content\/uploads\/2024\/12\/Captura-de-ecra-2024-12-16-220306-300x198.png 300w, https:\/\/frm-pt.com\/wp-content\/uploads\/2024\/12\/Captura-de-ecra-2024-12-16-220306-600x395.png 600w, https:\/\/frm-pt.com\/wp-content\/uploads\/2024\/12\/Captura-de-ecra-2024-12-16-220306.png 701w\" sizes=\"(max-width: 600px) 100vw, 600px\" \/> <img loading=\"lazy\" decoding=\"async\" class=\"aligncenter wp-image-3297\" src=\"https:\/\/frm-pt.com\/wp-content\/uploads\/2024\/12\/Captura-de-ecra-2024-12-16-220349-300x197.png\" alt=\"\" width=\"600\" height=\"395\" srcset=\"https:\/\/frm-pt.com\/wp-content\/uploads\/2024\/12\/Captura-de-ecra-2024-12-16-220349-300x197.png 300w, https:\/\/frm-pt.com\/wp-content\/uploads\/2024\/12\/Captura-de-ecra-2024-12-16-220349-768x505.png 768w, https:\/\/frm-pt.com\/wp-content\/uploads\/2024\/12\/Captura-de-ecra-2024-12-16-220349-600x395.png 600w, https:\/\/frm-pt.com\/wp-content\/uploads\/2024\/12\/Captura-de-ecra-2024-12-16-220349.png 891w\" sizes=\"(max-width: 600px) 100vw, 600px\" \/> <img loading=\"lazy\" decoding=\"async\" class=\"aligncenter wp-image-3298\" src=\"https:\/\/frm-pt.com\/wp-content\/uploads\/2024\/12\/Captura-de-ecra-2024-12-16-220531-300x207.png\" alt=\"\" width=\"600\" height=\"414\" srcset=\"https:\/\/frm-pt.com\/wp-content\/uploads\/2024\/12\/Captura-de-ecra-2024-12-16-220531-300x207.png 300w, https:\/\/frm-pt.com\/wp-content\/uploads\/2024\/12\/Captura-de-ecra-2024-12-16-220531-600x414.png 600w, https:\/\/frm-pt.com\/wp-content\/uploads\/2024\/12\/Captura-de-ecra-2024-12-16-220531.png 698w\" sizes=\"(max-width: 600px) 100vw, 600px\" \/><img loading=\"lazy\" decoding=\"async\" class=\"aligncenter wp-image-3300\" src=\"https:\/\/frm-pt.com\/wp-content\/uploads\/2024\/12\/Captura_de_ecra_2024-12-15_201409-removebg-preview-300x285.png\" alt=\"\" width=\"600\" height=\"571\" srcset=\"https:\/\/frm-pt.com\/wp-content\/uploads\/2024\/12\/Captura_de_ecra_2024-12-15_201409-removebg-preview-300x285.png 300w, https:\/\/frm-pt.com\/wp-content\/uploads\/2024\/12\/Captura_de_ecra_2024-12-15_201409-removebg-preview.png 512w\" sizes=\"(max-width: 600px) 100vw, 600px\" \/><\/p>\n<p style=\"text-align: center;\">\u2b50\u2b50\u2b50\u2b50\u2b50(4.9)<\/p>\n<p style=\"text-align: center;\"><em>\u2705Fazemos envios \u00e1 cobran\u00e7a para todo Portugal Continental . com\u00a0 c\u00f3digo de rastreo online.\u00a0<\/em><\/p>\n<p style=\"text-align: center;\"><em>\u2705Voc\u00ea somente paga o valor descrito em nosso site, fique tranquilo, n\u00e3o haver\u00e1 cobran\u00e7as adicionais de taxas ou impostos.<\/em><\/p>\n<p style=\"text-align: center;\"><em>\u2705Prazo m\u00e9dio para entrega \u00e9 de 24h a 48h ap\u00f3s o seu pedido.<\/em><\/p>\n<p style=\"text-align: center;\"><em>\u2705Site protegido com os melhores certificados de seguran\u00e7a.<\/em><\/p>\n<p>&nbsp;<\/p>","protected":false},"excerpt":{"rendered":"<div class=\"woocommerce-product-details__short-description\">\n<p>\ud83d\ude9b\u00a0 Envios \u00e1 Cobran\u00e7a<\/p>\n<p>\ud83d\ude9b Entregas em 24h a 48h<\/p>\n<\/div>","protected":false},"featured_media":3301,"template":"","meta":{"nf_dc_page":"","site-sidebar-layout":"default","site-content-layout":"","ast-site-content-layout":"default","site-content-style":"default","site-sidebar-style":"default","ast-global-header-display":"","ast-banner-title-visibility":"","ast-main-header-display":"","ast-hfb-above-header-display":"","ast-hfb-below-header-display":"","ast-hfb-mobile-header-display":"","site-post-title":"","ast-breadcrumbs-content":"","ast-featured-img":"","footer-sml-layout":"","ast-disable-related-posts":"","theme-transparent-header-meta":"default","adv-header-id-meta":"","stick-header-meta":"","header-above-stick-meta":"","header-main-stick-meta":"","header-below-stick-meta":"","astra-migrate-meta-layouts":"set","ast-page-background-enabled":"default","ast-page-background-meta":{"desktop":{"background-color":"","background-image":"","background-repeat":"repeat","background-position":"center center","background-size":"auto","background-attachment":"scroll","background-type":"","background-media":"","overlay-type":"","overlay-color":"","overlay-opacity":"","overlay-gradient":""},"tablet":{"background-color":"","background-image":"","background-repeat":"repeat","background-position":"center center","background-size":"auto","background-attachment":"scroll","background-type":"","background-media":"","overlay-type":"","overlay-color":"","overlay-opacity":"","overlay-gradient":""},"mobile":{"background-color":"","background-image":"","background-repeat":"repeat","background-position":"center center","background-size":"auto","background-attachment":"scroll","background-type":"","background-media":"","overlay-type":"","overlay-color":"","overlay-opacity":"","overlay-gradient":""}},"ast-content-background-meta":{"desktop":{"background-color":"var(--ast-global-color-5)","background-image":"","background-repeat":"repeat","background-position":"center center","background-size":"auto","background-attachment":"scroll","background-type":"","background-media":"","overlay-type":"","overlay-color":"","overlay-opacity":"","overlay-gradient":""},"tablet":{"background-color":"var(--ast-global-color-5)","background-image":"","background-repeat":"repeat","background-position":"center center","background-size":"auto","background-attachment":"scroll","background-type":"","background-media":"","overlay-type":"","overlay-color":"","overlay-opacity":"","overlay-gradient":""},"mobile":{"background-color":"var(--ast-global-color-5)","background-image":"","background-repeat":"repeat","background-position":"center center","background-size":"auto","background-attachment":"scroll","background-type":"","background-media":"","overlay-type":"","overlay-color":"","overlay-opacity":"","overlay-gradient":""}}},"product_brand":[],"product_cat":[37,34],"product_tag":[],"class_list":{"0":"post-3294","1":"product","2":"type-product","3":"status-publish","4":"has-post-thumbnail","6":"product_cat-ferramentas","7":"product_cat-maquinas-de-baterias","8":"desktop-align-left","9":"tablet-align-left","10":"mobile-align-left","12":"first","13":"instock","14":"sale","15":"shipping-taxable","16":"purchasable","17":"product-type-simple"},"_links":{"self":[{"href":"https:\/\/frm-pt.com\/en\/wp-json\/wp\/v2\/product\/3294","targetHints":{"allow":["GET"]}}],"collection":[{"href":"https:\/\/frm-pt.com\/en\/wp-json\/wp\/v2\/product"}],"about":[{"href":"https:\/\/frm-pt.com\/en\/wp-json\/wp\/v2\/types\/product"}],"wp:featuredmedia":[{"embeddable":true,"href":"https:\/\/frm-pt.com\/en\/wp-json\/wp\/v2\/media\/3301"}],"wp:attachment":[{"href":"https:\/\/frm-pt.com\/en\/wp-json\/wp\/v2\/media?parent=3294"}],"wp:term":[{"taxonomy":"product_brand","embeddable":true,"href":"https:\/\/frm-pt.com\/en\/wp-json\/wp\/v2\/product_brand?post=3294"},{"taxonomy":"product_cat","embeddable":true,"href":"https:\/\/frm-pt.com\/en\/wp-json\/wp\/v2\/product_cat?post=3294"},{"taxonomy":"product_tag","embeddable":true,"href":"https:\/\/frm-pt.com\/en\/wp-json\/wp\/v2\/product_tag?post=3294"}],"curies":[{"name":"wp","href":"https:\/\/api.w.org\/{rel}","templated":true}]}}