{"id":3274,"date":"2024-12-15T20:53:51","date_gmt":"2024-12-15T20:53:51","guid":{"rendered":"https:\/\/frm-pt.com\/?post_type=product&#038;p=3274"},"modified":"2026-03-12T16:48:20","modified_gmt":"2026-03-12T16:48:20","slug":"gerador-inversor-de-gasolina-1800w","status":"publish","type":"product","link":"https:\/\/frm-pt.com\/en\/product\/gerador-inversor-de-gasolina-1800w\/","title":{"rendered":"Gerador inversor de Gasolina 1800W"},"content":{"rendered":"<h6 class=\"h5\" style=\"text-align: center;\">KraftMuller gerador inversor de gasolina 1800W<\/h6>\n<p class=\"h5\" style=\"text-align: center;\">Descubra o gerador de inversor port\u00e1til Kraft Muller KM1800W, uma solu\u00e7\u00e3o potente e vers\u00e1til para as suas necessidades energ\u00e9ticas. Com uma capacidade nominal de 1,5 KVA e m\u00e1xima de 2,0 KVA, este gerador de gasolina fornece energia est\u00e1vel a 220 V \/ 50 Hz. O design compacto de 505 x 360 x 440 mm e peso de 18 kg torna-o ideal para transporte e armazenamento. Equipado com um motor de dois tempos de 1,5 kW, oferece opera\u00e7\u00e3o eficiente com n\u00edveis de ru\u00eddo controlados entre 74 a 94 dB(A). O tanque de 2,5 litros permite at\u00e9 8 horas de opera\u00e7\u00e3o cont\u00ednua. Perfeito para uso dom\u00e9stico de encosto, atividades ao ar livre, pequenas obras ou campismo. A sua tecnologia inverter garante uma corrente est\u00e1vel, protegendo os seus dispositivos eletr\u00f3nicos sens\u00edveis. O design ergon\u00f3mico do tipo mala facilita o transporte, enquanto a sua constru\u00e7\u00e3o robusta em vermelho garante durabilidade em v\u00e1rias condi\u00e7\u00f5es de uso.<\/p>\n<p><img fetchpriority=\"high\" decoding=\"async\" class=\"aligncenter wp-image-3276\" src=\"https:\/\/frm-pt.com\/wp-content\/uploads\/2024\/12\/Captura-de-ecra-2024-12-11-231844-300x238.png\" alt=\"\" width=\"700\" height=\"556\" srcset=\"https:\/\/frm-pt.com\/wp-content\/uploads\/2024\/12\/Captura-de-ecra-2024-12-11-231844-300x238.png 300w, https:\/\/frm-pt.com\/wp-content\/uploads\/2024\/12\/Captura-de-ecra-2024-12-11-231844-768x610.png 768w, https:\/\/frm-pt.com\/wp-content\/uploads\/2024\/12\/Captura-de-ecra-2024-12-11-231844-600x477.png 600w, https:\/\/frm-pt.com\/wp-content\/uploads\/2024\/12\/Captura-de-ecra-2024-12-11-231844.png 978w\" sizes=\"(max-width: 700px) 100vw, 700px\" \/> <img decoding=\"async\" class=\"aligncenter wp-image-3277\" src=\"https:\/\/frm-pt.com\/wp-content\/uploads\/2024\/12\/Captura-de-ecra-2024-12-11-231958-1.png\" alt=\"\" width=\"700\" height=\"582\" srcset=\"https:\/\/frm-pt.com\/wp-content\/uploads\/2024\/12\/Captura-de-ecra-2024-12-11-231958-1.png 1000w, https:\/\/frm-pt.com\/wp-content\/uploads\/2024\/12\/Captura-de-ecra-2024-12-11-231958-1-300x249.png 300w, https:\/\/frm-pt.com\/wp-content\/uploads\/2024\/12\/Captura-de-ecra-2024-12-11-231958-1-768x638.png 768w, https:\/\/frm-pt.com\/wp-content\/uploads\/2024\/12\/Captura-de-ecra-2024-12-11-231958-1-600x499.png 600w\" sizes=\"(max-width: 700px) 100vw, 700px\" \/> <img decoding=\"async\" class=\"aligncenter wp-image-6531 size-full\" src=\"https:\/\/frm-pt.com\/wp-content\/uploads\/2024\/12\/Captura-de-ecra-2026-03-12-160654.png\" alt=\"\" width=\"678\" height=\"759\" srcset=\"https:\/\/frm-pt.com\/wp-content\/uploads\/2024\/12\/Captura-de-ecra-2026-03-12-160654.png 678w, https:\/\/frm-pt.com\/wp-content\/uploads\/2024\/12\/Captura-de-ecra-2026-03-12-160654-268x300.png 268w, https:\/\/frm-pt.com\/wp-content\/uploads\/2024\/12\/Captura-de-ecra-2026-03-12-160654-600x672.png 600w\" sizes=\"(max-width: 678px) 100vw, 678px\" \/> <img loading=\"lazy\" decoding=\"async\" class=\"aligncenter wp-image-6532 size-full\" src=\"https:\/\/frm-pt.com\/wp-content\/uploads\/2024\/12\/Captura-de-ecra-2026-03-12-163155.png\" alt=\"\" width=\"680\" height=\"715\" srcset=\"https:\/\/frm-pt.com\/wp-content\/uploads\/2024\/12\/Captura-de-ecra-2026-03-12-163155.png 680w, https:\/\/frm-pt.com\/wp-content\/uploads\/2024\/12\/Captura-de-ecra-2026-03-12-163155-285x300.png 285w, https:\/\/frm-pt.com\/wp-content\/uploads\/2024\/12\/Captura-de-ecra-2026-03-12-163155-600x631.png 600w\" sizes=\"(max-width: 680px) 100vw, 680px\" \/> <img loading=\"lazy\" decoding=\"async\" class=\"aligncenter wp-image-6533 size-full\" src=\"https:\/\/frm-pt.com\/wp-content\/uploads\/2024\/12\/Captura-de-ecra-2026-03-12-163343.png\" alt=\"\" width=\"911\" height=\"797\" srcset=\"https:\/\/frm-pt.com\/wp-content\/uploads\/2024\/12\/Captura-de-ecra-2026-03-12-163343.png 911w, https:\/\/frm-pt.com\/wp-content\/uploads\/2024\/12\/Captura-de-ecra-2026-03-12-163343-300x262.png 300w, https:\/\/frm-pt.com\/wp-content\/uploads\/2024\/12\/Captura-de-ecra-2026-03-12-163343-768x672.png 768w, https:\/\/frm-pt.com\/wp-content\/uploads\/2024\/12\/Captura-de-ecra-2026-03-12-163343-600x525.png 600w\" sizes=\"(max-width: 911px) 100vw, 911px\" \/><\/p>\n<p style=\"text-align: center;\">\u2b50\u2b50\u2b50\u2b50(4.9)<\/p>\n<p style=\"text-align: center;\"><em>\u2705Fazemos envios \u00e1 cobran\u00e7a para todo Portugal Continental . com\u00a0 c\u00f3digo de rastreo online.\u00a0<\/em><\/p>\n<p style=\"text-align: center;\"><em>\u2705Voc\u00ea somente paga o valor descrito em nosso site, fique tranquilo, n\u00e3o haver\u00e1 cobran\u00e7as adicionais de taxas ou impostos.<\/em><\/p>\n<p style=\"text-align: center;\"><em>\u2705Prazo m\u00e9dio para entrega \u00e9 de 24h a 48h ap\u00f3s o seu pedido.<\/em><\/p>\n<p style=\"text-align: center;\"><em>\u2705Site protegido com os melhores certificados de seguran\u00e7a.<\/em><\/p>","protected":false},"excerpt":{"rendered":"<div class=\"woocommerce-product-details__short-description\">\n<p>\ud83d\ude9b\u00a0 Envios \u00e1 Cobran\u00e7a<\/p>\n<p>\ud83d\ude9b Entregas em 24h a 48h<\/p>\n<\/div>","protected":false},"featured_media":6534,"template":"","meta":{"nf_dc_page":"","site-sidebar-layout":"default","site-content-layout":"","ast-site-content-layout":"default","site-content-style":"default","site-sidebar-style":"default","ast-global-header-display":"","ast-banner-title-visibility":"","ast-main-header-display":"","ast-hfb-above-header-display":"","ast-hfb-below-header-display":"","ast-hfb-mobile-header-display":"","site-post-title":"","ast-breadcrumbs-content":"","ast-featured-img":"","footer-sml-layout":"","ast-disable-related-posts":"","theme-transparent-header-meta":"default","adv-header-id-meta":"","stick-header-meta":"","header-above-stick-meta":"","header-main-stick-meta":"","header-below-stick-meta":"","astra-migrate-meta-layouts":"set","ast-page-background-enabled":"default","ast-page-background-meta":{"desktop":{"background-color":"","background-image":"","background-repeat":"repeat","background-position":"center center","background-size":"auto","background-attachment":"scroll","background-type":"","background-media":"","overlay-type":"","overlay-color":"","overlay-opacity":"","overlay-gradient":""},"tablet":{"background-color":"","background-image":"","background-repeat":"repeat","background-position":"center center","background-size":"auto","background-attachment":"scroll","background-type":"","background-media":"","overlay-type":"","overlay-color":"","overlay-opacity":"","overlay-gradient":""},"mobile":{"background-color":"","background-image":"","background-repeat":"repeat","background-position":"center center","background-size":"auto","background-attachment":"scroll","background-type":"","background-media":"","overlay-type":"","overlay-color":"","overlay-opacity":"","overlay-gradient":""}},"ast-content-background-meta":{"desktop":{"background-color":"var(--ast-global-color-5)","background-image":"","background-repeat":"repeat","background-position":"center center","background-size":"auto","background-attachment":"scroll","background-type":"","background-media":"","overlay-type":"","overlay-color":"","overlay-opacity":"","overlay-gradient":""},"tablet":{"background-color":"var(--ast-global-color-5)","background-image":"","background-repeat":"repeat","background-position":"center center","background-size":"auto","background-attachment":"scroll","background-type":"","background-media":"","overlay-type":"","overlay-color":"","overlay-opacity":"","overlay-gradient":""},"mobile":{"background-color":"var(--ast-global-color-5)","background-image":"","background-repeat":"repeat","background-position":"center center","background-size":"auto","background-attachment":"scroll","background-type":"","background-media":"","overlay-type":"","overlay-color":"","overlay-opacity":"","overlay-gradient":""}}},"product_brand":[],"product_cat":[46,18],"product_tag":[],"class_list":{"0":"post-3274","1":"product","2":"type-product","3":"status-publish","4":"has-post-thumbnail","6":"product_cat-gerador","7":"product_cat-uncategorized","8":"desktop-align-left","9":"tablet-align-left","10":"mobile-align-left","12":"first","13":"instock","14":"sale","15":"shipping-taxable","16":"purchasable","17":"product-type-simple"},"_links":{"self":[{"href":"https:\/\/frm-pt.com\/en\/wp-json\/wp\/v2\/product\/3274","targetHints":{"allow":["GET"]}}],"collection":[{"href":"https:\/\/frm-pt.com\/en\/wp-json\/wp\/v2\/product"}],"about":[{"href":"https:\/\/frm-pt.com\/en\/wp-json\/wp\/v2\/types\/product"}],"wp:featuredmedia":[{"embeddable":true,"href":"https:\/\/frm-pt.com\/en\/wp-json\/wp\/v2\/media\/6534"}],"wp:attachment":[{"href":"https:\/\/frm-pt.com\/en\/wp-json\/wp\/v2\/media?parent=3274"}],"wp:term":[{"taxonomy":"product_brand","embeddable":true,"href":"https:\/\/frm-pt.com\/en\/wp-json\/wp\/v2\/product_brand?post=3274"},{"taxonomy":"product_cat","embeddable":true,"href":"https:\/\/frm-pt.com\/en\/wp-json\/wp\/v2\/product_cat?post=3274"},{"taxonomy":"product_tag","embeddable":true,"href":"https:\/\/frm-pt.com\/en\/wp-json\/wp\/v2\/product_tag?post=3274"}],"curies":[{"name":"wp","href":"https:\/\/api.w.org\/{rel}","templated":true}]}}