{"id":3012,"date":"2024-11-17T21:10:47","date_gmt":"2024-11-17T21:10:47","guid":{"rendered":"https:\/\/frm-pt.com\/?post_type=product&#038;p=3012"},"modified":"2024-11-17T21:14:02","modified_gmt":"2024-11-17T21:14:02","slug":"rocadora-3-em1-a-gasolina-55cc","status":"publish","type":"product","link":"https:\/\/frm-pt.com\/en\/product\/rocadora-3-em1-a-gasolina-55cc\/","title":{"rendered":"Ro\u00e7adora 3 em 1 a Gasolina 55cc"},"content":{"rendered":"<h6 style=\"text-align: center;\">Ro\u00e7adora 3 em 1 a Gasolina 55cc<\/h6>\n<p>&nbsp;<\/p>\n<p style=\"text-align: center;\">Esta ro\u00e7adora port\u00e1til a gasolina \u00e9 a escolha perfeita para todas as tarefas leves e pesadas<br \/>\nPermite cortar silvas grandes, arbustos, ramos, urtigas, galhos maiores e o crescimento excessivo com mais efici\u00eancia, menos esfor\u00e7o e mais seguran\u00e7a.<br \/>\nPossui um motor de 2 tempos com arrefecimento a ar<br \/>\nPara maior seguran\u00e7a e conforto, tem uma al\u00e7a de transporte.<br \/>\nTenha o cuidado de operar sempre esta m\u00e1quina com o equipamento de prote\u00e7\u00e3o pessoal adequado.<br \/>\nMotor: Dois tempos, arrefecido a ar (modelo 1E40F-5A)<\/p>\n<p style=\"text-align: center;\">Cilindrada do Motor: 55cc<br \/>\nPot\u00eancia nominal de sa\u00edda: 1,6 kW \/ 7500 rpm<br \/>\nPot\u00eancia Cavalos M\u00e1ximo: 5.5HP<br \/>\nFonte de alimenta\u00e7\u00e3o: Mistura &#8211; \u00d3leo &#8211; Gasolina<br \/>\nPot\u00eancia: 3500 Watt<br \/>\nCapacidade do dep\u00f3sito do combust\u00edvel: 700 ml<br \/>\nRela\u00e7\u00e3o da mistura de gasolina\/petr\u00f3leo: 40:1<br \/>\nFerramenta de corte fornecida<br \/>\nFaca a\u00e7o 3 dentes<br \/>\nCabe\u00e7a nylon 2 fios fornecida: Sim<br \/>\nBobina de igni\u00e7\u00e3o: CDI<br \/>\nPeso l\u00edquido: 7,5 kg<br \/>\nEixo separ\u00e1vel<br \/>\nDi\u00e2metro da Cabe\u00e7a: 12 cm<br \/>\n&#8211; Disco de corte tridente (l\u00e2mina de 3 dentes)<br \/>\n&#8211; Cabe\u00e7a de corte de linha dupla<br \/>\n&#8211; Al\u00e7a de ombro ajust\u00e1vel<br \/>\n&#8211; Tanque de mistura \/ \u00f3leo de gasolina<br \/>\n&#8211; Conjunto de chaves<img fetchpriority=\"high\" decoding=\"async\" class=\"aligncenter wp-image-3015 size-large\" src=\"https:\/\/frm-pt.com\/wp-content\/uploads\/2024\/11\/photo_2024-11-17_21-04-34-1024x1012.jpg\" alt=\"\" width=\"1024\" height=\"1012\" srcset=\"https:\/\/frm-pt.com\/wp-content\/uploads\/2024\/11\/photo_2024-11-17_21-04-34-1024x1012.jpg 1024w, https:\/\/frm-pt.com\/wp-content\/uploads\/2024\/11\/photo_2024-11-17_21-04-34-300x296.jpg 300w, https:\/\/frm-pt.com\/wp-content\/uploads\/2024\/11\/photo_2024-11-17_21-04-34-768x759.jpg 768w, https:\/\/frm-pt.com\/wp-content\/uploads\/2024\/11\/photo_2024-11-17_21-04-34-600x593.jpg 600w, https:\/\/frm-pt.com\/wp-content\/uploads\/2024\/11\/photo_2024-11-17_21-04-34-100x100.jpg 100w, https:\/\/frm-pt.com\/wp-content\/uploads\/2024\/11\/photo_2024-11-17_21-04-34.jpg 1080w\" sizes=\"(max-width: 1024px) 100vw, 1024px\" \/> <img decoding=\"async\" class=\"aligncenter wp-image-3016 size-large\" src=\"https:\/\/frm-pt.com\/wp-content\/uploads\/2024\/11\/photo_2024-11-17_21-04-29-1024x993.jpg\" alt=\"\" width=\"1024\" height=\"993\" srcset=\"https:\/\/frm-pt.com\/wp-content\/uploads\/2024\/11\/photo_2024-11-17_21-04-29-1024x993.jpg 1024w, https:\/\/frm-pt.com\/wp-content\/uploads\/2024\/11\/photo_2024-11-17_21-04-29-300x291.jpg 300w, https:\/\/frm-pt.com\/wp-content\/uploads\/2024\/11\/photo_2024-11-17_21-04-29-768x745.jpg 768w, https:\/\/frm-pt.com\/wp-content\/uploads\/2024\/11\/photo_2024-11-17_21-04-29-600x582.jpg 600w, https:\/\/frm-pt.com\/wp-content\/uploads\/2024\/11\/photo_2024-11-17_21-04-29.jpg 1080w\" sizes=\"(max-width: 1024px) 100vw, 1024px\" \/> <img decoding=\"async\" class=\"aligncenter wp-image-3017 size-large\" src=\"https:\/\/frm-pt.com\/wp-content\/uploads\/2024\/11\/photo_2024-11-17_21-04-25-1024x1001.jpg\" alt=\"\" width=\"1024\" height=\"1001\" srcset=\"https:\/\/frm-pt.com\/wp-content\/uploads\/2024\/11\/photo_2024-11-17_21-04-25-1024x1001.jpg 1024w, https:\/\/frm-pt.com\/wp-content\/uploads\/2024\/11\/photo_2024-11-17_21-04-25-300x293.jpg 300w, https:\/\/frm-pt.com\/wp-content\/uploads\/2024\/11\/photo_2024-11-17_21-04-25-768x751.jpg 768w, https:\/\/frm-pt.com\/wp-content\/uploads\/2024\/11\/photo_2024-11-17_21-04-25-600x587.jpg 600w, https:\/\/frm-pt.com\/wp-content\/uploads\/2024\/11\/photo_2024-11-17_21-04-25.jpg 1080w\" sizes=\"(max-width: 1024px) 100vw, 1024px\" \/> <img loading=\"lazy\" decoding=\"async\" class=\"aligncenter wp-image-3018 size-large\" src=\"https:\/\/frm-pt.com\/wp-content\/uploads\/2024\/11\/photo_2024-11-17_21-04-21-1-1024x1008.jpg\" alt=\"\" width=\"1024\" height=\"1008\" srcset=\"https:\/\/frm-pt.com\/wp-content\/uploads\/2024\/11\/photo_2024-11-17_21-04-21-1-1024x1008.jpg 1024w, https:\/\/frm-pt.com\/wp-content\/uploads\/2024\/11\/photo_2024-11-17_21-04-21-1-300x295.jpg 300w, https:\/\/frm-pt.com\/wp-content\/uploads\/2024\/11\/photo_2024-11-17_21-04-21-1-768x756.jpg 768w, https:\/\/frm-pt.com\/wp-content\/uploads\/2024\/11\/photo_2024-11-17_21-04-21-1-600x591.jpg 600w, https:\/\/frm-pt.com\/wp-content\/uploads\/2024\/11\/photo_2024-11-17_21-04-21-1.jpg 1080w\" sizes=\"(max-width: 1024px) 100vw, 1024px\" \/><\/p>\n<div dir=\"auto\" style=\"text-align: center;\">\u2b50\u2b50\u2b50\u2b50\u2b50(5.9)<\/div>\n<div dir=\"auto\" style=\"text-align: center;\"><\/div>\n<div dir=\"auto\">\n<p style=\"text-align: center;\"><em>\u2705Fazemos envios \u00e1 cobran\u00e7a para todo Portugal Continental . com\u00a0 c\u00f3digo de rastreo online.\u00a0<\/em><\/p>\n<p style=\"text-align: center;\"><em>\u2705Voc\u00ea somente paga o valor descrito em nosso site, fique tranquilo, n\u00e3o haver\u00e1 cobran\u00e7as adicionais de taxas ou impostos.<\/em><\/p>\n<p style=\"text-align: center;\"><em>\u2705Prazo m\u00e9dio para entrega \u00e9 de 24h a 48h ap\u00f3s o seu pedido.<\/em><\/p>\n<p style=\"text-align: center;\"><em>\u2705Site protegido com os melhores certificados de seguran\u00e7a.<\/em><\/p>\n<\/div>","protected":false},"excerpt":{"rendered":"<div class=\"woocommerce-product-details__short-description\">\n<p>\ud83d\ude9b\u00a0 Envios \u00e1 Cobran\u00e7a<\/p>\n<p>\ud83d\ude9b Entregas em 24h a 48h<\/p>\n<\/div>","protected":false},"featured_media":3014,"template":"","meta":{"nf_dc_page":"","site-sidebar-layout":"default","site-content-layout":"","ast-site-content-layout":"default","site-content-style":"default","site-sidebar-style":"default","ast-global-header-display":"","ast-banner-title-visibility":"","ast-main-header-display":"","ast-hfb-above-header-display":"","ast-hfb-below-header-display":"","ast-hfb-mobile-header-display":"","site-post-title":"","ast-breadcrumbs-content":"","ast-featured-img":"","footer-sml-layout":"","ast-disable-related-posts":"","theme-transparent-header-meta":"default","adv-header-id-meta":"","stick-header-meta":"","header-above-stick-meta":"","header-main-stick-meta":"","header-below-stick-meta":"","astra-migrate-meta-layouts":"set","ast-page-background-enabled":"default","ast-page-background-meta":{"desktop":{"background-color":"","background-image":"","background-repeat":"repeat","background-position":"center center","background-size":"auto","background-attachment":"scroll","background-type":"","background-media":"","overlay-type":"","overlay-color":"","overlay-opacity":"","overlay-gradient":""},"tablet":{"background-color":"","background-image":"","background-repeat":"repeat","background-position":"center center","background-size":"auto","background-attachment":"scroll","background-type":"","background-media":"","overlay-type":"","overlay-color":"","overlay-opacity":"","overlay-gradient":""},"mobile":{"background-color":"","background-image":"","background-repeat":"repeat","background-position":"center center","background-size":"auto","background-attachment":"scroll","background-type":"","background-media":"","overlay-type":"","overlay-color":"","overlay-opacity":"","overlay-gradient":""}},"ast-content-background-meta":{"desktop":{"background-color":"var(--ast-global-color-5)","background-image":"","background-repeat":"repeat","background-position":"center center","background-size":"auto","background-attachment":"scroll","background-type":"","background-media":"","overlay-type":"","overlay-color":"","overlay-opacity":"","overlay-gradient":""},"tablet":{"background-color":"var(--ast-global-color-5)","background-image":"","background-repeat":"repeat","background-position":"center center","background-size":"auto","background-attachment":"scroll","background-type":"","background-media":"","overlay-type":"","overlay-color":"","overlay-opacity":"","overlay-gradient":""},"mobile":{"background-color":"var(--ast-global-color-5)","background-image":"","background-repeat":"repeat","background-position":"center center","background-size":"auto","background-attachment":"scroll","background-type":"","background-media":"","overlay-type":"","overlay-color":"","overlay-opacity":"","overlay-gradient":""}}},"product_brand":[],"product_cat":[29],"product_tag":[],"class_list":{"0":"post-3012","1":"product","2":"type-product","3":"status-publish","4":"has-post-thumbnail","6":"product_cat-maquinas-de-jardim","7":"desktop-align-left","8":"tablet-align-left","9":"mobile-align-left","11":"first","12":"instock","13":"sale","14":"shipping-taxable","15":"purchasable","16":"product-type-simple"},"_links":{"self":[{"href":"https:\/\/frm-pt.com\/en\/wp-json\/wp\/v2\/product\/3012","targetHints":{"allow":["GET"]}}],"collection":[{"href":"https:\/\/frm-pt.com\/en\/wp-json\/wp\/v2\/product"}],"about":[{"href":"https:\/\/frm-pt.com\/en\/wp-json\/wp\/v2\/types\/product"}],"wp:featuredmedia":[{"embeddable":true,"href":"https:\/\/frm-pt.com\/en\/wp-json\/wp\/v2\/media\/3014"}],"wp:attachment":[{"href":"https:\/\/frm-pt.com\/en\/wp-json\/wp\/v2\/media?parent=3012"}],"wp:term":[{"taxonomy":"product_brand","embeddable":true,"href":"https:\/\/frm-pt.com\/en\/wp-json\/wp\/v2\/product_brand?post=3012"},{"taxonomy":"product_cat","embeddable":true,"href":"https:\/\/frm-pt.com\/en\/wp-json\/wp\/v2\/product_cat?post=3012"},{"taxonomy":"product_tag","embeddable":true,"href":"https:\/\/frm-pt.com\/en\/wp-json\/wp\/v2\/product_tag?post=3012"}],"curies":[{"name":"wp","href":"https:\/\/api.w.org\/{rel}","templated":true}]}}