{"id":3002,"date":"2024-11-17T20:02:04","date_gmt":"2024-11-17T20:02:04","guid":{"rendered":"https:\/\/frm-pt.com\/?post_type=product&#038;p=3002"},"modified":"2024-11-17T20:05:12","modified_gmt":"2024-11-17T20:05:12","slug":"motosserra-a-gasolina-58cc","status":"publish","type":"product","link":"https:\/\/frm-pt.com\/en\/product\/motosserra-a-gasolina-58cc\/","title":{"rendered":"Motosserra a Gasolina 58cc"},"content":{"rendered":"<h6 class=\"productView-title\" style=\"text-align: center;\">Motosserra a Gasolina 58cc<\/h6>\n<p>&nbsp;<\/p>\n<p style=\"text-align: center;\"><b>Motosserra Gasolina <\/b>com motor 2-Time 58 cc e 3.1 cv pot\u00eancia, fornece desempenho perfeito para uso profissional na agricultura e cuidados florestais. <strong>Comprimento da espada 20&#8243; (50Cm)<\/strong>.<\/p>\n<p style=\"text-align: center;\">Tem um sistema de inicializa\u00e7\u00e3o f\u00e1cil com puxador que pode ser definido em movimento para evitar puxadores de corda fortes;\u00a0<strong>bloco silencioso e sistema de inje\u00e7\u00e3o de gordura autom\u00e1tico.<\/strong><\/p>\n<p style=\"text-align: center;\">E freios autom\u00e1ticos para melhorar a seguran\u00e7a.\u00a0<strong>Grande tensionador de cadeia lateral confort\u00e1vel para ajustar sem a necessidade de ferramentas.<\/strong><\/p>\n<p style=\"text-align: center;\">Misture com gasolina sem chumbo 95 octane com \u00f3leo 2 Tempo 4%. Com bomba ajust\u00e1vel de alta qualidade<strong>\u00a0filtro de ar de cartucho profissional ajuda a melhorar a combust\u00e3o e confiabilidade.<\/strong><\/p>\n<table id=\"productDetailFeaturesList\" class=\"table table-striped mb0\" style=\"font-size: 16px; font-style: normal;\">\n<thead>\n<tr>\n<td style=\"text-align: center;\"><\/td>\n<td style=\"text-align: center;\"><\/td>\n<\/tr>\n<\/thead>\n<tbody>\n<tr id=\"productDetailFeatureItem\">\n<td><span id=\"featureKey\">Motor:<\/span><\/td>\n<td><span id=\"featureValue\">2T &#8211; Gasolina Mix 4%<\/span><\/td>\n<\/tr>\n<tr id=\"productDetailFeatureItem\">\n<td><span id=\"featureKey\">Cilindrada:<\/span><\/td>\n<td><span id=\"featureValue\">58cc<\/span><\/td>\n<\/tr>\n<tr id=\"productDetailFeatureItem\">\n<td><span id=\"featureKey\">Pot\u00eancia:<\/span><\/td>\n<td><span id=\"featureValue\">3.1kW<\/span><\/td>\n<\/tr>\n<tr id=\"productDetailFeatureItem\">\n<td><span id=\"featureKey\">RPM:<\/span><\/td>\n<td><span id=\"featureValue\">12 000<\/span><\/td>\n<\/tr>\n<tr id=\"productDetailFeatureItem\">\n<td><span id=\"featureKey\">Especifica\u00e7\u00f5es:<\/span><\/td>\n<td><span id=\"featureValue\">Abertura do Ar ao Carburador<br \/>\nAUTOM\u00c1TICA<\/span><\/td>\n<\/tr>\n<tr id=\"productDetailFeatureItem\">\n<td><span id=\"featureKey\">Refrigerado a Ar:<\/span><\/td>\n<td><span id=\"featureValue\">Sim<\/span><\/td>\n<\/tr>\n<tr id=\"productDetailFeatureItem\">\n<td><span id=\"featureKey\">Filtro Ar:<\/span><\/td>\n<td><span id=\"featureValue\">Revestido a Felpo (Pel\u00edcula)<\/span><\/td>\n<\/tr>\n<tr id=\"productDetailFeatureItem\">\n<td><span id=\"featureKey\">Dep\u00f3sito Combust\u00edvel:<\/span><\/td>\n<td><span id=\"featureValue\">550mL<\/span><\/td>\n<\/tr>\n<tr id=\"productDetailFeatureItem\">\n<td><span id=\"featureKey\">Recomendado:<\/span><\/td>\n<td><span id=\"featureValue\">Mix 4% &#8211; Ref. 25208<\/span><\/td>\n<\/tr>\n<tr id=\"productDetailFeatureItem\">\n<td><span id=\"featureKey\">L\u00e2mina:<\/span><\/td>\n<td><span id=\"featureValue\">20&#8243; (500mm)<\/span><\/td>\n<\/tr>\n<tr id=\"productDetailFeatureItem\">\n<td><span id=\"featureKey\">Corrente:<\/span><\/td>\n<td><span id=\"featureValue\">0.325&#8243; &#8211; 76 Elos &#8211; 0.058&#8243; (1.5mm)<\/span><\/td>\n<\/tr>\n<tr id=\"productDetailFeatureItem\">\n<td><span id=\"featureKey\">Dep\u00f3sito \u00d3leo:<\/span><\/td>\n<td><span id=\"featureValue\">260mL<\/span><\/td>\n<\/tr>\n<tr id=\"productDetailFeatureItem\">\n<td><span id=\"featureKey\">Recomendado:<\/span><\/td>\n<td><span id=\"featureValue\">\u00d3leo \u00bb Corrente: ref. 25204<\/span><\/td>\n<\/tr>\n<tr id=\"productDetailFeatureItem\">\n<td><span id=\"featureKey\">Ruido:<\/span><\/td>\n<td><span id=\"featureValue\">113 dB<\/span><\/td>\n<\/tr>\n<tr id=\"productDetailFeatureItem\">\n<td><span id=\"featureKey\">Embalagem:<\/span><\/td>\n<td style=\"text-align: center;\"><span id=\"featureValue\">Caixa Colorida<\/span><\/td>\n<\/tr>\n<\/tbody>\n<\/table>\n<p style=\"text-align: center;\"><img fetchpriority=\"high\" decoding=\"async\" class=\"alignnone wp-image-3004 size-full\" src=\"https:\/\/frm-pt.com\/wp-content\/uploads\/2024\/11\/photo_2024-11-17_19-21-44.jpg\" alt=\"\" width=\"1280\" height=\"960\" srcset=\"https:\/\/frm-pt.com\/wp-content\/uploads\/2024\/11\/photo_2024-11-17_19-21-44.jpg 1280w, https:\/\/frm-pt.com\/wp-content\/uploads\/2024\/11\/photo_2024-11-17_19-21-44-300x225.jpg 300w, https:\/\/frm-pt.com\/wp-content\/uploads\/2024\/11\/photo_2024-11-17_19-21-44-1024x768.jpg 1024w, https:\/\/frm-pt.com\/wp-content\/uploads\/2024\/11\/photo_2024-11-17_19-21-44-768x576.jpg 768w, https:\/\/frm-pt.com\/wp-content\/uploads\/2024\/11\/photo_2024-11-17_19-21-44-600x450.jpg 600w\" sizes=\"(max-width: 1280px) 100vw, 1280px\" \/> <img decoding=\"async\" class=\"aligncenter wp-image-3005 size-full\" src=\"https:\/\/frm-pt.com\/wp-content\/uploads\/2024\/11\/photo_2024-11-17_19-22-24.jpg\" alt=\"\" width=\"960\" height=\"1280\" srcset=\"https:\/\/frm-pt.com\/wp-content\/uploads\/2024\/11\/photo_2024-11-17_19-22-24.jpg 960w, https:\/\/frm-pt.com\/wp-content\/uploads\/2024\/11\/photo_2024-11-17_19-22-24-225x300.jpg 225w, https:\/\/frm-pt.com\/wp-content\/uploads\/2024\/11\/photo_2024-11-17_19-22-24-768x1024.jpg 768w, https:\/\/frm-pt.com\/wp-content\/uploads\/2024\/11\/photo_2024-11-17_19-22-24-600x800.jpg 600w\" sizes=\"(max-width: 960px) 100vw, 960px\" \/> <img decoding=\"async\" class=\"aligncenter wp-image-3006 size-full\" src=\"https:\/\/frm-pt.com\/wp-content\/uploads\/2024\/11\/photo_2024-11-17_19-22-28.jpg\" alt=\"\" width=\"1280\" height=\"960\" srcset=\"https:\/\/frm-pt.com\/wp-content\/uploads\/2024\/11\/photo_2024-11-17_19-22-28.jpg 1280w, https:\/\/frm-pt.com\/wp-content\/uploads\/2024\/11\/photo_2024-11-17_19-22-28-300x225.jpg 300w, https:\/\/frm-pt.com\/wp-content\/uploads\/2024\/11\/photo_2024-11-17_19-22-28-1024x768.jpg 1024w, https:\/\/frm-pt.com\/wp-content\/uploads\/2024\/11\/photo_2024-11-17_19-22-28-768x576.jpg 768w, https:\/\/frm-pt.com\/wp-content\/uploads\/2024\/11\/photo_2024-11-17_19-22-28-600x450.jpg 600w\" sizes=\"(max-width: 1280px) 100vw, 1280px\" \/> <img loading=\"lazy\" decoding=\"async\" class=\"alignnone wp-image-3007 size-full\" src=\"https:\/\/frm-pt.com\/wp-content\/uploads\/2024\/11\/photo_2024-11-17_19-22-35.jpg\" alt=\"\" width=\"960\" height=\"1280\" srcset=\"https:\/\/frm-pt.com\/wp-content\/uploads\/2024\/11\/photo_2024-11-17_19-22-35.jpg 960w, https:\/\/frm-pt.com\/wp-content\/uploads\/2024\/11\/photo_2024-11-17_19-22-35-225x300.jpg 225w, https:\/\/frm-pt.com\/wp-content\/uploads\/2024\/11\/photo_2024-11-17_19-22-35-768x1024.jpg 768w, https:\/\/frm-pt.com\/wp-content\/uploads\/2024\/11\/photo_2024-11-17_19-22-35-600x800.jpg 600w\" sizes=\"(max-width: 960px) 100vw, 960px\" \/> <img loading=\"lazy\" decoding=\"async\" class=\"aligncenter wp-image-3008 size-full\" src=\"https:\/\/frm-pt.com\/wp-content\/uploads\/2024\/11\/photo_2024-11-17_19-22-47.jpg\" alt=\"\" width=\"1280\" height=\"960\" srcset=\"https:\/\/frm-pt.com\/wp-content\/uploads\/2024\/11\/photo_2024-11-17_19-22-47.jpg 1280w, https:\/\/frm-pt.com\/wp-content\/uploads\/2024\/11\/photo_2024-11-17_19-22-47-300x225.jpg 300w, https:\/\/frm-pt.com\/wp-content\/uploads\/2024\/11\/photo_2024-11-17_19-22-47-1024x768.jpg 1024w, https:\/\/frm-pt.com\/wp-content\/uploads\/2024\/11\/photo_2024-11-17_19-22-47-768x576.jpg 768w, https:\/\/frm-pt.com\/wp-content\/uploads\/2024\/11\/photo_2024-11-17_19-22-47-600x450.jpg 600w\" sizes=\"(max-width: 1280px) 100vw, 1280px\" \/><img loading=\"lazy\" decoding=\"async\" class=\"aligncenter wp-image-3003 size-full\" src=\"https:\/\/frm-pt.com\/wp-content\/uploads\/2024\/11\/photo_2024-11-17_19-22-12.jpg\" alt=\"\" width=\"1280\" height=\"960\" srcset=\"https:\/\/frm-pt.com\/wp-content\/uploads\/2024\/11\/photo_2024-11-17_19-22-12.jpg 1280w, https:\/\/frm-pt.com\/wp-content\/uploads\/2024\/11\/photo_2024-11-17_19-22-12-300x225.jpg 300w, https:\/\/frm-pt.com\/wp-content\/uploads\/2024\/11\/photo_2024-11-17_19-22-12-1024x768.jpg 1024w, https:\/\/frm-pt.com\/wp-content\/uploads\/2024\/11\/photo_2024-11-17_19-22-12-768x576.jpg 768w, https:\/\/frm-pt.com\/wp-content\/uploads\/2024\/11\/photo_2024-11-17_19-22-12-600x450.jpg 600w\" sizes=\"(max-width: 1280px) 100vw, 1280px\" \/><\/p>\n<p style=\"text-align: center;\">\u2b50\u2b50\u2b50\u2b50\u2b50(5.9)<\/p>\n<p style=\"text-align: center;\"><em>\u2705Fazemos envios \u00e1 cobran\u00e7a para todo Portugal Continental . com\u00a0 c\u00f3digo de rastreo online.\u00a0<\/em><\/p>\n<p style=\"text-align: center;\"><em>\u2705Voc\u00ea somente paga o valor descrito em nosso site, fique tranquilo, n\u00e3o haver\u00e1 cobran\u00e7as adicionais de taxas ou impostos.<\/em><\/p>\n<p style=\"text-align: center;\"><em>\u2705Prazo m\u00e9dio para entrega \u00e9 de 24h a 48h ap\u00f3s o seu pedido.<\/em><\/p>\n<p style=\"text-align: center;\"><em>\u2705Site protegido com os melhores certificados de seguran\u00e7a.<\/em><\/p>","protected":false},"excerpt":{"rendered":"<p>\ud83d\ude9b\u00a0 Envios \u00e1 Cobran\u00e7a<\/p>\n<p>\ud83d\ude9b Entregas em 24h a 48h<\/p>","protected":false},"featured_media":3003,"template":"","meta":{"nf_dc_page":"","site-sidebar-layout":"default","site-content-layout":"","ast-site-content-layout":"default","site-content-style":"default","site-sidebar-style":"default","ast-global-header-display":"","ast-banner-title-visibility":"","ast-main-header-display":"","ast-hfb-above-header-display":"","ast-hfb-below-header-display":"","ast-hfb-mobile-header-display":"","site-post-title":"","ast-breadcrumbs-content":"","ast-featured-img":"","footer-sml-layout":"","ast-disable-related-posts":"","theme-transparent-header-meta":"default","adv-header-id-meta":"","stick-header-meta":"","header-above-stick-meta":"","header-main-stick-meta":"","header-below-stick-meta":"","astra-migrate-meta-layouts":"set","ast-page-background-enabled":"default","ast-page-background-meta":{"desktop":{"background-color":"","background-image":"","background-repeat":"repeat","background-position":"center center","background-size":"auto","background-attachment":"scroll","background-type":"","background-media":"","overlay-type":"","overlay-color":"","overlay-opacity":"","overlay-gradient":""},"tablet":{"background-color":"","background-image":"","background-repeat":"repeat","background-position":"center center","background-size":"auto","background-attachment":"scroll","background-type":"","background-media":"","overlay-type":"","overlay-color":"","overlay-opacity":"","overlay-gradient":""},"mobile":{"background-color":"","background-image":"","background-repeat":"repeat","background-position":"center center","background-size":"auto","background-attachment":"scroll","background-type":"","background-media":"","overlay-type":"","overlay-color":"","overlay-opacity":"","overlay-gradient":""}},"ast-content-background-meta":{"desktop":{"background-color":"var(--ast-global-color-5)","background-image":"","background-repeat":"repeat","background-position":"center center","background-size":"auto","background-attachment":"scroll","background-type":"","background-media":"","overlay-type":"","overlay-color":"","overlay-opacity":"","overlay-gradient":""},"tablet":{"background-color":"var(--ast-global-color-5)","background-image":"","background-repeat":"repeat","background-position":"center center","background-size":"auto","background-attachment":"scroll","background-type":"","background-media":"","overlay-type":"","overlay-color":"","overlay-opacity":"","overlay-gradient":""},"mobile":{"background-color":"var(--ast-global-color-5)","background-image":"","background-repeat":"repeat","background-position":"center center","background-size":"auto","background-attachment":"scroll","background-type":"","background-media":"","overlay-type":"","overlay-color":"","overlay-opacity":"","overlay-gradient":""}}},"product_brand":[],"product_cat":[29],"product_tag":[],"class_list":{"0":"post-3002","1":"product","2":"type-product","3":"status-publish","4":"has-post-thumbnail","6":"product_cat-maquinas-de-jardim","7":"desktop-align-left","8":"tablet-align-left","9":"mobile-align-left","11":"first","12":"instock","13":"sale","14":"shipping-taxable","15":"purchasable","16":"product-type-simple"},"_links":{"self":[{"href":"https:\/\/frm-pt.com\/en\/wp-json\/wp\/v2\/product\/3002","targetHints":{"allow":["GET"]}}],"collection":[{"href":"https:\/\/frm-pt.com\/en\/wp-json\/wp\/v2\/product"}],"about":[{"href":"https:\/\/frm-pt.com\/en\/wp-json\/wp\/v2\/types\/product"}],"wp:featuredmedia":[{"embeddable":true,"href":"https:\/\/frm-pt.com\/en\/wp-json\/wp\/v2\/media\/3003"}],"wp:attachment":[{"href":"https:\/\/frm-pt.com\/en\/wp-json\/wp\/v2\/media?parent=3002"}],"wp:term":[{"taxonomy":"product_brand","embeddable":true,"href":"https:\/\/frm-pt.com\/en\/wp-json\/wp\/v2\/product_brand?post=3002"},{"taxonomy":"product_cat","embeddable":true,"href":"https:\/\/frm-pt.com\/en\/wp-json\/wp\/v2\/product_cat?post=3002"},{"taxonomy":"product_tag","embeddable":true,"href":"https:\/\/frm-pt.com\/en\/wp-json\/wp\/v2\/product_tag?post=3002"}],"curies":[{"name":"wp","href":"https:\/\/api.w.org\/{rel}","templated":true}]}}