{"id":2833,"date":"2024-11-04T22:58:03","date_gmt":"2024-11-04T22:58:03","guid":{"rendered":"https:\/\/frm-pt.com\/?post_type=product&#038;p=2833"},"modified":"2024-11-04T22:58:56","modified_gmt":"2024-11-04T22:58:56","slug":"martelo-de-demolicao-1600w","status":"publish","type":"product","link":"https:\/\/frm-pt.com\/en\/product\/martelo-de-demolicao-1600w\/","title":{"rendered":"Martelo de Demoli\u00e7\u00e3o  1600W"},"content":{"rendered":"<h6 class=\"h2\" style=\"text-align: center;\">Descripci\u00f3n:<\/h6>\n<p style=\"text-align: center;\">Com uma for\u00e7a de impacto \u00fanica de 43 joules, o elevado desempenho de demoli\u00e7\u00e3o \u00e9 garantido em casa e no jardim.<\/p>\n<p style=\"text-align: center;\">O porta-ferramentas SDS-Hex permite uma troca r\u00e1pida e f\u00e1cil de ferramentas.<\/p>\n<p style=\"text-align: center;\">A pega adicional do TC-DH 43 foi concebida para que possa ser ajustada a 180 graus e o martelo de demoli\u00e7\u00e3o possa ser flexivelmente adaptado a qualquer posi\u00e7\u00e3o de trabalho. O robusto cabo de borracha de tr\u00eas metros de comprimento permite a m\u00e1xima mobilidade.<\/p>\n<p style=\"text-align: center;\">O martelo de demoli\u00e7\u00e3o foi concebido com uma constru\u00e7\u00e3o forte e dur\u00e1vel e, portanto, tamb\u00e9m para exigir um funcionamento cont\u00ednuo. O martelo de demoli\u00e7\u00e3o est\u00e1 imediatamente pronto a ser utilizado gra\u00e7as ao cinzel pontiagudo e plano inclu\u00eddo. \u00c9 entregue numa mala pr\u00e1tica de transporte e armazenamento.<\/p>\n<p style=\"text-align: center;\"><strong>CARACTER\u00cdSTICAS<\/strong><\/p>\n<p style=\"text-align: center;\">Aumento da capacidade de demoli\u00e7\u00e3o gra\u00e7as a 43 J de pot\u00eancia de impacto<\/p>\n<p style=\"text-align: center;\">Porta-ferramentas SDS-hex robustos para mudan\u00e7as r\u00e1pidas de ferramentas<\/p>\n<p style=\"text-align: center;\">Pega adicional ajust\u00e1vel de 180\u00b0 para opera\u00e7\u00e3o flex\u00edvel<\/p>\n<p style=\"text-align: center;\">Constru\u00e7\u00e3o robusta e dur\u00e1vel para um poderoso funcionamento cont\u00ednuo<\/p>\n<p style=\"text-align: center;\">Cabo robusto de borracha de 3\u00a0m de comprimento para uma mobilidade m\u00e1xima<\/p>\n<p style=\"text-align: center;\">Pronto a usar imediatamente gra\u00e7as ao cinzel pontiagudo e plano inclu\u00eddo<\/p>\n<p style=\"text-align: center;\">Fornecido numa mala pr\u00e1tica de transporte e armazenamento<\/p>\n<p style=\"text-align: center;\"><b>ESPECIFICA\u00c7\u00d5ES<\/b><\/p>\n<p style=\"text-align: center;\"><b>Alimenta\u00e7\u00e3o principal:\u00a0<\/b>230V<\/p>\n<p style=\"text-align: center;\"><b>Pot\u00eancia:\u00a0<\/b>1600W<\/p>\n<p style=\"text-align: center;\"><b>Taxa de impacto:\u00a0<\/b>1800 min^-1<\/p>\n<p style=\"text-align: center;\"><b>Poder de impacto:\u00a0<\/b>43J<\/p>\n<p style=\"text-align: center;\"><b>Comprimento do cabo:\u00a0<\/b>3 m<\/p>\n<p style=\"text-align: center;\"><b>Porta-ferramentas:\u00a0<\/b>SDS-HEX 30\u00a0mm<\/p>\n<p style=\"text-align: center;\"><b>Peso do produto:\u00a0<\/b>14,6 kg<\/p>\n<p style=\"text-align: center;\"><b>INCLUI<\/b><\/p>\n<p style=\"text-align: center;\">Martelo<\/p>\n<p style=\"text-align: center;\">Talhadeira plana<\/p>\n<p style=\"text-align: center;\">Cinzel pontiagudo<\/p>\n<p style=\"text-align: center;\">Maleta<\/p>\n<p><img fetchpriority=\"high\" decoding=\"async\" class=\"aligncenter wp-image-2834 size-full\" src=\"https:\/\/frm-pt.com\/wp-content\/uploads\/2024\/11\/Captura-de-ecra-2024-11-04-215649.png\" alt=\"\" width=\"837\" height=\"810\" srcset=\"https:\/\/frm-pt.com\/wp-content\/uploads\/2024\/11\/Captura-de-ecra-2024-11-04-215649.png 837w, https:\/\/frm-pt.com\/wp-content\/uploads\/2024\/11\/Captura-de-ecra-2024-11-04-215649-300x290.png 300w, https:\/\/frm-pt.com\/wp-content\/uploads\/2024\/11\/Captura-de-ecra-2024-11-04-215649-768x743.png 768w, https:\/\/frm-pt.com\/wp-content\/uploads\/2024\/11\/Captura-de-ecra-2024-11-04-215649-600x581.png 600w\" sizes=\"(max-width: 837px) 100vw, 837px\" \/><img decoding=\"async\" class=\"aligncenter wp-image-2835 size-large\" src=\"https:\/\/frm-pt.com\/wp-content\/uploads\/2024\/11\/Captura-de-ecra-2024-11-04-222115-1024x759.png\" alt=\"\" width=\"1024\" height=\"759\" srcset=\"https:\/\/frm-pt.com\/wp-content\/uploads\/2024\/11\/Captura-de-ecra-2024-11-04-222115-1024x759.png 1024w, https:\/\/frm-pt.com\/wp-content\/uploads\/2024\/11\/Captura-de-ecra-2024-11-04-222115-300x222.png 300w, https:\/\/frm-pt.com\/wp-content\/uploads\/2024\/11\/Captura-de-ecra-2024-11-04-222115-768x569.png 768w, https:\/\/frm-pt.com\/wp-content\/uploads\/2024\/11\/Captura-de-ecra-2024-11-04-222115-600x445.png 600w, https:\/\/frm-pt.com\/wp-content\/uploads\/2024\/11\/Captura-de-ecra-2024-11-04-222115.png 1120w\" sizes=\"(max-width: 1024px) 100vw, 1024px\" \/><img decoding=\"async\" class=\"aligncenter wp-image-2836 size-full\" src=\"https:\/\/frm-pt.com\/wp-content\/uploads\/2024\/11\/Captura-de-ecra-2024-11-04-221831.png\" alt=\"\" width=\"807\" height=\"788\" srcset=\"https:\/\/frm-pt.com\/wp-content\/uploads\/2024\/11\/Captura-de-ecra-2024-11-04-221831.png 807w, https:\/\/frm-pt.com\/wp-content\/uploads\/2024\/11\/Captura-de-ecra-2024-11-04-221831-300x293.png 300w, https:\/\/frm-pt.com\/wp-content\/uploads\/2024\/11\/Captura-de-ecra-2024-11-04-221831-768x750.png 768w, https:\/\/frm-pt.com\/wp-content\/uploads\/2024\/11\/Captura-de-ecra-2024-11-04-221831-600x586.png 600w\" sizes=\"(max-width: 807px) 100vw, 807px\" \/><img loading=\"lazy\" decoding=\"async\" class=\"aligncenter wp-image-2837 size-full\" src=\"https:\/\/frm-pt.com\/wp-content\/uploads\/2024\/11\/Captura-de-ecra-2024-11-04-221407.png\" alt=\"\" width=\"772\" height=\"252\" srcset=\"https:\/\/frm-pt.com\/wp-content\/uploads\/2024\/11\/Captura-de-ecra-2024-11-04-221407.png 772w, https:\/\/frm-pt.com\/wp-content\/uploads\/2024\/11\/Captura-de-ecra-2024-11-04-221407-300x98.png 300w, https:\/\/frm-pt.com\/wp-content\/uploads\/2024\/11\/Captura-de-ecra-2024-11-04-221407-768x251.png 768w, https:\/\/frm-pt.com\/wp-content\/uploads\/2024\/11\/Captura-de-ecra-2024-11-04-221407-600x196.png 600w\" sizes=\"(max-width: 772px) 100vw, 772px\" \/><img loading=\"lazy\" decoding=\"async\" class=\"aligncenter wp-image-2838 size-full\" src=\"https:\/\/frm-pt.com\/wp-content\/uploads\/2024\/11\/Captura-de-ecra-2024-11-04-221624.png\" alt=\"\" width=\"607\" height=\"557\" srcset=\"https:\/\/frm-pt.com\/wp-content\/uploads\/2024\/11\/Captura-de-ecra-2024-11-04-221624.png 607w, https:\/\/frm-pt.com\/wp-content\/uploads\/2024\/11\/Captura-de-ecra-2024-11-04-221624-300x275.png 300w, https:\/\/frm-pt.com\/wp-content\/uploads\/2024\/11\/Captura-de-ecra-2024-11-04-221624-600x551.png 600w\" sizes=\"(max-width: 607px) 100vw, 607px\" \/><\/p>\n<p style=\"text-align: center;\">\u2b50\u2b50\u2b50\u2b50\u2b50(5.8)<\/p>\n<p style=\"text-align: center;\"><em>\u2705Fazemos envios \u00e1 cobran\u00e7a para todo Portugal Continental . com\u00a0 c\u00f3digo de rastreo online.\u00a0<\/em><\/p>\n<p style=\"text-align: center;\"><em>\u2705Voc\u00ea somente paga o valor descrito em nosso site, fique tranquilo, n\u00e3o haver\u00e1 cobran\u00e7as adicionais de taxas ou impostos.<\/em><\/p>\n<p style=\"text-align: center;\"><em>\u2705Prazo m\u00e9dio para entrega \u00e9 de 24h a 48h ap\u00f3s o seu pedido.<\/em><\/p>\n<p style=\"text-align: center;\"><em>\u2705Site protegido com os melhores certificados de seguran\u00e7a.<\/em><\/p>","protected":false},"excerpt":{"rendered":"<p>\ud83d\ude9b Envios \u00e1 Cobran\u00e7a<\/p>\n<p>\ud83d\ude9b Entregas em 24h a 48h<\/p>","protected":false},"featured_media":2840,"template":"","meta":{"nf_dc_page":"","site-sidebar-layout":"default","site-content-layout":"","ast-site-content-layout":"default","site-content-style":"default","site-sidebar-style":"default","ast-global-header-display":"","ast-banner-title-visibility":"","ast-main-header-display":"","ast-hfb-above-header-display":"","ast-hfb-below-header-display":"","ast-hfb-mobile-header-display":"","site-post-title":"","ast-breadcrumbs-content":"","ast-featured-img":"","footer-sml-layout":"","ast-disable-related-posts":"","theme-transparent-header-meta":"default","adv-header-id-meta":"","stick-header-meta":"","header-above-stick-meta":"","header-main-stick-meta":"","header-below-stick-meta":"","astra-migrate-meta-layouts":"set","ast-page-background-enabled":"default","ast-page-background-meta":{"desktop":{"background-color":"","background-image":"","background-repeat":"repeat","background-position":"center center","background-size":"auto","background-attachment":"scroll","background-type":"","background-media":"","overlay-type":"","overlay-color":"","overlay-opacity":"","overlay-gradient":""},"tablet":{"background-color":"","background-image":"","background-repeat":"repeat","background-position":"center center","background-size":"auto","background-attachment":"scroll","background-type":"","background-media":"","overlay-type":"","overlay-color":"","overlay-opacity":"","overlay-gradient":""},"mobile":{"background-color":"","background-image":"","background-repeat":"repeat","background-position":"center center","background-size":"auto","background-attachment":"scroll","background-type":"","background-media":"","overlay-type":"","overlay-color":"","overlay-opacity":"","overlay-gradient":""}},"ast-content-background-meta":{"desktop":{"background-color":"var(--ast-global-color-5)","background-image":"","background-repeat":"repeat","background-position":"center center","background-size":"auto","background-attachment":"scroll","background-type":"","background-media":"","overlay-type":"","overlay-color":"","overlay-opacity":"","overlay-gradient":""},"tablet":{"background-color":"var(--ast-global-color-5)","background-image":"","background-repeat":"repeat","background-position":"center center","background-size":"auto","background-attachment":"scroll","background-type":"","background-media":"","overlay-type":"","overlay-color":"","overlay-opacity":"","overlay-gradient":""},"mobile":{"background-color":"var(--ast-global-color-5)","background-image":"","background-repeat":"repeat","background-position":"center center","background-size":"auto","background-attachment":"scroll","background-type":"","background-media":"","overlay-type":"","overlay-color":"","overlay-opacity":"","overlay-gradient":""}}},"product_brand":[],"product_cat":[37,18],"product_tag":[],"class_list":{"0":"post-2833","1":"product","2":"type-product","3":"status-publish","4":"has-post-thumbnail","6":"product_cat-ferramentas","7":"product_cat-uncategorized","8":"desktop-align-left","9":"tablet-align-left","10":"mobile-align-left","12":"first","13":"instock","14":"sale","15":"shipping-taxable","16":"purchasable","17":"product-type-simple"},"_links":{"self":[{"href":"https:\/\/frm-pt.com\/en\/wp-json\/wp\/v2\/product\/2833","targetHints":{"allow":["GET"]}}],"collection":[{"href":"https:\/\/frm-pt.com\/en\/wp-json\/wp\/v2\/product"}],"about":[{"href":"https:\/\/frm-pt.com\/en\/wp-json\/wp\/v2\/types\/product"}],"wp:featuredmedia":[{"embeddable":true,"href":"https:\/\/frm-pt.com\/en\/wp-json\/wp\/v2\/media\/2840"}],"wp:attachment":[{"href":"https:\/\/frm-pt.com\/en\/wp-json\/wp\/v2\/media?parent=2833"}],"wp:term":[{"taxonomy":"product_brand","embeddable":true,"href":"https:\/\/frm-pt.com\/en\/wp-json\/wp\/v2\/product_brand?post=2833"},{"taxonomy":"product_cat","embeddable":true,"href":"https:\/\/frm-pt.com\/en\/wp-json\/wp\/v2\/product_cat?post=2833"},{"taxonomy":"product_tag","embeddable":true,"href":"https:\/\/frm-pt.com\/en\/wp-json\/wp\/v2\/product_tag?post=2833"}],"curies":[{"name":"wp","href":"https:\/\/api.w.org\/{rel}","templated":true}]}}