{"id":2801,"date":"2024-11-03T23:06:50","date_gmt":"2024-11-03T23:06:50","guid":{"rendered":"https:\/\/frm-pt.com\/?post_type=product&#038;p=2801"},"modified":"2026-03-17T23:12:03","modified_gmt":"2026-03-17T23:12:03","slug":"gerador-a-gasolina-trifasico-e-monofasico-germany-8500w","status":"publish","type":"product","link":"https:\/\/frm-pt.com\/en\/product\/gerador-a-gasolina-trifasico-e-monofasico-germany-8500w\/","title":{"rendered":"Gerador a Gasolina Trifasico e Monofasico GERMANY 8500W"},"content":{"rendered":"<h5 style=\"text-align: center;\">Gerador a Gasolina Trifasico e Monofasico<\/h5>\n<p style=\"text-align: center;\">Gerador port\u00e1til movido a gasolina<br \/>\nPotente motor monocil\u00edndrico de 4 tempos, 6,5cv<br \/>\nBer\u00e7o de motor de tubo de a\u00e7o resistente<br \/>\nDisjuntor e tomadas cobertas<br \/>\nOp\u00e7\u00e3o de inicializa\u00e7\u00e3o dupla<br \/>\nPartida de recuo e partida el\u00e9trica<br \/>\nAlta efici\u00eancia baixa manuten\u00e7\u00e3o<br \/>\nEcol\u00f3gico com sistema de queima mais limpo<br \/>\nCom sa\u00edda de entrada de bloqueio de tor\u00e7\u00e3o<br \/>\nToda a constru\u00e7\u00e3o de metal com revestimento motorizado<br \/>\nCircuito aprimorado e prote\u00e7\u00e3o el\u00e9trica<br \/>\nDesign robusto e desempenho premium<br \/>\nConstru\u00e7\u00e3o de baixo ru\u00eddo e silencioso<br \/>\nDesligamento autom\u00e1tico de \u00f3leo baixo para prote\u00e7\u00e3o do motor<br \/>\nPainel frontal sofisticado<br \/>\nAlta capacidade de combust\u00edvel<br \/>\nPara uso profissional e dom\u00e9stico<br \/>\nEspecifica\u00e7\u00f5es:<br \/>\nMateriais: A\u00e7o Revestido a P\u00f3<br \/>\nCombust\u00edvel: Gasolina<br \/>\nSistema de Igni\u00e7\u00e3o: Igni\u00e7\u00e3o Transistorizada Sem Contato<br \/>\nSistema de partida: partida de recuo, partida el\u00e9trica<br \/>\nPot\u00eancia nominal de sa\u00edda: 3000W<br \/>\nM\u00e1x. Pot\u00eancia de sa\u00edda: 3000W<br \/>\nMonof\u00e1sico\/Trif\u00e1sico<br \/>\nFrequ\u00eancia nominal: 50 Hz<br \/>\nSa\u00edda de tens\u00e3o CA nominal: 220V \/ 380V<br \/>\nFase: 3\u00d8<br \/>\nSa\u00edda de tens\u00e3o DC nominal: 12V<br \/>\nAtual: 8.3Amp<br \/>\nFator de pot\u00eancia: 1,0<br \/>\nPeso Bruto: 38KG<\/p>\n<p style=\"text-align: center;\">Tipo de motor: 4 tempos, cilindro \u00fanico. Capacidade do tanque: 16L<br \/>\nConsumo de combust\u00edvel: 1,35<br \/>\nCapacidade do \u00f3leo do motor: 0,6L<br \/>\nN\u00edvel de ru\u00eddo: 58 dB<\/p>\n<p><img fetchpriority=\"high\" decoding=\"async\" class=\"wp-image-2803 size-large aligncenter\" src=\"https:\/\/frm-pt.com\/wp-content\/uploads\/2024\/11\/Captura-de-ecra-2024-11-03-222520-1024x670.png\" alt=\"\" width=\"1024\" height=\"670\" srcset=\"https:\/\/frm-pt.com\/wp-content\/uploads\/2024\/11\/Captura-de-ecra-2024-11-03-222520-1024x670.png 1024w, https:\/\/frm-pt.com\/wp-content\/uploads\/2024\/11\/Captura-de-ecra-2024-11-03-222520-300x196.png 300w, https:\/\/frm-pt.com\/wp-content\/uploads\/2024\/11\/Captura-de-ecra-2024-11-03-222520-768x502.png 768w, https:\/\/frm-pt.com\/wp-content\/uploads\/2024\/11\/Captura-de-ecra-2024-11-03-222520-600x392.png 600w, https:\/\/frm-pt.com\/wp-content\/uploads\/2024\/11\/Captura-de-ecra-2024-11-03-222520.png 1185w\" sizes=\"(max-width: 1024px) 100vw, 1024px\" \/><\/p>\n<p><img decoding=\"async\" class=\"aligncenter wp-image-2805 size-full\" src=\"https:\/\/frm-pt.com\/wp-content\/uploads\/2024\/11\/Captura-de-ecra-2024-11-03-223712.png\" alt=\"\" width=\"862\" height=\"753\" srcset=\"https:\/\/frm-pt.com\/wp-content\/uploads\/2024\/11\/Captura-de-ecra-2024-11-03-223712.png 862w, https:\/\/frm-pt.com\/wp-content\/uploads\/2024\/11\/Captura-de-ecra-2024-11-03-223712-300x262.png 300w, https:\/\/frm-pt.com\/wp-content\/uploads\/2024\/11\/Captura-de-ecra-2024-11-03-223712-768x671.png 768w, https:\/\/frm-pt.com\/wp-content\/uploads\/2024\/11\/Captura-de-ecra-2024-11-03-223712-600x524.png 600w\" sizes=\"(max-width: 862px) 100vw, 862px\" \/><\/p>\n<p><img decoding=\"async\" class=\"aligncenter wp-image-2806 size-full\" src=\"https:\/\/frm-pt.com\/wp-content\/uploads\/2024\/11\/Captura-de-ecra-2024-11-03-222332.png\" alt=\"\" width=\"972\" height=\"827\" srcset=\"https:\/\/frm-pt.com\/wp-content\/uploads\/2024\/11\/Captura-de-ecra-2024-11-03-222332.png 972w, https:\/\/frm-pt.com\/wp-content\/uploads\/2024\/11\/Captura-de-ecra-2024-11-03-222332-300x255.png 300w, https:\/\/frm-pt.com\/wp-content\/uploads\/2024\/11\/Captura-de-ecra-2024-11-03-222332-768x653.png 768w, https:\/\/frm-pt.com\/wp-content\/uploads\/2024\/11\/Captura-de-ecra-2024-11-03-222332-600x510.png 600w\" sizes=\"(max-width: 972px) 100vw, 972px\" \/><\/p>\n<p><img loading=\"lazy\" decoding=\"async\" class=\"aligncenter wp-image-2807 size-full\" src=\"https:\/\/frm-pt.com\/wp-content\/uploads\/2024\/11\/Captura-de-ecra-2024-11-03-222416.png\" alt=\"\" width=\"1005\" height=\"830\" srcset=\"https:\/\/frm-pt.com\/wp-content\/uploads\/2024\/11\/Captura-de-ecra-2024-11-03-222416.png 1005w, https:\/\/frm-pt.com\/wp-content\/uploads\/2024\/11\/Captura-de-ecra-2024-11-03-222416-300x248.png 300w, https:\/\/frm-pt.com\/wp-content\/uploads\/2024\/11\/Captura-de-ecra-2024-11-03-222416-768x634.png 768w, https:\/\/frm-pt.com\/wp-content\/uploads\/2024\/11\/Captura-de-ecra-2024-11-03-222416-600x496.png 600w\" sizes=\"(max-width: 1005px) 100vw, 1005px\" \/><\/p>\n<p><img loading=\"lazy\" decoding=\"async\" class=\"aligncenter wp-image-2808 size-full\" src=\"https:\/\/frm-pt.com\/wp-content\/uploads\/2024\/11\/Captura-de-ecra-2024-11-03-223811.png\" alt=\"\" width=\"710\" height=\"752\" srcset=\"https:\/\/frm-pt.com\/wp-content\/uploads\/2024\/11\/Captura-de-ecra-2024-11-03-223811.png 710w, https:\/\/frm-pt.com\/wp-content\/uploads\/2024\/11\/Captura-de-ecra-2024-11-03-223811-283x300.png 283w, https:\/\/frm-pt.com\/wp-content\/uploads\/2024\/11\/Captura-de-ecra-2024-11-03-223811-600x635.png 600w\" sizes=\"(max-width: 710px) 100vw, 710px\" \/><\/p>\n<p style=\"text-align: center;\">\u2b50\u2b50\u2b50\u2b50\u2b50(5.8)<\/p>\n<p style=\"text-align: center;\"><em>\u2705Fazemos envios \u00e1 cobran\u00e7a para todo Portugal Continental . com\u00a0 c\u00f3digo de rastreo online.\u00a0<\/em><\/p>\n<p style=\"text-align: center;\"><em>\u2705Voc\u00ea somente paga o valor descrito em nosso site, fique tranquilo, n\u00e3o haver\u00e1 cobran\u00e7as adicionais de taxas ou impostos.<\/em><\/p>\n<p style=\"text-align: center;\"><em>\u2705Prazo m\u00e9dio para entrega \u00e9 de 24h a 48h ap\u00f3s o seu pedido.<\/em><\/p>\n<p style=\"text-align: center;\"><em>\u2705Site protegido com os melhores certificados de seguran\u00e7a.<\/em><\/p>\n<p style=\"text-align: center;\">","protected":false},"excerpt":{"rendered":"<p>&nbsp;<\/p>\n<p>\ud83d\ude9b\u00a0 Envios \u00e1 Cobran\u00e7a<\/p>\n<p>\ud83d\ude9b Entregas em 24h a 48h<\/p>","protected":false},"featured_media":2802,"template":"","meta":{"nf_dc_page":"","site-sidebar-layout":"default","site-content-layout":"","ast-site-content-layout":"default","site-content-style":"default","site-sidebar-style":"default","ast-global-header-display":"","ast-banner-title-visibility":"","ast-main-header-display":"","ast-hfb-above-header-display":"","ast-hfb-below-header-display":"","ast-hfb-mobile-header-display":"","site-post-title":"","ast-breadcrumbs-content":"","ast-featured-img":"","footer-sml-layout":"","ast-disable-related-posts":"","theme-transparent-header-meta":"default","adv-header-id-meta":"","stick-header-meta":"","header-above-stick-meta":"","header-main-stick-meta":"","header-below-stick-meta":"","astra-migrate-meta-layouts":"set","ast-page-background-enabled":"default","ast-page-background-meta":{"desktop":{"background-color":"","background-image":"","background-repeat":"repeat","background-position":"center center","background-size":"auto","background-attachment":"scroll","background-type":"","background-media":"","overlay-type":"","overlay-color":"","overlay-opacity":"","overlay-gradient":""},"tablet":{"background-color":"","background-image":"","background-repeat":"repeat","background-position":"center center","background-size":"auto","background-attachment":"scroll","background-type":"","background-media":"","overlay-type":"","overlay-color":"","overlay-opacity":"","overlay-gradient":""},"mobile":{"background-color":"","background-image":"","background-repeat":"repeat","background-position":"center center","background-size":"auto","background-attachment":"scroll","background-type":"","background-media":"","overlay-type":"","overlay-color":"","overlay-opacity":"","overlay-gradient":""}},"ast-content-background-meta":{"desktop":{"background-color":"var(--ast-global-color-5)","background-image":"","background-repeat":"repeat","background-position":"center center","background-size":"auto","background-attachment":"scroll","background-type":"","background-media":"","overlay-type":"","overlay-color":"","overlay-opacity":"","overlay-gradient":""},"tablet":{"background-color":"var(--ast-global-color-5)","background-image":"","background-repeat":"repeat","background-position":"center center","background-size":"auto","background-attachment":"scroll","background-type":"","background-media":"","overlay-type":"","overlay-color":"","overlay-opacity":"","overlay-gradient":""},"mobile":{"background-color":"var(--ast-global-color-5)","background-image":"","background-repeat":"repeat","background-position":"center center","background-size":"auto","background-attachment":"scroll","background-type":"","background-media":"","overlay-type":"","overlay-color":"","overlay-opacity":"","overlay-gradient":""}}},"product_brand":[],"product_cat":[37,29,18],"product_tag":[],"class_list":{"0":"post-2801","1":"product","2":"type-product","3":"status-publish","4":"has-post-thumbnail","6":"product_cat-ferramentas","7":"product_cat-maquinas-de-jardim","8":"product_cat-uncategorized","9":"desktop-align-left","10":"tablet-align-left","11":"mobile-align-left","13":"first","14":"instock","15":"sale","16":"shipping-taxable","17":"purchasable","18":"product-type-simple"},"_links":{"self":[{"href":"https:\/\/frm-pt.com\/en\/wp-json\/wp\/v2\/product\/2801","targetHints":{"allow":["GET"]}}],"collection":[{"href":"https:\/\/frm-pt.com\/en\/wp-json\/wp\/v2\/product"}],"about":[{"href":"https:\/\/frm-pt.com\/en\/wp-json\/wp\/v2\/types\/product"}],"wp:featuredmedia":[{"embeddable":true,"href":"https:\/\/frm-pt.com\/en\/wp-json\/wp\/v2\/media\/2802"}],"wp:attachment":[{"href":"https:\/\/frm-pt.com\/en\/wp-json\/wp\/v2\/media?parent=2801"}],"wp:term":[{"taxonomy":"product_brand","embeddable":true,"href":"https:\/\/frm-pt.com\/en\/wp-json\/wp\/v2\/product_brand?post=2801"},{"taxonomy":"product_cat","embeddable":true,"href":"https:\/\/frm-pt.com\/en\/wp-json\/wp\/v2\/product_cat?post=2801"},{"taxonomy":"product_tag","embeddable":true,"href":"https:\/\/frm-pt.com\/en\/wp-json\/wp\/v2\/product_tag?post=2801"}],"curies":[{"name":"wp","href":"https:\/\/api.w.org\/{rel}","templated":true}]}}