{"id":2662,"date":"2024-10-24T18:29:06","date_gmt":"2024-10-24T18:29:06","guid":{"rendered":"https:\/\/frm-pt.com\/?post_type=product&#038;p=2662"},"modified":"2024-10-24T20:14:48","modified_gmt":"2024-10-24T20:14:48","slug":"conjunto-de-chaves-25-pecas-kraftmuller","status":"publish","type":"product","link":"https:\/\/frm-pt.com\/en\/product\/conjunto-de-chaves-25-pecas-kraftmuller\/","title":{"rendered":"Conjunto de Chaves &#8211; 25 pe\u00e7as &#8211; Kraftmuller"},"content":{"rendered":"<div dir=\"ltr\" lang=\"pt-PT\" style=\"text-align: center;\">CONJUNTO DE TOMADA KM-25PCS-1\/2&#8243;<\/div>\n<div dir=\"ltr\" lang=\"pt-PT\" style=\"text-align: center;\">18pcs 1\/2&#8243; Tomada: 10-11-12-13-14-15- 16-17-18-19-20-21-22-23-24-27-30-32mm<\/div>\n<div dir=\"ltr\" lang=\"pt-PT\" style=\"text-align: center;\">\u2022 2 pe\u00e7as de barra de extens\u00e3o de 1\/2&#8243;: 5&#8243; e 10&#8243;<\/div>\n<div dir=\"ltr\" lang=\"pt-PT\" style=\"text-align: center;\">1 unidade de junta universal de 1\/2&#8243;<\/div>\n<div dir=\"ltr\" lang=\"pt-PT\" style=\"text-align: center;\">1pc 1\/2&#8243; vela de igni\u00e7\u00e3o soquete: 21mm<\/div>\n<div dir=\"ltr\" lang=\"pt-PT\" style=\"text-align: center;\">1 unidade de barra deslizante de 1\/2&#8243;<\/div>\n<div dir=\"ltr\" lang=\"pt-PT\" style=\"text-align: center;\">1 unidade de barra flex\u00edvel de 1\/2&#8243;: 375 mm<\/div>\n<div dir=\"ltr\" lang=\"pt-PT\" style=\"text-align: center;\">1 unidade de pega de roquete de 1\/2&#8243; 72T<\/div>\n<div dir=\"ltr\" lang=\"pt-PT\"><img fetchpriority=\"high\" decoding=\"async\" class=\"aligncenter wp-image-2664 size-full\" src=\"https:\/\/frm-pt.com\/wp-content\/uploads\/2024\/10\/Captura_de_ecra_2024-10-24_190853-removebg-preview.png\" alt=\"\" width=\"578\" height=\"432\" srcset=\"https:\/\/frm-pt.com\/wp-content\/uploads\/2024\/10\/Captura_de_ecra_2024-10-24_190853-removebg-preview.png 578w, https:\/\/frm-pt.com\/wp-content\/uploads\/2024\/10\/Captura_de_ecra_2024-10-24_190853-removebg-preview-300x224.png 300w\" sizes=\"(max-width: 578px) 100vw, 578px\" \/><\/div>\n<div dir=\"ltr\" lang=\"pt-PT\"><img decoding=\"async\" class=\"aligncenter wp-image-2678 size-full\" src=\"https:\/\/frm-pt.com\/wp-content\/uploads\/2024\/10\/Captura_de_ecra_2024-10-24_190920-removebg-preview-1.png\" alt=\"\" width=\"422\" height=\"465\" srcset=\"https:\/\/frm-pt.com\/wp-content\/uploads\/2024\/10\/Captura_de_ecra_2024-10-24_190920-removebg-preview-1.png 422w, https:\/\/frm-pt.com\/wp-content\/uploads\/2024\/10\/Captura_de_ecra_2024-10-24_190920-removebg-preview-1-272x300.png 272w\" sizes=\"(max-width: 422px) 100vw, 422px\" \/><\/div>\n<div dir=\"ltr\" lang=\"pt-PT\">\n<p style=\"text-align: center;\">\u2b50\u2b50\u2b50\u2b50\u2b50(4.9)<\/p>\n<p style=\"text-align: center;\"><em>\u2705Fazemos envios \u00e1 cobran\u00e7a para todo Portugal Continental . com\u00a0 c\u00f3digo de rastreo online.\u00a0<\/em><\/p>\n<p style=\"text-align: center;\"><em>\u2705Voc\u00ea somente paga o valor descrito em nosso site, fique tranquilo, n\u00e3o haver\u00e1 cobran\u00e7as adicionais de taxas ou impostos.<\/em><\/p>\n<p style=\"text-align: center;\"><em>\u2705Prazo m\u00e9dio para entrega \u00e9 de 24h a 48h ap\u00f3s o seu pedido.<\/em><\/p>\n<p style=\"text-align: center;\"><em>\u2705Site protegido com os melhores certificados de seguran\u00e7a.<\/em><\/p>\n<\/div>\n<div dir=\"ltr\" lang=\"pt-PT\" style=\"text-align: center;\"><\/div>\n<div dir=\"ltr\" lang=\"pt-PT\"><\/div>","protected":false},"excerpt":{"rendered":"<p>\ud83d\ude9b\u00a0 Envios \u00e1 Cobran\u00e7a<\/p>\n<p>\ud83d\ude9b Entregas em 24h a 48h<\/p>","protected":false},"featured_media":2677,"template":"","meta":{"nf_dc_page":"","site-sidebar-layout":"default","site-content-layout":"","ast-site-content-layout":"default","site-content-style":"default","site-sidebar-style":"default","ast-global-header-display":"","ast-banner-title-visibility":"","ast-main-header-display":"","ast-hfb-above-header-display":"","ast-hfb-below-header-display":"","ast-hfb-mobile-header-display":"","site-post-title":"","ast-breadcrumbs-content":"","ast-featured-img":"","footer-sml-layout":"","ast-disable-related-posts":"","theme-transparent-header-meta":"default","adv-header-id-meta":"","stick-header-meta":"","header-above-stick-meta":"","header-main-stick-meta":"","header-below-stick-meta":"","astra-migrate-meta-layouts":"set","ast-page-background-enabled":"default","ast-page-background-meta":{"desktop":{"background-color":"","background-image":"","background-repeat":"repeat","background-position":"center center","background-size":"auto","background-attachment":"scroll","background-type":"","background-media":"","overlay-type":"","overlay-color":"","overlay-opacity":"","overlay-gradient":""},"tablet":{"background-color":"","background-image":"","background-repeat":"repeat","background-position":"center center","background-size":"auto","background-attachment":"scroll","background-type":"","background-media":"","overlay-type":"","overlay-color":"","overlay-opacity":"","overlay-gradient":""},"mobile":{"background-color":"","background-image":"","background-repeat":"repeat","background-position":"center center","background-size":"auto","background-attachment":"scroll","background-type":"","background-media":"","overlay-type":"","overlay-color":"","overlay-opacity":"","overlay-gradient":""}},"ast-content-background-meta":{"desktop":{"background-color":"var(--ast-global-color-5)","background-image":"","background-repeat":"repeat","background-position":"center center","background-size":"auto","background-attachment":"scroll","background-type":"","background-media":"","overlay-type":"","overlay-color":"","overlay-opacity":"","overlay-gradient":""},"tablet":{"background-color":"var(--ast-global-color-5)","background-image":"","background-repeat":"repeat","background-position":"center center","background-size":"auto","background-attachment":"scroll","background-type":"","background-media":"","overlay-type":"","overlay-color":"","overlay-opacity":"","overlay-gradient":""},"mobile":{"background-color":"var(--ast-global-color-5)","background-image":"","background-repeat":"repeat","background-position":"center center","background-size":"auto","background-attachment":"scroll","background-type":"","background-media":"","overlay-type":"","overlay-color":"","overlay-opacity":"","overlay-gradient":""}}},"product_brand":[],"product_cat":[37,28],"product_tag":[],"class_list":{"0":"post-2662","1":"product","2":"type-product","3":"status-publish","4":"has-post-thumbnail","6":"product_cat-ferramentas","7":"product_cat-malas-de-ferramentas","8":"desktop-align-left","9":"tablet-align-left","10":"mobile-align-left","12":"first","13":"instock","14":"sale","15":"shipping-taxable","16":"purchasable","17":"product-type-simple"},"_links":{"self":[{"href":"https:\/\/frm-pt.com\/en\/wp-json\/wp\/v2\/product\/2662","targetHints":{"allow":["GET"]}}],"collection":[{"href":"https:\/\/frm-pt.com\/en\/wp-json\/wp\/v2\/product"}],"about":[{"href":"https:\/\/frm-pt.com\/en\/wp-json\/wp\/v2\/types\/product"}],"wp:featuredmedia":[{"embeddable":true,"href":"https:\/\/frm-pt.com\/en\/wp-json\/wp\/v2\/media\/2677"}],"wp:attachment":[{"href":"https:\/\/frm-pt.com\/en\/wp-json\/wp\/v2\/media?parent=2662"}],"wp:term":[{"taxonomy":"product_brand","embeddable":true,"href":"https:\/\/frm-pt.com\/en\/wp-json\/wp\/v2\/product_brand?post=2662"},{"taxonomy":"product_cat","embeddable":true,"href":"https:\/\/frm-pt.com\/en\/wp-json\/wp\/v2\/product_cat?post=2662"},{"taxonomy":"product_tag","embeddable":true,"href":"https:\/\/frm-pt.com\/en\/wp-json\/wp\/v2\/product_tag?post=2662"}],"curies":[{"name":"wp","href":"https:\/\/api.w.org\/{rel}","templated":true}]}}