{"id":2582,"date":"2024-10-16T11:57:29","date_gmt":"2024-10-16T11:57:29","guid":{"rendered":"https:\/\/frm-pt.com\/?post_type=product&#038;p=2582"},"modified":"2024-10-16T11:57:30","modified_gmt":"2024-10-16T11:57:30","slug":"aparador-corta-relva-destman-dt-6640-360-350w","status":"publish","type":"product","link":"https:\/\/frm-pt.com\/en\/product\/aparador-corta-relva-destman-dt-6640-360-350w\/","title":{"rendered":"Aparador &#8211; Corta Relva &#8211; Destman  DT- 6640-360 &#8211; 350W"},"content":{"rendered":"<p style=\"text-align: center;\"><strong>Aparador &#8211; Corta Relva &#8211; 350W &#8211; Destman<\/strong><\/p>\n<p id=\"tw-target-text\" class=\"tw-data-text tw-text-large tw-ta\" dir=\"ltr\" style=\"text-align: center;\" data-placeholder=\"Tradu\u00e7\u00e3o\" data-ved=\"2ahUKEwjQyPu66pKJAxUzgv0HHYuNG_YQ3ewLegQIBxAU\" aria-label=\"Texto traduzido: Aparador el\u00e9trico de 350 W com largura de corte de 25 cm.Fornecido com carretel de linha gr\u00e1tis.\u2022 Pr\u00e1tico e leve, a al\u00e7a dupla garante \u00f3timo conforto;\u2022 O potente motor de 250 W e a largura de corte de 25 cm tornam-no excelente para pequenos jardins;\u2022 A al\u00e7a secund\u00e1ria permite melhor equil\u00edbrio e conforto durante o uso.\"><span class=\"Y2IQFc\" lang=\"pt\">Aparador el\u00e9trico de 350 W com largura de corte de 25 cm.<\/span><\/p>\n<p id=\"tw-target-text\" class=\"tw-data-text tw-text-large tw-ta\" dir=\"ltr\" style=\"text-align: center;\" data-placeholder=\"Tradu\u00e7\u00e3o\" data-ved=\"2ahUKEwjFpJei6pKJAxVNhv0HHRNrCpAQ3ewLegQIBxAU\" aria-label=\"Texto traduzido: Pot\u00eancia nominal: 350WVelocidade sem carga: 12.000\/minlargura de corte: 25 cmAlimenta\u00e7\u00e3o: CA 230-240V-50HzDimens\u00f5es (mm): 1090x280x190\"><span class=\"Y2IQFc\" lang=\"pt\">Pot\u00eancia nominal: 350W <\/span><\/p>\n<p class=\"tw-data-text tw-text-large tw-ta\" dir=\"ltr\" style=\"text-align: center;\" data-placeholder=\"Tradu\u00e7\u00e3o\" data-ved=\"2ahUKEwjFpJei6pKJAxVNhv0HHRNrCpAQ3ewLegQIBxAU\" aria-label=\"Texto traduzido: Pot\u00eancia nominal: 350WVelocidade sem carga: 12.000\/minlargura de corte: 25 cmAlimenta\u00e7\u00e3o: CA 230-240V-50HzDimens\u00f5es (mm): 1090x280x190\"><span class=\"Y2IQFc\" lang=\"pt\">Velocidade sem carga: 12.000\/min <\/span><\/p>\n<p class=\"tw-data-text tw-text-large tw-ta\" dir=\"ltr\" style=\"text-align: center;\" data-placeholder=\"Tradu\u00e7\u00e3o\" data-ved=\"2ahUKEwjFpJei6pKJAxVNhv0HHRNrCpAQ3ewLegQIBxAU\" aria-label=\"Texto traduzido: Pot\u00eancia nominal: 350WVelocidade sem carga: 12.000\/minlargura de corte: 25 cmAlimenta\u00e7\u00e3o: CA 230-240V-50HzDimens\u00f5es (mm): 1090x280x190\"><span class=\"Y2IQFc\" lang=\"pt\">Largura de corte: 25 cm <\/span><\/p>\n<p class=\"tw-data-text tw-text-large tw-ta\" dir=\"ltr\" style=\"text-align: center;\" data-placeholder=\"Tradu\u00e7\u00e3o\" data-ved=\"2ahUKEwjFpJei6pKJAxVNhv0HHRNrCpAQ3ewLegQIBxAU\" aria-label=\"Texto traduzido: Pot\u00eancia nominal: 350WVelocidade sem carga: 12.000\/minlargura de corte: 25 cmAlimenta\u00e7\u00e3o: CA 230-240V-50HzDimens\u00f5es (mm): 1090x280x190\"><span class=\"Y2IQFc\" lang=\"pt\">Alimenta\u00e7\u00e3o: CA 230-240V-50Hz <\/span><\/p>\n<p class=\"tw-data-text tw-text-large tw-ta\" dir=\"ltr\" style=\"text-align: center;\" data-placeholder=\"Tradu\u00e7\u00e3o\" data-ved=\"2ahUKEwjFpJei6pKJAxVNhv0HHRNrCpAQ3ewLegQIBxAU\" aria-label=\"Texto traduzido: Pot\u00eancia nominal: 350WVelocidade sem carga: 12.000\/minlargura de corte: 25 cmAlimenta\u00e7\u00e3o: CA 230-240V-50HzDimens\u00f5es (mm): 1090x280x190\"><span class=\"Y2IQFc\" lang=\"pt\">Dimens\u00f5es (mm): 1090x280x190<\/span><\/p>\n<p dir=\"ltr\" data-placeholder=\"Tradu\u00e7\u00e3o\" data-ved=\"2ahUKEwjFpJei6pKJAxVNhv0HHRNrCpAQ3ewLegQIBxAU\" aria-label=\"Texto traduzido: Pot\u00eancia nominal: 350WVelocidade sem carga: 12.000\/minlargura de corte: 25 cmAlimenta\u00e7\u00e3o: CA 230-240V-50HzDimens\u00f5es (mm): 1090x280x190\"><img fetchpriority=\"high\" decoding=\"async\" class=\"aligncenter wp-image-2584 size-full\" src=\"https:\/\/frm-pt.com\/wp-content\/uploads\/2024\/10\/Captura-de-ecra-2024-10-16-124508.png\" alt=\"\" width=\"729\" height=\"723\" srcset=\"https:\/\/frm-pt.com\/wp-content\/uploads\/2024\/10\/Captura-de-ecra-2024-10-16-124508.png 729w, https:\/\/frm-pt.com\/wp-content\/uploads\/2024\/10\/Captura-de-ecra-2024-10-16-124508-300x298.png 300w, https:\/\/frm-pt.com\/wp-content\/uploads\/2024\/10\/Captura-de-ecra-2024-10-16-124508-150x150.png 150w, https:\/\/frm-pt.com\/wp-content\/uploads\/2024\/10\/Captura-de-ecra-2024-10-16-124508-600x595.png 600w, https:\/\/frm-pt.com\/wp-content\/uploads\/2024\/10\/Captura-de-ecra-2024-10-16-124508-100x100.png 100w\" sizes=\"(max-width: 729px) 100vw, 729px\" \/> <img decoding=\"async\" class=\"aligncenter wp-image-2585 size-full\" src=\"https:\/\/frm-pt.com\/wp-content\/uploads\/2024\/10\/Captura-de-ecra-2024-10-16-124531.png\" alt=\"\" width=\"725\" height=\"729\" srcset=\"https:\/\/frm-pt.com\/wp-content\/uploads\/2024\/10\/Captura-de-ecra-2024-10-16-124531.png 725w, https:\/\/frm-pt.com\/wp-content\/uploads\/2024\/10\/Captura-de-ecra-2024-10-16-124531-298x300.png 298w, https:\/\/frm-pt.com\/wp-content\/uploads\/2024\/10\/Captura-de-ecra-2024-10-16-124531-150x150.png 150w, https:\/\/frm-pt.com\/wp-content\/uploads\/2024\/10\/Captura-de-ecra-2024-10-16-124531-600x603.png 600w, https:\/\/frm-pt.com\/wp-content\/uploads\/2024\/10\/Captura-de-ecra-2024-10-16-124531-100x100.png 100w\" sizes=\"(max-width: 725px) 100vw, 725px\" \/><\/p>\n<p dir=\"ltr\" data-placeholder=\"Tradu\u00e7\u00e3o\" data-ved=\"2ahUKEwjFpJei6pKJAxVNhv0HHRNrCpAQ3ewLegQIBxAU\" aria-label=\"Texto traduzido: Pot\u00eancia nominal: 350WVelocidade sem carga: 12.000\/minlargura de corte: 25 cmAlimenta\u00e7\u00e3o: CA 230-240V-50HzDimens\u00f5es (mm): 1090x280x190\"><img decoding=\"async\" class=\"aligncenter wp-image-2583 size-full\" src=\"https:\/\/frm-pt.com\/wp-content\/uploads\/2024\/10\/51F3B7K2b5L._AC_SL1500_.jpg\" alt=\"\" width=\"484\" height=\"1500\" srcset=\"https:\/\/frm-pt.com\/wp-content\/uploads\/2024\/10\/51F3B7K2b5L._AC_SL1500_.jpg 484w, https:\/\/frm-pt.com\/wp-content\/uploads\/2024\/10\/51F3B7K2b5L._AC_SL1500_-97x300.jpg 97w, https:\/\/frm-pt.com\/wp-content\/uploads\/2024\/10\/51F3B7K2b5L._AC_SL1500_-330x1024.jpg 330w\" sizes=\"(max-width: 484px) 100vw, 484px\" \/><\/p>\n<p style=\"text-align: center;\">\u2b50\u2b50\u2b50\u2b50\u2b50(5.8)<\/p>\n<p style=\"text-align: center;\"><em>\u2705Fazemos envios \u00e1 cobran\u00e7a para todo Portugal Continental . com\u00a0 c\u00f3digo de rastreo online.\u00a0<\/em><\/p>\n<p style=\"text-align: center;\"><em>\u2705Voc\u00ea somente paga o valor descrito em nosso site, fique tranquilo, n\u00e3o haver\u00e1 cobran\u00e7as adicionais de taxas ou impostos.<\/em><\/p>\n<p style=\"text-align: center;\"><em>\u2705Prazo m\u00e9dio para entrega \u00e9 de 24h a 48h ap\u00f3s o seu pedido.<\/em><\/p>\n<p style=\"text-align: center;\"><em>\u2705Site protegido com os melhores certificados de seguran\u00e7a.<\/em><\/p>\n<p>&nbsp;<\/p>","protected":false},"excerpt":{"rendered":"<p>\ud83d\ude9b\u00a0 Envios \u00e1 Cobran\u00e7a<\/p>\n<p>\ud83d\ude9b Entregas em 24h a 48h<\/p>","protected":false},"featured_media":2586,"template":"","meta":{"nf_dc_page":"","site-sidebar-layout":"default","site-content-layout":"","ast-site-content-layout":"default","site-content-style":"default","site-sidebar-style":"default","ast-global-header-display":"","ast-banner-title-visibility":"","ast-main-header-display":"","ast-hfb-above-header-display":"","ast-hfb-below-header-display":"","ast-hfb-mobile-header-display":"","site-post-title":"","ast-breadcrumbs-content":"","ast-featured-img":"","footer-sml-layout":"","ast-disable-related-posts":"","theme-transparent-header-meta":"default","adv-header-id-meta":"","stick-header-meta":"","header-above-stick-meta":"","header-main-stick-meta":"","header-below-stick-meta":"","astra-migrate-meta-layouts":"set","ast-page-background-enabled":"default","ast-page-background-meta":{"desktop":{"background-color":"","background-image":"","background-repeat":"repeat","background-position":"center center","background-size":"auto","background-attachment":"scroll","background-type":"","background-media":"","overlay-type":"","overlay-color":"","overlay-opacity":"","overlay-gradient":""},"tablet":{"background-color":"","background-image":"","background-repeat":"repeat","background-position":"center center","background-size":"auto","background-attachment":"scroll","background-type":"","background-media":"","overlay-type":"","overlay-color":"","overlay-opacity":"","overlay-gradient":""},"mobile":{"background-color":"","background-image":"","background-repeat":"repeat","background-position":"center center","background-size":"auto","background-attachment":"scroll","background-type":"","background-media":"","overlay-type":"","overlay-color":"","overlay-opacity":"","overlay-gradient":""}},"ast-content-background-meta":{"desktop":{"background-color":"var(--ast-global-color-5)","background-image":"","background-repeat":"repeat","background-position":"center center","background-size":"auto","background-attachment":"scroll","background-type":"","background-media":"","overlay-type":"","overlay-color":"","overlay-opacity":"","overlay-gradient":""},"tablet":{"background-color":"var(--ast-global-color-5)","background-image":"","background-repeat":"repeat","background-position":"center center","background-size":"auto","background-attachment":"scroll","background-type":"","background-media":"","overlay-type":"","overlay-color":"","overlay-opacity":"","overlay-gradient":""},"mobile":{"background-color":"var(--ast-global-color-5)","background-image":"","background-repeat":"repeat","background-position":"center center","background-size":"auto","background-attachment":"scroll","background-type":"","background-media":"","overlay-type":"","overlay-color":"","overlay-opacity":"","overlay-gradient":""}}},"product_brand":[],"product_cat":[29],"product_tag":[],"class_list":{"0":"post-2582","1":"product","2":"type-product","3":"status-publish","4":"has-post-thumbnail","6":"product_cat-maquinas-de-jardim","7":"desktop-align-left","8":"tablet-align-left","9":"mobile-align-left","11":"first","12":"instock","13":"sale","14":"shipping-taxable","15":"purchasable","16":"product-type-simple"},"_links":{"self":[{"href":"https:\/\/frm-pt.com\/en\/wp-json\/wp\/v2\/product\/2582","targetHints":{"allow":["GET"]}}],"collection":[{"href":"https:\/\/frm-pt.com\/en\/wp-json\/wp\/v2\/product"}],"about":[{"href":"https:\/\/frm-pt.com\/en\/wp-json\/wp\/v2\/types\/product"}],"wp:featuredmedia":[{"embeddable":true,"href":"https:\/\/frm-pt.com\/en\/wp-json\/wp\/v2\/media\/2586"}],"wp:attachment":[{"href":"https:\/\/frm-pt.com\/en\/wp-json\/wp\/v2\/media?parent=2582"}],"wp:term":[{"taxonomy":"product_brand","embeddable":true,"href":"https:\/\/frm-pt.com\/en\/wp-json\/wp\/v2\/product_brand?post=2582"},{"taxonomy":"product_cat","embeddable":true,"href":"https:\/\/frm-pt.com\/en\/wp-json\/wp\/v2\/product_cat?post=2582"},{"taxonomy":"product_tag","embeddable":true,"href":"https:\/\/frm-pt.com\/en\/wp-json\/wp\/v2\/product_tag?post=2582"}],"curies":[{"name":"wp","href":"https:\/\/api.w.org\/{rel}","templated":true}]}}