{"id":2523,"date":"2024-10-11T12:28:30","date_gmt":"2024-10-11T12:28:30","guid":{"rendered":"https:\/\/frm-pt.com\/?post_type=product&#038;p=2523"},"modified":"2024-10-11T12:29:01","modified_gmt":"2024-10-11T12:29:01","slug":"rebarbadora-eletrica-destman-dt-55710","status":"publish","type":"product","link":"https:\/\/frm-pt.com\/en\/product\/rebarbadora-eletrica-destman-dt-55710\/","title":{"rendered":"Rebarbadora El\u00e9trica Destman DT-55710"},"content":{"rendered":"<h6 style=\"text-align: center;\">Rebarbadora El\u00e9trica Destman DT-55710<\/h6>\n<p style=\"text-align: center;\">Descubra o poder da precis\u00e3o com o Rebarbadora El\u00e9trica Destman DT-55710!<\/p>\n<p style=\"text-align: center;\">Esta joia de 710 W redefine os padr\u00f5es da metalurgia. Com dimens\u00f5es otimizadas de 220x110x350mm, o DT-55710 oferece um equil\u00edbrio perfeito entre pot\u00eancia e manobrabilidade, permitindo realizar trabalhos de lixamento e corte com controle absoluto.<\/p>\n<p style=\"text-align: center;\">Esque\u00e7a as Rebarbadoras volumosas: o nosso modelo compacto cabe perfeitamente em espa\u00e7os apertados, garantindo ao mesmo tempo um desempenho profissional. A pot\u00eancia de 710W garante velocidade constante mesmo sob carga, para acabamentos impec\u00e1veis \u200b\u200bem todas as superf\u00edcies.<\/p>\n<p style=\"text-align: center;\">O inovador interruptor de prote\u00e7\u00e3o ON\/OFF acrescenta um maior n\u00edvel de seguran\u00e7a, evitando arranques acidentais e protegendo-o durante o trabalho. O design ergon\u00f4mico reduz a fadiga durante o uso prolongado, enquanto o punho antivibra\u00e7\u00e3o garante um controle preciso em todas as situa\u00e7\u00f5es.<\/p>\n<p style=\"text-align: center;\"><strong>Caracter\u00edsticas t\u00e9cnicas:<\/strong><\/p>\n<p style=\"text-align: center;\">Pot\u00eancia: 710W<\/p>\n<p style=\"text-align: center;\">Velocidade sem carga: 12.000 rpm<\/p>\n<p style=\"text-align: center;\">Di\u00e2metro m\u00e1ximo do disco: 115\/125 mm<\/p>\n<p style=\"text-align: center;\">Prote\u00e7\u00e3o contra desligamento<\/p>\n<p style=\"text-align: center;\">Fonte de alimenta\u00e7\u00e3o: CA 220 240 V -50 Hz<\/p>\n<p style=\"text-align: center;\">Dimens\u00f5es (mm): 220x110x350<\/p>\n<p><img fetchpriority=\"high\" decoding=\"async\" class=\"aligncenter wp-image-2526 size-full\" src=\"https:\/\/frm-pt.com\/wp-content\/uploads\/2024\/10\/smerigliatrice-elettrica-710w-destman-dt-55710-1.jpg\" alt=\"\" width=\"800\" height=\"800\" srcset=\"https:\/\/frm-pt.com\/wp-content\/uploads\/2024\/10\/smerigliatrice-elettrica-710w-destman-dt-55710-1.jpg 800w, https:\/\/frm-pt.com\/wp-content\/uploads\/2024\/10\/smerigliatrice-elettrica-710w-destman-dt-55710-1-300x300.jpg 300w, https:\/\/frm-pt.com\/wp-content\/uploads\/2024\/10\/smerigliatrice-elettrica-710w-destman-dt-55710-1-150x150.jpg 150w, https:\/\/frm-pt.com\/wp-content\/uploads\/2024\/10\/smerigliatrice-elettrica-710w-destman-dt-55710-1-768x768.jpg 768w, https:\/\/frm-pt.com\/wp-content\/uploads\/2024\/10\/smerigliatrice-elettrica-710w-destman-dt-55710-1-600x600.jpg 600w, https:\/\/frm-pt.com\/wp-content\/uploads\/2024\/10\/smerigliatrice-elettrica-710w-destman-dt-55710-1-100x100.jpg 100w\" sizes=\"(max-width: 800px) 100vw, 800px\" \/><\/p>\n<p><img decoding=\"async\" class=\"aligncenter wp-image-2527 size-large\" src=\"https:\/\/frm-pt.com\/wp-content\/uploads\/2024\/10\/smerigliatrice-elettrica-710w-destman-dt-55710-792x1024.jpg\" alt=\"\" width=\"792\" height=\"1024\" srcset=\"https:\/\/frm-pt.com\/wp-content\/uploads\/2024\/10\/smerigliatrice-elettrica-710w-destman-dt-55710-792x1024.jpg 792w, https:\/\/frm-pt.com\/wp-content\/uploads\/2024\/10\/smerigliatrice-elettrica-710w-destman-dt-55710-232x300.jpg 232w, https:\/\/frm-pt.com\/wp-content\/uploads\/2024\/10\/smerigliatrice-elettrica-710w-destman-dt-55710-768x993.jpg 768w, https:\/\/frm-pt.com\/wp-content\/uploads\/2024\/10\/smerigliatrice-elettrica-710w-destman-dt-55710-600x776.jpg 600w, https:\/\/frm-pt.com\/wp-content\/uploads\/2024\/10\/smerigliatrice-elettrica-710w-destman-dt-55710.jpg 1100w\" sizes=\"(max-width: 792px) 100vw, 792px\" \/><\/p>\n<p><img decoding=\"async\" class=\"aligncenter wp-image-2525 size-full\" src=\"https:\/\/frm-pt.com\/wp-content\/uploads\/2024\/10\/c16aff3a-e9e6-430c-9076-fa3f04a793fe-removebg-preview.png\" alt=\"\" width=\"577\" height=\"433\" srcset=\"https:\/\/frm-pt.com\/wp-content\/uploads\/2024\/10\/c16aff3a-e9e6-430c-9076-fa3f04a793fe-removebg-preview.png 577w, https:\/\/frm-pt.com\/wp-content\/uploads\/2024\/10\/c16aff3a-e9e6-430c-9076-fa3f04a793fe-removebg-preview-300x225.png 300w\" sizes=\"(max-width: 577px) 100vw, 577px\" \/><\/p>\n<div dir=\"auto\" style=\"text-align: center;\">\u2b50\u2b50\u2b50\u2b50\u2b50(5.9)<\/div>\n<p style=\"text-align: center;\"><em>\u2705Fazemos envios \u00e1 cobran\u00e7a para todo Portugal Continental . com\u00a0 c\u00f3digo de rastreo online.\u00a0<\/em><\/p>\n<p style=\"text-align: center;\"><em>\u2705Voc\u00ea somente paga o valor descrito em nosso site, fique tranquilo, n\u00e3o haver\u00e1 cobran\u00e7as adicionais de taxas ou impostos.<\/em><\/p>\n<p style=\"text-align: center;\"><em>\u2705Prazo m\u00e9dio para entrega \u00e9 de 24h a 48h ap\u00f3s o seu pedido.<\/em><\/p>\n<p style=\"text-align: center;\"><em>\u2705Site protegido com os melhores certificados de seguran\u00e7a.<\/em><\/p>\n<p>&nbsp;<\/p>\n<p>&nbsp;<\/p>\n<p>&nbsp;<\/p>\n<p>&nbsp;<\/p>\n<p>&nbsp;<\/p>","protected":false},"excerpt":{"rendered":"<p>\ud83d\ude9b\u00a0 Envios \u00e1 Cobran\u00e7a<\/p>\n<p>\ud83d\ude9b Entregas em 24h a 48h<\/p>","protected":false},"featured_media":2527,"template":"","meta":{"nf_dc_page":"","site-sidebar-layout":"default","site-content-layout":"","ast-site-content-layout":"default","site-content-style":"default","site-sidebar-style":"default","ast-global-header-display":"","ast-banner-title-visibility":"","ast-main-header-display":"","ast-hfb-above-header-display":"","ast-hfb-below-header-display":"","ast-hfb-mobile-header-display":"","site-post-title":"","ast-breadcrumbs-content":"","ast-featured-img":"","footer-sml-layout":"","ast-disable-related-posts":"","theme-transparent-header-meta":"default","adv-header-id-meta":"","stick-header-meta":"","header-above-stick-meta":"","header-main-stick-meta":"","header-below-stick-meta":"","astra-migrate-meta-layouts":"set","ast-page-background-enabled":"default","ast-page-background-meta":{"desktop":{"background-color":"","background-image":"","background-repeat":"repeat","background-position":"center center","background-size":"auto","background-attachment":"scroll","background-type":"","background-media":"","overlay-type":"","overlay-color":"","overlay-opacity":"","overlay-gradient":""},"tablet":{"background-color":"","background-image":"","background-repeat":"repeat","background-position":"center center","background-size":"auto","background-attachment":"scroll","background-type":"","background-media":"","overlay-type":"","overlay-color":"","overlay-opacity":"","overlay-gradient":""},"mobile":{"background-color":"","background-image":"","background-repeat":"repeat","background-position":"center center","background-size":"auto","background-attachment":"scroll","background-type":"","background-media":"","overlay-type":"","overlay-color":"","overlay-opacity":"","overlay-gradient":""}},"ast-content-background-meta":{"desktop":{"background-color":"var(--ast-global-color-5)","background-image":"","background-repeat":"repeat","background-position":"center center","background-size":"auto","background-attachment":"scroll","background-type":"","background-media":"","overlay-type":"","overlay-color":"","overlay-opacity":"","overlay-gradient":""},"tablet":{"background-color":"var(--ast-global-color-5)","background-image":"","background-repeat":"repeat","background-position":"center center","background-size":"auto","background-attachment":"scroll","background-type":"","background-media":"","overlay-type":"","overlay-color":"","overlay-opacity":"","overlay-gradient":""},"mobile":{"background-color":"var(--ast-global-color-5)","background-image":"","background-repeat":"repeat","background-position":"center center","background-size":"auto","background-attachment":"scroll","background-type":"","background-media":"","overlay-type":"","overlay-color":"","overlay-opacity":"","overlay-gradient":""}}},"product_brand":[],"product_cat":[37,34],"product_tag":[],"class_list":{"0":"post-2523","1":"product","2":"type-product","3":"status-publish","4":"has-post-thumbnail","6":"product_cat-ferramentas","7":"product_cat-maquinas-de-baterias","8":"desktop-align-left","9":"tablet-align-left","10":"mobile-align-left","12":"first","13":"instock","14":"sale","15":"shipping-taxable","16":"purchasable","17":"product-type-simple"},"_links":{"self":[{"href":"https:\/\/frm-pt.com\/en\/wp-json\/wp\/v2\/product\/2523","targetHints":{"allow":["GET"]}}],"collection":[{"href":"https:\/\/frm-pt.com\/en\/wp-json\/wp\/v2\/product"}],"about":[{"href":"https:\/\/frm-pt.com\/en\/wp-json\/wp\/v2\/types\/product"}],"wp:featuredmedia":[{"embeddable":true,"href":"https:\/\/frm-pt.com\/en\/wp-json\/wp\/v2\/media\/2527"}],"wp:attachment":[{"href":"https:\/\/frm-pt.com\/en\/wp-json\/wp\/v2\/media?parent=2523"}],"wp:term":[{"taxonomy":"product_brand","embeddable":true,"href":"https:\/\/frm-pt.com\/en\/wp-json\/wp\/v2\/product_brand?post=2523"},{"taxonomy":"product_cat","embeddable":true,"href":"https:\/\/frm-pt.com\/en\/wp-json\/wp\/v2\/product_cat?post=2523"},{"taxonomy":"product_tag","embeddable":true,"href":"https:\/\/frm-pt.com\/en\/wp-json\/wp\/v2\/product_tag?post=2523"}],"curies":[{"name":"wp","href":"https:\/\/api.w.org\/{rel}","templated":true}]}}