{"id":2519,"date":"2024-10-11T11:39:10","date_gmt":"2024-10-11T11:39:10","guid":{"rendered":"https:\/\/frm-pt.com\/?post_type=product&#038;p=2519"},"modified":"2024-10-12T20:47:55","modified_gmt":"2024-10-12T20:47:55","slug":"furadeira-de-impacto-destman-dt-51500","status":"publish","type":"product","link":"https:\/\/frm-pt.com\/en\/product\/furadeira-de-impacto-destman-dt-51500\/","title":{"rendered":"Martelo rotativo multifuncional Destman DT-51500"},"content":{"rendered":"<h6 class=\"a-size-large a-spacing-none\" style=\"text-align: center;\"><span class=\"a-size-large product-title-word-break\">Martelo rotativo multifuncional <\/span><span class=\"Y2IQFc\" lang=\"pt\">Destman DT-51500<\/span><\/h6>\n<p style=\"text-align: center;\">Recursos exclusivos:<\/p>\n<p style=\"text-align: center;\">\u2022 Pot\u00eancia extraordin\u00e1ria de 1500 W para trabalhos extremos<\/p>\n<p style=\"text-align: center;\">\u2022 Fun\u00e7\u00e3o de percuss\u00e3o para alvenaria e concreto<\/p>\n<p style=\"text-align: center;\">\u2022 Dimens\u00f5es 385x100x260 mm: robustez e controle<\/p>\n<p style=\"text-align: center;\">Caracter\u00edsticas t\u00e9cnicas:<\/p>\n<p style=\"text-align: center;\">Pot\u00eancia: 1500W<\/p>\n<p style=\"text-align: center;\">Velocidade sem carga: 300-800 rpm<\/p>\n<p style=\"text-align: center;\">Taxa de impacto: 1500-400 bpm<\/p>\n<p style=\"text-align: center;\">Energia de impacto por tiro: 4,9 J<\/p>\n<p style=\"text-align: center;\">Fonte de alimenta\u00e7\u00e3o: CA 230-240 V-50 Hz<\/p>\n<p style=\"text-align: center;\">Dimens\u00f5es (mm): 385x100x260<\/p>\n<p style=\"text-align: center;\">3 brocas: 8-10-12x150mm<\/p>\n<p style=\"text-align: center;\">Ponta plana do cinzel: 14x230mm<\/p>\n<p style=\"text-align: center;\">Ponta pontiaguda do cinzel: 14x230mm<\/p>\n<p style=\"text-align: center;\">\u00d3leo lubrificante<\/p>\n<p style=\"text-align: center;\">Copo de p\u00f3<\/p>\n<p style=\"text-align: center;\">Parada profunda<\/p>\n<p style=\"text-align: center;\">Chave inglesa<\/p>\n<p style=\"text-align: center;\">Perfura\u00e7\u00e3o &#8211; Perfura\u00e7\u00e3o por percuss\u00e3o &#8211; Cinzel &#8211; Ajuste da posi\u00e7\u00e3o do cinzel<\/p>\n<p><img fetchpriority=\"high\" decoding=\"async\" class=\"aligncenter wp-image-2522 size-full\" src=\"https:\/\/frm-pt.com\/wp-content\/uploads\/2024\/10\/trapano-a-percussione-1500w-destman-dt-51500.jpg\" alt=\"\" width=\"800\" height=\"800\" srcset=\"https:\/\/frm-pt.com\/wp-content\/uploads\/2024\/10\/trapano-a-percussione-1500w-destman-dt-51500.jpg 800w, https:\/\/frm-pt.com\/wp-content\/uploads\/2024\/10\/trapano-a-percussione-1500w-destman-dt-51500-300x300.jpg 300w, https:\/\/frm-pt.com\/wp-content\/uploads\/2024\/10\/trapano-a-percussione-1500w-destman-dt-51500-150x150.jpg 150w, https:\/\/frm-pt.com\/wp-content\/uploads\/2024\/10\/trapano-a-percussione-1500w-destman-dt-51500-768x768.jpg 768w, https:\/\/frm-pt.com\/wp-content\/uploads\/2024\/10\/trapano-a-percussione-1500w-destman-dt-51500-600x600.jpg 600w, https:\/\/frm-pt.com\/wp-content\/uploads\/2024\/10\/trapano-a-percussione-1500w-destman-dt-51500-100x100.jpg 100w\" sizes=\"(max-width: 800px) 100vw, 800px\" \/><\/p>\n<p><img decoding=\"async\" class=\"aligncenter wp-image-2521\" src=\"https:\/\/frm-pt.com\/wp-content\/uploads\/2024\/10\/Captura-de-ecra-2024-10-11-122245.png\" alt=\"\" width=\"891\" height=\"663\" srcset=\"https:\/\/frm-pt.com\/wp-content\/uploads\/2024\/10\/Captura-de-ecra-2024-10-11-122245.png 1024w, https:\/\/frm-pt.com\/wp-content\/uploads\/2024\/10\/Captura-de-ecra-2024-10-11-122245-300x223.png 300w, https:\/\/frm-pt.com\/wp-content\/uploads\/2024\/10\/Captura-de-ecra-2024-10-11-122245-768x572.png 768w, https:\/\/frm-pt.com\/wp-content\/uploads\/2024\/10\/Captura-de-ecra-2024-10-11-122245-600x446.png 600w\" sizes=\"(max-width: 891px) 100vw, 891px\" \/><\/p>\n<p><img decoding=\"async\" class=\"aligncenter wp-image-2520\" src=\"https:\/\/frm-pt.com\/wp-content\/uploads\/2024\/10\/1132a359-7197-4fb1-81f4-396ccdd14d03-removebg-preview.png\" alt=\"\" width=\"811\" height=\"609\" srcset=\"https:\/\/frm-pt.com\/wp-content\/uploads\/2024\/10\/1132a359-7197-4fb1-81f4-396ccdd14d03-removebg-preview.png 577w, https:\/\/frm-pt.com\/wp-content\/uploads\/2024\/10\/1132a359-7197-4fb1-81f4-396ccdd14d03-removebg-preview-300x225.png 300w\" sizes=\"(max-width: 811px) 100vw, 811px\" \/><\/p>\n<p style=\"text-align: center;\">\u2b50\u2b50\u2b50\u2b50\u2b50(5.4)<\/p>\n<p style=\"text-align: center;\"><em>\u2705Fazemos envios \u00e1 cobran\u00e7a para todo Portugal Continental . com\u00a0 c\u00f3digo de rastreo online.\u00a0<\/em><\/p>\n<p style=\"text-align: center;\"><em>\u2705Voc\u00ea somente paga o valor descrito em nosso site, fique tranquilo, n\u00e3o haver\u00e1 cobran\u00e7as adicionais de taxas ou impostos.<\/em><\/p>\n<p style=\"text-align: center;\"><em>\u2705Prazo m\u00e9dio para entrega \u00e9 de 24h a 48h ap\u00f3s o seu pedido.<\/em><\/p>\n<p style=\"text-align: center;\"><em>\u2705Site protegido com os melhores certificados de seguran\u00e7a.<\/em><\/p>\n<p>&nbsp;<\/p>\n<p>&nbsp;<\/p>\n<p>&nbsp;<\/p>\n<p>&nbsp;<\/p>","protected":false},"excerpt":{"rendered":"<p>\ud83d\ude9b\u00a0 Envios \u00e1 Cobran\u00e7a<\/p>\n<p>\ud83d\ude9b Entregas em 24h a 48h<\/p>","protected":false},"featured_media":2521,"template":"","meta":{"nf_dc_page":"","site-sidebar-layout":"default","site-content-layout":"","ast-site-content-layout":"default","site-content-style":"default","site-sidebar-style":"default","ast-global-header-display":"","ast-banner-title-visibility":"","ast-main-header-display":"","ast-hfb-above-header-display":"","ast-hfb-below-header-display":"","ast-hfb-mobile-header-display":"","site-post-title":"","ast-breadcrumbs-content":"","ast-featured-img":"","footer-sml-layout":"","ast-disable-related-posts":"","theme-transparent-header-meta":"default","adv-header-id-meta":"","stick-header-meta":"","header-above-stick-meta":"","header-main-stick-meta":"","header-below-stick-meta":"","astra-migrate-meta-layouts":"set","ast-page-background-enabled":"default","ast-page-background-meta":{"desktop":{"background-color":"","background-image":"","background-repeat":"repeat","background-position":"center center","background-size":"auto","background-attachment":"scroll","background-type":"","background-media":"","overlay-type":"","overlay-color":"","overlay-opacity":"","overlay-gradient":""},"tablet":{"background-color":"","background-image":"","background-repeat":"repeat","background-position":"center center","background-size":"auto","background-attachment":"scroll","background-type":"","background-media":"","overlay-type":"","overlay-color":"","overlay-opacity":"","overlay-gradient":""},"mobile":{"background-color":"","background-image":"","background-repeat":"repeat","background-position":"center center","background-size":"auto","background-attachment":"scroll","background-type":"","background-media":"","overlay-type":"","overlay-color":"","overlay-opacity":"","overlay-gradient":""}},"ast-content-background-meta":{"desktop":{"background-color":"var(--ast-global-color-5)","background-image":"","background-repeat":"repeat","background-position":"center center","background-size":"auto","background-attachment":"scroll","background-type":"","background-media":"","overlay-type":"","overlay-color":"","overlay-opacity":"","overlay-gradient":""},"tablet":{"background-color":"var(--ast-global-color-5)","background-image":"","background-repeat":"repeat","background-position":"center center","background-size":"auto","background-attachment":"scroll","background-type":"","background-media":"","overlay-type":"","overlay-color":"","overlay-opacity":"","overlay-gradient":""},"mobile":{"background-color":"var(--ast-global-color-5)","background-image":"","background-repeat":"repeat","background-position":"center center","background-size":"auto","background-attachment":"scroll","background-type":"","background-media":"","overlay-type":"","overlay-color":"","overlay-opacity":"","overlay-gradient":""}}},"product_brand":[],"product_cat":[37,34],"product_tag":[],"class_list":{"0":"post-2519","1":"product","2":"type-product","3":"status-publish","4":"has-post-thumbnail","6":"product_cat-ferramentas","7":"product_cat-maquinas-de-baterias","8":"desktop-align-left","9":"tablet-align-left","10":"mobile-align-left","12":"first","13":"instock","14":"sale","15":"shipping-taxable","16":"purchasable","17":"product-type-simple"},"_links":{"self":[{"href":"https:\/\/frm-pt.com\/en\/wp-json\/wp\/v2\/product\/2519","targetHints":{"allow":["GET"]}}],"collection":[{"href":"https:\/\/frm-pt.com\/en\/wp-json\/wp\/v2\/product"}],"about":[{"href":"https:\/\/frm-pt.com\/en\/wp-json\/wp\/v2\/types\/product"}],"wp:featuredmedia":[{"embeddable":true,"href":"https:\/\/frm-pt.com\/en\/wp-json\/wp\/v2\/media\/2521"}],"wp:attachment":[{"href":"https:\/\/frm-pt.com\/en\/wp-json\/wp\/v2\/media?parent=2519"}],"wp:term":[{"taxonomy":"product_brand","embeddable":true,"href":"https:\/\/frm-pt.com\/en\/wp-json\/wp\/v2\/product_brand?post=2519"},{"taxonomy":"product_cat","embeddable":true,"href":"https:\/\/frm-pt.com\/en\/wp-json\/wp\/v2\/product_cat?post=2519"},{"taxonomy":"product_tag","embeddable":true,"href":"https:\/\/frm-pt.com\/en\/wp-json\/wp\/v2\/product_tag?post=2519"}],"curies":[{"name":"wp","href":"https:\/\/api.w.org\/{rel}","templated":true}]}}