{"id":2477,"date":"2024-10-07T20:03:33","date_gmt":"2024-10-07T20:03:33","guid":{"rendered":"https:\/\/frm-pt.com\/?post_type=product&#038;p=2477"},"modified":"2024-10-07T20:15:34","modified_gmt":"2024-10-07T20:15:34","slug":"aparelho-de-soldar-300a-inverter-dw-300mma-profissional","status":"publish","type":"product","link":"https:\/\/frm-pt.com\/en\/product\/aparelho-de-soldar-300a-inverter-dw-300mma-profissional\/","title":{"rendered":"Aparelho de Soldar 300A Inverter DW-300MMA Profissional"},"content":{"rendered":"<p style=\"text-align: center;\">Descri\u00e7\u00e3o:<\/p>\n<p style=\"text-align: center;\">Poderoso soldador inversor com tecnologia avan\u00e7ada<br \/>\nProte\u00e7\u00e3o de sobrecarga<br \/>\nAnti-stick, Arc force, bot\u00e3o Quickstart<br \/>\nmotor-gerador<br \/>\nVisor LCD de amperagem<br \/>\nExcelente estabilidade do arco<br \/>\nFerramenta de trabalho confi\u00e1vel para profissionais ou uso pessoal<br \/>\nCompensa\u00e7\u00e3o autom\u00e1tica para flutua\u00e7\u00e3o de tens\u00e3o<br \/>\nProte\u00e7\u00e3o contra sobretens\u00e3o e prote\u00e7\u00e3o contra subtens\u00e3o<br \/>\nProte\u00e7\u00e3o contra sobrecorrente e prote\u00e7\u00e3o contra sobrecarga<br \/>\nProte\u00e7\u00e3o termost\u00e1tica<br \/>\nConect\u00e1vel ao gerador de energia<br \/>\nVentila\u00e7\u00e3o de Resfriamento de Ar<br \/>\nControle de alimenta\u00e7\u00e3o de arame<br \/>\nPeso leve port\u00e1til com prote\u00e7\u00e3o t\u00e9rmica, equipado com regulador de controle de velocidade.<br \/>\nExcelente a\u00e7\u00e3o de arco fora de posi\u00e7\u00e3o e ampla faixa de tens\u00e3o.<br \/>\nO visor permite predefini\u00e7\u00f5es para precis\u00e3o e controle adicionais.<br \/>\nO fus\u00edvel de reinicializa\u00e7\u00e3o autom\u00e1tica protege a m\u00e1quina contra sobrecorrentes de entrada e reinicializa\u00e7\u00f5es autom\u00e1ticas sem nenhuma troca dif\u00edcil de fus\u00edvel.<br \/>\nExcelente para projetos dom\u00e9sticos e diversos reparos, perfeito para oficinas de autom\u00f3veis, fazendas e pequenas oficinas de soldagem.<br \/>\nAcess\u00f3rios: M\u00e1scara, Grampo de Terra, Escova, Suporte de Soldagem<\/p>\n<p style=\"text-align: center;\">Especifica\u00e7\u00f5es:<\/p>\n<p style=\"text-align: center;\">Material: A\u00e7o<br \/>\nTens\u00e3o da fonte de alimenta\u00e7\u00e3o: 220VV 50Hz<br \/>\nCorrente: 300Amp<br \/>\nEletrodo: 1,6-4,0 mm<br \/>\nCabo de extens\u00e3o: 50 metros<br \/>\nGrau de prote\u00e7\u00e3o\/isolamento da carca\u00e7a: IP21S<br \/>\nCiclo de trabalho: 60% EN60974-1<\/p>\n<p style=\"text-align: center;\"><img fetchpriority=\"high\" decoding=\"async\" class=\"aligncenter wp-image-2480 size-full\" src=\"https:\/\/frm-pt.com\/wp-content\/uploads\/2024\/10\/Captura-de-ecra-2024-10-07-124248.png\" alt=\"\" width=\"567\" height=\"795\" srcset=\"https:\/\/frm-pt.com\/wp-content\/uploads\/2024\/10\/Captura-de-ecra-2024-10-07-124248.png 567w, https:\/\/frm-pt.com\/wp-content\/uploads\/2024\/10\/Captura-de-ecra-2024-10-07-124248-214x300.png 214w\" sizes=\"(max-width: 567px) 100vw, 567px\" \/><img decoding=\"async\" class=\"aligncenter wp-image-2481 size-full\" src=\"https:\/\/frm-pt.com\/wp-content\/uploads\/2024\/10\/Captura-de-ecra-2024-10-07-123158.png\" alt=\"\" width=\"652\" height=\"721\" srcset=\"https:\/\/frm-pt.com\/wp-content\/uploads\/2024\/10\/Captura-de-ecra-2024-10-07-123158.png 652w, https:\/\/frm-pt.com\/wp-content\/uploads\/2024\/10\/Captura-de-ecra-2024-10-07-123158-271x300.png 271w, https:\/\/frm-pt.com\/wp-content\/uploads\/2024\/10\/Captura-de-ecra-2024-10-07-123158-600x663.png 600w\" sizes=\"(max-width: 652px) 100vw, 652px\" \/><img decoding=\"async\" class=\"aligncenter wp-image-2482 size-full\" src=\"https:\/\/frm-pt.com\/wp-content\/uploads\/2024\/10\/Captura-de-ecra-2024-10-07-123401.png\" alt=\"\" width=\"668\" height=\"677\" srcset=\"https:\/\/frm-pt.com\/wp-content\/uploads\/2024\/10\/Captura-de-ecra-2024-10-07-123401.png 668w, https:\/\/frm-pt.com\/wp-content\/uploads\/2024\/10\/Captura-de-ecra-2024-10-07-123401-296x300.png 296w, https:\/\/frm-pt.com\/wp-content\/uploads\/2024\/10\/Captura-de-ecra-2024-10-07-123401-600x608.png 600w, https:\/\/frm-pt.com\/wp-content\/uploads\/2024\/10\/Captura-de-ecra-2024-10-07-123401-100x100.png 100w\" sizes=\"(max-width: 668px) 100vw, 668px\" \/><img loading=\"lazy\" decoding=\"async\" class=\"aligncenter wp-image-2479 size-full\" src=\"https:\/\/frm-pt.com\/wp-content\/uploads\/2024\/10\/Captura-de-ecra-2024-10-07-123600.png\" alt=\"\" width=\"672\" height=\"671\" srcset=\"https:\/\/frm-pt.com\/wp-content\/uploads\/2024\/10\/Captura-de-ecra-2024-10-07-123600.png 672w, https:\/\/frm-pt.com\/wp-content\/uploads\/2024\/10\/Captura-de-ecra-2024-10-07-123600-300x300.png 300w, https:\/\/frm-pt.com\/wp-content\/uploads\/2024\/10\/Captura-de-ecra-2024-10-07-123600-150x150.png 150w, https:\/\/frm-pt.com\/wp-content\/uploads\/2024\/10\/Captura-de-ecra-2024-10-07-123600-600x599.png 600w, https:\/\/frm-pt.com\/wp-content\/uploads\/2024\/10\/Captura-de-ecra-2024-10-07-123600-100x100.png 100w\" sizes=\"(max-width: 672px) 100vw, 672px\" \/><\/p>\n<p style=\"text-align: center;\">\u2b50\u2b50\u2b50\u2b50\u2b50(5.8)<\/p>\n<p style=\"text-align: center;\"><em>\u2705Fazemos envios \u00e1 cobran\u00e7a para todo Portugal Continental . com\u00a0 c\u00f3digo de rastreo online.\u00a0<\/em><\/p>\n<p style=\"text-align: center;\"><em>\u2705Voc\u00ea somente paga o valor descrito em nosso site, fique tranquilo, n\u00e3o haver\u00e1 cobran\u00e7as adicionais de taxas ou impostos.<\/em><\/p>\n<p style=\"text-align: center;\"><em>\u2705Prazo m\u00e9dio para entrega \u00e9 de 24h a 48h ap\u00f3s o seu pedido.<\/em><\/p>\n<p style=\"text-align: center;\"><em>\u2705Site protegido com os melhores certificados de seguran\u00e7a.<\/em><\/p>","protected":false},"excerpt":{"rendered":"<p>\ud83d\ude9b\u00a0 Envios \u00e1 Cobran\u00e7a<\/p>\n<p>\ud83d\ude9b Entregas em 24h a 48h<\/p>","protected":false},"featured_media":2484,"template":"","meta":{"nf_dc_page":"","site-sidebar-layout":"default","site-content-layout":"","ast-site-content-layout":"default","site-content-style":"default","site-sidebar-style":"default","ast-global-header-display":"","ast-banner-title-visibility":"","ast-main-header-display":"","ast-hfb-above-header-display":"","ast-hfb-below-header-display":"","ast-hfb-mobile-header-display":"","site-post-title":"","ast-breadcrumbs-content":"","ast-featured-img":"","footer-sml-layout":"","ast-disable-related-posts":"","theme-transparent-header-meta":"default","adv-header-id-meta":"","stick-header-meta":"","header-above-stick-meta":"","header-main-stick-meta":"","header-below-stick-meta":"","astra-migrate-meta-layouts":"set","ast-page-background-enabled":"default","ast-page-background-meta":{"desktop":{"background-color":"","background-image":"","background-repeat":"repeat","background-position":"center center","background-size":"auto","background-attachment":"scroll","background-type":"","background-media":"","overlay-type":"","overlay-color":"","overlay-opacity":"","overlay-gradient":""},"tablet":{"background-color":"","background-image":"","background-repeat":"repeat","background-position":"center center","background-size":"auto","background-attachment":"scroll","background-type":"","background-media":"","overlay-type":"","overlay-color":"","overlay-opacity":"","overlay-gradient":""},"mobile":{"background-color":"","background-image":"","background-repeat":"repeat","background-position":"center center","background-size":"auto","background-attachment":"scroll","background-type":"","background-media":"","overlay-type":"","overlay-color":"","overlay-opacity":"","overlay-gradient":""}},"ast-content-background-meta":{"desktop":{"background-color":"var(--ast-global-color-5)","background-image":"","background-repeat":"repeat","background-position":"center center","background-size":"auto","background-attachment":"scroll","background-type":"","background-media":"","overlay-type":"","overlay-color":"","overlay-opacity":"","overlay-gradient":""},"tablet":{"background-color":"var(--ast-global-color-5)","background-image":"","background-repeat":"repeat","background-position":"center center","background-size":"auto","background-attachment":"scroll","background-type":"","background-media":"","overlay-type":"","overlay-color":"","overlay-opacity":"","overlay-gradient":""},"mobile":{"background-color":"var(--ast-global-color-5)","background-image":"","background-repeat":"repeat","background-position":"center center","background-size":"auto","background-attachment":"scroll","background-type":"","background-media":"","overlay-type":"","overlay-color":"","overlay-opacity":"","overlay-gradient":""}}},"product_brand":[],"product_cat":[30,37],"product_tag":[],"class_list":{"0":"post-2477","1":"product","2":"type-product","3":"status-publish","4":"has-post-thumbnail","6":"product_cat-aparelhos-de-soldar","7":"product_cat-ferramentas","8":"desktop-align-left","9":"tablet-align-left","10":"mobile-align-left","12":"first","13":"instock","14":"sale","15":"shipping-taxable","16":"purchasable","17":"product-type-simple"},"_links":{"self":[{"href":"https:\/\/frm-pt.com\/en\/wp-json\/wp\/v2\/product\/2477","targetHints":{"allow":["GET"]}}],"collection":[{"href":"https:\/\/frm-pt.com\/en\/wp-json\/wp\/v2\/product"}],"about":[{"href":"https:\/\/frm-pt.com\/en\/wp-json\/wp\/v2\/types\/product"}],"wp:featuredmedia":[{"embeddable":true,"href":"https:\/\/frm-pt.com\/en\/wp-json\/wp\/v2\/media\/2484"}],"wp:attachment":[{"href":"https:\/\/frm-pt.com\/en\/wp-json\/wp\/v2\/media?parent=2477"}],"wp:term":[{"taxonomy":"product_brand","embeddable":true,"href":"https:\/\/frm-pt.com\/en\/wp-json\/wp\/v2\/product_brand?post=2477"},{"taxonomy":"product_cat","embeddable":true,"href":"https:\/\/frm-pt.com\/en\/wp-json\/wp\/v2\/product_cat?post=2477"},{"taxonomy":"product_tag","embeddable":true,"href":"https:\/\/frm-pt.com\/en\/wp-json\/wp\/v2\/product_tag?post=2477"}],"curies":[{"name":"wp","href":"https:\/\/api.w.org\/{rel}","templated":true}]}}