{"id":2431,"date":"2024-10-03T18:58:30","date_gmt":"2024-10-03T18:58:30","guid":{"rendered":"https:\/\/frm-pt.com\/?post_type=product&#038;p=2431"},"modified":"2024-10-03T19:06:15","modified_gmt":"2024-10-03T19:06:15","slug":"maquina-de-impacto-36v-2-baterias","status":"publish","type":"product","link":"https:\/\/frm-pt.com\/en\/product\/maquina-de-impacto-36v-2-baterias\/","title":{"rendered":"M\u00e1quina de Impacto 36v 2 Baterias"},"content":{"rendered":"<h6 style=\"text-align: center;\">Chave de impacto 36v 2 Baterias:<\/h6>\n<p style=\"text-align: center;\">Esta chave de impacto sem fio KRAFTMULLER de 36 volts de \u00edon de l\u00edtio de 1\/2 polegada bigorna quadrada autom\u00e1tica<br \/>\na chave de impacto permite-lhe apertar ou soltar v\u00e1rias porcas e parafusos do carro e andaime,<br \/>\nAmplamente utilizado para aplica\u00e7\u00f5es di\u00e1rias ou pesadas em ambientes internos ou externos.<br \/>\nMotor sem escovas: Built-in brushless motor, permite que esta ferramenta para funcionar mais frio e muito mais.<br \/>\nDe forma eficiente, otimiza o uso de energia da bateria para um tempo de funcionamento at\u00e9 50% maior por carga.<br \/>\nAlto Torque &amp; Multi-Velocidade: Fornece at\u00e9 29,20 lb-ft de torque m\u00e1ximo com 2 velocidades (0-<br \/>\n1.500 rpm m\u00e1x e 0-2.800 IPM m\u00e1x).<\/p>\n<p style=\"text-align: center;\">Conjunto de 2 baterias: Bateria de longa dura\u00e7\u00e3o com capacidade real de 4.0Ah, d\u00e1-lhe tempo de servi\u00e7o suficiente.<br \/>\ne reduzir a frequ\u00eancia de carregamento. O pacote inclui 2 baterias, boas para substitui\u00e7\u00e3o e<br \/>\nO indicador LED ajuda-o a conhecer facilmente\u00a0 e<br \/>\nrecarregue-os a tempo.<br \/>\nConte\u00fado da embalagem: 1 chave de impacto, 2 baterias, 6<br \/>\nSoquetes (14mm\/17mm\/18mm\/19mm\/21mm\/22mm Socket,), 1 Carregador de Bateria, 2 Bateria, 1<br \/>\nManual do utilizador e 1 estojo de transporte..<br \/>\nVeja mais detalhes do produto:<br \/>\nQuantidade de bateria: 2pcs<br \/>\nMaterial principal: Bateria de pl\u00e1stico + metal: 36V, 1300mAh<br \/>\nTorque m\u00e1ximo: 28N.m<br \/>\nVelocidade sem carga: 1450rmp<br \/>\nChuck: 2-10 mm<br \/>\nTamanho da furadeira de energia: 185 * 180 * 55mm \/ 7.3 * 7.1 * 2.2in<br \/>\nPeso da furadeira: 808 g \/ 1,8 lbs<br \/>\nTamanho do pacote: 275 * 250 * 65mm \/ 10.8 * 9.8 * 2.6in<br \/>\nPeso da embalagem:<br \/>\n1 bateria: 1.305 g \/ 2,9 lbs<br \/>\nLista de embalagem:<br \/>\n1 chave de impacto<br \/>\n2 Baterias<br \/>\n6 tomadas (tomada 14 mm \/ 17 mm \/ 18 mm \/ 19 mm \/ 21 mm \/ 22 mm)<br \/>\n1 x carregador de bateria<br \/>\n1 x Manual do Utilizador<br \/>\n1 estojo de transporte<br \/>\n1 furadeira<br \/>\n1 adaptador<br \/>\n2 tomadas<\/p>\n<p><img fetchpriority=\"high\" decoding=\"async\" class=\"aligncenter wp-image-2433 size-full\" src=\"https:\/\/frm-pt.com\/wp-content\/uploads\/2024\/10\/Captura-de-ecra-2024-10-03-193006.png\" alt=\"\" width=\"832\" height=\"788\" srcset=\"https:\/\/frm-pt.com\/wp-content\/uploads\/2024\/10\/Captura-de-ecra-2024-10-03-193006.png 832w, https:\/\/frm-pt.com\/wp-content\/uploads\/2024\/10\/Captura-de-ecra-2024-10-03-193006-300x284.png 300w, https:\/\/frm-pt.com\/wp-content\/uploads\/2024\/10\/Captura-de-ecra-2024-10-03-193006-768x727.png 768w, https:\/\/frm-pt.com\/wp-content\/uploads\/2024\/10\/Captura-de-ecra-2024-10-03-193006-600x568.png 600w\" sizes=\"(max-width: 832px) 100vw, 832px\" \/><\/p>\n<p><img decoding=\"async\" class=\"aligncenter wp-image-2435 size-full\" src=\"https:\/\/frm-pt.com\/wp-content\/uploads\/2024\/10\/Captura-de-ecra-2024-10-03-184635.png\" alt=\"\" width=\"638\" height=\"536\" srcset=\"https:\/\/frm-pt.com\/wp-content\/uploads\/2024\/10\/Captura-de-ecra-2024-10-03-184635.png 638w, https:\/\/frm-pt.com\/wp-content\/uploads\/2024\/10\/Captura-de-ecra-2024-10-03-184635-300x252.png 300w, https:\/\/frm-pt.com\/wp-content\/uploads\/2024\/10\/Captura-de-ecra-2024-10-03-184635-600x504.png 600w\" sizes=\"(max-width: 638px) 100vw, 638px\" \/><\/p>\n<p><img decoding=\"async\" class=\"aligncenter wp-image-2436 size-full\" src=\"https:\/\/frm-pt.com\/wp-content\/uploads\/2024\/10\/Captura-de-ecra-2024-10-03-193438.png\" alt=\"\" width=\"675\" height=\"769\" srcset=\"https:\/\/frm-pt.com\/wp-content\/uploads\/2024\/10\/Captura-de-ecra-2024-10-03-193438.png 675w, https:\/\/frm-pt.com\/wp-content\/uploads\/2024\/10\/Captura-de-ecra-2024-10-03-193438-263x300.png 263w, https:\/\/frm-pt.com\/wp-content\/uploads\/2024\/10\/Captura-de-ecra-2024-10-03-193438-600x684.png 600w\" sizes=\"(max-width: 675px) 100vw, 675px\" \/><\/p>\n<p style=\"text-align: center;\">\u2b50\u2b50\u2b50\u2b50\u2b50(5.3)<\/p>\n<p style=\"text-align: center;\"><em>\u2705Fazemos envios \u00e1 cobran\u00e7a para todo Portugal Continental . com\u00a0 c\u00f3digo de rastreo online.\u00a0<\/em><\/p>\n<p style=\"text-align: center;\"><em>\u2705Voc\u00ea somente paga o valor descrito em nosso site, fique tranquilo, n\u00e3o haver\u00e1 cobran\u00e7as adicionais de taxas ou impostos.<\/em><\/p>\n<p style=\"text-align: center;\"><em>\u2705Prazo m\u00e9dio para entrega \u00e9 de 24h a 48h ap\u00f3s o seu pedido.<\/em><\/p>\n<p style=\"text-align: center;\"><em>\u2705Site protegido com os melhores certificados de seguran\u00e7a.<\/em><\/p>\n<p>&nbsp;<\/p>","protected":false},"excerpt":{"rendered":"<p>\ud83d\ude9b\u00a0 Envios \u00e1 Cobran\u00e7a<\/p>\n<p>\ud83d\ude9b Entregas em 24h a 48h<\/p>","protected":false},"featured_media":2432,"template":"","meta":{"nf_dc_page":"","site-sidebar-layout":"default","site-content-layout":"","ast-site-content-layout":"default","site-content-style":"default","site-sidebar-style":"default","ast-global-header-display":"","ast-banner-title-visibility":"","ast-main-header-display":"","ast-hfb-above-header-display":"","ast-hfb-below-header-display":"","ast-hfb-mobile-header-display":"","site-post-title":"","ast-breadcrumbs-content":"","ast-featured-img":"","footer-sml-layout":"","ast-disable-related-posts":"","theme-transparent-header-meta":"default","adv-header-id-meta":"","stick-header-meta":"","header-above-stick-meta":"","header-main-stick-meta":"","header-below-stick-meta":"","astra-migrate-meta-layouts":"set","ast-page-background-enabled":"default","ast-page-background-meta":{"desktop":{"background-color":"","background-image":"","background-repeat":"repeat","background-position":"center center","background-size":"auto","background-attachment":"scroll","background-type":"","background-media":"","overlay-type":"","overlay-color":"","overlay-opacity":"","overlay-gradient":""},"tablet":{"background-color":"","background-image":"","background-repeat":"repeat","background-position":"center center","background-size":"auto","background-attachment":"scroll","background-type":"","background-media":"","overlay-type":"","overlay-color":"","overlay-opacity":"","overlay-gradient":""},"mobile":{"background-color":"","background-image":"","background-repeat":"repeat","background-position":"center center","background-size":"auto","background-attachment":"scroll","background-type":"","background-media":"","overlay-type":"","overlay-color":"","overlay-opacity":"","overlay-gradient":""}},"ast-content-background-meta":{"desktop":{"background-color":"var(--ast-global-color-5)","background-image":"","background-repeat":"repeat","background-position":"center center","background-size":"auto","background-attachment":"scroll","background-type":"","background-media":"","overlay-type":"","overlay-color":"","overlay-opacity":"","overlay-gradient":""},"tablet":{"background-color":"var(--ast-global-color-5)","background-image":"","background-repeat":"repeat","background-position":"center center","background-size":"auto","background-attachment":"scroll","background-type":"","background-media":"","overlay-type":"","overlay-color":"","overlay-opacity":"","overlay-gradient":""},"mobile":{"background-color":"var(--ast-global-color-5)","background-image":"","background-repeat":"repeat","background-position":"center center","background-size":"auto","background-attachment":"scroll","background-type":"","background-media":"","overlay-type":"","overlay-color":"","overlay-opacity":"","overlay-gradient":""}}},"product_brand":[],"product_cat":[37,34],"product_tag":[],"class_list":{"0":"post-2431","1":"product","2":"type-product","3":"status-publish","4":"has-post-thumbnail","6":"product_cat-ferramentas","7":"product_cat-maquinas-de-baterias","8":"desktop-align-left","9":"tablet-align-left","10":"mobile-align-left","12":"first","13":"instock","14":"sale","15":"shipping-taxable","16":"purchasable","17":"product-type-simple"},"_links":{"self":[{"href":"https:\/\/frm-pt.com\/en\/wp-json\/wp\/v2\/product\/2431","targetHints":{"allow":["GET"]}}],"collection":[{"href":"https:\/\/frm-pt.com\/en\/wp-json\/wp\/v2\/product"}],"about":[{"href":"https:\/\/frm-pt.com\/en\/wp-json\/wp\/v2\/types\/product"}],"wp:featuredmedia":[{"embeddable":true,"href":"https:\/\/frm-pt.com\/en\/wp-json\/wp\/v2\/media\/2432"}],"wp:attachment":[{"href":"https:\/\/frm-pt.com\/en\/wp-json\/wp\/v2\/media?parent=2431"}],"wp:term":[{"taxonomy":"product_brand","embeddable":true,"href":"https:\/\/frm-pt.com\/en\/wp-json\/wp\/v2\/product_brand?post=2431"},{"taxonomy":"product_cat","embeddable":true,"href":"https:\/\/frm-pt.com\/en\/wp-json\/wp\/v2\/product_cat?post=2431"},{"taxonomy":"product_tag","embeddable":true,"href":"https:\/\/frm-pt.com\/en\/wp-json\/wp\/v2\/product_tag?post=2431"}],"curies":[{"name":"wp","href":"https:\/\/api.w.org\/{rel}","templated":true}]}}