{"id":2405,"date":"2024-10-01T14:49:48","date_gmt":"2024-10-01T14:49:48","guid":{"rendered":"https:\/\/frm-pt.com\/?post_type=product&#038;p=2405"},"modified":"2025-03-11T13:11:18","modified_gmt":"2025-03-11T13:11:18","slug":"escada-telescopica-de-aluminio-dobravel-cor-prateada-58-m-29-m-29-m","status":"publish","type":"product","link":"https:\/\/frm-pt.com\/en\/product\/escada-telescopica-de-aluminio-dobravel-cor-prateada-58-m-29-m-29-m\/","title":{"rendered":"Escada telesc\u00f3pica de alum\u00ednio dobr\u00e1vel &#8211; cor prateada &#8211; 2.60 mt"},"content":{"rendered":"<p style=\"text-align: center;\"><strong>Escada telesc\u00f3pica de alum\u00ednio dobr\u00e1vel<\/strong><\/p>\n<p style=\"text-align: center;\">O design dobr\u00e1vel, simples e flex\u00edvel, permitindo tanto um movimento f\u00e1cil como um armazenamento de poupan\u00e7a de espa\u00e7o. Cada sec\u00e7\u00e3o de bloqueio \u00e9 independente uma da outra, por isso pode ser ajustada para alturas apropriadas para diferentes necessidades.<\/p>\n<p>Os degraus da escada multiusos de alum\u00ednio podem ser muito apertados, f\u00e1ceis de armazenar e f\u00e1ceis de transportar de um trabalho para outro.<\/p>\n<p style=\"text-align: center;\">A parte inferior da placa de escada \u00e9 feita de borracha antiderrapante preta, e entre dois degraus adjacentes com um par de fechos. Estes desenhos garantem a sua seguran\u00e7a e s\u00e3o muito fi\u00e1veis.<\/p>\n<p>Cada sec\u00e7\u00e3o foi concebida para abrir e fechar com seguran\u00e7a, sem ferir os dedos.<br \/>\nAs pontas antiderrapantes mant\u00eam-na firmemente no lugar enquanto trabalha, melhorando a sua seguran\u00e7a geral.<\/p>\n<p style=\"text-align: center;\">Tamanho:\u00a0 (2,6M+2,6M),<br \/>\nEscada feita de alum\u00ednio de alta qualidade, anti-ferrugem e dur\u00e1vel. Pode atingir uma capacidade m\u00e1xima de carga de 150 kg.<\/p>\n<p><img fetchpriority=\"high\" decoding=\"async\" class=\"aligncenter wp-image-2408 size-full\" src=\"https:\/\/frm-pt.com\/wp-content\/uploads\/2024\/10\/550x550.jpg\" alt=\"\" width=\"550\" height=\"550\" srcset=\"https:\/\/frm-pt.com\/wp-content\/uploads\/2024\/10\/550x550.jpg 550w, https:\/\/frm-pt.com\/wp-content\/uploads\/2024\/10\/550x550-300x300.jpg 300w, https:\/\/frm-pt.com\/wp-content\/uploads\/2024\/10\/550x550-150x150.jpg 150w, https:\/\/frm-pt.com\/wp-content\/uploads\/2024\/10\/550x550-100x100.jpg 100w\" sizes=\"(max-width: 550px) 100vw, 550px\" \/> <img decoding=\"async\" class=\"aligncenter wp-image-2409 size-full\" src=\"https:\/\/frm-pt.com\/wp-content\/uploads\/2024\/10\/550x569.jpg\" alt=\"\" width=\"550\" height=\"569\" srcset=\"https:\/\/frm-pt.com\/wp-content\/uploads\/2024\/10\/550x569.jpg 550w, https:\/\/frm-pt.com\/wp-content\/uploads\/2024\/10\/550x569-290x300.jpg 290w\" sizes=\"(max-width: 550px) 100vw, 550px\" \/><\/p>\n<p><img decoding=\"async\" class=\"aligncenter wp-image-2411 size-full\" src=\"https:\/\/frm-pt.com\/wp-content\/uploads\/2024\/10\/capture-1662438779-1662438786.jpg\" alt=\"\" width=\"538\" height=\"420\" srcset=\"https:\/\/frm-pt.com\/wp-content\/uploads\/2024\/10\/capture-1662438779-1662438786.jpg 538w, https:\/\/frm-pt.com\/wp-content\/uploads\/2024\/10\/capture-1662438779-1662438786-300x234.jpg 300w\" sizes=\"(max-width: 538px) 100vw, 538px\" \/><\/p>\n<p style=\"text-align: center;\">\u2b50\u2b50\u2b50\u2b50\u2b50(4.9)<\/p>\n<p style=\"text-align: center;\"><em>\u2705Fazemos envios \u00e1 cobran\u00e7a para todo Portugal Continental . com\u00a0 c\u00f3digo de rastreo online.\u00a0<\/em><\/p>\n<p style=\"text-align: center;\"><em>\u2705Voc\u00ea somente paga o valor descrito em nosso site, fique tranquilo, n\u00e3o haver\u00e1 cobran\u00e7as adicionais de taxas ou impostos.<\/em><\/p>\n<p style=\"text-align: center;\"><em>\u2705Prazo m\u00e9dio para entrega \u00e9 de 24h a 48h ap\u00f3s o seu pedido.<\/em><\/p>\n<p style=\"text-align: center;\"><em>\u2705Site protegido com os melhores certificados de seguran\u00e7a.<\/em><\/p>","protected":false},"excerpt":{"rendered":"<p>\ud83d\ude9b\u00a0 Envios \u00e1 Cobran\u00e7a<\/p>\n<p>\ud83d\ude9b Entregas em 24h a 48h<\/p>","protected":false},"featured_media":2412,"template":"","meta":{"nf_dc_page":"","site-sidebar-layout":"default","site-content-layout":"","ast-site-content-layout":"default","site-content-style":"default","site-sidebar-style":"default","ast-global-header-display":"","ast-banner-title-visibility":"","ast-main-header-display":"","ast-hfb-above-header-display":"","ast-hfb-below-header-display":"","ast-hfb-mobile-header-display":"","site-post-title":"","ast-breadcrumbs-content":"","ast-featured-img":"","footer-sml-layout":"","ast-disable-related-posts":"","theme-transparent-header-meta":"default","adv-header-id-meta":"","stick-header-meta":"","header-above-stick-meta":"","header-main-stick-meta":"","header-below-stick-meta":"","astra-migrate-meta-layouts":"set","ast-page-background-enabled":"default","ast-page-background-meta":{"desktop":{"background-color":"","background-image":"","background-repeat":"repeat","background-position":"center center","background-size":"auto","background-attachment":"scroll","background-type":"","background-media":"","overlay-type":"","overlay-color":"","overlay-opacity":"","overlay-gradient":""},"tablet":{"background-color":"","background-image":"","background-repeat":"repeat","background-position":"center center","background-size":"auto","background-attachment":"scroll","background-type":"","background-media":"","overlay-type":"","overlay-color":"","overlay-opacity":"","overlay-gradient":""},"mobile":{"background-color":"","background-image":"","background-repeat":"repeat","background-position":"center center","background-size":"auto","background-attachment":"scroll","background-type":"","background-media":"","overlay-type":"","overlay-color":"","overlay-opacity":"","overlay-gradient":""}},"ast-content-background-meta":{"desktop":{"background-color":"var(--ast-global-color-5)","background-image":"","background-repeat":"repeat","background-position":"center center","background-size":"auto","background-attachment":"scroll","background-type":"","background-media":"","overlay-type":"","overlay-color":"","overlay-opacity":"","overlay-gradient":""},"tablet":{"background-color":"var(--ast-global-color-5)","background-image":"","background-repeat":"repeat","background-position":"center center","background-size":"auto","background-attachment":"scroll","background-type":"","background-media":"","overlay-type":"","overlay-color":"","overlay-opacity":"","overlay-gradient":""},"mobile":{"background-color":"var(--ast-global-color-5)","background-image":"","background-repeat":"repeat","background-position":"center center","background-size":"auto","background-attachment":"scroll","background-type":"","background-media":"","overlay-type":"","overlay-color":"","overlay-opacity":"","overlay-gradient":""}}},"product_brand":[],"product_cat":[33],"product_tag":[],"class_list":{"0":"post-2405","1":"product","2":"type-product","3":"status-publish","4":"has-post-thumbnail","6":"product_cat-escadas-telescopicas","7":"desktop-align-left","8":"tablet-align-left","9":"mobile-align-left","11":"first","12":"instock","13":"sale","14":"shipping-taxable","15":"purchasable","16":"product-type-simple"},"_links":{"self":[{"href":"https:\/\/frm-pt.com\/en\/wp-json\/wp\/v2\/product\/2405","targetHints":{"allow":["GET"]}}],"collection":[{"href":"https:\/\/frm-pt.com\/en\/wp-json\/wp\/v2\/product"}],"about":[{"href":"https:\/\/frm-pt.com\/en\/wp-json\/wp\/v2\/types\/product"}],"wp:featuredmedia":[{"embeddable":true,"href":"https:\/\/frm-pt.com\/en\/wp-json\/wp\/v2\/media\/2412"}],"wp:attachment":[{"href":"https:\/\/frm-pt.com\/en\/wp-json\/wp\/v2\/media?parent=2405"}],"wp:term":[{"taxonomy":"product_brand","embeddable":true,"href":"https:\/\/frm-pt.com\/en\/wp-json\/wp\/v2\/product_brand?post=2405"},{"taxonomy":"product_cat","embeddable":true,"href":"https:\/\/frm-pt.com\/en\/wp-json\/wp\/v2\/product_cat?post=2405"},{"taxonomy":"product_tag","embeddable":true,"href":"https:\/\/frm-pt.com\/en\/wp-json\/wp\/v2\/product_tag?post=2405"}],"curies":[{"name":"wp","href":"https:\/\/api.w.org\/{rel}","templated":true}]}}