{"id":2355,"date":"2024-09-24T13:46:31","date_gmt":"2024-09-24T13:46:31","guid":{"rendered":"https:\/\/frm-pt.com\/?post_type=product&#038;p=2355"},"modified":"2024-09-24T13:46:31","modified_gmt":"2024-09-24T13:46:31","slug":"rebarbadora-sem-fio-bateria-36v-2ah","status":"publish","type":"product","link":"https:\/\/frm-pt.com\/en\/product\/rebarbadora-sem-fio-bateria-36v-2ah\/","title":{"rendered":"Rebarbadora sem Fio &#8211; Bateria 36v 2AH"},"content":{"rendered":"<p style=\"text-align: center;\"><strong>Rebarbadora sem Fio &#8211; Bateria 36v 2AH<\/strong><\/p>\n<p style=\"text-align: center;\">Ferramenta sem fio recarreg\u00e1vel DW 100mm\/125mm de corte e polimento de madeira e metal com bateria de 1\/2 e amoladora angular sem escovas &#8211; 125 mm Duas baterias<\/p>\n<p class=\"p\" style=\"text-align: center;\" align=\"justify\"><b>Principais recursos:<\/b><b><\/b><\/p>\n<p class=\"p\" style=\"text-align: center;\" align=\"justify\">\u25cf Movimento potente sem escovas, fio de cobre esmaltado resistente a altas temperaturas, prote\u00e7\u00e3o contra sobrecarga, prote\u00e7\u00e3o contra superaquecimento da m\u00e1quina.<\/p>\n<p class=\"p\" style=\"text-align: center;\" align=\"justify\">\u25cf Tampa de prote\u00e7\u00e3o espessada para colocar fa\u00edscas que causam danos por respingo.<\/p>\n<p class=\"p\" style=\"text-align: center;\" align=\"justify\">\u25cf Punho lateral aprimorado, controle mais est\u00e1vel das m\u00e3os.<\/p>\n<p class=\"p\" style=\"text-align: center;\" align=\"justify\">\u25cf Duas velocidades de engrenagem, mudan\u00e7a r\u00e1pida em um segundo.<\/p>\n<p class=\"p\" style=\"text-align: center;\" align=\"justify\">\u25cf Design ergon\u00f4mico, corpo fino e macio, melhor ader\u00eancia \u00e0 palma da m\u00e3o, o trabalho ser\u00e1 mais conveniente.<\/p>\n<p class=\"p\" style=\"text-align: center;\" align=\"justify\">Especifica\u00e7\u00f5es:<\/p>\n<p class=\"p\" style=\"text-align: center;\" align=\"justify\">Material: Liga + pl\u00e1stico + borracha<\/p>\n<p class=\"p\" style=\"text-align: center;\" align=\"justify\">Cor: Amarelo + preto<\/p>\n<p class=\"p\" style=\"text-align: center;\" align=\"justify\">Velocidade sem carga: 20000 rpm<\/p>\n<p class=\"p\" style=\"text-align: center;\" align=\"justify\">Di\u00e2metro de retifica\u00e7\u00e3o \/ fatiamento: 100 mm \/ 125 mm<\/p>\n<p class=\"p\" style=\"text-align: center;\" align=\"justify\">Bateria: Com 1\/2 bateria (opcional)<\/p>\n<p style=\"text-align: center;\" align=\"justify\"><img fetchpriority=\"high\" decoding=\"async\" class=\"aligncenter wp-image-2357 size-full\" src=\"https:\/\/frm-pt.com\/wp-content\/uploads\/2024\/09\/Captura-de-ecra-2024-09-23-204431.png\" alt=\"\" width=\"903\" height=\"888\" srcset=\"https:\/\/frm-pt.com\/wp-content\/uploads\/2024\/09\/Captura-de-ecra-2024-09-23-204431.png 903w, https:\/\/frm-pt.com\/wp-content\/uploads\/2024\/09\/Captura-de-ecra-2024-09-23-204431-300x295.png 300w, https:\/\/frm-pt.com\/wp-content\/uploads\/2024\/09\/Captura-de-ecra-2024-09-23-204431-768x755.png 768w, https:\/\/frm-pt.com\/wp-content\/uploads\/2024\/09\/Captura-de-ecra-2024-09-23-204431-600x590.png 600w\" sizes=\"(max-width: 903px) 100vw, 903px\" \/><\/p>\n<p style=\"text-align: center;\" align=\"justify\">\u00a0<img decoding=\"async\" class=\"aligncenter wp-image-2359 size-full\" src=\"https:\/\/frm-pt.com\/wp-content\/uploads\/2024\/09\/Captura-de-ecra-2024-09-23-204713.png\" alt=\"\" width=\"911\" height=\"907\" srcset=\"https:\/\/frm-pt.com\/wp-content\/uploads\/2024\/09\/Captura-de-ecra-2024-09-23-204713.png 911w, https:\/\/frm-pt.com\/wp-content\/uploads\/2024\/09\/Captura-de-ecra-2024-09-23-204713-300x300.png 300w, https:\/\/frm-pt.com\/wp-content\/uploads\/2024\/09\/Captura-de-ecra-2024-09-23-204713-150x150.png 150w, https:\/\/frm-pt.com\/wp-content\/uploads\/2024\/09\/Captura-de-ecra-2024-09-23-204713-768x765.png 768w, https:\/\/frm-pt.com\/wp-content\/uploads\/2024\/09\/Captura-de-ecra-2024-09-23-204713-600x597.png 600w, https:\/\/frm-pt.com\/wp-content\/uploads\/2024\/09\/Captura-de-ecra-2024-09-23-204713-100x100.png 100w\" sizes=\"(max-width: 911px) 100vw, 911px\" \/><\/p>\n<p align=\"justify\"><img decoding=\"async\" class=\"aligncenter wp-image-2358 size-full\" src=\"https:\/\/frm-pt.com\/wp-content\/uploads\/2024\/09\/Captura-de-ecra-2024-09-23-204636.png\" alt=\"\" width=\"902\" height=\"891\" srcset=\"https:\/\/frm-pt.com\/wp-content\/uploads\/2024\/09\/Captura-de-ecra-2024-09-23-204636.png 902w, https:\/\/frm-pt.com\/wp-content\/uploads\/2024\/09\/Captura-de-ecra-2024-09-23-204636-300x296.png 300w, https:\/\/frm-pt.com\/wp-content\/uploads\/2024\/09\/Captura-de-ecra-2024-09-23-204636-768x759.png 768w, https:\/\/frm-pt.com\/wp-content\/uploads\/2024\/09\/Captura-de-ecra-2024-09-23-204636-600x593.png 600w, https:\/\/frm-pt.com\/wp-content\/uploads\/2024\/09\/Captura-de-ecra-2024-09-23-204636-100x100.png 100w\" sizes=\"(max-width: 902px) 100vw, 902px\" \/><\/p>\n<p style=\"text-align: center;\">\u2b50\u2b50\u2b50\u2b50\u2b50(4.9)<\/p>\n<p style=\"text-align: center;\"><em>\u2705Fazemos envios \u00e1 cobran\u00e7a para todo Portugal Continental . com\u00a0 c\u00f3digo de rastreo online.\u00a0<\/em><\/p>\n<p style=\"text-align: center;\"><em>\u2705Voc\u00ea somente paga o valor descrito em nosso site, fique tranquilo, n\u00e3o haver\u00e1 cobran\u00e7as adicionais de taxas ou impostos.<\/em><\/p>\n<p style=\"text-align: center;\"><em>\u2705Prazo m\u00e9dio para entrega \u00e9 de 24h a 48h ap\u00f3s o seu pedido.<\/em><\/p>\n<p style=\"text-align: center;\"><em>\u2705Site protegido com os melhores certificados de seguran\u00e7a.<\/em><\/p>\n<p style=\"text-align: center;\" align=\"justify\">","protected":false},"excerpt":{"rendered":"<p>\ud83d\ude9b\u00a0 Envios \u00e1 Cobran\u00e7a<\/p>\n<p>\ud83d\ude9b Entregas em 24h a 48h<\/p>","protected":false},"featured_media":2354,"template":"","meta":{"nf_dc_page":"","site-sidebar-layout":"default","site-content-layout":"","ast-site-content-layout":"default","site-content-style":"default","site-sidebar-style":"default","ast-global-header-display":"","ast-banner-title-visibility":"","ast-main-header-display":"","ast-hfb-above-header-display":"","ast-hfb-below-header-display":"","ast-hfb-mobile-header-display":"","site-post-title":"","ast-breadcrumbs-content":"","ast-featured-img":"","footer-sml-layout":"","ast-disable-related-posts":"","theme-transparent-header-meta":"default","adv-header-id-meta":"","stick-header-meta":"","header-above-stick-meta":"","header-main-stick-meta":"","header-below-stick-meta":"","astra-migrate-meta-layouts":"set","ast-page-background-enabled":"default","ast-page-background-meta":{"desktop":{"background-color":"","background-image":"","background-repeat":"repeat","background-position":"center center","background-size":"auto","background-attachment":"scroll","background-type":"","background-media":"","overlay-type":"","overlay-color":"","overlay-opacity":"","overlay-gradient":""},"tablet":{"background-color":"","background-image":"","background-repeat":"repeat","background-position":"center center","background-size":"auto","background-attachment":"scroll","background-type":"","background-media":"","overlay-type":"","overlay-color":"","overlay-opacity":"","overlay-gradient":""},"mobile":{"background-color":"","background-image":"","background-repeat":"repeat","background-position":"center center","background-size":"auto","background-attachment":"scroll","background-type":"","background-media":"","overlay-type":"","overlay-color":"","overlay-opacity":"","overlay-gradient":""}},"ast-content-background-meta":{"desktop":{"background-color":"var(--ast-global-color-5)","background-image":"","background-repeat":"repeat","background-position":"center center","background-size":"auto","background-attachment":"scroll","background-type":"","background-media":"","overlay-type":"","overlay-color":"","overlay-opacity":"","overlay-gradient":""},"tablet":{"background-color":"var(--ast-global-color-5)","background-image":"","background-repeat":"repeat","background-position":"center center","background-size":"auto","background-attachment":"scroll","background-type":"","background-media":"","overlay-type":"","overlay-color":"","overlay-opacity":"","overlay-gradient":""},"mobile":{"background-color":"var(--ast-global-color-5)","background-image":"","background-repeat":"repeat","background-position":"center center","background-size":"auto","background-attachment":"scroll","background-type":"","background-media":"","overlay-type":"","overlay-color":"","overlay-opacity":"","overlay-gradient":""}}},"product_brand":[],"product_cat":[37,34],"product_tag":[],"class_list":{"0":"post-2355","1":"product","2":"type-product","3":"status-publish","4":"has-post-thumbnail","6":"product_cat-ferramentas","7":"product_cat-maquinas-de-baterias","8":"desktop-align-left","9":"tablet-align-left","10":"mobile-align-left","12":"first","13":"instock","14":"sale","15":"shipping-taxable","16":"purchasable","17":"product-type-simple"},"_links":{"self":[{"href":"https:\/\/frm-pt.com\/en\/wp-json\/wp\/v2\/product\/2355","targetHints":{"allow":["GET"]}}],"collection":[{"href":"https:\/\/frm-pt.com\/en\/wp-json\/wp\/v2\/product"}],"about":[{"href":"https:\/\/frm-pt.com\/en\/wp-json\/wp\/v2\/types\/product"}],"wp:featuredmedia":[{"embeddable":true,"href":"https:\/\/frm-pt.com\/en\/wp-json\/wp\/v2\/media\/2354"}],"wp:attachment":[{"href":"https:\/\/frm-pt.com\/en\/wp-json\/wp\/v2\/media?parent=2355"}],"wp:term":[{"taxonomy":"product_brand","embeddable":true,"href":"https:\/\/frm-pt.com\/en\/wp-json\/wp\/v2\/product_brand?post=2355"},{"taxonomy":"product_cat","embeddable":true,"href":"https:\/\/frm-pt.com\/en\/wp-json\/wp\/v2\/product_cat?post=2355"},{"taxonomy":"product_tag","embeddable":true,"href":"https:\/\/frm-pt.com\/en\/wp-json\/wp\/v2\/product_tag?post=2355"}],"curies":[{"name":"wp","href":"https:\/\/api.w.org\/{rel}","templated":true}]}}