{"id":1937,"date":"2024-06-26T21:57:45","date_gmt":"2024-06-26T21:57:45","guid":{"rendered":"https:\/\/frm-pt.com\/?post_type=product&#038;p=1937"},"modified":"2024-06-26T22:11:57","modified_gmt":"2024-06-26T22:11:57","slug":"aparelho-de-soldar-inverter-300a","status":"publish","type":"product","link":"https:\/\/frm-pt.com\/en\/product\/aparelho-de-soldar-inverter-300a\/","title":{"rendered":"Aparelho de Soldar Inverter 300A"},"content":{"rendered":"<h6 class=\"font-m bold h-mb-1\" style=\"text-align: center;\">M\u00e1quina de Soldadura Inversor Profissional El\u00e9trico 300A 15 Kva de Pot\u00eancia ROYAL KRAFT<\/h6>\n<div class=\"rich-text-wrapper\" data-v-4f1cc995=\"\" data-v-962648e5=\"\">\n<div class=\"ql-container ql-snow\" data-v-962648e5=\"\">\n<div class=\"ql-editor\" data-v-962648e5=\"\">\n<div style=\"text-align: center;\" data-v-962648e5=\"\">M\u00e1quina de solda inversora Linha RoyalKraft IGBT-N3500 A nova e moderna m\u00e1quina de solda da Linha RoyalKraft, fabricada com tecnologia de ponta, possui transistor de alta tens\u00e3o (com efici\u00eancia de conversor eletr\u00f4nico) e \u00e9 projetada para uso dom\u00e9stico ou semi-profissional. Com a tecnologia IGBT de terceira gera\u00e7\u00e3o, caracter\u00edstica que a torna altamente eficiente, as chances de falha na utiliza\u00e7\u00e3o da m\u00e1quina de solda s\u00e3o m\u00ednimas. A tecnologia INVERTER permite alta efici\u00eancia de 300 A m\u00e1x. combinada com uso econ\u00f4mico, enquanto o peso de cerca de 5 kg permite transport\u00e1-lo facilmente para qualquer Lugar. Fun\u00e7\u00f5es: Hot Start: Permite aumentar a corrente no arranque para uma utiliza\u00e7\u00e3o mais r\u00e1pida da m\u00e1quina. Arc Force: \u00c9 um sistema automatizado para estabiliza\u00e7\u00e3o de desempenho, independente do tempo de uso da m\u00e1quina. Anti Stick: Evita que os eletrodos grudem na solda. Adequado para a\u00e7os de baixo carbono (ou a\u00e7os macios), ferro fundido e a\u00e7o inoxid\u00e1vel. Possui al\u00e7a de transfer\u00eancia conveniente. Caracter\u00edsticas: Tecnologia IGBT Fonte de alimenta\u00e7\u00e3o: 220v 15% Fator de pot\u00eancia: 0,73 Consumo de eletricidade: 6 kva Corrente de soldagem ajust\u00e1vel: 20 \u2013 300 A. Ciclo de trabalho: 60% Classe de isolamento: H Tipo de prote\u00e7\u00e3o: IP21 Dimens\u00f5es: 31 x 16 x 28 cm Peso: 5kg Comprimento do cabo: 180cm e 140cm Espessura do eletrodo: de 1,6 mm a 4 mm A caixa inclui: M\u00e1quina de solda Cabo de soldagem MMA com soquete de eletrodo Cabo de aterramento M\u00e1scara de solda Escova de arame com martelo.<\/div>\n<div data-v-962648e5=\"\"><\/div>\n<div data-v-962648e5=\"\"><img fetchpriority=\"high\" decoding=\"async\" class=\"aligncenter wp-image-1940 size-full\" src=\"https:\/\/frm-pt.com\/wp-content\/uploads\/2024\/06\/617yY-gfzFL._AC_SX679_.jpg\" alt=\"\" width=\"679\" height=\"352\" srcset=\"https:\/\/frm-pt.com\/wp-content\/uploads\/2024\/06\/617yY-gfzFL._AC_SX679_.jpg 679w, https:\/\/frm-pt.com\/wp-content\/uploads\/2024\/06\/617yY-gfzFL._AC_SX679_-300x156.jpg 300w, https:\/\/frm-pt.com\/wp-content\/uploads\/2024\/06\/617yY-gfzFL._AC_SX679_-600x311.jpg 600w\" sizes=\"(max-width: 679px) 100vw, 679px\" \/><img decoding=\"async\" class=\"aligncenter wp-image-1939\" src=\"https:\/\/frm-pt.com\/wp-content\/uploads\/2024\/06\/73f8a6802a8c2cda8cab30a145724e35b3b60c89-300x225.jpg\" alt=\"\" width=\"600\" height=\"450\" srcset=\"https:\/\/frm-pt.com\/wp-content\/uploads\/2024\/06\/73f8a6802a8c2cda8cab30a145724e35b3b60c89-300x225.jpg 300w, https:\/\/frm-pt.com\/wp-content\/uploads\/2024\/06\/73f8a6802a8c2cda8cab30a145724e35b3b60c89-1024x768.jpg 1024w, https:\/\/frm-pt.com\/wp-content\/uploads\/2024\/06\/73f8a6802a8c2cda8cab30a145724e35b3b60c89-768x576.jpg 768w, https:\/\/frm-pt.com\/wp-content\/uploads\/2024\/06\/73f8a6802a8c2cda8cab30a145724e35b3b60c89-600x450.jpg 600w, https:\/\/frm-pt.com\/wp-content\/uploads\/2024\/06\/73f8a6802a8c2cda8cab30a145724e35b3b60c89.jpg 1140w\" sizes=\"(max-width: 600px) 100vw, 600px\" \/><img decoding=\"async\" class=\"aligncenter wp-image-1938\" src=\"https:\/\/frm-pt.com\/wp-content\/uploads\/2024\/06\/391a2230752da6468ee34079eb688af97a171d34.jpg\" alt=\"\" width=\"600\" height=\"450\" srcset=\"https:\/\/frm-pt.com\/wp-content\/uploads\/2024\/06\/391a2230752da6468ee34079eb688af97a171d34.jpg 1140w, https:\/\/frm-pt.com\/wp-content\/uploads\/2024\/06\/391a2230752da6468ee34079eb688af97a171d34-300x225.jpg 300w, https:\/\/frm-pt.com\/wp-content\/uploads\/2024\/06\/391a2230752da6468ee34079eb688af97a171d34-1024x768.jpg 1024w, https:\/\/frm-pt.com\/wp-content\/uploads\/2024\/06\/391a2230752da6468ee34079eb688af97a171d34-768x576.jpg 768w, https:\/\/frm-pt.com\/wp-content\/uploads\/2024\/06\/391a2230752da6468ee34079eb688af97a171d34-600x450.jpg 600w\" sizes=\"(max-width: 600px) 100vw, 600px\" \/><\/div>\n<div data-v-962648e5=\"\"><\/div>\n<div data-v-962648e5=\"\">\n<p>&nbsp;<\/p>\n<p style=\"text-align: center;\">\u2b50\u2b50\u2b50\u2b50\u2b50(5.3)<\/p>\n<p>&nbsp;<\/p>\n<p><em>\u2705Fazemos envios \u00e1 cobran\u00e7a para todo Portugal Continental . com\u00a0 c\u00f3digo de rastreo online.\u00a0<\/em><\/p>\n<p><em>\u2705Voc\u00ea somente paga o valor descrito em nosso site, fique tranquilo, n\u00e3o haver\u00e1 cobran\u00e7as adicionais de taxas ou impostos.<\/em><\/p>\n<p><em>\u2705Prazo m\u00e9dio para entrega \u00e9 de 24h a 48h ap\u00f3s o seu pedido.<\/em><\/p>\n<p><em>\u2705Site protegido com os melhores certificados de seguran\u00e7a.<\/em><\/p>\n<\/div>\n<\/div>\n<\/div>\n<\/div>","protected":false},"excerpt":{"rendered":"<p>\ud83d\ude9b\u00a0 Envios \u00e1 Cobran\u00e7a<\/p>\n<p>\ud83d\ude9b Entregas em 24h a 48h<\/p>","protected":false},"featured_media":1942,"template":"","meta":{"nf_dc_page":"","site-sidebar-layout":"default","site-content-layout":"","ast-site-content-layout":"default","site-content-style":"default","site-sidebar-style":"default","ast-global-header-display":"","ast-banner-title-visibility":"","ast-main-header-display":"","ast-hfb-above-header-display":"","ast-hfb-below-header-display":"","ast-hfb-mobile-header-display":"","site-post-title":"","ast-breadcrumbs-content":"","ast-featured-img":"","footer-sml-layout":"","ast-disable-related-posts":"","theme-transparent-header-meta":"default","adv-header-id-meta":"","stick-header-meta":"","header-above-stick-meta":"","header-main-stick-meta":"","header-below-stick-meta":"","astra-migrate-meta-layouts":"set","ast-page-background-enabled":"default","ast-page-background-meta":{"desktop":{"background-color":"","background-image":"","background-repeat":"repeat","background-position":"center center","background-size":"auto","background-attachment":"scroll","background-type":"","background-media":"","overlay-type":"","overlay-color":"","overlay-opacity":"","overlay-gradient":""},"tablet":{"background-color":"","background-image":"","background-repeat":"repeat","background-position":"center center","background-size":"auto","background-attachment":"scroll","background-type":"","background-media":"","overlay-type":"","overlay-color":"","overlay-opacity":"","overlay-gradient":""},"mobile":{"background-color":"","background-image":"","background-repeat":"repeat","background-position":"center center","background-size":"auto","background-attachment":"scroll","background-type":"","background-media":"","overlay-type":"","overlay-color":"","overlay-opacity":"","overlay-gradient":""}},"ast-content-background-meta":{"desktop":{"background-color":"var(--ast-global-color-5)","background-image":"","background-repeat":"repeat","background-position":"center center","background-size":"auto","background-attachment":"scroll","background-type":"","background-media":"","overlay-type":"","overlay-color":"","overlay-opacity":"","overlay-gradient":""},"tablet":{"background-color":"var(--ast-global-color-5)","background-image":"","background-repeat":"repeat","background-position":"center center","background-size":"auto","background-attachment":"scroll","background-type":"","background-media":"","overlay-type":"","overlay-color":"","overlay-opacity":"","overlay-gradient":""},"mobile":{"background-color":"var(--ast-global-color-5)","background-image":"","background-repeat":"repeat","background-position":"center center","background-size":"auto","background-attachment":"scroll","background-type":"","background-media":"","overlay-type":"","overlay-color":"","overlay-opacity":"","overlay-gradient":""}}},"product_brand":[],"product_cat":[30],"product_tag":[],"class_list":{"0":"post-1937","1":"product","2":"type-product","3":"status-publish","4":"has-post-thumbnail","6":"product_cat-aparelhos-de-soldar","7":"desktop-align-left","8":"tablet-align-left","9":"mobile-align-left","11":"first","12":"instock","13":"sale","14":"shipping-taxable","15":"purchasable","16":"product-type-simple"},"_links":{"self":[{"href":"https:\/\/frm-pt.com\/en\/wp-json\/wp\/v2\/product\/1937","targetHints":{"allow":["GET"]}}],"collection":[{"href":"https:\/\/frm-pt.com\/en\/wp-json\/wp\/v2\/product"}],"about":[{"href":"https:\/\/frm-pt.com\/en\/wp-json\/wp\/v2\/types\/product"}],"wp:featuredmedia":[{"embeddable":true,"href":"https:\/\/frm-pt.com\/en\/wp-json\/wp\/v2\/media\/1942"}],"wp:attachment":[{"href":"https:\/\/frm-pt.com\/en\/wp-json\/wp\/v2\/media?parent=1937"}],"wp:term":[{"taxonomy":"product_brand","embeddable":true,"href":"https:\/\/frm-pt.com\/en\/wp-json\/wp\/v2\/product_brand?post=1937"},{"taxonomy":"product_cat","embeddable":true,"href":"https:\/\/frm-pt.com\/en\/wp-json\/wp\/v2\/product_cat?post=1937"},{"taxonomy":"product_tag","embeddable":true,"href":"https:\/\/frm-pt.com\/en\/wp-json\/wp\/v2\/product_tag?post=1937"}],"curies":[{"name":"wp","href":"https:\/\/api.w.org\/{rel}","templated":true}]}}