{"id":1886,"date":"2024-06-06T14:37:58","date_gmt":"2024-06-06T14:37:58","guid":{"rendered":"https:\/\/frm-pt.com\/?post_type=product&#038;p=1886"},"modified":"2026-02-12T22:40:04","modified_gmt":"2026-02-12T22:40:04","slug":"1886","status":"publish","type":"product","link":"https:\/\/frm-pt.com\/en\/product\/1886\/","title":{"rendered":"LUMIN\u00c1RIA P\u00daBLICA SOLAR 200W COM SENSOR E CONTROLE REMOTO"},"content":{"rendered":"<h2><strong>Lumin\u00e1ria P\u00fablica Solar 200W com Sensor e Controle Remoto<\/strong><\/h2>\n<p style=\"font-weight: 400;\">A Lumin\u00e1ria P\u00fablica Solar de 200W \u00e9 uma solu\u00e7\u00e3o para ilumina\u00e7\u00e3o aut\u00f4noma 100% alimentada por energia solar, com uma alta resist\u00eancia e design moderno, ideal para locais sem infraestrutura el\u00e9trica, dispensando cabeamento e o uso da rede el\u00e9trica.<\/p>\n<p style=\"font-weight: 400;\">Sua energia \u00e9 gerada por um painel solar, que transforma a luz do sol em eletricidade e a armazena em uma bateria interna. Re\u00fane todos os componentes em uma \u00fanica pe\u00e7a: energia solar, bateria de l\u00edtio e Super LEDs.<\/p>\n<p style=\"font-weight: 400;\">Com um controle de ilumina\u00e7\u00e3o por sensor de movimento, a Lumin\u00e1ria P\u00fablica de Poste Solar pode ficar ligada uma vez que o produto possui fotoc\u00e9lula.<\/p>\n<p style=\"font-weight: 400;\"><strong>Benef\u00edcios<\/strong><\/p>\n<p style=\"font-weight: 400;\">&#8211; Acende automaticamente ao anoitecer;<\/p>\n<p style=\"font-weight: 400;\">&#8211; Estrutura projetada para melhor condu\u00e7\u00e3o e dissipa\u00e7\u00e3o t\u00e9rmica;<\/p>\n<p style=\"font-weight: 400;\">&#8211; Excelente desempenho de ilumina\u00e7\u00e3o, robustez do drive com elevada vida \u00fatil;<\/p>\n<p style=\"font-weight: 400;\">&#8211; Vida \u00fatil de at\u00e9 50 mil horas;<\/p>\n<p style=\"font-weight: 400;\">&#8211; Vem com Fotoc\u00e9lula.<\/p>\n<p style=\"font-weight: 400;\"><strong>F\u00e1cil instala\u00e7\u00e3o<\/strong><\/p>\n<p style=\"font-weight: 400;\">Muito f\u00e1cil de instalar, \u00e9 s\u00f3 fixar utilizando a bra\u00e7adeira e parafusos inclusos.<\/p>\n<p style=\"font-weight: 400;\"><strong>Locais aplicados<\/strong><\/p>\n<p style=\"font-weight: 400;\">Ideal para utilizar em locais onde a rede p\u00fablica de energia n\u00e3o chega, como ilumina\u00e7\u00e3o de estradas, ponto de \u00f4nibus, pra\u00e7as, parques, porteiras, ilumina\u00e7\u00e3o de jardim, ilumina\u00e7\u00e3o decorativa, ilumina\u00e7\u00e3o p\u00fablica, ilumina\u00e7\u00e3o de placas de estradas, outdoors, postes solares, ilumina\u00e7\u00e3o em locais de passagens, entre muitas outras.<\/p>\n<p style=\"font-weight: 400;\"><strong>Especifica\u00e7\u00f5es <\/strong><\/p>\n<p style=\"font-weight: 400;\">Pot\u00eancia: 200W<\/p>\n<p style=\"font-weight: 400;\">Autonomia: de 8 at\u00e9 10 horas<\/p>\n<p style=\"font-weight: 400;\">Temperatura da cor: branco frio 6500K-6800K<\/p>\n<p style=\"font-weight: 400;\">\u00c2ngulo de Abertura: 120\u00b0\u00a0graus<\/p>\n<p style=\"font-weight: 400;\">Bateria: de L\u00edtio<\/p>\n<p style=\"font-weight: 400;\">Material: Alum\u00ednio<\/p>\n<p style=\"font-weight: 400;\">Prote\u00e7\u00e3o: IP65<\/p>\n<p style=\"font-weight: 400;\">Painel solar monocristalino<\/p>\n<p style=\"font-weight: 400;\">Ideal para postes: de 3 a 6 metros<\/p>\n<p style=\"font-weight: 400;\">Dimens\u00f5es: 63(A) x 24(L) cm<\/p>\n<p style=\"font-weight: 400;\">Espessura: 6 cm<\/p>\n<p style=\"font-weight: 400;\">Peso: 1900 g<\/p>\n<p style=\"font-weight: 400;\">Di\u00e2metro da base de encaixe: 5 cm<\/p>\n<p>&nbsp;<\/p>\n<p><img fetchpriority=\"high\" decoding=\"async\" class=\"aligncenter wp-image-1887\" src=\"https:\/\/frm-pt.com\/wp-content\/uploads\/2024\/06\/Captura-de-ecra-2024-06-06-152453-288x300.png\" alt=\"\" width=\"288\" height=\"300\" srcset=\"https:\/\/frm-pt.com\/wp-content\/uploads\/2024\/06\/Captura-de-ecra-2024-06-06-152453-288x300.png 288w, https:\/\/frm-pt.com\/wp-content\/uploads\/2024\/06\/Captura-de-ecra-2024-06-06-152453.png 562w\" sizes=\"(max-width: 288px) 100vw, 288px\" \/><\/p>\n<p><img decoding=\"async\" class=\"aligncenter wp-image-1888\" src=\"https:\/\/frm-pt.com\/wp-content\/uploads\/2024\/06\/Captura-de-ecra-2024-06-06-152603-300x297.png\" alt=\"\" width=\"300\" height=\"297\" srcset=\"https:\/\/frm-pt.com\/wp-content\/uploads\/2024\/06\/Captura-de-ecra-2024-06-06-152603-300x297.png 300w, https:\/\/frm-pt.com\/wp-content\/uploads\/2024\/06\/Captura-de-ecra-2024-06-06-152603-150x150.png 150w, https:\/\/frm-pt.com\/wp-content\/uploads\/2024\/06\/Captura-de-ecra-2024-06-06-152603-768x761.png 768w, https:\/\/frm-pt.com\/wp-content\/uploads\/2024\/06\/Captura-de-ecra-2024-06-06-152603-600x595.png 600w, https:\/\/frm-pt.com\/wp-content\/uploads\/2024\/06\/Captura-de-ecra-2024-06-06-152603-100x100.png 100w, https:\/\/frm-pt.com\/wp-content\/uploads\/2024\/06\/Captura-de-ecra-2024-06-06-152603.png 803w\" sizes=\"(max-width: 300px) 100vw, 300px\" \/><\/p>\n<p><img decoding=\"async\" class=\"aligncenter wp-image-1889 size-medium\" src=\"https:\/\/frm-pt.com\/wp-content\/uploads\/2024\/06\/Captura-de-ecra-2024-06-06-152831-300x270.png\" alt=\"\" width=\"300\" height=\"270\" srcset=\"https:\/\/frm-pt.com\/wp-content\/uploads\/2024\/06\/Captura-de-ecra-2024-06-06-152831-300x270.png 300w, https:\/\/frm-pt.com\/wp-content\/uploads\/2024\/06\/Captura-de-ecra-2024-06-06-152831.png 587w\" sizes=\"(max-width: 300px) 100vw, 300px\" \/><\/p>\n<p>\u2b50\u2b50\u2b50\u2b50\u2b50(4.9)<\/p>\n<p><em>\u2705Fazemos envios \u00e1 cobran\u00e7a para todo Portugal Continental . com\u00a0 c\u00f3digo de rastreo online.\u00a0<\/em><\/p>\n<p><em>\u2705Voc\u00ea somente paga o valor descrito em nosso site, fique tranquilo, n\u00e3o haver\u00e1 cobran\u00e7as adicionais de taxas ou impostos.<\/em><\/p>\n<p><em>\u2705Prazo m\u00e9dio para entrega \u00e9 de 24h a 48h ap\u00f3s o seu pedido.<\/em><\/p>\n<p><em>\u2705Site protegido com os melhores certificados de seguran\u00e7a.<\/em><\/p>","protected":false},"excerpt":{"rendered":"<p>Lumin\u00e1ria P\u00fablica Solar 200W com Sensor e Controle Remoto A Lumin\u00e1ria P\u00fablica Solar de 200W \u00e9 uma solu\u00e7\u00e3o para ilumina\u00e7\u00e3o aut\u00f4noma 100% alimentada por energia solar, com uma alta resist\u00eancia e design moderno, ideal para locais sem infraestrutura el\u00e9trica, dispensando cabeamento e o uso da rede el\u00e9trica. Sua energia \u00e9 gerada por um painel solar, [&hellip;]<\/p>\n","protected":false},"featured_media":1890,"template":"","meta":{"nf_dc_page":"","site-sidebar-layout":"default","site-content-layout":"","ast-site-content-layout":"default","site-content-style":"default","site-sidebar-style":"default","ast-global-header-display":"","ast-banner-title-visibility":"","ast-main-header-display":"","ast-hfb-above-header-display":"","ast-hfb-below-header-display":"","ast-hfb-mobile-header-display":"","site-post-title":"","ast-breadcrumbs-content":"","ast-featured-img":"","footer-sml-layout":"","ast-disable-related-posts":"","theme-transparent-header-meta":"default","adv-header-id-meta":"","stick-header-meta":"","header-above-stick-meta":"","header-main-stick-meta":"","header-below-stick-meta":"","astra-migrate-meta-layouts":"set","ast-page-background-enabled":"default","ast-page-background-meta":{"desktop":{"background-color":"","background-image":"","background-repeat":"repeat","background-position":"center center","background-size":"auto","background-attachment":"scroll","background-type":"","background-media":"","overlay-type":"","overlay-color":"","overlay-opacity":"","overlay-gradient":""},"tablet":{"background-color":"","background-image":"","background-repeat":"repeat","background-position":"center center","background-size":"auto","background-attachment":"scroll","background-type":"","background-media":"","overlay-type":"","overlay-color":"","overlay-opacity":"","overlay-gradient":""},"mobile":{"background-color":"","background-image":"","background-repeat":"repeat","background-position":"center center","background-size":"auto","background-attachment":"scroll","background-type":"","background-media":"","overlay-type":"","overlay-color":"","overlay-opacity":"","overlay-gradient":""}},"ast-content-background-meta":{"desktop":{"background-color":"var(--ast-global-color-5)","background-image":"","background-repeat":"repeat","background-position":"center center","background-size":"auto","background-attachment":"scroll","background-type":"","background-media":"","overlay-type":"","overlay-color":"","overlay-opacity":"","overlay-gradient":""},"tablet":{"background-color":"var(--ast-global-color-5)","background-image":"","background-repeat":"repeat","background-position":"center center","background-size":"auto","background-attachment":"scroll","background-type":"","background-media":"","overlay-type":"","overlay-color":"","overlay-opacity":"","overlay-gradient":""},"mobile":{"background-color":"var(--ast-global-color-5)","background-image":"","background-repeat":"repeat","background-position":"center center","background-size":"auto","background-attachment":"scroll","background-type":"","background-media":"","overlay-type":"","overlay-color":"","overlay-opacity":"","overlay-gradient":""}}},"product_brand":[],"product_cat":[18],"product_tag":[],"class_list":{"0":"post-1886","1":"product","2":"type-product","3":"status-publish","4":"has-post-thumbnail","6":"product_cat-uncategorized","7":"desktop-align-left","8":"tablet-align-left","9":"mobile-align-left","11":"first","12":"instock","13":"sale","14":"shipping-taxable","15":"purchasable","16":"product-type-simple"},"_links":{"self":[{"href":"https:\/\/frm-pt.com\/en\/wp-json\/wp\/v2\/product\/1886","targetHints":{"allow":["GET"]}}],"collection":[{"href":"https:\/\/frm-pt.com\/en\/wp-json\/wp\/v2\/product"}],"about":[{"href":"https:\/\/frm-pt.com\/en\/wp-json\/wp\/v2\/types\/product"}],"wp:featuredmedia":[{"embeddable":true,"href":"https:\/\/frm-pt.com\/en\/wp-json\/wp\/v2\/media\/1890"}],"wp:attachment":[{"href":"https:\/\/frm-pt.com\/en\/wp-json\/wp\/v2\/media?parent=1886"}],"wp:term":[{"taxonomy":"product_brand","embeddable":true,"href":"https:\/\/frm-pt.com\/en\/wp-json\/wp\/v2\/product_brand?post=1886"},{"taxonomy":"product_cat","embeddable":true,"href":"https:\/\/frm-pt.com\/en\/wp-json\/wp\/v2\/product_cat?post=1886"},{"taxonomy":"product_tag","embeddable":true,"href":"https:\/\/frm-pt.com\/en\/wp-json\/wp\/v2\/product_tag?post=1886"}],"curies":[{"name":"wp","href":"https:\/\/api.w.org\/{rel}","templated":true}]}}