{"id":1795,"date":"2024-04-25T12:39:47","date_gmt":"2024-04-25T12:39:47","guid":{"rendered":"https:\/\/frm-pt.com\/?post_type=product&#038;p=1795"},"modified":"2024-04-25T12:39:47","modified_gmt":"2024-04-25T12:39:47","slug":"tesoura-de-poda-eletrica-sem-fio","status":"publish","type":"product","link":"https:\/\/frm-pt.com\/en\/product\/tesoura-de-poda-eletrica-sem-fio\/","title":{"rendered":"Tesoura de poda el\u00e9trica sem fio"},"content":{"rendered":"<p style=\"text-align: center;\"><strong>Tesoura de poda el\u00e9trica sem fio<\/strong><\/p>\n<p>Melhore a efici\u00eancia As tesouras de poda el\u00e9trica funcionam com dez vezes mais efici\u00eancia do que as podadoras manuais tradicionais. Economize horas de tempo, esfor\u00e7o e corte sem fadiga. Adequado para grandes pomares, fazendas, poda do jardim, poda de galhos grossos, o jardim, adequado para enxertia de \u00e1rvores frut\u00edferas Tesoura el\u00e9trica A l\u00e2mina de tesoura sem fio \u00e9 forjada a partir de a\u00e7o SK5 contendo carbono. Este material \u00e9 afiado, dur\u00e1vel e corta facilmente ramos de at\u00e9 30mm de comprimento. Cortadores de corti\u00e7a, madeira, PVC, pl\u00e1stico. N\u00e3o pode cortar metal, causa s\u00e9rios danos.<\/p>\n<p>\u00c9 importante manter os dedos longe da l\u00e2mina ao us\u00e1-la. Design ergon\u00f4mico Leve, sem fio e f\u00e1cil de usar. Voc\u00ea pode segur\u00e1-lo por um longo tempo para cort\u00e1-lo sem ficar entediado. O corpo \u00e9 \u00e0 prova de choque e antiderrapante. Design ergon\u00f4mico. Voc\u00ea n\u00e3o vai se sentir cansado ap\u00f3s o uso prolongado. Longo tempo de espera Longa dura\u00e7\u00e3o da bateria, bateria substitu\u00edvel, um passo para instalar, f\u00e1cil de usar. Use 4-5 horas e corte mais de 1400 vezes. 1 hora de carga r\u00e1pida. Seguro de usar A borda de corte da faca \u00e9 fechada quando a m\u00e1quina \u00e9 desligada. O aparador s\u00f3 pode ser iniciado quando o interruptor de seguran\u00e7a \u00e9 pressionado. Em caso de emerg\u00eancia, soltar o interruptor de seguran\u00e7a p\u00e1ra imediatamente para funcionar.<\/p>\n<p><img fetchpriority=\"high\" decoding=\"async\" class=\"aligncenter wp-image-1796\" src=\"https:\/\/frm-pt.com\/wp-content\/uploads\/2024\/04\/5a6f79489964555258d85b2b29ee98a2f4b89d1d_original-1024x1024.jpeg\" alt=\"\" width=\"900\" height=\"900\" srcset=\"https:\/\/frm-pt.com\/wp-content\/uploads\/2024\/04\/5a6f79489964555258d85b2b29ee98a2f4b89d1d_original-1024x1024.jpeg 1024w, https:\/\/frm-pt.com\/wp-content\/uploads\/2024\/04\/5a6f79489964555258d85b2b29ee98a2f4b89d1d_original-300x300.jpeg 300w, https:\/\/frm-pt.com\/wp-content\/uploads\/2024\/04\/5a6f79489964555258d85b2b29ee98a2f4b89d1d_original-150x150.jpeg 150w, https:\/\/frm-pt.com\/wp-content\/uploads\/2024\/04\/5a6f79489964555258d85b2b29ee98a2f4b89d1d_original-768x768.jpeg 768w, https:\/\/frm-pt.com\/wp-content\/uploads\/2024\/04\/5a6f79489964555258d85b2b29ee98a2f4b89d1d_original-1536x1536.jpeg 1536w, https:\/\/frm-pt.com\/wp-content\/uploads\/2024\/04\/5a6f79489964555258d85b2b29ee98a2f4b89d1d_original-1320x1320.jpeg 1320w, https:\/\/frm-pt.com\/wp-content\/uploads\/2024\/04\/5a6f79489964555258d85b2b29ee98a2f4b89d1d_original-600x600.jpeg 600w, https:\/\/frm-pt.com\/wp-content\/uploads\/2024\/04\/5a6f79489964555258d85b2b29ee98a2f4b89d1d_original-100x100.jpeg 100w, https:\/\/frm-pt.com\/wp-content\/uploads\/2024\/04\/5a6f79489964555258d85b2b29ee98a2f4b89d1d_original.jpeg 1601w\" sizes=\"(max-width: 900px) 100vw, 900px\" \/> <img decoding=\"async\" class=\"aligncenter wp-image-1797 size-full\" src=\"https:\/\/frm-pt.com\/wp-content\/uploads\/2024\/04\/tesoura_el_trica_1.jpg\" alt=\"\" width=\"900\" height=\"900\" srcset=\"https:\/\/frm-pt.com\/wp-content\/uploads\/2024\/04\/tesoura_el_trica_1.jpg 900w, https:\/\/frm-pt.com\/wp-content\/uploads\/2024\/04\/tesoura_el_trica_1-300x300.jpg 300w, https:\/\/frm-pt.com\/wp-content\/uploads\/2024\/04\/tesoura_el_trica_1-150x150.jpg 150w, https:\/\/frm-pt.com\/wp-content\/uploads\/2024\/04\/tesoura_el_trica_1-768x768.jpg 768w, https:\/\/frm-pt.com\/wp-content\/uploads\/2024\/04\/tesoura_el_trica_1-600x600.jpg 600w, https:\/\/frm-pt.com\/wp-content\/uploads\/2024\/04\/tesoura_el_trica_1-100x100.jpg 100w\" sizes=\"(max-width: 900px) 100vw, 900px\" \/> <img decoding=\"async\" class=\"aligncenter wp-image-1799\" src=\"https:\/\/frm-pt.com\/wp-content\/uploads\/2024\/04\/tesoura-poda-el_trica-1-300x300.jpg\" alt=\"\" width=\"900\" height=\"900\" srcset=\"https:\/\/frm-pt.com\/wp-content\/uploads\/2024\/04\/tesoura-poda-el_trica-1-300x300.jpg 300w, https:\/\/frm-pt.com\/wp-content\/uploads\/2024\/04\/tesoura-poda-el_trica-1-1024x1024.jpg 1024w, https:\/\/frm-pt.com\/wp-content\/uploads\/2024\/04\/tesoura-poda-el_trica-1-150x150.jpg 150w, https:\/\/frm-pt.com\/wp-content\/uploads\/2024\/04\/tesoura-poda-el_trica-1-768x768.jpg 768w, https:\/\/frm-pt.com\/wp-content\/uploads\/2024\/04\/tesoura-poda-el_trica-1-600x600.jpg 600w, https:\/\/frm-pt.com\/wp-content\/uploads\/2024\/04\/tesoura-poda-el_trica-1-100x100.jpg 100w, https:\/\/frm-pt.com\/wp-content\/uploads\/2024\/04\/tesoura-poda-el_trica-1.jpg 1200w\" sizes=\"(max-width: 900px) 100vw, 900px\" \/><\/p>\n<p>&nbsp;<\/p>\n<p>\u2b50\u2b50\u2b50\u2b50\u2b50(4.9)<\/p>\n<p><em>\u2705Fazemos envios \u00e1 cobran\u00e7a para todo Portugal Continental . com\u00a0 c\u00f3digo de rastreo online.\u00a0<\/em><\/p>\n<p><em>\u2705Voc\u00ea somente paga o valor descrito em nosso site, fique tranquilo, n\u00e3o haver\u00e1 cobran\u00e7as adicionais de taxas ou impostos.<\/em><\/p>\n<p><em>\u2705Prazo m\u00e9dio para entrega \u00e9 de 24h a 48h ap\u00f3s o seu pedido.<\/em><\/p>\n<p><em>\u2705Site protegido com os melhores certificados de seguran\u00e7a.<\/em><\/p>","protected":false},"excerpt":{"rendered":"<p>Tesoura de poda el\u00e9trica sem fio Melhore a efici\u00eancia As tesouras de poda el\u00e9trica funcionam com dez vezes mais efici\u00eancia do que as podadoras manuais tradicionais. Economize horas de tempo, esfor\u00e7o e corte sem fadiga. Adequado para grandes pomares, fazendas, poda do jardim, poda de galhos grossos, o jardim, adequado para enxertia de \u00e1rvores frut\u00edferas [&hellip;]<\/p>\n","protected":false},"featured_media":1800,"template":"","meta":{"nf_dc_page":"","site-sidebar-layout":"default","site-content-layout":"","ast-site-content-layout":"default","site-content-style":"default","site-sidebar-style":"default","ast-global-header-display":"","ast-banner-title-visibility":"","ast-main-header-display":"","ast-hfb-above-header-display":"","ast-hfb-below-header-display":"","ast-hfb-mobile-header-display":"","site-post-title":"","ast-breadcrumbs-content":"","ast-featured-img":"","footer-sml-layout":"","ast-disable-related-posts":"","theme-transparent-header-meta":"default","adv-header-id-meta":"","stick-header-meta":"","header-above-stick-meta":"","header-main-stick-meta":"","header-below-stick-meta":"","astra-migrate-meta-layouts":"set","ast-page-background-enabled":"default","ast-page-background-meta":{"desktop":{"background-color":"","background-image":"","background-repeat":"repeat","background-position":"center center","background-size":"auto","background-attachment":"scroll","background-type":"","background-media":"","overlay-type":"","overlay-color":"","overlay-opacity":"","overlay-gradient":""},"tablet":{"background-color":"","background-image":"","background-repeat":"repeat","background-position":"center center","background-size":"auto","background-attachment":"scroll","background-type":"","background-media":"","overlay-type":"","overlay-color":"","overlay-opacity":"","overlay-gradient":""},"mobile":{"background-color":"","background-image":"","background-repeat":"repeat","background-position":"center center","background-size":"auto","background-attachment":"scroll","background-type":"","background-media":"","overlay-type":"","overlay-color":"","overlay-opacity":"","overlay-gradient":""}},"ast-content-background-meta":{"desktop":{"background-color":"var(--ast-global-color-5)","background-image":"","background-repeat":"repeat","background-position":"center center","background-size":"auto","background-attachment":"scroll","background-type":"","background-media":"","overlay-type":"","overlay-color":"","overlay-opacity":"","overlay-gradient":""},"tablet":{"background-color":"var(--ast-global-color-5)","background-image":"","background-repeat":"repeat","background-position":"center center","background-size":"auto","background-attachment":"scroll","background-type":"","background-media":"","overlay-type":"","overlay-color":"","overlay-opacity":"","overlay-gradient":""},"mobile":{"background-color":"var(--ast-global-color-5)","background-image":"","background-repeat":"repeat","background-position":"center center","background-size":"auto","background-attachment":"scroll","background-type":"","background-media":"","overlay-type":"","overlay-color":"","overlay-opacity":"","overlay-gradient":""}}},"product_brand":[],"product_cat":[34,29],"product_tag":[],"class_list":{"0":"post-1795","1":"product","2":"type-product","3":"status-publish","4":"has-post-thumbnail","6":"product_cat-maquinas-de-baterias","7":"product_cat-maquinas-de-jardim","8":"desktop-align-left","9":"tablet-align-left","10":"mobile-align-left","12":"first","13":"instock","14":"sale","15":"shipping-taxable","16":"purchasable","17":"product-type-simple"},"_links":{"self":[{"href":"https:\/\/frm-pt.com\/en\/wp-json\/wp\/v2\/product\/1795","targetHints":{"allow":["GET"]}}],"collection":[{"href":"https:\/\/frm-pt.com\/en\/wp-json\/wp\/v2\/product"}],"about":[{"href":"https:\/\/frm-pt.com\/en\/wp-json\/wp\/v2\/types\/product"}],"wp:featuredmedia":[{"embeddable":true,"href":"https:\/\/frm-pt.com\/en\/wp-json\/wp\/v2\/media\/1800"}],"wp:attachment":[{"href":"https:\/\/frm-pt.com\/en\/wp-json\/wp\/v2\/media?parent=1795"}],"wp:term":[{"taxonomy":"product_brand","embeddable":true,"href":"https:\/\/frm-pt.com\/en\/wp-json\/wp\/v2\/product_brand?post=1795"},{"taxonomy":"product_cat","embeddable":true,"href":"https:\/\/frm-pt.com\/en\/wp-json\/wp\/v2\/product_cat?post=1795"},{"taxonomy":"product_tag","embeddable":true,"href":"https:\/\/frm-pt.com\/en\/wp-json\/wp\/v2\/product_tag?post=1795"}],"curies":[{"name":"wp","href":"https:\/\/api.w.org\/{rel}","templated":true}]}}