{"id":1724,"date":"2024-03-31T16:26:09","date_gmt":"2024-03-31T16:26:09","guid":{"rendered":"https:\/\/frm-pt.com\/?post_type=product&#038;p=1724"},"modified":"2024-03-31T16:26:09","modified_gmt":"2024-03-31T16:26:09","slug":"carrinho-de-ferramentas-com-6-gavetas-4-com-ferramentas","status":"publish","type":"product","link":"https:\/\/frm-pt.com\/en\/product\/carrinho-de-ferramentas-com-6-gavetas-4-com-ferramentas\/","title":{"rendered":"Carrinho de Ferramentas com 6 gavetas 4 com ferramentas"},"content":{"rendered":"<h5 style=\"text-align: center;\">Carrinho de Ferramentas com 6 gavetas 4 com ferramentas<\/h5>\n<p style=\"text-align: center;\">6 Gavetas com ferramenta e 1 vazia para arruma\u00e7\u00e3o.<\/p>\n<p style=\"text-align: center;\">Esta vers\u00e3o da caixa de ferramentas de 7 gavetas da Widmann DAILY EDITION vem com uma ampla gama de ferramentas de alta qualidade (roquetes de chave, chaves inglesas, chaves de fenda, alicates e muito mais).<\/p>\n<p style=\"text-align: center;\">N\u00e3o importa se para sua sala de hobby, oficina ou garagem, este arm\u00e1rio de ferramentas \u00e9 uma solu\u00e7\u00e3o perfeita.<\/p>\n<p style=\"text-align: center;\">Gra\u00e7as ao fecho integrado, 6 gavetas podem ser trancadas ao mesmo tempo, o que evita que as gavetas se abram acidentalmente quando a c\u00f3moda \u00e9 movida.<\/p>\n<p style=\"text-align: center;\">A bancada robusta no carrinho de ferramentas ser\u00e1 um \u00f3timo local para manter as ferramentas usadas com frequ\u00eancia ao seu alcance.<\/p>\n<p style=\"text-align: center;\">Paredes com pain\u00e9is duplos, refor\u00e7o do corpo e corredi\u00e7as de gaveta com rolamento de esferas para uma a\u00e7\u00e3o suave.<\/p>\n<p><img fetchpriority=\"high\" decoding=\"async\" class=\"aligncenter wp-image-1729 size-full\" src=\"https:\/\/frm-pt.com\/wp-content\/uploads\/2024\/03\/6c6cdbcf-2252-4c07-8261-2fb05623833d.jpg\" alt=\"\" width=\"600\" height=\"591\" srcset=\"https:\/\/frm-pt.com\/wp-content\/uploads\/2024\/03\/6c6cdbcf-2252-4c07-8261-2fb05623833d.jpg 600w, https:\/\/frm-pt.com\/wp-content\/uploads\/2024\/03\/6c6cdbcf-2252-4c07-8261-2fb05623833d-300x296.jpg 300w, https:\/\/frm-pt.com\/wp-content\/uploads\/2024\/03\/6c6cdbcf-2252-4c07-8261-2fb05623833d-100x100.jpg 100w\" sizes=\"(max-width: 600px) 100vw, 600px\" \/> <img decoding=\"async\" class=\"aligncenter wp-image-1727 size-full\" src=\"https:\/\/frm-pt.com\/wp-content\/uploads\/2024\/03\/c19d6bfa-aeb4-400f-840d-cb4ffe401e98.jpg\" alt=\"\" width=\"600\" height=\"602\" srcset=\"https:\/\/frm-pt.com\/wp-content\/uploads\/2024\/03\/c19d6bfa-aeb4-400f-840d-cb4ffe401e98.jpg 600w, https:\/\/frm-pt.com\/wp-content\/uploads\/2024\/03\/c19d6bfa-aeb4-400f-840d-cb4ffe401e98-300x300.jpg 300w, https:\/\/frm-pt.com\/wp-content\/uploads\/2024\/03\/c19d6bfa-aeb4-400f-840d-cb4ffe401e98-150x150.jpg 150w, https:\/\/frm-pt.com\/wp-content\/uploads\/2024\/03\/c19d6bfa-aeb4-400f-840d-cb4ffe401e98-100x100.jpg 100w\" sizes=\"(max-width: 600px) 100vw, 600px\" \/> <img decoding=\"async\" class=\"aligncenter wp-image-1726 size-full\" src=\"https:\/\/frm-pt.com\/wp-content\/uploads\/2024\/03\/c9a2d00b-cc09-48b0-8d23-09ea8b13d3a6.jpg\" alt=\"\" width=\"600\" height=\"602\" srcset=\"https:\/\/frm-pt.com\/wp-content\/uploads\/2024\/03\/c9a2d00b-cc09-48b0-8d23-09ea8b13d3a6.jpg 600w, https:\/\/frm-pt.com\/wp-content\/uploads\/2024\/03\/c9a2d00b-cc09-48b0-8d23-09ea8b13d3a6-300x300.jpg 300w, https:\/\/frm-pt.com\/wp-content\/uploads\/2024\/03\/c9a2d00b-cc09-48b0-8d23-09ea8b13d3a6-150x150.jpg 150w, https:\/\/frm-pt.com\/wp-content\/uploads\/2024\/03\/c9a2d00b-cc09-48b0-8d23-09ea8b13d3a6-100x100.jpg 100w\" sizes=\"(max-width: 600px) 100vw, 600px\" \/> <img loading=\"lazy\" decoding=\"async\" class=\"aligncenter wp-image-1728 size-full\" src=\"https:\/\/frm-pt.com\/wp-content\/uploads\/2024\/03\/ffa03b38-9c44-418d-afe8-170d943799f8.jpg\" alt=\"\" width=\"600\" height=\"592\" srcset=\"https:\/\/frm-pt.com\/wp-content\/uploads\/2024\/03\/ffa03b38-9c44-418d-afe8-170d943799f8.jpg 600w, https:\/\/frm-pt.com\/wp-content\/uploads\/2024\/03\/ffa03b38-9c44-418d-afe8-170d943799f8-300x296.jpg 300w, https:\/\/frm-pt.com\/wp-content\/uploads\/2024\/03\/ffa03b38-9c44-418d-afe8-170d943799f8-100x100.jpg 100w\" sizes=\"(max-width: 600px) 100vw, 600px\" \/> <img loading=\"lazy\" decoding=\"async\" class=\"aligncenter wp-image-1725 size-full\" src=\"https:\/\/frm-pt.com\/wp-content\/uploads\/2024\/03\/13405cab-48d9-4fc5-8aac-e25fd3998571.jpg\" alt=\"\" width=\"600\" height=\"600\" srcset=\"https:\/\/frm-pt.com\/wp-content\/uploads\/2024\/03\/13405cab-48d9-4fc5-8aac-e25fd3998571.jpg 600w, https:\/\/frm-pt.com\/wp-content\/uploads\/2024\/03\/13405cab-48d9-4fc5-8aac-e25fd3998571-300x300.jpg 300w, https:\/\/frm-pt.com\/wp-content\/uploads\/2024\/03\/13405cab-48d9-4fc5-8aac-e25fd3998571-150x150.jpg 150w, https:\/\/frm-pt.com\/wp-content\/uploads\/2024\/03\/13405cab-48d9-4fc5-8aac-e25fd3998571-100x100.jpg 100w\" sizes=\"(max-width: 600px) 100vw, 600px\" \/><\/p>\n<p style=\"text-align: center;\">\u2b50\u2b50\u2b50\u2b50\u2b50(5.5)<\/p>\n<p><em>\u2705Fazemos envios \u00e1 cobran\u00e7a para todo Portugal Continental . com\u00a0 c\u00f3digo de rastreo online.\u00a0<\/em><\/p>\n<p><em>\u2705Voc\u00ea somente paga o valor descrito em nosso site, fique tranquilo, n\u00e3o haver\u00e1 cobran\u00e7as adicionais de taxas ou impostos.<\/em><\/p>\n<p><em>\u2705Prazo m\u00e9dio para entrega \u00e9 de 24h a 48h ap\u00f3s o seu pedido.<\/em><\/p>\n<p><em>\u2705Site protegido com os melhores certificados de seguran\u00e7a.<\/em><\/p>\n<p>&nbsp;<\/p>","protected":false},"excerpt":{"rendered":"<p>\ud83d\ude9b\u00a0 Envios \u00e1 Cobran\u00e7a<\/p>\n<p>\ud83d\ude9b Entregas em 24h a 48h<\/p>","protected":false},"featured_media":1730,"template":"","meta":{"nf_dc_page":"","site-sidebar-layout":"default","site-content-layout":"","ast-site-content-layout":"default","site-content-style":"default","site-sidebar-style":"default","ast-global-header-display":"","ast-banner-title-visibility":"","ast-main-header-display":"","ast-hfb-above-header-display":"","ast-hfb-below-header-display":"","ast-hfb-mobile-header-display":"","site-post-title":"","ast-breadcrumbs-content":"","ast-featured-img":"","footer-sml-layout":"","ast-disable-related-posts":"","theme-transparent-header-meta":"default","adv-header-id-meta":"","stick-header-meta":"","header-above-stick-meta":"","header-main-stick-meta":"","header-below-stick-meta":"","astra-migrate-meta-layouts":"set","ast-page-background-enabled":"default","ast-page-background-meta":{"desktop":{"background-color":"","background-image":"","background-repeat":"repeat","background-position":"center center","background-size":"auto","background-attachment":"scroll","background-type":"","background-media":"","overlay-type":"","overlay-color":"","overlay-opacity":"","overlay-gradient":""},"tablet":{"background-color":"","background-image":"","background-repeat":"repeat","background-position":"center center","background-size":"auto","background-attachment":"scroll","background-type":"","background-media":"","overlay-type":"","overlay-color":"","overlay-opacity":"","overlay-gradient":""},"mobile":{"background-color":"","background-image":"","background-repeat":"repeat","background-position":"center center","background-size":"auto","background-attachment":"scroll","background-type":"","background-media":"","overlay-type":"","overlay-color":"","overlay-opacity":"","overlay-gradient":""}},"ast-content-background-meta":{"desktop":{"background-color":"var(--ast-global-color-5)","background-image":"","background-repeat":"repeat","background-position":"center center","background-size":"auto","background-attachment":"scroll","background-type":"","background-media":"","overlay-type":"","overlay-color":"","overlay-opacity":"","overlay-gradient":""},"tablet":{"background-color":"var(--ast-global-color-5)","background-image":"","background-repeat":"repeat","background-position":"center center","background-size":"auto","background-attachment":"scroll","background-type":"","background-media":"","overlay-type":"","overlay-color":"","overlay-opacity":"","overlay-gradient":""},"mobile":{"background-color":"var(--ast-global-color-5)","background-image":"","background-repeat":"repeat","background-position":"center center","background-size":"auto","background-attachment":"scroll","background-type":"","background-media":"","overlay-type":"","overlay-color":"","overlay-opacity":"","overlay-gradient":""}}},"product_brand":[],"product_cat":[31,37],"product_tag":[],"class_list":{"0":"post-1724","1":"product","2":"type-product","3":"status-publish","4":"has-post-thumbnail","6":"product_cat-carrinhos-de-ferramentas","7":"product_cat-ferramentas","8":"desktop-align-left","9":"tablet-align-left","10":"mobile-align-left","12":"first","13":"instock","14":"sale","15":"shipping-taxable","16":"purchasable","17":"product-type-simple"},"_links":{"self":[{"href":"https:\/\/frm-pt.com\/en\/wp-json\/wp\/v2\/product\/1724","targetHints":{"allow":["GET"]}}],"collection":[{"href":"https:\/\/frm-pt.com\/en\/wp-json\/wp\/v2\/product"}],"about":[{"href":"https:\/\/frm-pt.com\/en\/wp-json\/wp\/v2\/types\/product"}],"wp:featuredmedia":[{"embeddable":true,"href":"https:\/\/frm-pt.com\/en\/wp-json\/wp\/v2\/media\/1730"}],"wp:attachment":[{"href":"https:\/\/frm-pt.com\/en\/wp-json\/wp\/v2\/media?parent=1724"}],"wp:term":[{"taxonomy":"product_brand","embeddable":true,"href":"https:\/\/frm-pt.com\/en\/wp-json\/wp\/v2\/product_brand?post=1724"},{"taxonomy":"product_cat","embeddable":true,"href":"https:\/\/frm-pt.com\/en\/wp-json\/wp\/v2\/product_cat?post=1724"},{"taxonomy":"product_tag","embeddable":true,"href":"https:\/\/frm-pt.com\/en\/wp-json\/wp\/v2\/product_tag?post=1724"}],"curies":[{"name":"wp","href":"https:\/\/api.w.org\/{rel}","templated":true}]}}