{"id":1716,"date":"2024-03-31T15:33:41","date_gmt":"2024-03-31T15:33:41","guid":{"rendered":"https:\/\/frm-pt.com\/?post_type=product&#038;p=1716"},"modified":"2024-03-31T15:37:18","modified_gmt":"2024-03-31T15:37:18","slug":"motosserra-a-gasolina-52cc","status":"publish","type":"product","link":"https:\/\/frm-pt.com\/en\/product\/motosserra-a-gasolina-52cc\/","title":{"rendered":"Motosserra a Gasolina 52cc"},"content":{"rendered":"<h5 style=\"text-align: center;\">Motosserra a Gasolina De 2 Tempos De Alta Pot\u00eancia 52cc<\/h5>\n<p style=\"text-align: center;\"><strong>Carater\u00edsticas<\/strong>:<\/p>\n<p style=\"text-align: center;\">Motor: 1 cilindro, 2 tempos<br \/>\n&#8211; O modelo j\u00e1 est\u00e1 montado, basta colocar o \u00f3leo da corrente e a gasolina e esta pronto a trabalhar!<br \/>\n&#8211; Arrefecimento a ar<br \/>\n&#8211; Perfeito para todo o tipo de corte<br \/>\n&#8211; Agrad\u00e1vel ao Manobrar, sem esfor\u00e7o poder\u00e1 cortar os ramos\/troncos mais dif\u00edceis<br \/>\n&#8211; Ideal para particulares e Profissionais<br \/>\n&#8211; N\u00famero de arrastadores: 76<br \/>\n&#8211; Trav\u00e3o de Corrente com In\u00e9rcia<br \/>\n&#8211; Al\u00e7as Ergon\u00f3micas<br \/>\n&#8211; Sistema Anti-Vibra\u00e7\u00e3o<br \/>\n&#8211; Carburante: Mistura 1:25 \u00f3leo e gasolina<br \/>\n&#8211; Capacidade do dep\u00f3sito: 550ml<br \/>\n&#8211; Lubrificante da Corrente: \u00f3leo de motor SAE#10w-30<br \/>\n&#8211; Volume do Reservat\u00f3rio de \u00d3leo: 260ml<br \/>\n&#8211; Cilindrada: 52 ccm\u00b3 reais<br \/>\n&#8211; Comprimento da Guia: 50 cm<br \/>\n&#8211; Pot\u00eancia do Motor: 2.2 Kw ou 3Cv reais<br \/>\n&#8211; Peso: 8,00Kg<br \/>\n&#8211; Sistema de Alimenta\u00e7\u00e3o de \u00d3leo: Bomba autom\u00e1tica com ajustador<br \/>\n&#8211; Vela: M7<br \/>\n&#8211; Caracter\u00edsticas T\u00e9cnicas da corrente: 325&#8242; &#8211; 1,5mm<br \/>\n&#8211; Dimens\u00f5es: (sem a guia e a corrente): 520 x 290 x 290mm<\/p>\n<p><img fetchpriority=\"high\" decoding=\"async\" class=\"aligncenter wp-image-1720 size-full\" src=\"https:\/\/frm-pt.com\/wp-content\/uploads\/2024\/03\/82a9886e-7f5d-4eab-861a-00c8a9bccfc1.jpg\" alt=\"\" width=\"600\" height=\"602\" srcset=\"https:\/\/frm-pt.com\/wp-content\/uploads\/2024\/03\/82a9886e-7f5d-4eab-861a-00c8a9bccfc1.jpg 600w, https:\/\/frm-pt.com\/wp-content\/uploads\/2024\/03\/82a9886e-7f5d-4eab-861a-00c8a9bccfc1-300x300.jpg 300w, https:\/\/frm-pt.com\/wp-content\/uploads\/2024\/03\/82a9886e-7f5d-4eab-861a-00c8a9bccfc1-150x150.jpg 150w, https:\/\/frm-pt.com\/wp-content\/uploads\/2024\/03\/82a9886e-7f5d-4eab-861a-00c8a9bccfc1-100x100.jpg 100w\" sizes=\"(max-width: 600px) 100vw, 600px\" \/><img decoding=\"async\" class=\"aligncenter wp-image-1718 size-full\" src=\"https:\/\/frm-pt.com\/wp-content\/uploads\/2024\/03\/15f2e360-7e3e-4b61-a8fd-5c52ce110f00-1.jpg\" alt=\"\" width=\"600\" height=\"338\" srcset=\"https:\/\/frm-pt.com\/wp-content\/uploads\/2024\/03\/15f2e360-7e3e-4b61-a8fd-5c52ce110f00-1.jpg 600w, https:\/\/frm-pt.com\/wp-content\/uploads\/2024\/03\/15f2e360-7e3e-4b61-a8fd-5c52ce110f00-1-300x169.jpg 300w\" sizes=\"(max-width: 600px) 100vw, 600px\" \/> <img decoding=\"async\" class=\"aligncenter wp-image-1719 size-full\" src=\"https:\/\/frm-pt.com\/wp-content\/uploads\/2024\/03\/27ef1062-df35-44ed-82d8-34b127108b27.jpg\" alt=\"\" width=\"600\" height=\"601\" srcset=\"https:\/\/frm-pt.com\/wp-content\/uploads\/2024\/03\/27ef1062-df35-44ed-82d8-34b127108b27.jpg 600w, https:\/\/frm-pt.com\/wp-content\/uploads\/2024\/03\/27ef1062-df35-44ed-82d8-34b127108b27-300x300.jpg 300w, https:\/\/frm-pt.com\/wp-content\/uploads\/2024\/03\/27ef1062-df35-44ed-82d8-34b127108b27-150x150.jpg 150w, https:\/\/frm-pt.com\/wp-content\/uploads\/2024\/03\/27ef1062-df35-44ed-82d8-34b127108b27-100x100.jpg 100w\" sizes=\"(max-width: 600px) 100vw, 600px\" \/><\/p>\n<p style=\"font-size: 16px;\"><img loading=\"lazy\" decoding=\"async\" class=\"aligncenter wp-image-1721 size-full\" src=\"https:\/\/frm-pt.com\/wp-content\/uploads\/2024\/03\/8995fc9b-befe-4947-91ac-b9b05d617a38.jpg\" alt=\"\" width=\"600\" height=\"642\" srcset=\"https:\/\/frm-pt.com\/wp-content\/uploads\/2024\/03\/8995fc9b-befe-4947-91ac-b9b05d617a38.jpg 600w, https:\/\/frm-pt.com\/wp-content\/uploads\/2024\/03\/8995fc9b-befe-4947-91ac-b9b05d617a38-280x300.jpg 280w\" sizes=\"(max-width: 600px) 100vw, 600px\" \/><img loading=\"lazy\" decoding=\"async\" class=\"aligncenter wp-image-1717 size-full\" src=\"https:\/\/frm-pt.com\/wp-content\/uploads\/2024\/03\/2d1a89df-55c6-497b-98d1-2aee02299739.jpg\" alt=\"\" width=\"600\" height=\"600\" srcset=\"https:\/\/frm-pt.com\/wp-content\/uploads\/2024\/03\/2d1a89df-55c6-497b-98d1-2aee02299739.jpg 600w, https:\/\/frm-pt.com\/wp-content\/uploads\/2024\/03\/2d1a89df-55c6-497b-98d1-2aee02299739-300x300.jpg 300w, https:\/\/frm-pt.com\/wp-content\/uploads\/2024\/03\/2d1a89df-55c6-497b-98d1-2aee02299739-150x150.jpg 150w, https:\/\/frm-pt.com\/wp-content\/uploads\/2024\/03\/2d1a89df-55c6-497b-98d1-2aee02299739-100x100.jpg 100w\" sizes=\"(max-width: 600px) 100vw, 600px\" \/><\/p>\n<p style=\"text-align: center;\">\u2b50\u2b50\u2b50\u2b50\u2b50(5.8)<\/p>\n<p><em>\u2705Fazemos envios \u00e1 cobran\u00e7a para todo Portugal Continental . com\u00a0 c\u00f3digo de rastreo online.\u00a0<\/em><\/p>\n<p><em>\u2705Voc\u00ea somente paga o valor descrito em nosso site, fique tranquilo, n\u00e3o haver\u00e1 cobran\u00e7as adicionais de taxas ou impostos.<\/em><\/p>\n<p><em>\u2705Prazo m\u00e9dio para entrega \u00e9 de 24h a 48h ap\u00f3s o seu pedido.<\/em><\/p>\n<p><em>\u2705Site protegido com os melhores certificados de seguran\u00e7a.<\/em><\/p>","protected":false},"excerpt":{"rendered":"<p>\ud83d\ude9b\u00a0 Envios \u00e1 Cobran\u00e7a<\/p>\n<p>\ud83d\ude9b Entregas em 24h a 48h<\/p>","protected":false},"featured_media":1722,"template":"","meta":{"nf_dc_page":"","site-sidebar-layout":"default","site-content-layout":"","ast-site-content-layout":"default","site-content-style":"default","site-sidebar-style":"default","ast-global-header-display":"","ast-banner-title-visibility":"","ast-main-header-display":"","ast-hfb-above-header-display":"","ast-hfb-below-header-display":"","ast-hfb-mobile-header-display":"","site-post-title":"","ast-breadcrumbs-content":"","ast-featured-img":"","footer-sml-layout":"","ast-disable-related-posts":"","theme-transparent-header-meta":"default","adv-header-id-meta":"","stick-header-meta":"","header-above-stick-meta":"","header-main-stick-meta":"","header-below-stick-meta":"","astra-migrate-meta-layouts":"set","ast-page-background-enabled":"default","ast-page-background-meta":{"desktop":{"background-color":"","background-image":"","background-repeat":"repeat","background-position":"center center","background-size":"auto","background-attachment":"scroll","background-type":"","background-media":"","overlay-type":"","overlay-color":"","overlay-opacity":"","overlay-gradient":""},"tablet":{"background-color":"","background-image":"","background-repeat":"repeat","background-position":"center center","background-size":"auto","background-attachment":"scroll","background-type":"","background-media":"","overlay-type":"","overlay-color":"","overlay-opacity":"","overlay-gradient":""},"mobile":{"background-color":"","background-image":"","background-repeat":"repeat","background-position":"center center","background-size":"auto","background-attachment":"scroll","background-type":"","background-media":"","overlay-type":"","overlay-color":"","overlay-opacity":"","overlay-gradient":""}},"ast-content-background-meta":{"desktop":{"background-color":"var(--ast-global-color-5)","background-image":"","background-repeat":"repeat","background-position":"center center","background-size":"auto","background-attachment":"scroll","background-type":"","background-media":"","overlay-type":"","overlay-color":"","overlay-opacity":"","overlay-gradient":""},"tablet":{"background-color":"var(--ast-global-color-5)","background-image":"","background-repeat":"repeat","background-position":"center center","background-size":"auto","background-attachment":"scroll","background-type":"","background-media":"","overlay-type":"","overlay-color":"","overlay-opacity":"","overlay-gradient":""},"mobile":{"background-color":"var(--ast-global-color-5)","background-image":"","background-repeat":"repeat","background-position":"center center","background-size":"auto","background-attachment":"scroll","background-type":"","background-media":"","overlay-type":"","overlay-color":"","overlay-opacity":"","overlay-gradient":""}}},"product_brand":[],"product_cat":[29],"product_tag":[],"class_list":{"0":"post-1716","1":"product","2":"type-product","3":"status-publish","4":"has-post-thumbnail","6":"product_cat-maquinas-de-jardim","7":"desktop-align-left","8":"tablet-align-left","9":"mobile-align-left","11":"first","12":"instock","13":"sale","14":"shipping-taxable","15":"purchasable","16":"product-type-simple"},"_links":{"self":[{"href":"https:\/\/frm-pt.com\/en\/wp-json\/wp\/v2\/product\/1716","targetHints":{"allow":["GET"]}}],"collection":[{"href":"https:\/\/frm-pt.com\/en\/wp-json\/wp\/v2\/product"}],"about":[{"href":"https:\/\/frm-pt.com\/en\/wp-json\/wp\/v2\/types\/product"}],"wp:featuredmedia":[{"embeddable":true,"href":"https:\/\/frm-pt.com\/en\/wp-json\/wp\/v2\/media\/1722"}],"wp:attachment":[{"href":"https:\/\/frm-pt.com\/en\/wp-json\/wp\/v2\/media?parent=1716"}],"wp:term":[{"taxonomy":"product_brand","embeddable":true,"href":"https:\/\/frm-pt.com\/en\/wp-json\/wp\/v2\/product_brand?post=1716"},{"taxonomy":"product_cat","embeddable":true,"href":"https:\/\/frm-pt.com\/en\/wp-json\/wp\/v2\/product_cat?post=1716"},{"taxonomy":"product_tag","embeddable":true,"href":"https:\/\/frm-pt.com\/en\/wp-json\/wp\/v2\/product_tag?post=1716"}],"curies":[{"name":"wp","href":"https:\/\/api.w.org\/{rel}","templated":true}]}}