{"id":1708,"date":"2024-03-31T14:29:08","date_gmt":"2024-03-31T14:29:08","guid":{"rendered":"https:\/\/frm-pt.com\/?post_type=product&#038;p=1708"},"modified":"2025-08-11T14:32:17","modified_gmt":"2025-08-11T14:32:17","slug":"rocadora-a-gasolina-52cc","status":"publish","type":"product","link":"https:\/\/frm-pt.com\/en\/product\/rocadora-a-gasolina-52cc\/","title":{"rendered":"Ro\u00e7adora a Gasolina 52cc"},"content":{"rendered":"<h6 class=\"c-gEIijh\" style=\"text-align: center;\">Ro\u00e7adora, Gasolina 52 Cc<\/h6>\n<p style=\"text-align: center;\"><strong>Carater\u00edsticas<\/strong>:<\/p>\n<div dir=\"auto\" style=\"text-align: center;\">&#8211; Possui um motor de 2 tempos com arrefecimento a ar<\/div>\n<div dir=\"auto\" style=\"text-align: center;\">&#8211; Para maior seguran\u00e7a e conforto, tem uma al\u00e7a de transporte.<\/div>\n<div dir=\"auto\" style=\"text-align: center;\">&#8211; Tenha o cuidado de operar sempre esta m\u00e1quina com o equipamento de prote\u00e7\u00e3o pessoal adequado.<\/div>\n<div dir=\"auto\" style=\"text-align: center;\">&#8211; Motor: Dois tempos, arrefecido a ar.<\/div>\n<div dir=\"auto\" style=\"text-align: center;\">&#8211; Cilindrada do Motor: 52cc<\/div>\n<div dir=\"auto\" style=\"text-align: center;\">&#8211; Pot\u00eancia nominal de sa\u00edda: 1,5 kW \/ 7500 rpm<\/div>\n<div dir=\"auto\" style=\"text-align: center;\">&#8211; Pot\u00eancia Cavalos M\u00e1ximo: 5.5HP<\/div>\n<div dir=\"auto\" style=\"text-align: center;\">&#8211; Fonte de alimenta\u00e7\u00e3o: Mistura &#8211; \u00d3leo \u2013 Gasolina<\/div>\n<div dir=\"auto\" style=\"text-align: center;\">&#8211; Pot\u00eancia: 3500 Watt<\/div>\n<div dir=\"auto\" style=\"text-align: center;\">&#8211; Capacidade do dep\u00f3sito do combust\u00edvel: 700 ml<\/div>\n<div dir=\"auto\" style=\"text-align: center;\">&#8211; Disco A\u00e7o com 3 laminas<\/div>\n<div dir=\"auto\" style=\"text-align: center;\">&#8211; Cabe\u00e7a nylon 2 fios fornecida: Sim<\/div>\n<div dir=\"auto\" style=\"text-align: center;\">&#8211; Peso l\u00edquido: 7,5 kg<\/div>\n<div dir=\"auto\" style=\"text-align: center;\">&#8211; Eixo separ\u00e1vel<\/div>\n<div dir=\"auto\" style=\"text-align: center;\">&#8211; Di\u00e2metro da Cabe\u00e7a: 12 cm<\/div>\n<div dir=\"auto\"><img fetchpriority=\"high\" decoding=\"async\" class=\"aligncenter wp-image-1710 size-full\" src=\"https:\/\/frm-pt.com\/wp-content\/uploads\/2024\/03\/23e1481d-803d-4748-b6fe-65ab734d0a14.jpg\" alt=\"\" width=\"600\" height=\"584\" srcset=\"https:\/\/frm-pt.com\/wp-content\/uploads\/2024\/03\/23e1481d-803d-4748-b6fe-65ab734d0a14.jpg 600w, https:\/\/frm-pt.com\/wp-content\/uploads\/2024\/03\/23e1481d-803d-4748-b6fe-65ab734d0a14-300x292.jpg 300w\" sizes=\"(max-width: 600px) 100vw, 600px\" \/><img decoding=\"async\" class=\"aligncenter wp-image-1711 size-full\" src=\"https:\/\/frm-pt.com\/wp-content\/uploads\/2024\/03\/b20d7dd9-f4f5-4c39-99b5-252e4a2c5af6.jpg\" alt=\"\" width=\"600\" height=\"602\" srcset=\"https:\/\/frm-pt.com\/wp-content\/uploads\/2024\/03\/b20d7dd9-f4f5-4c39-99b5-252e4a2c5af6.jpg 600w, https:\/\/frm-pt.com\/wp-content\/uploads\/2024\/03\/b20d7dd9-f4f5-4c39-99b5-252e4a2c5af6-300x300.jpg 300w, https:\/\/frm-pt.com\/wp-content\/uploads\/2024\/03\/b20d7dd9-f4f5-4c39-99b5-252e4a2c5af6-150x150.jpg 150w, https:\/\/frm-pt.com\/wp-content\/uploads\/2024\/03\/b20d7dd9-f4f5-4c39-99b5-252e4a2c5af6-100x100.jpg 100w\" sizes=\"(max-width: 600px) 100vw, 600px\" \/><\/div>\n<div dir=\"auto\"><img decoding=\"async\" class=\"aligncenter wp-image-1712 size-full\" src=\"https:\/\/frm-pt.com\/wp-content\/uploads\/2024\/03\/e166f397-9201-4588-b98c-a5afeddfc5a4.jpg\" alt=\"\" width=\"600\" height=\"557\" srcset=\"https:\/\/frm-pt.com\/wp-content\/uploads\/2024\/03\/e166f397-9201-4588-b98c-a5afeddfc5a4.jpg 600w, https:\/\/frm-pt.com\/wp-content\/uploads\/2024\/03\/e166f397-9201-4588-b98c-a5afeddfc5a4-300x279.jpg 300w\" sizes=\"(max-width: 600px) 100vw, 600px\" \/><img loading=\"lazy\" decoding=\"async\" class=\"aligncenter wp-image-1709 size-full\" src=\"https:\/\/frm-pt.com\/wp-content\/uploads\/2024\/03\/07e6d4dd-f2aa-4879-af44-11a9d255b638.jpg\" alt=\"\" width=\"600\" height=\"596\" srcset=\"https:\/\/frm-pt.com\/wp-content\/uploads\/2024\/03\/07e6d4dd-f2aa-4879-af44-11a9d255b638.jpg 600w, https:\/\/frm-pt.com\/wp-content\/uploads\/2024\/03\/07e6d4dd-f2aa-4879-af44-11a9d255b638-300x298.jpg 300w, https:\/\/frm-pt.com\/wp-content\/uploads\/2024\/03\/07e6d4dd-f2aa-4879-af44-11a9d255b638-150x150.jpg 150w, https:\/\/frm-pt.com\/wp-content\/uploads\/2024\/03\/07e6d4dd-f2aa-4879-af44-11a9d255b638-100x100.jpg 100w\" sizes=\"(max-width: 600px) 100vw, 600px\" \/><\/div>\n<div dir=\"auto\"><img loading=\"lazy\" decoding=\"async\" class=\"aligncenter wp-image-1713 size-full\" src=\"https:\/\/frm-pt.com\/wp-content\/uploads\/2024\/03\/2d4f8597-2911-4b93-9c20-28d3457d02ea.jpg\" alt=\"\" width=\"600\" height=\"570\" srcset=\"https:\/\/frm-pt.com\/wp-content\/uploads\/2024\/03\/2d4f8597-2911-4b93-9c20-28d3457d02ea.jpg 600w, https:\/\/frm-pt.com\/wp-content\/uploads\/2024\/03\/2d4f8597-2911-4b93-9c20-28d3457d02ea-300x285.jpg 300w\" sizes=\"(max-width: 600px) 100vw, 600px\" \/><\/div>\n<div dir=\"auto\" style=\"text-align: center;\">\u2b50\u2b50\u2b50\u2b50\u2b50(5.9)<\/div>\n<p><em>\u2705Fazemos envios \u00e1 cobran\u00e7a para todo Portugal Continental . com\u00a0 c\u00f3digo de rastreo online.\u00a0<\/em><\/p>\n<p><em>\u2705Voc\u00ea somente paga o valor descrito em nosso site, fique tranquilo, n\u00e3o haver\u00e1 cobran\u00e7as adicionais de taxas ou impostos.<\/em><\/p>\n<p><em>\u2705Prazo m\u00e9dio para entrega \u00e9 de 24h a 48h ap\u00f3s o seu pedido.<\/em><\/p>\n<p><em>\u2705Site protegido com os melhores certificados de seguran\u00e7a.<\/em><\/p>","protected":false},"excerpt":{"rendered":"<p>\ud83d\ude9b\u00a0 Envios \u00e1 Cobran\u00e7a<\/p>\n<p>\ud83d\ude9b Entregas em 24h a 48h<\/p>","protected":false},"featured_media":1714,"template":"","meta":{"nf_dc_page":"","site-sidebar-layout":"default","site-content-layout":"","ast-site-content-layout":"default","site-content-style":"default","site-sidebar-style":"default","ast-global-header-display":"","ast-banner-title-visibility":"","ast-main-header-display":"","ast-hfb-above-header-display":"","ast-hfb-below-header-display":"","ast-hfb-mobile-header-display":"","site-post-title":"","ast-breadcrumbs-content":"","ast-featured-img":"","footer-sml-layout":"","ast-disable-related-posts":"","theme-transparent-header-meta":"default","adv-header-id-meta":"","stick-header-meta":"","header-above-stick-meta":"","header-main-stick-meta":"","header-below-stick-meta":"","astra-migrate-meta-layouts":"set","ast-page-background-enabled":"default","ast-page-background-meta":{"desktop":{"background-color":"","background-image":"","background-repeat":"repeat","background-position":"center center","background-size":"auto","background-attachment":"scroll","background-type":"","background-media":"","overlay-type":"","overlay-color":"","overlay-opacity":"","overlay-gradient":""},"tablet":{"background-color":"","background-image":"","background-repeat":"repeat","background-position":"center center","background-size":"auto","background-attachment":"scroll","background-type":"","background-media":"","overlay-type":"","overlay-color":"","overlay-opacity":"","overlay-gradient":""},"mobile":{"background-color":"","background-image":"","background-repeat":"repeat","background-position":"center center","background-size":"auto","background-attachment":"scroll","background-type":"","background-media":"","overlay-type":"","overlay-color":"","overlay-opacity":"","overlay-gradient":""}},"ast-content-background-meta":{"desktop":{"background-color":"var(--ast-global-color-5)","background-image":"","background-repeat":"repeat","background-position":"center center","background-size":"auto","background-attachment":"scroll","background-type":"","background-media":"","overlay-type":"","overlay-color":"","overlay-opacity":"","overlay-gradient":""},"tablet":{"background-color":"var(--ast-global-color-5)","background-image":"","background-repeat":"repeat","background-position":"center center","background-size":"auto","background-attachment":"scroll","background-type":"","background-media":"","overlay-type":"","overlay-color":"","overlay-opacity":"","overlay-gradient":""},"mobile":{"background-color":"var(--ast-global-color-5)","background-image":"","background-repeat":"repeat","background-position":"center center","background-size":"auto","background-attachment":"scroll","background-type":"","background-media":"","overlay-type":"","overlay-color":"","overlay-opacity":"","overlay-gradient":""}}},"product_brand":[],"product_cat":[29],"product_tag":[],"class_list":{"0":"post-1708","1":"product","2":"type-product","3":"status-publish","4":"has-post-thumbnail","6":"product_cat-maquinas-de-jardim","7":"desktop-align-left","8":"tablet-align-left","9":"mobile-align-left","11":"first","12":"instock","13":"sale","14":"shipping-taxable","15":"purchasable","16":"product-type-simple"},"_links":{"self":[{"href":"https:\/\/frm-pt.com\/en\/wp-json\/wp\/v2\/product\/1708","targetHints":{"allow":["GET"]}}],"collection":[{"href":"https:\/\/frm-pt.com\/en\/wp-json\/wp\/v2\/product"}],"about":[{"href":"https:\/\/frm-pt.com\/en\/wp-json\/wp\/v2\/types\/product"}],"wp:featuredmedia":[{"embeddable":true,"href":"https:\/\/frm-pt.com\/en\/wp-json\/wp\/v2\/media\/1714"}],"wp:attachment":[{"href":"https:\/\/frm-pt.com\/en\/wp-json\/wp\/v2\/media?parent=1708"}],"wp:term":[{"taxonomy":"product_brand","embeddable":true,"href":"https:\/\/frm-pt.com\/en\/wp-json\/wp\/v2\/product_brand?post=1708"},{"taxonomy":"product_cat","embeddable":true,"href":"https:\/\/frm-pt.com\/en\/wp-json\/wp\/v2\/product_cat?post=1708"},{"taxonomy":"product_tag","embeddable":true,"href":"https:\/\/frm-pt.com\/en\/wp-json\/wp\/v2\/product_tag?post=1708"}],"curies":[{"name":"wp","href":"https:\/\/api.w.org\/{rel}","templated":true}]}}