{"id":1698,"date":"2024-03-25T23:25:05","date_gmt":"2024-03-25T23:25:05","guid":{"rendered":"https:\/\/frm-pt.com\/?post_type=product&#038;p=1698"},"modified":"2024-03-25T23:26:17","modified_gmt":"2024-03-25T23:26:17","slug":"kit-sacar-injetores-completo","status":"publish","type":"product","link":"https:\/\/frm-pt.com\/en\/product\/kit-sacar-injetores-completo\/","title":{"rendered":"Kit Sacar Injetores Completo"},"content":{"rendered":"<h6 style=\"text-align: center;\">Este conjunto de ferramentas de extra\u00e7\u00e3o de injetores permite a remo\u00e7\u00e3o f\u00e1cil e r\u00e1pida de injetores a diesel<\/h6>\n<p style=\"text-align: center;\">O conjunto saca injetores \u00e9 fabricado a partir de a\u00e7o de alta qualidade, garantindo excelente durabilidade. Todas as ferramentas s\u00e3o entregues numa mala resistente, para f\u00e1cil armazenamento e transporte.<br \/>\nA entrega inclui 4 adaptadores, 4 martelos deslizantes, 5 porcas, 2 mordentes, 2 puxadores, 1 cortador de pontos de solda, 12 parafusos, 1 ferramenta de extra\u00e7\u00e3o, 4 an\u00e9is de press\u00e3o, 1 eixo e 5 bocais.<br \/>\nEspecifica\u00e7\u00f5es<\/p>\n<p style=\"text-align: center;\">Material: a\u00e7o<br \/>\nDimens\u00f5es da caixa: 38 x 10 x 6 cm (C x L x A)<br \/>\nO conjunto inclui:<br \/>\n4 x Adaptadores, 3,1 x 5 cm, 3,3 x 5 cm, 2,1 x 6,5 cm, 2,1 x 6,5 cm (Diam. x C)<br \/>\n4 x Martelos deslizantes, 7,5 x 16 cm, 6,5 x 45,5 cm, 8,5 x 59,5 cm, 10,5 x 43,5 cm (Diam. x C)<br \/>\n3 x porcas (comprimento: 3 cm, 3,5 cm, 4 cm)<br \/>\n2 x Porcas (di\u00e2metro; 2,3 cm, 2,6 cm)<br \/>\n2 x Mordentes<br \/>\n2 x Puxadores (comprimento 10,5 cm, 12,8 cm)<br \/>\n1 x Cortador de pontos de solda de 9,5 mm<br \/>\n12 x Parafusos (comprimento: 3,6 cm, 5 cm, 3 x 5,5 cm, 5 x 6 cm, 2 x 6,1 cm)<br \/>\n1 x Ferramenta de extra\u00e7\u00e3o (comprimento: 14 cm)<br \/>\n4 x An\u00e9is de reten\u00e7\u00e3o<br \/>\n1 x Eixo (comprimento: 31,7 cm)<br \/>\n5 x Bocais (25 mm, 27 mm, 28 mm, 29 mm, 30 mm<\/p>\n<p><img fetchpriority=\"high\" decoding=\"async\" class=\"aligncenter wp-image-1699 size-full\" src=\"https:\/\/frm-pt.com\/wp-content\/uploads\/2024\/03\/14a2fe58-e8a4-49de-aa28-3e5e89b46eec.jpg\" alt=\"\" width=\"600\" height=\"563\" srcset=\"https:\/\/frm-pt.com\/wp-content\/uploads\/2024\/03\/14a2fe58-e8a4-49de-aa28-3e5e89b46eec.jpg 600w, https:\/\/frm-pt.com\/wp-content\/uploads\/2024\/03\/14a2fe58-e8a4-49de-aa28-3e5e89b46eec-300x282.jpg 300w\" sizes=\"(max-width: 600px) 100vw, 600px\" \/> <img decoding=\"async\" class=\"aligncenter wp-image-1700 size-full\" src=\"https:\/\/frm-pt.com\/wp-content\/uploads\/2024\/03\/87de82fe-4deb-41fa-95ea-11a8e659b3ee.jpg\" alt=\"\" width=\"600\" height=\"537\" srcset=\"https:\/\/frm-pt.com\/wp-content\/uploads\/2024\/03\/87de82fe-4deb-41fa-95ea-11a8e659b3ee.jpg 600w, https:\/\/frm-pt.com\/wp-content\/uploads\/2024\/03\/87de82fe-4deb-41fa-95ea-11a8e659b3ee-300x269.jpg 300w\" sizes=\"(max-width: 600px) 100vw, 600px\" \/><\/p>\n<p style=\"text-align: center;\">\u2b50\u2b50\u2b50\u2b50\u2b50(4.8)<\/p>\n<p><em>\u2705Fazemos envios \u00e1 cobran\u00e7a para todo Portugal Continental . com\u00a0 c\u00f3digo de rastreo online.\u00a0<\/em><\/p>\n<p><em>\u2705Voc\u00ea somente paga o valor descrito em nosso site, fique tranquilo, n\u00e3o haver\u00e1 cobran\u00e7as adicionais de taxas ou impostos.<\/em><\/p>\n<p><em>\u2705Prazo m\u00e9dio para entrega \u00e9 de 24h a 48h ap\u00f3s o seu pedido.<\/em><\/p>\n<p><em>\u2705Site protegido com os melhores certificados de seguran\u00e7a.<\/em><\/p>","protected":false},"excerpt":{"rendered":"<p>\ud83d\ude9b\u00a0 Envios \u00e1 Cobran\u00e7a<\/p>\n<p>\ud83d\ude9b Entregas em 24h a 48h<\/p>","protected":false},"featured_media":1699,"template":"","meta":{"nf_dc_page":"","site-sidebar-layout":"default","site-content-layout":"","ast-site-content-layout":"default","site-content-style":"default","site-sidebar-style":"default","ast-global-header-display":"","ast-banner-title-visibility":"","ast-main-header-display":"","ast-hfb-above-header-display":"","ast-hfb-below-header-display":"","ast-hfb-mobile-header-display":"","site-post-title":"","ast-breadcrumbs-content":"","ast-featured-img":"","footer-sml-layout":"","ast-disable-related-posts":"","theme-transparent-header-meta":"default","adv-header-id-meta":"","stick-header-meta":"","header-above-stick-meta":"","header-main-stick-meta":"","header-below-stick-meta":"","astra-migrate-meta-layouts":"set","ast-page-background-enabled":"default","ast-page-background-meta":{"desktop":{"background-color":"","background-image":"","background-repeat":"repeat","background-position":"center center","background-size":"auto","background-attachment":"scroll","background-type":"","background-media":"","overlay-type":"","overlay-color":"","overlay-opacity":"","overlay-gradient":""},"tablet":{"background-color":"","background-image":"","background-repeat":"repeat","background-position":"center center","background-size":"auto","background-attachment":"scroll","background-type":"","background-media":"","overlay-type":"","overlay-color":"","overlay-opacity":"","overlay-gradient":""},"mobile":{"background-color":"","background-image":"","background-repeat":"repeat","background-position":"center center","background-size":"auto","background-attachment":"scroll","background-type":"","background-media":"","overlay-type":"","overlay-color":"","overlay-opacity":"","overlay-gradient":""}},"ast-content-background-meta":{"desktop":{"background-color":"var(--ast-global-color-5)","background-image":"","background-repeat":"repeat","background-position":"center center","background-size":"auto","background-attachment":"scroll","background-type":"","background-media":"","overlay-type":"","overlay-color":"","overlay-opacity":"","overlay-gradient":""},"tablet":{"background-color":"var(--ast-global-color-5)","background-image":"","background-repeat":"repeat","background-position":"center center","background-size":"auto","background-attachment":"scroll","background-type":"","background-media":"","overlay-type":"","overlay-color":"","overlay-opacity":"","overlay-gradient":""},"mobile":{"background-color":"var(--ast-global-color-5)","background-image":"","background-repeat":"repeat","background-position":"center center","background-size":"auto","background-attachment":"scroll","background-type":"","background-media":"","overlay-type":"","overlay-color":"","overlay-opacity":"","overlay-gradient":""}}},"product_brand":[],"product_cat":[37,28],"product_tag":[],"class_list":{"0":"post-1698","1":"product","2":"type-product","3":"status-publish","4":"has-post-thumbnail","6":"product_cat-ferramentas","7":"product_cat-malas-de-ferramentas","8":"desktop-align-left","9":"tablet-align-left","10":"mobile-align-left","12":"first","13":"instock","14":"sale","15":"shipping-taxable","16":"purchasable","17":"product-type-simple"},"_links":{"self":[{"href":"https:\/\/frm-pt.com\/en\/wp-json\/wp\/v2\/product\/1698","targetHints":{"allow":["GET"]}}],"collection":[{"href":"https:\/\/frm-pt.com\/en\/wp-json\/wp\/v2\/product"}],"about":[{"href":"https:\/\/frm-pt.com\/en\/wp-json\/wp\/v2\/types\/product"}],"wp:featuredmedia":[{"embeddable":true,"href":"https:\/\/frm-pt.com\/en\/wp-json\/wp\/v2\/media\/1699"}],"wp:attachment":[{"href":"https:\/\/frm-pt.com\/en\/wp-json\/wp\/v2\/media?parent=1698"}],"wp:term":[{"taxonomy":"product_brand","embeddable":true,"href":"https:\/\/frm-pt.com\/en\/wp-json\/wp\/v2\/product_brand?post=1698"},{"taxonomy":"product_cat","embeddable":true,"href":"https:\/\/frm-pt.com\/en\/wp-json\/wp\/v2\/product_cat?post=1698"},{"taxonomy":"product_tag","embeddable":true,"href":"https:\/\/frm-pt.com\/en\/wp-json\/wp\/v2\/product_tag?post=1698"}],"curies":[{"name":"wp","href":"https:\/\/api.w.org\/{rel}","templated":true}]}}