{"id":1693,"date":"2024-03-25T23:05:20","date_gmt":"2024-03-25T23:05:20","guid":{"rendered":"https:\/\/frm-pt.com\/?post_type=product&#038;p=1693"},"modified":"2024-03-25T23:07:17","modified_gmt":"2024-03-25T23:07:17","slug":"compressor-de-mola-de-suspensao-do-carro","status":"publish","type":"product","link":"https:\/\/frm-pt.com\/en\/product\/compressor-de-mola-de-suspensao-do-carro\/","title":{"rendered":"Compressor De Mola De Suspens\u00e3o De Carro"},"content":{"rendered":"<div class=\"title--wrap--Ms9Zv4A\" data-spm-anchor-id=\"a2g0o.detail.0.i5.77ccExKDExKD5p\">\n<h6 style=\"text-align: center;\" data-pl=\"product-title\" data-spm-anchor-id=\"a2g0o.detail.0.i4.77ccExKDExKD5p\">Compressor De Mola De Suspens\u00e3o Do Carro, Kit De Desmontagem, Amortecedor, Desmontagem, Montagem, Desmontagem, Desmontagem, Ferramentas De Reparo Autom\u00e1tico<\/h6>\n<\/div>\n<p style=\"text-align: center;\">Este compressor de mola \u00e9 projetado para comprimir quase qualquer tipo de Macpherson molas helicoidais estilo na frente e na traseira. Tr\u00eas conjuntos de mand\u00edbulas intercambi\u00e1veis (65 a 125 mm, 88-160 mm, 125-215 mm) \u00e9 fornecida para se encaixar molas encontrados na maioria das aplica\u00e7\u00f5es automotivas.<\/p>\n<p style=\"text-align: center;\">Pode comprimir a mola facilmente em um m\u00e9todo linear seguro simplesmente apertando a porca no corpo do compressor \u00e0 m\u00e3o.<\/p>\n<p style=\"text-align: center;\">Todas as ferramentas s\u00e3o embalados em um caso de armazenamento moldado para f\u00e1cil transporte.<\/p>\n<p style=\"text-align: center;\">Especifica\u00e7\u00f5es<\/p>\n<p style=\"text-align: center;\">Carga m\u00e1xima: 1050 kg<\/p>\n<p style=\"text-align: center;\">3 pares de maxilas, incluindo:<\/p>\n<p style=\"text-align: center;\">2x Mand\u00edbulas 65 mm &#8211; 125 mm (\u00c1reas de aplica\u00e7\u00e3o: 80 mm &#8211; 115 mm)<\/p>\n<p style=\"text-align: center;\">2x Mand\u00edbulas 88 mm &#8211; 160 mm (\u00c1reas de aplica\u00e7\u00e3o: 110 mm &#8211; 150 mm)<\/p>\n<p style=\"text-align: center;\">2x Mand\u00edbulas 125 mm &#8211; 215 mm (\u00c1reas de aplica\u00e7\u00e3o: 140 mm &#8211; 195 mm)<\/p>\n<p><img fetchpriority=\"high\" decoding=\"async\" class=\"aligncenter wp-image-1694 size-full\" src=\"https:\/\/frm-pt.com\/wp-content\/uploads\/2024\/03\/9c92cfa5-1302-47c4-9d96-ee043f5cef91.jpg\" alt=\"\" width=\"600\" height=\"776\" srcset=\"https:\/\/frm-pt.com\/wp-content\/uploads\/2024\/03\/9c92cfa5-1302-47c4-9d96-ee043f5cef91.jpg 600w, https:\/\/frm-pt.com\/wp-content\/uploads\/2024\/03\/9c92cfa5-1302-47c4-9d96-ee043f5cef91-232x300.jpg 232w\" sizes=\"(max-width: 600px) 100vw, 600px\" \/> <img decoding=\"async\" class=\"aligncenter wp-image-1695 size-full\" src=\"https:\/\/frm-pt.com\/wp-content\/uploads\/2024\/03\/30015096-396e-45db-b450-951a75b3a076.jpg\" alt=\"\" width=\"600\" height=\"776\" srcset=\"https:\/\/frm-pt.com\/wp-content\/uploads\/2024\/03\/30015096-396e-45db-b450-951a75b3a076.jpg 600w, https:\/\/frm-pt.com\/wp-content\/uploads\/2024\/03\/30015096-396e-45db-b450-951a75b3a076-232x300.jpg 232w\" sizes=\"(max-width: 600px) 100vw, 600px\" \/> <img decoding=\"async\" class=\"aligncenter wp-image-1696 size-full\" src=\"https:\/\/frm-pt.com\/wp-content\/uploads\/2024\/03\/d1583ea6-0ffa-479f-8b0e-2bdaf8e66d26.jpg\" alt=\"\" width=\"600\" height=\"776\" srcset=\"https:\/\/frm-pt.com\/wp-content\/uploads\/2024\/03\/d1583ea6-0ffa-479f-8b0e-2bdaf8e66d26.jpg 600w, https:\/\/frm-pt.com\/wp-content\/uploads\/2024\/03\/d1583ea6-0ffa-479f-8b0e-2bdaf8e66d26-232x300.jpg 232w\" sizes=\"(max-width: 600px) 100vw, 600px\" \/><\/p>\n<p style=\"text-align: center;\">\u2b50\u2b50\u2b50\u2b50\u2b50(5.3)<\/p>\n<p><em>\u2705Fazemos envios \u00e1 cobran\u00e7a para todo Portugal Continental . com\u00a0 c\u00f3digo de rastreo online.\u00a0<\/em><\/p>\n<p><em>\u2705Voc\u00ea somente paga o valor descrito em nosso site, fique tranquilo, n\u00e3o haver\u00e1 cobran\u00e7as adicionais de taxas ou impostos.<\/em><\/p>\n<p><em>\u2705Prazo m\u00e9dio para entrega \u00e9 de 24h a 48h ap\u00f3s o seu pedido.<\/em><\/p>\n<p><em>\u2705Site protegido com os melhores certificados de seguran\u00e7a.<\/em><\/p>","protected":false},"excerpt":{"rendered":"<p>\ud83d\ude9b\u00a0 Envios \u00e1 Cobran\u00e7a<\/p>\n<p>\ud83d\ude9b Entregas em 24h a 48h<\/p>","protected":false},"featured_media":1694,"template":"","meta":{"nf_dc_page":"","site-sidebar-layout":"default","site-content-layout":"","ast-site-content-layout":"default","site-content-style":"default","site-sidebar-style":"default","ast-global-header-display":"","ast-banner-title-visibility":"","ast-main-header-display":"","ast-hfb-above-header-display":"","ast-hfb-below-header-display":"","ast-hfb-mobile-header-display":"","site-post-title":"","ast-breadcrumbs-content":"","ast-featured-img":"","footer-sml-layout":"","ast-disable-related-posts":"","theme-transparent-header-meta":"default","adv-header-id-meta":"","stick-header-meta":"","header-above-stick-meta":"","header-main-stick-meta":"","header-below-stick-meta":"","astra-migrate-meta-layouts":"set","ast-page-background-enabled":"default","ast-page-background-meta":{"desktop":{"background-color":"","background-image":"","background-repeat":"repeat","background-position":"center center","background-size":"auto","background-attachment":"scroll","background-type":"","background-media":"","overlay-type":"","overlay-color":"","overlay-opacity":"","overlay-gradient":""},"tablet":{"background-color":"","background-image":"","background-repeat":"repeat","background-position":"center center","background-size":"auto","background-attachment":"scroll","background-type":"","background-media":"","overlay-type":"","overlay-color":"","overlay-opacity":"","overlay-gradient":""},"mobile":{"background-color":"","background-image":"","background-repeat":"repeat","background-position":"center center","background-size":"auto","background-attachment":"scroll","background-type":"","background-media":"","overlay-type":"","overlay-color":"","overlay-opacity":"","overlay-gradient":""}},"ast-content-background-meta":{"desktop":{"background-color":"var(--ast-global-color-5)","background-image":"","background-repeat":"repeat","background-position":"center center","background-size":"auto","background-attachment":"scroll","background-type":"","background-media":"","overlay-type":"","overlay-color":"","overlay-opacity":"","overlay-gradient":""},"tablet":{"background-color":"var(--ast-global-color-5)","background-image":"","background-repeat":"repeat","background-position":"center center","background-size":"auto","background-attachment":"scroll","background-type":"","background-media":"","overlay-type":"","overlay-color":"","overlay-opacity":"","overlay-gradient":""},"mobile":{"background-color":"var(--ast-global-color-5)","background-image":"","background-repeat":"repeat","background-position":"center center","background-size":"auto","background-attachment":"scroll","background-type":"","background-media":"","overlay-type":"","overlay-color":"","overlay-opacity":"","overlay-gradient":""}}},"product_brand":[],"product_cat":[37,28],"product_tag":[],"class_list":{"0":"post-1693","1":"product","2":"type-product","3":"status-publish","4":"has-post-thumbnail","6":"product_cat-ferramentas","7":"product_cat-malas-de-ferramentas","8":"desktop-align-left","9":"tablet-align-left","10":"mobile-align-left","12":"first","13":"instock","14":"sale","15":"shipping-taxable","16":"purchasable","17":"product-type-simple"},"_links":{"self":[{"href":"https:\/\/frm-pt.com\/en\/wp-json\/wp\/v2\/product\/1693","targetHints":{"allow":["GET"]}}],"collection":[{"href":"https:\/\/frm-pt.com\/en\/wp-json\/wp\/v2\/product"}],"about":[{"href":"https:\/\/frm-pt.com\/en\/wp-json\/wp\/v2\/types\/product"}],"wp:featuredmedia":[{"embeddable":true,"href":"https:\/\/frm-pt.com\/en\/wp-json\/wp\/v2\/media\/1694"}],"wp:attachment":[{"href":"https:\/\/frm-pt.com\/en\/wp-json\/wp\/v2\/media?parent=1693"}],"wp:term":[{"taxonomy":"product_brand","embeddable":true,"href":"https:\/\/frm-pt.com\/en\/wp-json\/wp\/v2\/product_brand?post=1693"},{"taxonomy":"product_cat","embeddable":true,"href":"https:\/\/frm-pt.com\/en\/wp-json\/wp\/v2\/product_cat?post=1693"},{"taxonomy":"product_tag","embeddable":true,"href":"https:\/\/frm-pt.com\/en\/wp-json\/wp\/v2\/product_tag?post=1693"}],"curies":[{"name":"wp","href":"https:\/\/api.w.org\/{rel}","templated":true}]}}