{"id":1675,"date":"2024-03-17T22:08:47","date_gmt":"2024-03-17T22:08:47","guid":{"rendered":"https:\/\/frm-pt.com\/?post_type=product&#038;p=1675"},"modified":"2024-03-17T22:10:28","modified_gmt":"2024-03-17T22:10:28","slug":"mala-de-ferramentas-108-pecas","status":"publish","type":"product","link":"https:\/\/frm-pt.com\/en\/product\/mala-de-ferramentas-108-pecas\/","title":{"rendered":"Mala de ferramentas 108 Pe\u00e7as"},"content":{"rendered":"<div class=\"xdj266r x11i5rnm xat24cr x1mh8g0r x1vvkbs x126k92a\">\n<h6 dir=\"auto\" style=\"text-align: center;\">Mala de ferramentas 108 Pe\u00e7as<\/h6>\n<\/div>\n<div class=\"x11i5rnm xat24cr x1mh8g0r x1vvkbs xtlvy1s x126k92a\">\n<div dir=\"auto\" style=\"text-align: center;\">Caixa de ferramentas para particulares e profissionais com 2 chaves de roquete robustas completas com encaixes e acess\u00f3rios, ideais para quem precisa de ter sempre consigo as ferramentas ideais para cada trabalho.<\/div>\n<div dir=\"auto\" style=\"text-align: center;\">A caixa de ferramentas \u00e9 um kit que cont\u00e9m duas chaves de roquete com chaves hexagonais, pontas de inser\u00e7\u00e3o com chaves de fenda, chaves de caixa hexagonais e v\u00e1rios acess\u00f3rios para facilitar o trabalho.<\/div>\n<div dir=\"auto\" style=\"text-align: center;\">Todos os instrumentos da caixa s\u00e3o feitos de cromo-van\u00e1dio, um material inovador que garante resist\u00eancia acima da m\u00e9dia e robustez e, portanto, \u00e9 capaz de neutralizar o desgaste mesmo em caso de uso intensivo a longo prazo<\/div>\n<\/div>\n<div dir=\"auto\"><\/div>\n<div dir=\"auto\"><img fetchpriority=\"high\" decoding=\"async\" class=\"aligncenter wp-image-1678 size-full\" src=\"https:\/\/frm-pt.com\/wp-content\/uploads\/2024\/03\/9f8038c2-9b02-4f5e-9812-f50d649a006b-1.jpg\" alt=\"\" width=\"800\" height=\"594\" srcset=\"https:\/\/frm-pt.com\/wp-content\/uploads\/2024\/03\/9f8038c2-9b02-4f5e-9812-f50d649a006b-1.jpg 800w, https:\/\/frm-pt.com\/wp-content\/uploads\/2024\/03\/9f8038c2-9b02-4f5e-9812-f50d649a006b-1-300x223.jpg 300w, https:\/\/frm-pt.com\/wp-content\/uploads\/2024\/03\/9f8038c2-9b02-4f5e-9812-f50d649a006b-1-768x570.jpg 768w, https:\/\/frm-pt.com\/wp-content\/uploads\/2024\/03\/9f8038c2-9b02-4f5e-9812-f50d649a006b-1-600x446.jpg 600w\" sizes=\"(max-width: 800px) 100vw, 800px\" \/><img decoding=\"async\" class=\"aligncenter wp-image-1680 size-full\" src=\"https:\/\/frm-pt.com\/wp-content\/uploads\/2024\/03\/48aabc7c-d15f-4068-9b1d-3284e59acc36.jpg\" alt=\"\" width=\"800\" height=\"678\" srcset=\"https:\/\/frm-pt.com\/wp-content\/uploads\/2024\/03\/48aabc7c-d15f-4068-9b1d-3284e59acc36.jpg 800w, https:\/\/frm-pt.com\/wp-content\/uploads\/2024\/03\/48aabc7c-d15f-4068-9b1d-3284e59acc36-300x254.jpg 300w, https:\/\/frm-pt.com\/wp-content\/uploads\/2024\/03\/48aabc7c-d15f-4068-9b1d-3284e59acc36-768x651.jpg 768w, https:\/\/frm-pt.com\/wp-content\/uploads\/2024\/03\/48aabc7c-d15f-4068-9b1d-3284e59acc36-600x509.jpg 600w\" sizes=\"(max-width: 800px) 100vw, 800px\" \/> <img decoding=\"async\" class=\"aligncenter wp-image-1681 size-full\" src=\"https:\/\/frm-pt.com\/wp-content\/uploads\/2024\/03\/ff31d6bc-48cf-4a9c-8492-4fea85ad82cf.jpg\" alt=\"\" width=\"800\" height=\"983\" srcset=\"https:\/\/frm-pt.com\/wp-content\/uploads\/2024\/03\/ff31d6bc-48cf-4a9c-8492-4fea85ad82cf.jpg 800w, https:\/\/frm-pt.com\/wp-content\/uploads\/2024\/03\/ff31d6bc-48cf-4a9c-8492-4fea85ad82cf-244x300.jpg 244w, https:\/\/frm-pt.com\/wp-content\/uploads\/2024\/03\/ff31d6bc-48cf-4a9c-8492-4fea85ad82cf-768x944.jpg 768w, https:\/\/frm-pt.com\/wp-content\/uploads\/2024\/03\/ff31d6bc-48cf-4a9c-8492-4fea85ad82cf-600x737.jpg 600w\" sizes=\"(max-width: 800px) 100vw, 800px\" \/><img loading=\"lazy\" decoding=\"async\" class=\"aligncenter wp-image-1679 size-full\" style=\"font-weight: inherit;\" src=\"https:\/\/frm-pt.com\/wp-content\/uploads\/2024\/03\/12d7616e-2516-479e-9255-b62b2293e1f6.jpg\" alt=\"\" width=\"800\" height=\"1053\" srcset=\"https:\/\/frm-pt.com\/wp-content\/uploads\/2024\/03\/12d7616e-2516-479e-9255-b62b2293e1f6.jpg 800w, https:\/\/frm-pt.com\/wp-content\/uploads\/2024\/03\/12d7616e-2516-479e-9255-b62b2293e1f6-228x300.jpg 228w, https:\/\/frm-pt.com\/wp-content\/uploads\/2024\/03\/12d7616e-2516-479e-9255-b62b2293e1f6-778x1024.jpg 778w, https:\/\/frm-pt.com\/wp-content\/uploads\/2024\/03\/12d7616e-2516-479e-9255-b62b2293e1f6-768x1011.jpg 768w, https:\/\/frm-pt.com\/wp-content\/uploads\/2024\/03\/12d7616e-2516-479e-9255-b62b2293e1f6-600x790.jpg 600w\" sizes=\"(max-width: 800px) 100vw, 800px\" \/><\/div>\n<div dir=\"auto\" style=\"text-align: center;\">\u2b50\u2b50\u2b50\u2b50\u2b50(4.9)<\/div>\n<div dir=\"auto\"><\/div>\n<div dir=\"auto\">\n<p style=\"text-align: left;\"><em>\u2705Fazemos envios \u00e1 cobran\u00e7a para todo Portugal Continental . com\u00a0 c\u00f3digo de rastreo online.\u00a0<\/em><\/p>\n<p style=\"text-align: left;\"><em>\u2705Voc\u00ea somente paga o valor descrito em nosso site, fique tranquilo, n\u00e3o haver\u00e1 cobran\u00e7as adicionais de taxas ou impostos.<\/em><\/p>\n<p style=\"text-align: left;\"><em>\u2705Prazo m\u00e9dio para entrega \u00e9 de 24h a 48h ap\u00f3s o seu pedido.<\/em><\/p>\n<p style=\"text-align: left;\"><em>\u2705Site protegido com os melhores certificados de seguran\u00e7a.<\/em><\/p>\n<\/div>","protected":false},"excerpt":{"rendered":"<p>\ud83d\ude9b\u00a0 Envios \u00e1 Cobran\u00e7a<\/p>\n<p>\ud83d\ude9b Entregas em 24h a 48h<\/p>","protected":false},"featured_media":1677,"template":"","meta":{"nf_dc_page":"","site-sidebar-layout":"default","site-content-layout":"","ast-site-content-layout":"default","site-content-style":"default","site-sidebar-style":"default","ast-global-header-display":"","ast-banner-title-visibility":"","ast-main-header-display":"","ast-hfb-above-header-display":"","ast-hfb-below-header-display":"","ast-hfb-mobile-header-display":"","site-post-title":"","ast-breadcrumbs-content":"","ast-featured-img":"","footer-sml-layout":"","ast-disable-related-posts":"","theme-transparent-header-meta":"default","adv-header-id-meta":"","stick-header-meta":"","header-above-stick-meta":"","header-main-stick-meta":"","header-below-stick-meta":"","astra-migrate-meta-layouts":"set","ast-page-background-enabled":"default","ast-page-background-meta":{"desktop":{"background-color":"","background-image":"","background-repeat":"repeat","background-position":"center center","background-size":"auto","background-attachment":"scroll","background-type":"","background-media":"","overlay-type":"","overlay-color":"","overlay-opacity":"","overlay-gradient":""},"tablet":{"background-color":"","background-image":"","background-repeat":"repeat","background-position":"center center","background-size":"auto","background-attachment":"scroll","background-type":"","background-media":"","overlay-type":"","overlay-color":"","overlay-opacity":"","overlay-gradient":""},"mobile":{"background-color":"","background-image":"","background-repeat":"repeat","background-position":"center center","background-size":"auto","background-attachment":"scroll","background-type":"","background-media":"","overlay-type":"","overlay-color":"","overlay-opacity":"","overlay-gradient":""}},"ast-content-background-meta":{"desktop":{"background-color":"var(--ast-global-color-5)","background-image":"","background-repeat":"repeat","background-position":"center center","background-size":"auto","background-attachment":"scroll","background-type":"","background-media":"","overlay-type":"","overlay-color":"","overlay-opacity":"","overlay-gradient":""},"tablet":{"background-color":"var(--ast-global-color-5)","background-image":"","background-repeat":"repeat","background-position":"center center","background-size":"auto","background-attachment":"scroll","background-type":"","background-media":"","overlay-type":"","overlay-color":"","overlay-opacity":"","overlay-gradient":""},"mobile":{"background-color":"var(--ast-global-color-5)","background-image":"","background-repeat":"repeat","background-position":"center center","background-size":"auto","background-attachment":"scroll","background-type":"","background-media":"","overlay-type":"","overlay-color":"","overlay-opacity":"","overlay-gradient":""}}},"product_brand":[],"product_cat":[37,28],"product_tag":[],"class_list":{"0":"post-1675","1":"product","2":"type-product","3":"status-publish","4":"has-post-thumbnail","6":"product_cat-ferramentas","7":"product_cat-malas-de-ferramentas","8":"desktop-align-left","9":"tablet-align-left","10":"mobile-align-left","12":"first","13":"instock","14":"sale","15":"shipping-taxable","16":"purchasable","17":"product-type-simple"},"_links":{"self":[{"href":"https:\/\/frm-pt.com\/en\/wp-json\/wp\/v2\/product\/1675","targetHints":{"allow":["GET"]}}],"collection":[{"href":"https:\/\/frm-pt.com\/en\/wp-json\/wp\/v2\/product"}],"about":[{"href":"https:\/\/frm-pt.com\/en\/wp-json\/wp\/v2\/types\/product"}],"wp:featuredmedia":[{"embeddable":true,"href":"https:\/\/frm-pt.com\/en\/wp-json\/wp\/v2\/media\/1677"}],"wp:attachment":[{"href":"https:\/\/frm-pt.com\/en\/wp-json\/wp\/v2\/media?parent=1675"}],"wp:term":[{"taxonomy":"product_brand","embeddable":true,"href":"https:\/\/frm-pt.com\/en\/wp-json\/wp\/v2\/product_brand?post=1675"},{"taxonomy":"product_cat","embeddable":true,"href":"https:\/\/frm-pt.com\/en\/wp-json\/wp\/v2\/product_cat?post=1675"},{"taxonomy":"product_tag","embeddable":true,"href":"https:\/\/frm-pt.com\/en\/wp-json\/wp\/v2\/product_tag?post=1675"}],"curies":[{"name":"wp","href":"https:\/\/api.w.org\/{rel}","templated":true}]}}