{"id":1665,"date":"2024-03-14T15:47:23","date_gmt":"2024-03-14T15:47:23","guid":{"rendered":"https:\/\/frm-pt.com\/?post_type=product&#038;p=1665"},"modified":"2024-03-17T21:56:40","modified_gmt":"2024-03-17T21:56:40","slug":"1665","status":"publish","type":"product","link":"https:\/\/frm-pt.com\/en\/product\/1665\/","title":{"rendered":"Corta Sebes a Gasolina 25.4cc"},"content":{"rendered":"<h6 style=\"text-align: center;\">Corta Sebes a Gasolina 25.4cc<\/h6>\n<p>&nbsp;<\/p>\n<p style=\"text-align: center;\">Corta Sebes a Gasolina 25.4cc<br \/>\nEste cortador de sebes profissional, com uma l\u00e2mina de dupla face, \u00e9 a escolha ideal para cortar sebes, arbustos e mato de forma r\u00e1pida e eficiente.<\/p>\n<p style=\"text-align: center;\">Especifica\u00e7\u00f5es:<br \/>\n. Material: a\u00e7o e pl\u00e1stico<br \/>\n. Comprimento da l\u00e2mina: 600 mm<br \/>\n. Espa\u00e7o entre os dentes: 24 mm<br \/>\n. Pot\u00eancia: 700 W (1 HP)<br \/>\n. Motor: arrefecido por ar; cilindro de 2 tempos<br \/>\n. Cilindrada: 25.4cc<br \/>\n. Capacidade do dep\u00f3sito do combust\u00edvel: 500 ml<br \/>\n. Velocidade de marcha lenta: 3000 rpm<br \/>\n. Velocidade m\u00e1xima: 9000 rpm<br \/>\n. Carburador: diafragma<br \/>\n. Arrancador por retrocesso<br \/>\n. Punho rotativo a 180 graus<br \/>\n. L\u00e2minas com movimento alternativo de dupla face.<\/p>\n<p><img fetchpriority=\"high\" decoding=\"async\" class=\"aligncenter wp-image-1667 size-full\" src=\"https:\/\/frm-pt.com\/wp-content\/uploads\/2024\/03\/64557182-c3a2-4aca-b7f2-a6c398dfd8c5.jpg\" alt=\"\" width=\"800\" height=\"490\" srcset=\"https:\/\/frm-pt.com\/wp-content\/uploads\/2024\/03\/64557182-c3a2-4aca-b7f2-a6c398dfd8c5.jpg 800w, https:\/\/frm-pt.com\/wp-content\/uploads\/2024\/03\/64557182-c3a2-4aca-b7f2-a6c398dfd8c5-300x184.jpg 300w, https:\/\/frm-pt.com\/wp-content\/uploads\/2024\/03\/64557182-c3a2-4aca-b7f2-a6c398dfd8c5-768x470.jpg 768w, https:\/\/frm-pt.com\/wp-content\/uploads\/2024\/03\/64557182-c3a2-4aca-b7f2-a6c398dfd8c5-600x368.jpg 600w\" sizes=\"(max-width: 800px) 100vw, 800px\" \/><\/p>\n<p style=\"text-align: center;\">\u2b50\u2b50\u2b50\u2b50\u2b50(4.9)<\/p>\n<p><em>\u2705Fazemos envios \u00e1 cobran\u00e7a para todo Portugal Continental . com\u00a0 c\u00f3digo de rastreo online.\u00a0<\/em><\/p>\n<p><em>\u2705Voc\u00ea somente paga o valor descrito em nosso site, fique tranquilo, n\u00e3o haver\u00e1 cobran\u00e7as adicionais de taxas ou impostos.<\/em><\/p>\n<p><em>\u2705Prazo m\u00e9dio para entrega \u00e9 de 24h a 48h ap\u00f3s o seu pedido.<\/em><\/p>\n<p><em>\u2705Site protegido com os melhores certificados de seguran\u00e7a.<\/em><\/p>","protected":false},"excerpt":{"rendered":"<h6><\/h6>\n<p>\ud83d\ude9b\u00a0 Envios \u00e1 Cobran\u00e7a<\/p>\n<p>\ud83d\ude9b Entregas em 24h a 48h<\/p>","protected":false},"featured_media":1666,"template":"","meta":{"nf_dc_page":"","site-sidebar-layout":"default","site-content-layout":"","ast-site-content-layout":"default","site-content-style":"default","site-sidebar-style":"default","ast-global-header-display":"","ast-banner-title-visibility":"","ast-main-header-display":"","ast-hfb-above-header-display":"","ast-hfb-below-header-display":"","ast-hfb-mobile-header-display":"","site-post-title":"","ast-breadcrumbs-content":"","ast-featured-img":"","footer-sml-layout":"","ast-disable-related-posts":"","theme-transparent-header-meta":"default","adv-header-id-meta":"","stick-header-meta":"","header-above-stick-meta":"","header-main-stick-meta":"","header-below-stick-meta":"","astra-migrate-meta-layouts":"set","ast-page-background-enabled":"default","ast-page-background-meta":{"desktop":{"background-color":"","background-image":"","background-repeat":"repeat","background-position":"center center","background-size":"auto","background-attachment":"scroll","background-type":"","background-media":"","overlay-type":"","overlay-color":"","overlay-opacity":"","overlay-gradient":""},"tablet":{"background-color":"","background-image":"","background-repeat":"repeat","background-position":"center center","background-size":"auto","background-attachment":"scroll","background-type":"","background-media":"","overlay-type":"","overlay-color":"","overlay-opacity":"","overlay-gradient":""},"mobile":{"background-color":"","background-image":"","background-repeat":"repeat","background-position":"center center","background-size":"auto","background-attachment":"scroll","background-type":"","background-media":"","overlay-type":"","overlay-color":"","overlay-opacity":"","overlay-gradient":""}},"ast-content-background-meta":{"desktop":{"background-color":"var(--ast-global-color-5)","background-image":"","background-repeat":"repeat","background-position":"center center","background-size":"auto","background-attachment":"scroll","background-type":"","background-media":"","overlay-type":"","overlay-color":"","overlay-opacity":"","overlay-gradient":""},"tablet":{"background-color":"var(--ast-global-color-5)","background-image":"","background-repeat":"repeat","background-position":"center center","background-size":"auto","background-attachment":"scroll","background-type":"","background-media":"","overlay-type":"","overlay-color":"","overlay-opacity":"","overlay-gradient":""},"mobile":{"background-color":"var(--ast-global-color-5)","background-image":"","background-repeat":"repeat","background-position":"center center","background-size":"auto","background-attachment":"scroll","background-type":"","background-media":"","overlay-type":"","overlay-color":"","overlay-opacity":"","overlay-gradient":""}}},"product_brand":[],"product_cat":[29],"product_tag":[],"class_list":{"0":"post-1665","1":"product","2":"type-product","3":"status-publish","4":"has-post-thumbnail","6":"product_cat-maquinas-de-jardim","7":"desktop-align-left","8":"tablet-align-left","9":"mobile-align-left","11":"first","12":"instock","13":"sale","14":"shipping-taxable","15":"purchasable","16":"product-type-simple"},"_links":{"self":[{"href":"https:\/\/frm-pt.com\/en\/wp-json\/wp\/v2\/product\/1665","targetHints":{"allow":["GET"]}}],"collection":[{"href":"https:\/\/frm-pt.com\/en\/wp-json\/wp\/v2\/product"}],"about":[{"href":"https:\/\/frm-pt.com\/en\/wp-json\/wp\/v2\/types\/product"}],"wp:featuredmedia":[{"embeddable":true,"href":"https:\/\/frm-pt.com\/en\/wp-json\/wp\/v2\/media\/1666"}],"wp:attachment":[{"href":"https:\/\/frm-pt.com\/en\/wp-json\/wp\/v2\/media?parent=1665"}],"wp:term":[{"taxonomy":"product_brand","embeddable":true,"href":"https:\/\/frm-pt.com\/en\/wp-json\/wp\/v2\/product_brand?post=1665"},{"taxonomy":"product_cat","embeddable":true,"href":"https:\/\/frm-pt.com\/en\/wp-json\/wp\/v2\/product_cat?post=1665"},{"taxonomy":"product_tag","embeddable":true,"href":"https:\/\/frm-pt.com\/en\/wp-json\/wp\/v2\/product_tag?post=1665"}],"curies":[{"name":"wp","href":"https:\/\/api.w.org\/{rel}","templated":true}]}}