{"id":1662,"date":"2024-03-14T15:43:09","date_gmt":"2024-03-14T15:43:09","guid":{"rendered":"https:\/\/frm-pt.com\/?post_type=product&#038;p=1662"},"modified":"2024-03-17T21:57:36","modified_gmt":"2024-03-17T21:57:36","slug":"1662","status":"publish","type":"product","link":"https:\/\/frm-pt.com\/en\/product\/1662\/","title":{"rendered":"Conjunto De 2 Pregui\u00e7as De 3T"},"content":{"rendered":"<h6 style=\"text-align: center;\">CONJUNTO DE 2 PREGUI\u00c7AS DE 3T<\/h6>\n<p>&nbsp;<\/p>\n<p style=\"text-align: center;\">Pregui\u00e7as para autom\u00f3veis com capacidade de carga de 3 toneladas<\/p>\n<p style=\"text-align: center;\">Propriedades gerais:<br \/>\n&#8211; Trava por pino;<br \/>\n&#8211; Apoio de borracha generoso em PU;<br \/>\n&#8211; Base com apoios de p\u00e9s em tri\u00e2ngulo.<\/p>\n<p style=\"text-align: center;\">Caracter\u00edsticas t\u00e9cnicas:<br \/>\n&#8211; Capacidade m\u00e1xima de carga de 3 toneladas;<br \/>\n&#8211; Altura de eleva\u00e7\u00e3o m\u00ednima de 322mm e m\u00e1xima de 465mm;<\/p>\n<p>&nbsp;<\/p>\n<p><img fetchpriority=\"high\" decoding=\"async\" class=\"aligncenter wp-image-1663 size-full\" src=\"https:\/\/frm-pt.com\/wp-content\/uploads\/2024\/03\/3e53d465-69e7-4441-b821-42b6c7799014.jpg\" alt=\"\" width=\"800\" height=\"687\" srcset=\"https:\/\/frm-pt.com\/wp-content\/uploads\/2024\/03\/3e53d465-69e7-4441-b821-42b6c7799014.jpg 800w, https:\/\/frm-pt.com\/wp-content\/uploads\/2024\/03\/3e53d465-69e7-4441-b821-42b6c7799014-300x258.jpg 300w, https:\/\/frm-pt.com\/wp-content\/uploads\/2024\/03\/3e53d465-69e7-4441-b821-42b6c7799014-768x660.jpg 768w, https:\/\/frm-pt.com\/wp-content\/uploads\/2024\/03\/3e53d465-69e7-4441-b821-42b6c7799014-600x515.jpg 600w\" sizes=\"(max-width: 800px) 100vw, 800px\" \/> <img decoding=\"async\" class=\"aligncenter wp-image-1664 size-full\" src=\"https:\/\/frm-pt.com\/wp-content\/uploads\/2024\/03\/ad0fe586-5744-43f5-9ee2-468b2ed234d0.jpg\" alt=\"\" width=\"800\" height=\"676\" srcset=\"https:\/\/frm-pt.com\/wp-content\/uploads\/2024\/03\/ad0fe586-5744-43f5-9ee2-468b2ed234d0.jpg 800w, https:\/\/frm-pt.com\/wp-content\/uploads\/2024\/03\/ad0fe586-5744-43f5-9ee2-468b2ed234d0-300x254.jpg 300w, https:\/\/frm-pt.com\/wp-content\/uploads\/2024\/03\/ad0fe586-5744-43f5-9ee2-468b2ed234d0-768x649.jpg 768w, https:\/\/frm-pt.com\/wp-content\/uploads\/2024\/03\/ad0fe586-5744-43f5-9ee2-468b2ed234d0-600x507.jpg 600w\" sizes=\"(max-width: 800px) 100vw, 800px\" \/><\/p>\n<p>&nbsp;<\/p>\n<p style=\"text-align: center;\">\u2b50\u2b50\u2b50\u2b50\u2b50(5.9)<\/p>\n<p><em>\u2705Fazemos envios \u00e1 cobran\u00e7a para todo Portugal Continental . com\u00a0 c\u00f3digo de rastreo online.\u00a0<\/em><\/p>\n<p><em>\u2705Voc\u00ea somente paga o valor descrito em nosso site, fique tranquilo, n\u00e3o haver\u00e1 cobran\u00e7as adicionais de taxas ou impostos.<\/em><\/p>\n<p><em>\u2705Prazo m\u00e9dio para entrega \u00e9 de 24h a 48h ap\u00f3s o seu pedido.<\/em><\/p>\n<p><em>\u2705Site protegido com os melhores certificados de seguran\u00e7a.<\/em><\/p>","protected":false},"excerpt":{"rendered":"<h6><\/h6>\n<p>\ud83d\ude9b\u00a0 Envios \u00e1 Cobran\u00e7a<\/p>\n<p>\ud83d\ude9b Entregas em 24h a 48h<\/p>","protected":false},"featured_media":1663,"template":"","meta":{"nf_dc_page":"","site-sidebar-layout":"default","site-content-layout":"","ast-site-content-layout":"default","site-content-style":"default","site-sidebar-style":"default","ast-global-header-display":"","ast-banner-title-visibility":"","ast-main-header-display":"","ast-hfb-above-header-display":"","ast-hfb-below-header-display":"","ast-hfb-mobile-header-display":"","site-post-title":"","ast-breadcrumbs-content":"","ast-featured-img":"","footer-sml-layout":"","ast-disable-related-posts":"","theme-transparent-header-meta":"default","adv-header-id-meta":"","stick-header-meta":"","header-above-stick-meta":"","header-main-stick-meta":"","header-below-stick-meta":"","astra-migrate-meta-layouts":"set","ast-page-background-enabled":"default","ast-page-background-meta":{"desktop":{"background-color":"","background-image":"","background-repeat":"repeat","background-position":"center center","background-size":"auto","background-attachment":"scroll","background-type":"","background-media":"","overlay-type":"","overlay-color":"","overlay-opacity":"","overlay-gradient":""},"tablet":{"background-color":"","background-image":"","background-repeat":"repeat","background-position":"center center","background-size":"auto","background-attachment":"scroll","background-type":"","background-media":"","overlay-type":"","overlay-color":"","overlay-opacity":"","overlay-gradient":""},"mobile":{"background-color":"","background-image":"","background-repeat":"repeat","background-position":"center center","background-size":"auto","background-attachment":"scroll","background-type":"","background-media":"","overlay-type":"","overlay-color":"","overlay-opacity":"","overlay-gradient":""}},"ast-content-background-meta":{"desktop":{"background-color":"var(--ast-global-color-5)","background-image":"","background-repeat":"repeat","background-position":"center center","background-size":"auto","background-attachment":"scroll","background-type":"","background-media":"","overlay-type":"","overlay-color":"","overlay-opacity":"","overlay-gradient":""},"tablet":{"background-color":"var(--ast-global-color-5)","background-image":"","background-repeat":"repeat","background-position":"center center","background-size":"auto","background-attachment":"scroll","background-type":"","background-media":"","overlay-type":"","overlay-color":"","overlay-opacity":"","overlay-gradient":""},"mobile":{"background-color":"var(--ast-global-color-5)","background-image":"","background-repeat":"repeat","background-position":"center center","background-size":"auto","background-attachment":"scroll","background-type":"","background-media":"","overlay-type":"","overlay-color":"","overlay-opacity":"","overlay-gradient":""}}},"product_brand":[],"product_cat":[37],"product_tag":[],"class_list":{"0":"post-1662","1":"product","2":"type-product","3":"status-publish","4":"has-post-thumbnail","6":"product_cat-ferramentas","7":"desktop-align-left","8":"tablet-align-left","9":"mobile-align-left","11":"first","12":"instock","13":"sale","14":"shipping-taxable","15":"purchasable","16":"product-type-simple"},"_links":{"self":[{"href":"https:\/\/frm-pt.com\/en\/wp-json\/wp\/v2\/product\/1662","targetHints":{"allow":["GET"]}}],"collection":[{"href":"https:\/\/frm-pt.com\/en\/wp-json\/wp\/v2\/product"}],"about":[{"href":"https:\/\/frm-pt.com\/en\/wp-json\/wp\/v2\/types\/product"}],"wp:featuredmedia":[{"embeddable":true,"href":"https:\/\/frm-pt.com\/en\/wp-json\/wp\/v2\/media\/1663"}],"wp:attachment":[{"href":"https:\/\/frm-pt.com\/en\/wp-json\/wp\/v2\/media?parent=1662"}],"wp:term":[{"taxonomy":"product_brand","embeddable":true,"href":"https:\/\/frm-pt.com\/en\/wp-json\/wp\/v2\/product_brand?post=1662"},{"taxonomy":"product_cat","embeddable":true,"href":"https:\/\/frm-pt.com\/en\/wp-json\/wp\/v2\/product_cat?post=1662"},{"taxonomy":"product_tag","embeddable":true,"href":"https:\/\/frm-pt.com\/en\/wp-json\/wp\/v2\/product_tag?post=1662"}],"curies":[{"name":"wp","href":"https:\/\/api.w.org\/{rel}","templated":true}]}}