{"id":1657,"date":"2024-03-14T15:34:11","date_gmt":"2024-03-14T15:34:11","guid":{"rendered":"https:\/\/frm-pt.com\/?post_type=product&#038;p=1657"},"modified":"2024-03-17T21:52:58","modified_gmt":"2024-03-17T21:52:58","slug":"1657","status":"publish","type":"product","link":"https:\/\/frm-pt.com\/en\/product\/1657\/","title":{"rendered":"Mala de Ferramentas &#8211; Conjunto de 16 chaves em L"},"content":{"rendered":"<h6 style=\"text-align: center;\">Mala de Ferramentas &#8211; Conjunto de 16 chaves em L<\/h6>\n<p>&nbsp;<\/p>\n<p style=\"text-align: center;\">Efici\u00eancia e versatilidade.<br \/>\nSuper pr\u00e1tica a chave L vazada garante a voc\u00ea maior agilidade na realiza\u00e7\u00e3o de tarefas, dispondo de alta qualidade e resist\u00eancia.<\/p>\n<p style=\"text-align: center;\">Aplica\u00e7\u00e3o<br \/>\nDesenvolvida para oferecer maior conforto e praticidade a chave L vazada permite apertar e afrouxar parafusos e porcas em locais de dif\u00edcil acesso com mais agilidade.<\/p>\n<p style=\"text-align: center;\">Diferenciais<br \/>\n&#8211; Resist\u00eancia e durabilidade.<br \/>\n&#8211; Efici\u00eancia e praticidade.<br \/>\n&#8211; Excelente desempenho.<br \/>\n&#8211; \u00d3timos resultados.<br \/>\n&#8211; F\u00e1cil aplica\u00e7\u00e3o e manuseio.<br \/>\n&#8211; Acabamento cromado.<br \/>\n&#8211; Material de qualidade.<\/p>\n<p><img fetchpriority=\"high\" decoding=\"async\" class=\"aligncenter wp-image-1659 size-full\" src=\"https:\/\/frm-pt.com\/wp-content\/uploads\/2024\/03\/5c7238ef-c194-405f-aa9e-7071f5352f93-1.jpg\" alt=\"\" width=\"800\" height=\"682\" srcset=\"https:\/\/frm-pt.com\/wp-content\/uploads\/2024\/03\/5c7238ef-c194-405f-aa9e-7071f5352f93-1.jpg 800w, https:\/\/frm-pt.com\/wp-content\/uploads\/2024\/03\/5c7238ef-c194-405f-aa9e-7071f5352f93-1-300x256.jpg 300w, https:\/\/frm-pt.com\/wp-content\/uploads\/2024\/03\/5c7238ef-c194-405f-aa9e-7071f5352f93-1-768x655.jpg 768w, https:\/\/frm-pt.com\/wp-content\/uploads\/2024\/03\/5c7238ef-c194-405f-aa9e-7071f5352f93-1-600x512.jpg 600w\" sizes=\"(max-width: 800px) 100vw, 800px\" \/> <img decoding=\"async\" class=\"aligncenter wp-image-1660 size-full\" src=\"https:\/\/frm-pt.com\/wp-content\/uploads\/2024\/03\/87939de0-cc68-49f1-ab8f-c91164bd0e22-1.jpg\" alt=\"\" width=\"800\" height=\"685\" srcset=\"https:\/\/frm-pt.com\/wp-content\/uploads\/2024\/03\/87939de0-cc68-49f1-ab8f-c91164bd0e22-1.jpg 800w, https:\/\/frm-pt.com\/wp-content\/uploads\/2024\/03\/87939de0-cc68-49f1-ab8f-c91164bd0e22-1-300x257.jpg 300w, https:\/\/frm-pt.com\/wp-content\/uploads\/2024\/03\/87939de0-cc68-49f1-ab8f-c91164bd0e22-1-768x658.jpg 768w, https:\/\/frm-pt.com\/wp-content\/uploads\/2024\/03\/87939de0-cc68-49f1-ab8f-c91164bd0e22-1-600x514.jpg 600w\" sizes=\"(max-width: 800px) 100vw, 800px\" \/> <img decoding=\"async\" class=\"aligncenter wp-image-1661 size-full\" src=\"https:\/\/frm-pt.com\/wp-content\/uploads\/2024\/03\/bf28aebf-42a4-4f5b-b2f0-8b46b1641f84.jpg\" alt=\"\" width=\"800\" height=\"679\" srcset=\"https:\/\/frm-pt.com\/wp-content\/uploads\/2024\/03\/bf28aebf-42a4-4f5b-b2f0-8b46b1641f84.jpg 800w, https:\/\/frm-pt.com\/wp-content\/uploads\/2024\/03\/bf28aebf-42a4-4f5b-b2f0-8b46b1641f84-300x255.jpg 300w, https:\/\/frm-pt.com\/wp-content\/uploads\/2024\/03\/bf28aebf-42a4-4f5b-b2f0-8b46b1641f84-768x652.jpg 768w, https:\/\/frm-pt.com\/wp-content\/uploads\/2024\/03\/bf28aebf-42a4-4f5b-b2f0-8b46b1641f84-600x509.jpg 600w\" sizes=\"(max-width: 800px) 100vw, 800px\" \/><\/p>\n<p style=\"text-align: center;\">\u2b50\u2b50\u2b50\u2b50\u2b50(5.2)<\/p>\n<p><em>\u2705Fazemos envios \u00e1 cobran\u00e7a para todo Portugal Continental . com\u00a0 c\u00f3digo de rastreo online.\u00a0<\/em><\/p>\n<p><em>\u2705Voc\u00ea somente paga o valor descrito em nosso site, fique tranquilo, n\u00e3o haver\u00e1 cobran\u00e7as adicionais de taxas ou impostos.<\/em><\/p>\n<p><em>\u2705Prazo m\u00e9dio para entrega \u00e9 de 24h a 48h ap\u00f3s o seu pedido.<\/em><\/p>\n<p><em>\u2705Site protegido com os melhores certificados de seguran\u00e7a.<\/em><\/p>","protected":false},"excerpt":{"rendered":"<p>\ud83d\ude9b\u00a0 Envios \u00e1 Cobran\u00e7a<\/p>\n<p>\ud83d\ude9b Entregas em 24h a 48h<\/p>\n<h6 style=\"text-align: left;\"><\/h6>","protected":false},"featured_media":1658,"template":"","meta":{"nf_dc_page":"","site-sidebar-layout":"default","site-content-layout":"","ast-site-content-layout":"default","site-content-style":"default","site-sidebar-style":"default","ast-global-header-display":"","ast-banner-title-visibility":"","ast-main-header-display":"","ast-hfb-above-header-display":"","ast-hfb-below-header-display":"","ast-hfb-mobile-header-display":"","site-post-title":"","ast-breadcrumbs-content":"","ast-featured-img":"","footer-sml-layout":"","ast-disable-related-posts":"","theme-transparent-header-meta":"default","adv-header-id-meta":"","stick-header-meta":"","header-above-stick-meta":"","header-main-stick-meta":"","header-below-stick-meta":"","astra-migrate-meta-layouts":"set","ast-page-background-enabled":"default","ast-page-background-meta":{"desktop":{"background-color":"","background-image":"","background-repeat":"repeat","background-position":"center center","background-size":"auto","background-attachment":"scroll","background-type":"","background-media":"","overlay-type":"","overlay-color":"","overlay-opacity":"","overlay-gradient":""},"tablet":{"background-color":"","background-image":"","background-repeat":"repeat","background-position":"center center","background-size":"auto","background-attachment":"scroll","background-type":"","background-media":"","overlay-type":"","overlay-color":"","overlay-opacity":"","overlay-gradient":""},"mobile":{"background-color":"","background-image":"","background-repeat":"repeat","background-position":"center center","background-size":"auto","background-attachment":"scroll","background-type":"","background-media":"","overlay-type":"","overlay-color":"","overlay-opacity":"","overlay-gradient":""}},"ast-content-background-meta":{"desktop":{"background-color":"var(--ast-global-color-5)","background-image":"","background-repeat":"repeat","background-position":"center center","background-size":"auto","background-attachment":"scroll","background-type":"","background-media":"","overlay-type":"","overlay-color":"","overlay-opacity":"","overlay-gradient":""},"tablet":{"background-color":"var(--ast-global-color-5)","background-image":"","background-repeat":"repeat","background-position":"center center","background-size":"auto","background-attachment":"scroll","background-type":"","background-media":"","overlay-type":"","overlay-color":"","overlay-opacity":"","overlay-gradient":""},"mobile":{"background-color":"var(--ast-global-color-5)","background-image":"","background-repeat":"repeat","background-position":"center center","background-size":"auto","background-attachment":"scroll","background-type":"","background-media":"","overlay-type":"","overlay-color":"","overlay-opacity":"","overlay-gradient":""}}},"product_brand":[],"product_cat":[37,28],"product_tag":[],"class_list":{"0":"post-1657","1":"product","2":"type-product","3":"status-publish","4":"has-post-thumbnail","6":"product_cat-ferramentas","7":"product_cat-malas-de-ferramentas","8":"desktop-align-left","9":"tablet-align-left","10":"mobile-align-left","12":"first","13":"instock","14":"sale","15":"shipping-taxable","16":"purchasable","17":"product-type-simple"},"_links":{"self":[{"href":"https:\/\/frm-pt.com\/en\/wp-json\/wp\/v2\/product\/1657","targetHints":{"allow":["GET"]}}],"collection":[{"href":"https:\/\/frm-pt.com\/en\/wp-json\/wp\/v2\/product"}],"about":[{"href":"https:\/\/frm-pt.com\/en\/wp-json\/wp\/v2\/types\/product"}],"wp:featuredmedia":[{"embeddable":true,"href":"https:\/\/frm-pt.com\/en\/wp-json\/wp\/v2\/media\/1658"}],"wp:attachment":[{"href":"https:\/\/frm-pt.com\/en\/wp-json\/wp\/v2\/media?parent=1657"}],"wp:term":[{"taxonomy":"product_brand","embeddable":true,"href":"https:\/\/frm-pt.com\/en\/wp-json\/wp\/v2\/product_brand?post=1657"},{"taxonomy":"product_cat","embeddable":true,"href":"https:\/\/frm-pt.com\/en\/wp-json\/wp\/v2\/product_cat?post=1657"},{"taxonomy":"product_tag","embeddable":true,"href":"https:\/\/frm-pt.com\/en\/wp-json\/wp\/v2\/product_tag?post=1657"}],"curies":[{"name":"wp","href":"https:\/\/api.w.org\/{rel}","templated":true}]}}