{"id":1652,"date":"2024-03-14T15:27:32","date_gmt":"2024-03-14T15:27:32","guid":{"rendered":"https:\/\/frm-pt.com\/?post_type=product&#038;p=1652"},"modified":"2024-03-17T21:52:04","modified_gmt":"2024-03-17T21:52:04","slug":"1652","status":"publish","type":"product","link":"https:\/\/frm-pt.com\/en\/product\/1652\/","title":{"rendered":"Aparafusadora e Furadeira 18v 2Ah"},"content":{"rendered":"<h6 style=\"text-align: center;\">Aparafusadora e Furadeira 18v 2Ah<\/h6>\n<p>&nbsp;<\/p>\n<p style=\"text-align: center;\">2X Baterias Incluidas<br \/>\n18x Bits (brocas, bits, etc)<\/p>\n<p style=\"text-align: center;\">Aparafusadora KM-1005F Especifica\u00e7\u00f5es:<\/p>\n<p style=\"text-align: center;\">Voltagem: 18v<br \/>\nAmperagem: 2.0Ah<br \/>\nTamanho cabe\u00e7a: 10mm<br \/>\nTorque: 23Nm<br \/>\nVelocidade: 0-350\/1300RPM<\/p>\n<p style=\"text-align: center;\">Furadeira KM-3001 Especifica\u00e7\u00f5es:<\/p>\n<p style=\"text-align: center;\">Voltagem: 18V<br \/>\nAmperagem: 2.0Ah<br \/>\nTamanho cabe\u00e7a: 1\/4&#8243;<br \/>\nTorque: 100Nm<br \/>\nVelocidade: 0-2700RPM<\/p>\n<p><img fetchpriority=\"high\" decoding=\"async\" class=\"aligncenter wp-image-1653 size-full\" src=\"https:\/\/frm-pt.com\/wp-content\/uploads\/2024\/03\/e7bfec8d-4ef8-40a9-894a-0f3cd02fe18c-1.jpg\" alt=\"\" width=\"800\" height=\"659\" srcset=\"https:\/\/frm-pt.com\/wp-content\/uploads\/2024\/03\/e7bfec8d-4ef8-40a9-894a-0f3cd02fe18c-1.jpg 800w, https:\/\/frm-pt.com\/wp-content\/uploads\/2024\/03\/e7bfec8d-4ef8-40a9-894a-0f3cd02fe18c-1-300x247.jpg 300w, https:\/\/frm-pt.com\/wp-content\/uploads\/2024\/03\/e7bfec8d-4ef8-40a9-894a-0f3cd02fe18c-1-768x633.jpg 768w, https:\/\/frm-pt.com\/wp-content\/uploads\/2024\/03\/e7bfec8d-4ef8-40a9-894a-0f3cd02fe18c-1-600x494.jpg 600w\" sizes=\"(max-width: 800px) 100vw, 800px\" \/> <img decoding=\"async\" class=\"aligncenter wp-image-1654 size-full\" src=\"https:\/\/frm-pt.com\/wp-content\/uploads\/2024\/03\/18782bb7-828c-4ffe-be18-1f5f0ee975d4-1.jpg\" alt=\"\" width=\"800\" height=\"670\" srcset=\"https:\/\/frm-pt.com\/wp-content\/uploads\/2024\/03\/18782bb7-828c-4ffe-be18-1f5f0ee975d4-1.jpg 800w, https:\/\/frm-pt.com\/wp-content\/uploads\/2024\/03\/18782bb7-828c-4ffe-be18-1f5f0ee975d4-1-300x251.jpg 300w, https:\/\/frm-pt.com\/wp-content\/uploads\/2024\/03\/18782bb7-828c-4ffe-be18-1f5f0ee975d4-1-768x643.jpg 768w, https:\/\/frm-pt.com\/wp-content\/uploads\/2024\/03\/18782bb7-828c-4ffe-be18-1f5f0ee975d4-1-600x503.jpg 600w\" sizes=\"(max-width: 800px) 100vw, 800px\" \/><\/p>\n<p><img decoding=\"async\" class=\"aligncenter wp-image-1656 size-full\" src=\"https:\/\/frm-pt.com\/wp-content\/uploads\/2024\/03\/d582d080-b0ad-433a-abb7-36d251568c7c-1.jpg\" alt=\"\" width=\"800\" height=\"647\" srcset=\"https:\/\/frm-pt.com\/wp-content\/uploads\/2024\/03\/d582d080-b0ad-433a-abb7-36d251568c7c-1.jpg 800w, https:\/\/frm-pt.com\/wp-content\/uploads\/2024\/03\/d582d080-b0ad-433a-abb7-36d251568c7c-1-300x243.jpg 300w, https:\/\/frm-pt.com\/wp-content\/uploads\/2024\/03\/d582d080-b0ad-433a-abb7-36d251568c7c-1-768x621.jpg 768w, https:\/\/frm-pt.com\/wp-content\/uploads\/2024\/03\/d582d080-b0ad-433a-abb7-36d251568c7c-1-600x485.jpg 600w\" sizes=\"(max-width: 800px) 100vw, 800px\" \/><\/p>\n<p style=\"text-align: center;\">\u2b50\u2b50\u2b50\u2b50\u2b50(4.9)<\/p>\n<p><em>\u2705Fazemos envios \u00e1 cobran\u00e7a para todo Portugal Continental . com\u00a0 c\u00f3digo de rastreo online.\u00a0<\/em><\/p>\n<p><em>\u2705Voc\u00ea somente paga o valor descrito em nosso site, fique tranquilo, n\u00e3o haver\u00e1 cobran\u00e7as adicionais de taxas ou impostos.<\/em><\/p>\n<p><em>\u2705Prazo m\u00e9dio para entrega \u00e9 de 24h a 48h ap\u00f3s o seu pedido.<\/em><\/p>\n<p><em>\u2705Site protegido com os melhores certificados de seguran\u00e7a.<\/em><\/p>","protected":false},"excerpt":{"rendered":"<h6><\/h6>\n<p>\ud83d\ude9b\u00a0 Envios \u00e1 Cobran\u00e7a<\/p>\n<p>\ud83d\ude9b Entregas em 24h a 48h<\/p>","protected":false},"featured_media":1653,"template":"","meta":{"nf_dc_page":"","site-sidebar-layout":"default","site-content-layout":"","ast-site-content-layout":"default","site-content-style":"default","site-sidebar-style":"default","ast-global-header-display":"","ast-banner-title-visibility":"","ast-main-header-display":"","ast-hfb-above-header-display":"","ast-hfb-below-header-display":"","ast-hfb-mobile-header-display":"","site-post-title":"","ast-breadcrumbs-content":"","ast-featured-img":"","footer-sml-layout":"","ast-disable-related-posts":"","theme-transparent-header-meta":"default","adv-header-id-meta":"","stick-header-meta":"","header-above-stick-meta":"","header-main-stick-meta":"","header-below-stick-meta":"","astra-migrate-meta-layouts":"set","ast-page-background-enabled":"default","ast-page-background-meta":{"desktop":{"background-color":"","background-image":"","background-repeat":"repeat","background-position":"center center","background-size":"auto","background-attachment":"scroll","background-type":"","background-media":"","overlay-type":"","overlay-color":"","overlay-opacity":"","overlay-gradient":""},"tablet":{"background-color":"","background-image":"","background-repeat":"repeat","background-position":"center center","background-size":"auto","background-attachment":"scroll","background-type":"","background-media":"","overlay-type":"","overlay-color":"","overlay-opacity":"","overlay-gradient":""},"mobile":{"background-color":"","background-image":"","background-repeat":"repeat","background-position":"center center","background-size":"auto","background-attachment":"scroll","background-type":"","background-media":"","overlay-type":"","overlay-color":"","overlay-opacity":"","overlay-gradient":""}},"ast-content-background-meta":{"desktop":{"background-color":"var(--ast-global-color-5)","background-image":"","background-repeat":"repeat","background-position":"center center","background-size":"auto","background-attachment":"scroll","background-type":"","background-media":"","overlay-type":"","overlay-color":"","overlay-opacity":"","overlay-gradient":""},"tablet":{"background-color":"var(--ast-global-color-5)","background-image":"","background-repeat":"repeat","background-position":"center center","background-size":"auto","background-attachment":"scroll","background-type":"","background-media":"","overlay-type":"","overlay-color":"","overlay-opacity":"","overlay-gradient":""},"mobile":{"background-color":"var(--ast-global-color-5)","background-image":"","background-repeat":"repeat","background-position":"center center","background-size":"auto","background-attachment":"scroll","background-type":"","background-media":"","overlay-type":"","overlay-color":"","overlay-opacity":"","overlay-gradient":""}}},"product_brand":[],"product_cat":[34],"product_tag":[],"class_list":{"0":"post-1652","1":"product","2":"type-product","3":"status-publish","4":"has-post-thumbnail","6":"product_cat-maquinas-de-baterias","7":"desktop-align-left","8":"tablet-align-left","9":"mobile-align-left","11":"first","12":"instock","13":"sale","14":"shipping-taxable","15":"purchasable","16":"product-type-simple"},"_links":{"self":[{"href":"https:\/\/frm-pt.com\/en\/wp-json\/wp\/v2\/product\/1652","targetHints":{"allow":["GET"]}}],"collection":[{"href":"https:\/\/frm-pt.com\/en\/wp-json\/wp\/v2\/product"}],"about":[{"href":"https:\/\/frm-pt.com\/en\/wp-json\/wp\/v2\/types\/product"}],"wp:featuredmedia":[{"embeddable":true,"href":"https:\/\/frm-pt.com\/en\/wp-json\/wp\/v2\/media\/1653"}],"wp:attachment":[{"href":"https:\/\/frm-pt.com\/en\/wp-json\/wp\/v2\/media?parent=1652"}],"wp:term":[{"taxonomy":"product_brand","embeddable":true,"href":"https:\/\/frm-pt.com\/en\/wp-json\/wp\/v2\/product_brand?post=1652"},{"taxonomy":"product_cat","embeddable":true,"href":"https:\/\/frm-pt.com\/en\/wp-json\/wp\/v2\/product_cat?post=1652"},{"taxonomy":"product_tag","embeddable":true,"href":"https:\/\/frm-pt.com\/en\/wp-json\/wp\/v2\/product_tag?post=1652"}],"curies":[{"name":"wp","href":"https:\/\/api.w.org\/{rel}","templated":true}]}}