{"id":1647,"date":"2024-03-14T15:18:04","date_gmt":"2024-03-14T15:18:04","guid":{"rendered":"https:\/\/frm-pt.com\/?post_type=product&#038;p=1647"},"modified":"2024-03-17T21:50:58","modified_gmt":"2024-03-17T21:50:58","slug":"1647","status":"publish","type":"product","link":"https:\/\/frm-pt.com\/en\/product\/1647\/","title":{"rendered":"Conjunto Rebarbadora e M\u00e1quina de Impacto 36v"},"content":{"rendered":"<h6 style=\"text-align: center;\">Conjunto Rebarbadora e M\u00e1quina de Impacto 36v<\/h6>\n<p>&nbsp;<\/p>\n<p style=\"text-align: center;\">Inclui: 2x Baterias 36v, Carregador<br \/>\n4 chaves de Impacto: 17, 19, 21, 23 mm<\/p>\n<p style=\"text-align: center;\">Rebarbadora:<br \/>\nDiametro: 125 mm<br \/>\nRota\u00e7\u00e3o: 7000 rpm<br \/>\nPega em Borracha<\/p>\n<p style=\"text-align: center;\">M\u00e1quina de Impacto:<br \/>\nTorque: 280 N.m.<br \/>\nRota\u00e7\u00e3o: 0-2200 Rpm<\/p>\n<p><img fetchpriority=\"high\" decoding=\"async\" class=\"aligncenter wp-image-1648 size-full\" src=\"https:\/\/frm-pt.com\/wp-content\/uploads\/2024\/03\/2cae9482-df9c-4eaa-a60f-994463edc059.jpg\" alt=\"\" width=\"800\" height=\"647\" srcset=\"https:\/\/frm-pt.com\/wp-content\/uploads\/2024\/03\/2cae9482-df9c-4eaa-a60f-994463edc059.jpg 800w, https:\/\/frm-pt.com\/wp-content\/uploads\/2024\/03\/2cae9482-df9c-4eaa-a60f-994463edc059-300x243.jpg 300w, https:\/\/frm-pt.com\/wp-content\/uploads\/2024\/03\/2cae9482-df9c-4eaa-a60f-994463edc059-768x621.jpg 768w, https:\/\/frm-pt.com\/wp-content\/uploads\/2024\/03\/2cae9482-df9c-4eaa-a60f-994463edc059-600x485.jpg 600w\" sizes=\"(max-width: 800px) 100vw, 800px\" \/> <img decoding=\"async\" class=\"aligncenter wp-image-1649 size-full\" src=\"https:\/\/frm-pt.com\/wp-content\/uploads\/2024\/03\/e50326be-908b-4380-bade-cf208ceb6702.jpg\" alt=\"\" width=\"800\" height=\"653\" srcset=\"https:\/\/frm-pt.com\/wp-content\/uploads\/2024\/03\/e50326be-908b-4380-bade-cf208ceb6702.jpg 800w, https:\/\/frm-pt.com\/wp-content\/uploads\/2024\/03\/e50326be-908b-4380-bade-cf208ceb6702-300x245.jpg 300w, https:\/\/frm-pt.com\/wp-content\/uploads\/2024\/03\/e50326be-908b-4380-bade-cf208ceb6702-768x627.jpg 768w, https:\/\/frm-pt.com\/wp-content\/uploads\/2024\/03\/e50326be-908b-4380-bade-cf208ceb6702-600x490.jpg 600w\" sizes=\"(max-width: 800px) 100vw, 800px\" \/> <img decoding=\"async\" class=\"aligncenter wp-image-1650 size-full\" src=\"https:\/\/frm-pt.com\/wp-content\/uploads\/2024\/03\/eb4bf1ea-4dba-424c-bcd3-cb46cfe4bb8f.jpg\" alt=\"\" width=\"800\" height=\"648\" srcset=\"https:\/\/frm-pt.com\/wp-content\/uploads\/2024\/03\/eb4bf1ea-4dba-424c-bcd3-cb46cfe4bb8f.jpg 800w, https:\/\/frm-pt.com\/wp-content\/uploads\/2024\/03\/eb4bf1ea-4dba-424c-bcd3-cb46cfe4bb8f-300x243.jpg 300w, https:\/\/frm-pt.com\/wp-content\/uploads\/2024\/03\/eb4bf1ea-4dba-424c-bcd3-cb46cfe4bb8f-768x622.jpg 768w, https:\/\/frm-pt.com\/wp-content\/uploads\/2024\/03\/eb4bf1ea-4dba-424c-bcd3-cb46cfe4bb8f-600x486.jpg 600w\" sizes=\"(max-width: 800px) 100vw, 800px\" \/><\/p>\n<p style=\"text-align: center;\">\u2b50\u2b50\u2b50\u2b50\u2b50(4.9)<\/p>\n<p><em>\u2705Fazemos envios \u00e1 cobran\u00e7a para todo Portugal Continental . com\u00a0 c\u00f3digo de rastreo online.\u00a0<\/em><\/p>\n<p><em>\u2705Voc\u00ea somente paga o valor descrito em nosso site, fique tranquilo, n\u00e3o haver\u00e1 cobran\u00e7as adicionais de taxas ou impostos.<\/em><\/p>\n<p><em>\u2705Prazo m\u00e9dio para entrega \u00e9 de 24h a 48h ap\u00f3s o seu pedido.<\/em><\/p>\n<p><em>\u2705Site protegido com os melhores certificados de seguran\u00e7a.<\/em><\/p>","protected":false},"excerpt":{"rendered":"<h6><\/h6>\n<p>\ud83d\ude9b\u00a0 Envios \u00e1 Cobran\u00e7a<\/p>\n<p>\ud83d\ude9b Entregas em 24h a 48h<\/p>","protected":false},"featured_media":1648,"template":"","meta":{"nf_dc_page":"","site-sidebar-layout":"default","site-content-layout":"","ast-site-content-layout":"default","site-content-style":"default","site-sidebar-style":"default","ast-global-header-display":"","ast-banner-title-visibility":"","ast-main-header-display":"","ast-hfb-above-header-display":"","ast-hfb-below-header-display":"","ast-hfb-mobile-header-display":"","site-post-title":"","ast-breadcrumbs-content":"","ast-featured-img":"","footer-sml-layout":"","ast-disable-related-posts":"","theme-transparent-header-meta":"default","adv-header-id-meta":"","stick-header-meta":"","header-above-stick-meta":"","header-main-stick-meta":"","header-below-stick-meta":"","astra-migrate-meta-layouts":"set","ast-page-background-enabled":"default","ast-page-background-meta":{"desktop":{"background-color":"","background-image":"","background-repeat":"repeat","background-position":"center center","background-size":"auto","background-attachment":"scroll","background-type":"","background-media":"","overlay-type":"","overlay-color":"","overlay-opacity":"","overlay-gradient":""},"tablet":{"background-color":"","background-image":"","background-repeat":"repeat","background-position":"center center","background-size":"auto","background-attachment":"scroll","background-type":"","background-media":"","overlay-type":"","overlay-color":"","overlay-opacity":"","overlay-gradient":""},"mobile":{"background-color":"","background-image":"","background-repeat":"repeat","background-position":"center center","background-size":"auto","background-attachment":"scroll","background-type":"","background-media":"","overlay-type":"","overlay-color":"","overlay-opacity":"","overlay-gradient":""}},"ast-content-background-meta":{"desktop":{"background-color":"var(--ast-global-color-5)","background-image":"","background-repeat":"repeat","background-position":"center center","background-size":"auto","background-attachment":"scroll","background-type":"","background-media":"","overlay-type":"","overlay-color":"","overlay-opacity":"","overlay-gradient":""},"tablet":{"background-color":"var(--ast-global-color-5)","background-image":"","background-repeat":"repeat","background-position":"center center","background-size":"auto","background-attachment":"scroll","background-type":"","background-media":"","overlay-type":"","overlay-color":"","overlay-opacity":"","overlay-gradient":""},"mobile":{"background-color":"var(--ast-global-color-5)","background-image":"","background-repeat":"repeat","background-position":"center center","background-size":"auto","background-attachment":"scroll","background-type":"","background-media":"","overlay-type":"","overlay-color":"","overlay-opacity":"","overlay-gradient":""}}},"product_brand":[],"product_cat":[34],"product_tag":[],"class_list":{"0":"post-1647","1":"product","2":"type-product","3":"status-publish","4":"has-post-thumbnail","6":"product_cat-maquinas-de-baterias","7":"desktop-align-left","8":"tablet-align-left","9":"mobile-align-left","11":"first","12":"instock","13":"sale","14":"shipping-taxable","15":"purchasable","16":"product-type-simple"},"_links":{"self":[{"href":"https:\/\/frm-pt.com\/en\/wp-json\/wp\/v2\/product\/1647","targetHints":{"allow":["GET"]}}],"collection":[{"href":"https:\/\/frm-pt.com\/en\/wp-json\/wp\/v2\/product"}],"about":[{"href":"https:\/\/frm-pt.com\/en\/wp-json\/wp\/v2\/types\/product"}],"wp:featuredmedia":[{"embeddable":true,"href":"https:\/\/frm-pt.com\/en\/wp-json\/wp\/v2\/media\/1648"}],"wp:attachment":[{"href":"https:\/\/frm-pt.com\/en\/wp-json\/wp\/v2\/media?parent=1647"}],"wp:term":[{"taxonomy":"product_brand","embeddable":true,"href":"https:\/\/frm-pt.com\/en\/wp-json\/wp\/v2\/product_brand?post=1647"},{"taxonomy":"product_cat","embeddable":true,"href":"https:\/\/frm-pt.com\/en\/wp-json\/wp\/v2\/product_cat?post=1647"},{"taxonomy":"product_tag","embeddable":true,"href":"https:\/\/frm-pt.com\/en\/wp-json\/wp\/v2\/product_tag?post=1647"}],"curies":[{"name":"wp","href":"https:\/\/api.w.org\/{rel}","templated":true}]}}