{"id":1635,"date":"2024-03-14T14:44:31","date_gmt":"2024-03-14T14:44:31","guid":{"rendered":"https:\/\/frm-pt.com\/?post_type=product&#038;p=1635"},"modified":"2025-01-06T23:23:52","modified_gmt":"2025-01-06T23:23:52","slug":"1635","status":"publish","type":"product","link":"https:\/\/frm-pt.com\/en\/product\/1635\/","title":{"rendered":"Mala de Ferramentas &#8211; Conjunto de 216 Pe\u00e7as"},"content":{"rendered":"<h6 style=\"text-align: center;\">Conjunto &#8211; Mala de 216 Pe\u00e7as de 1\/4&#8243;, 3\/8&#8243; e 1\/2&#8243;<\/h6>\n<p>&nbsp;<\/p>\n<p style=\"text-align: center;\">Ferramentas de 1\/2 \u201c<br \/>\n14 Chaves de roquete m\u00e9tricas hexagonais de 14 : 13, 14, 15, 16, 17, 18, 19, 20, 21, 22, 24, 27, 30 e 32mm<br \/>\n5 Chaves roquete m\u00e9tricas largas hexagonais de 16 , 17, 18, 19 e 22 mil\u00edmetros<br \/>\n3 Chaves roquete torx : E20 , E22 , E24<br \/>\n1 Roquete de 72 dentes com expulsador de chaves<br \/>\n2 aumentos de 125 mil\u00edmetros e 250 mil\u00edmetros<br \/>\n1 Chave de cardan<br \/>\n1 Adaptador 3\/8 \u201c f\u00eamea -1 \/ 2 \u201cMacho<br \/>\n2 Chaves de velas de 16 mil\u00edmetros e 21 mil\u00edmetros<br \/>\n1 Adaptador de encaixe r\u00e1pido com iman<br \/>\n2 Chaves de roquete: Torx : T70 e umbrako 14 mm<br \/>\n7 Chaves de umbrako: 1,27 , 1,5, 2 , 2,5, 3 , 4 e 5 mil\u00edmetros<br \/>\n12 Chaves boca luneta: 8,9,10 , 11,21,13 , 14,15,16,17,18 e 19 mil\u00edmetros<\/p>\n<p style=\"text-align: center;\">Ferramentas 3\/8 \u201c<br \/>\n10 Chaves roquete m\u00e9tricas hexagonais: 10, 11, 12 , 13 , 14, 15 , 16,17,18 e 19 mil\u00edmetros<br \/>\n6 Chaves m\u00e9tricas largas hexagonais de 10, 11, 12, 13,14 e os vasos 6 -15mm<br \/>\n6 Chaves Torx : E10, E11 , E12 , E14 , E16 e E18<br \/>\n1 Roquete de 72 dentes com expulsor de chaves<br \/>\n1 Chave cardan<br \/>\n1 Aumento de 125 mil\u00edmetros<br \/>\n1 Adaptador de encaixe r\u00e1pido com iman<br \/>\n1 Chave de velas de18mm<\/p>\n<p style=\"text-align: center;\">30 Pontas ( 5\/16mmx30mmL )<br \/>\nUmbrako : H7 , H8, H10 e H12<br \/>\nFendas: 8, 10 e 12 mil\u00edmetros<br \/>\nEstrela : PH2, PH3, PH4<br \/>\nEstrela dobro : PZ2, PZ3, PZ4<br \/>\nTorx : T40 , T45, T50 , T55 e T60<br \/>\nTorx Interior : T40 , T45, T50 , T55 e T60<br \/>\nPunta Ribe : M10, M11 , M12 e M13<br \/>\n12 Cantos : M10 e M12<br \/>\nTorx 5 can\u00e7\u00f5es inviol\u00e1veis: 50<br \/>\n1- adaptador para pontas<br \/>\n1 Caixa de pl\u00e1stico<\/p>\n<p style=\"text-align: center;\">Ferramentas de 1\/4 \u201c<br \/>\n13 Chaves de roquete m\u00e9tricas hexagonais de: 4 , 4.5, 5, 5.5, 6, 7, 8,9, 10, 11, 12, 13 e 14 mm<br \/>\n7 Chaves roquete m\u00e9tricas largas hexagonais de<br \/>\n: 4,5 , 6, 7 , 8, 9 e 10mm<br \/>\n5 Chaves roquete torx : E4, E5, E6 , E7 e E8<br \/>\n1-Roquete de 72 dentes com expulsador de chaves<br \/>\n1 Chave cardan<br \/>\n1 Adaptador de chaves de substitui\u00e7ao r\u00e1pida<br \/>\n2 Aumentos de 50 mil\u00edmetros e 100 mil\u00edmetros<br \/>\n1 Bra\u00e7o extens\u00edvel<br \/>\n1 Adaptador de pontas<br \/>\n1 Chave de fenda magnetizada .<\/p>\n<p style=\"text-align: center;\">30 Pontas para adaptador de chaves<br \/>\nEstrela :PH0, PH1, PH2<br \/>\nEstrela dobro: PZ0, PZ1, PZ2<br \/>\nUmbrako : 3,4,5 e 6 mil\u00edmetros Flat: 4,5.5 , 6,5 e 7 mil\u00edmetros<br \/>\nTorx : T8, T9, T10 , T15 , T20 , T25 , T27 e T30<br \/>\nTorx Inviol\u00e1vel : T8, T9, T10 , T15 , T20 , T25 , T27 e T30<\/p>\n<p style=\"text-align: center;\">44 Chaves de 1\/4 \u201c<br \/>\nUmbrako : H2, H2.5 , H3, H4 , H5 e H6<br \/>\nTorx : T5 , T6<br \/>\nTamperproof Torx T7 : T7<br \/>\nPunta Ribe : M5 , M6, M7 , M8 e M9<br \/>\n12 cantos : M5 , M6 e M8<br \/>\nTorx 5 cantos inviol\u00e1vel :10-15-20-25-27-30-40-45<br \/>\nPunta inviol\u00e1vel : 0 -1-2-3<br \/>\nPunta tensor : 4-6-8-10<br \/>\nQuad- Punta : 6-8-10<br \/>\nMariposa : 1-2-3<br \/>\nTri- dica: 1-2-3-4<\/p>\n<p><img fetchpriority=\"high\" decoding=\"async\" class=\"aligncenter wp-image-1640 size-full\" src=\"https:\/\/frm-pt.com\/wp-content\/uploads\/2024\/03\/63cfbb95-bbff-401f-b7b1-0f7880990630-2.jpg\" alt=\"\" width=\"800\" height=\"678\" srcset=\"https:\/\/frm-pt.com\/wp-content\/uploads\/2024\/03\/63cfbb95-bbff-401f-b7b1-0f7880990630-2.jpg 800w, https:\/\/frm-pt.com\/wp-content\/uploads\/2024\/03\/63cfbb95-bbff-401f-b7b1-0f7880990630-2-300x254.jpg 300w, https:\/\/frm-pt.com\/wp-content\/uploads\/2024\/03\/63cfbb95-bbff-401f-b7b1-0f7880990630-2-768x651.jpg 768w, https:\/\/frm-pt.com\/wp-content\/uploads\/2024\/03\/63cfbb95-bbff-401f-b7b1-0f7880990630-2-600x509.jpg 600w\" sizes=\"(max-width: 800px) 100vw, 800px\" \/><\/p>\n<p><img decoding=\"async\" class=\"aligncenter wp-image-3448 size-full\" src=\"https:\/\/frm-pt.com\/wp-content\/uploads\/2024\/03\/Captura-de-ecra-2025-01-06-231246.png\" alt=\"\" width=\"870\" height=\"877\" srcset=\"https:\/\/frm-pt.com\/wp-content\/uploads\/2024\/03\/Captura-de-ecra-2025-01-06-231246.png 870w, https:\/\/frm-pt.com\/wp-content\/uploads\/2024\/03\/Captura-de-ecra-2025-01-06-231246-298x300.png 298w, https:\/\/frm-pt.com\/wp-content\/uploads\/2024\/03\/Captura-de-ecra-2025-01-06-231246-150x150.png 150w, https:\/\/frm-pt.com\/wp-content\/uploads\/2024\/03\/Captura-de-ecra-2025-01-06-231246-768x774.png 768w, https:\/\/frm-pt.com\/wp-content\/uploads\/2024\/03\/Captura-de-ecra-2025-01-06-231246-600x605.png 600w, https:\/\/frm-pt.com\/wp-content\/uploads\/2024\/03\/Captura-de-ecra-2025-01-06-231246-100x100.png 100w\" sizes=\"(max-width: 870px) 100vw, 870px\" \/> <img decoding=\"async\" class=\"aligncenter wp-image-3449 size-full\" src=\"https:\/\/frm-pt.com\/wp-content\/uploads\/2024\/03\/Captura-de-ecra-2025-01-06-230616.png\" alt=\"\" width=\"892\" height=\"880\" srcset=\"https:\/\/frm-pt.com\/wp-content\/uploads\/2024\/03\/Captura-de-ecra-2025-01-06-230616.png 892w, https:\/\/frm-pt.com\/wp-content\/uploads\/2024\/03\/Captura-de-ecra-2025-01-06-230616-300x296.png 300w, https:\/\/frm-pt.com\/wp-content\/uploads\/2024\/03\/Captura-de-ecra-2025-01-06-230616-768x758.png 768w, https:\/\/frm-pt.com\/wp-content\/uploads\/2024\/03\/Captura-de-ecra-2025-01-06-230616-600x592.png 600w, https:\/\/frm-pt.com\/wp-content\/uploads\/2024\/03\/Captura-de-ecra-2025-01-06-230616-100x100.png 100w\" sizes=\"(max-width: 892px) 100vw, 892px\" \/><\/p>\n<p><img loading=\"lazy\" decoding=\"async\" class=\"aligncenter wp-image-3450 size-full\" src=\"https:\/\/frm-pt.com\/wp-content\/uploads\/2024\/03\/Captura-de-ecra-2025-01-06-231342.png\" alt=\"\" width=\"910\" height=\"887\" srcset=\"https:\/\/frm-pt.com\/wp-content\/uploads\/2024\/03\/Captura-de-ecra-2025-01-06-231342.png 910w, https:\/\/frm-pt.com\/wp-content\/uploads\/2024\/03\/Captura-de-ecra-2025-01-06-231342-300x292.png 300w, https:\/\/frm-pt.com\/wp-content\/uploads\/2024\/03\/Captura-de-ecra-2025-01-06-231342-768x749.png 768w, https:\/\/frm-pt.com\/wp-content\/uploads\/2024\/03\/Captura-de-ecra-2025-01-06-231342-600x585.png 600w\" sizes=\"(max-width: 910px) 100vw, 910px\" \/> <img loading=\"lazy\" decoding=\"async\" class=\"aligncenter wp-image-3451 size-full\" src=\"https:\/\/frm-pt.com\/wp-content\/uploads\/2024\/03\/Captura-de-ecra-2025-01-06-231415.png\" alt=\"\" width=\"900\" height=\"883\" srcset=\"https:\/\/frm-pt.com\/wp-content\/uploads\/2024\/03\/Captura-de-ecra-2025-01-06-231415.png 900w, https:\/\/frm-pt.com\/wp-content\/uploads\/2024\/03\/Captura-de-ecra-2025-01-06-231415-300x294.png 300w, https:\/\/frm-pt.com\/wp-content\/uploads\/2024\/03\/Captura-de-ecra-2025-01-06-231415-768x753.png 768w, https:\/\/frm-pt.com\/wp-content\/uploads\/2024\/03\/Captura-de-ecra-2025-01-06-231415-600x589.png 600w\" sizes=\"(max-width: 900px) 100vw, 900px\" \/><\/p>\n<p>&nbsp;<\/p>\n<p style=\"text-align: center;\">\u2b50\u2b50\u2b50\u2b50\u2b50(4.8)<\/p>\n<p><em>\u2705Fazemos envios \u00e1 cobran\u00e7a para todo Portugal Continental . com\u00a0 c\u00f3digo de rastreo online.\u00a0<\/em><\/p>\n<p><em>\u2705Voc\u00ea somente paga o valor descrito em nosso site, fique tranquilo, n\u00e3o haver\u00e1 cobran\u00e7as adicionais de taxas ou impostos.<\/em><\/p>\n<p><em>\u2705Prazo m\u00e9dio para entrega \u00e9 de 24h a 48h ap\u00f3s o seu pedido.<\/em><\/p>\n<p><em>\u2705Site protegido com os melhores certificados de seguran\u00e7a.<\/em><\/p>","protected":false},"excerpt":{"rendered":"<h6><\/h6>\n<p>\ud83d\ude9b\u00a0 Envios \u00e1 Cobran\u00e7a<\/p>\n<p>\ud83d\ude9b Entregas em 24h a 48h<\/p>","protected":false},"featured_media":3447,"template":"","meta":{"nf_dc_page":"","site-sidebar-layout":"default","site-content-layout":"","ast-site-content-layout":"default","site-content-style":"default","site-sidebar-style":"default","ast-global-header-display":"","ast-banner-title-visibility":"","ast-main-header-display":"","ast-hfb-above-header-display":"","ast-hfb-below-header-display":"","ast-hfb-mobile-header-display":"","site-post-title":"","ast-breadcrumbs-content":"","ast-featured-img":"","footer-sml-layout":"","ast-disable-related-posts":"","theme-transparent-header-meta":"default","adv-header-id-meta":"","stick-header-meta":"","header-above-stick-meta":"","header-main-stick-meta":"","header-below-stick-meta":"","astra-migrate-meta-layouts":"set","ast-page-background-enabled":"default","ast-page-background-meta":{"desktop":{"background-color":"","background-image":"","background-repeat":"repeat","background-position":"center center","background-size":"auto","background-attachment":"scroll","background-type":"","background-media":"","overlay-type":"","overlay-color":"","overlay-opacity":"","overlay-gradient":""},"tablet":{"background-color":"","background-image":"","background-repeat":"repeat","background-position":"center center","background-size":"auto","background-attachment":"scroll","background-type":"","background-media":"","overlay-type":"","overlay-color":"","overlay-opacity":"","overlay-gradient":""},"mobile":{"background-color":"","background-image":"","background-repeat":"repeat","background-position":"center center","background-size":"auto","background-attachment":"scroll","background-type":"","background-media":"","overlay-type":"","overlay-color":"","overlay-opacity":"","overlay-gradient":""}},"ast-content-background-meta":{"desktop":{"background-color":"var(--ast-global-color-5)","background-image":"","background-repeat":"repeat","background-position":"center center","background-size":"auto","background-attachment":"scroll","background-type":"","background-media":"","overlay-type":"","overlay-color":"","overlay-opacity":"","overlay-gradient":""},"tablet":{"background-color":"var(--ast-global-color-5)","background-image":"","background-repeat":"repeat","background-position":"center center","background-size":"auto","background-attachment":"scroll","background-type":"","background-media":"","overlay-type":"","overlay-color":"","overlay-opacity":"","overlay-gradient":""},"mobile":{"background-color":"var(--ast-global-color-5)","background-image":"","background-repeat":"repeat","background-position":"center center","background-size":"auto","background-attachment":"scroll","background-type":"","background-media":"","overlay-type":"","overlay-color":"","overlay-opacity":"","overlay-gradient":""}}},"product_brand":[],"product_cat":[37,28],"product_tag":[],"class_list":{"0":"post-1635","1":"product","2":"type-product","3":"status-publish","4":"has-post-thumbnail","6":"product_cat-ferramentas","7":"product_cat-malas-de-ferramentas","8":"desktop-align-left","9":"tablet-align-left","10":"mobile-align-left","12":"first","13":"instock","14":"sale","15":"shipping-taxable","16":"purchasable","17":"product-type-simple"},"_links":{"self":[{"href":"https:\/\/frm-pt.com\/en\/wp-json\/wp\/v2\/product\/1635","targetHints":{"allow":["GET"]}}],"collection":[{"href":"https:\/\/frm-pt.com\/en\/wp-json\/wp\/v2\/product"}],"about":[{"href":"https:\/\/frm-pt.com\/en\/wp-json\/wp\/v2\/types\/product"}],"wp:featuredmedia":[{"embeddable":true,"href":"https:\/\/frm-pt.com\/en\/wp-json\/wp\/v2\/media\/3447"}],"wp:attachment":[{"href":"https:\/\/frm-pt.com\/en\/wp-json\/wp\/v2\/media?parent=1635"}],"wp:term":[{"taxonomy":"product_brand","embeddable":true,"href":"https:\/\/frm-pt.com\/en\/wp-json\/wp\/v2\/product_brand?post=1635"},{"taxonomy":"product_cat","embeddable":true,"href":"https:\/\/frm-pt.com\/en\/wp-json\/wp\/v2\/product_cat?post=1635"},{"taxonomy":"product_tag","embeddable":true,"href":"https:\/\/frm-pt.com\/en\/wp-json\/wp\/v2\/product_tag?post=1635"}],"curies":[{"name":"wp","href":"https:\/\/api.w.org\/{rel}","templated":true}]}}