{"id":1571,"date":"2024-02-25T23:33:18","date_gmt":"2024-02-25T23:33:18","guid":{"rendered":"https:\/\/frm-pt.com\/?post_type=product&#038;p=1571"},"modified":"2024-03-31T17:00:59","modified_gmt":"2024-03-31T17:00:59","slug":"1571","status":"publish","type":"product","link":"https:\/\/frm-pt.com\/en\/product\/1571\/","title":{"rendered":"Aparelho de Soldar MIG TIG MMA G\u00e1s \/ Sem G\u00e1s"},"content":{"rendered":"<h6 class=\"css-1juynto\" style=\"text-align: center;\">Aparelho de Soldar MIG TIG MMA G\u00e1s \/ Sem G\u00e1s<\/h6>\n<p>&nbsp;<\/p>\n<p style=\"text-align: center;\">Soldador MIG \/ MMA \/ LIFT TIG 3 EM 1 port\u00e1til<br \/>\nTecnologia de inversor IGBT<br \/>\nOpera\u00e7\u00e3o MIG g\u00e1s \/ sem g\u00e1s<br \/>\nProte\u00e7\u00e3o de superaquecimento \/ sobrecarga \/ sobretens\u00e3o<br \/>\nFun\u00e7\u00e3o LIFT TIG<br \/>\nAdequado para fio de a\u00e7o inoxid\u00e1vel, fio de alum\u00ednio, fio de arg\u00f4nio, fio fluxado, eletrodo rutilo<br \/>\nVentila\u00e7\u00e3o de refrigera\u00e7\u00e3o de ar<br \/>\nControle de alimenta\u00e7\u00e3o de arame<br \/>\nLeve<br \/>\nM\u00e1quina de soldar port\u00e1til a g\u00e1s \/ sem g\u00e1s com ventilador de refrigera\u00e7\u00e3o com prote\u00e7\u00e3o t\u00e9rmica, equipada com regulador de velocidade.<br \/>\nFornece um arco tolerante, excelente a\u00e7\u00e3o do arco fora de posi\u00e7\u00e3o, poucos respingos e uma ampla faixa de tens\u00e3o.<br \/>\nO display permite predefini\u00e7\u00f5es para mais precis\u00e3o e controle.<br \/>\nExcelente para projectos residenciais e v\u00e1rias repara\u00e7\u00f5es, perfeita para oficinas autom\u00f3veis, quintas e pequenas soldaduras.<\/p>\n<p style=\"text-align: center;\">Caracter\u00edsticas:<\/p>\n<p style=\"text-align: center;\">Tens\u00e3o de alimenta\u00e7\u00e3o: 1HP 230V, 50Hz<br \/>\nFun\u00e7\u00e3o: MIG, MMA \/ LIFT TIG<br \/>\nM\u00e1x. Pot\u00eancia de entrada: 5,4 KVA<br \/>\nEfici\u00eancia: 85%<br \/>\nFator de pot\u00eancia: 0,7<br \/>\nM\u00e1x. Tens\u00e3o de circuito aberto: 65 V<br \/>\nFaixa de sa\u00edda MIG: 30A \/ 15,5V-160A \/ 22V<br \/>\nFaixa de sa\u00edda MMA \/ LIFT TIG: 30A \/ 21,2V160A \/ 26,4V<br \/>\nCiclo de trabalho nominal MIG: 35% em 160A, 60% em 120A, 100% em 95A<br \/>\nCiclo de trabalho nominal MMA \/ LIFT TIG: 35% a 160 A, 60% a 120 A, 100% a 95 A<br \/>\nDi\u00e2metro do fio de moldagem MIG: 0,61,0 mm<br \/>\nTamanho do eletrodo utiliz\u00e1vel MMA \/ LIFT TIG: 1,6-3,2 mm<br \/>\nVelocidade de alimenta\u00e7\u00e3o do arame: 2-15 m \/ min<br \/>\nClasse de isolamento: F<br \/>\nClasse de prote\u00e7\u00e3o \/ isolamento da caixa: IP21S<\/p>\n<p><img fetchpriority=\"high\" decoding=\"async\" class=\"aligncenter wp-image-1578 size-full\" src=\"https:\/\/frm-pt.com\/wp-content\/uploads\/2024\/02\/15-370x370-2.jpg\" alt=\"\" width=\"500\" height=\"500\" srcset=\"https:\/\/frm-pt.com\/wp-content\/uploads\/2024\/02\/15-370x370-2.jpg 500w, https:\/\/frm-pt.com\/wp-content\/uploads\/2024\/02\/15-370x370-2-300x300.jpg 300w, https:\/\/frm-pt.com\/wp-content\/uploads\/2024\/02\/15-370x370-2-150x150.jpg 150w, https:\/\/frm-pt.com\/wp-content\/uploads\/2024\/02\/15-370x370-2-100x100.jpg 100w\" sizes=\"(max-width: 500px) 100vw, 500px\" \/><img decoding=\"async\" class=\"aligncenter wp-image-1577 size-full\" src=\"https:\/\/frm-pt.com\/wp-content\/uploads\/2024\/02\/9-370x370-2.jpg\" alt=\"\" width=\"500\" height=\"500\" srcset=\"https:\/\/frm-pt.com\/wp-content\/uploads\/2024\/02\/9-370x370-2.jpg 500w, https:\/\/frm-pt.com\/wp-content\/uploads\/2024\/02\/9-370x370-2-300x300.jpg 300w, https:\/\/frm-pt.com\/wp-content\/uploads\/2024\/02\/9-370x370-2-150x150.jpg 150w, https:\/\/frm-pt.com\/wp-content\/uploads\/2024\/02\/9-370x370-2-100x100.jpg 100w\" sizes=\"(max-width: 500px) 100vw, 500px\" \/><img decoding=\"async\" class=\"aligncenter wp-image-1579 size-full\" src=\"https:\/\/frm-pt.com\/wp-content\/uploads\/2024\/02\/14-370x370-2.jpg\" alt=\"\" width=\"500\" height=\"500\" srcset=\"https:\/\/frm-pt.com\/wp-content\/uploads\/2024\/02\/14-370x370-2.jpg 500w, https:\/\/frm-pt.com\/wp-content\/uploads\/2024\/02\/14-370x370-2-300x300.jpg 300w, https:\/\/frm-pt.com\/wp-content\/uploads\/2024\/02\/14-370x370-2-150x150.jpg 150w, https:\/\/frm-pt.com\/wp-content\/uploads\/2024\/02\/14-370x370-2-100x100.jpg 100w\" sizes=\"(max-width: 500px) 100vw, 500px\" \/><img loading=\"lazy\" decoding=\"async\" class=\"aligncenter wp-image-1580 size-full\" src=\"https:\/\/frm-pt.com\/wp-content\/uploads\/2024\/02\/12-370x370-2.jpg\" alt=\"\" width=\"500\" height=\"500\" srcset=\"https:\/\/frm-pt.com\/wp-content\/uploads\/2024\/02\/12-370x370-2.jpg 500w, https:\/\/frm-pt.com\/wp-content\/uploads\/2024\/02\/12-370x370-2-300x300.jpg 300w, https:\/\/frm-pt.com\/wp-content\/uploads\/2024\/02\/12-370x370-2-150x150.jpg 150w, https:\/\/frm-pt.com\/wp-content\/uploads\/2024\/02\/12-370x370-2-100x100.jpg 100w\" sizes=\"(max-width: 500px) 100vw, 500px\" \/><img loading=\"lazy\" decoding=\"async\" class=\"aligncenter wp-image-1581 size-full\" src=\"https:\/\/frm-pt.com\/wp-content\/uploads\/2024\/02\/10-370x370-2.jpg\" alt=\"\" width=\"500\" height=\"500\" srcset=\"https:\/\/frm-pt.com\/wp-content\/uploads\/2024\/02\/10-370x370-2.jpg 500w, https:\/\/frm-pt.com\/wp-content\/uploads\/2024\/02\/10-370x370-2-300x300.jpg 300w, https:\/\/frm-pt.com\/wp-content\/uploads\/2024\/02\/10-370x370-2-150x150.jpg 150w, https:\/\/frm-pt.com\/wp-content\/uploads\/2024\/02\/10-370x370-2-100x100.jpg 100w\" sizes=\"(max-width: 500px) 100vw, 500px\" \/><\/p>\n<p style=\"text-align: center;\">\u2b50\u2b50\u2b50\u2b50\u2b50(5.3)<\/p>\n<p><em>\u2705Fazemos envios \u00e1 cobran\u00e7a para todo Portugal Continental . com\u00a0 c\u00f3digo de rastreo online.\u00a0<\/em><\/p>\n<p><em>\u2705Voc\u00ea somente paga o valor descrito em nosso site, fique tranquilo, n\u00e3o haver\u00e1 cobran\u00e7as adicionais de taxas ou impostos.<\/em><\/p>\n<p><em>\u2705Prazo m\u00e9dio para entrega \u00e9 de 24h a 48h ap\u00f3s o seu pedido.<\/em><\/p>\n<p><em>\u2705Site protegido com os melhores certificados de seguran\u00e7a.<\/em><\/p>","protected":false},"excerpt":{"rendered":"<h4><\/h4>\n<p>\ud83d\ude9b\u00a0 Envios \u00e1 Cobran\u00e7a<\/p>\n<p>\ud83d\ude9b Entregas em 24h a 48h<\/p>","protected":false},"featured_media":1582,"template":"","meta":{"nf_dc_page":"","site-sidebar-layout":"default","site-content-layout":"","ast-site-content-layout":"default","site-content-style":"default","site-sidebar-style":"default","ast-global-header-display":"","ast-banner-title-visibility":"","ast-main-header-display":"","ast-hfb-above-header-display":"","ast-hfb-below-header-display":"","ast-hfb-mobile-header-display":"","site-post-title":"","ast-breadcrumbs-content":"","ast-featured-img":"","footer-sml-layout":"","ast-disable-related-posts":"","theme-transparent-header-meta":"default","adv-header-id-meta":"","stick-header-meta":"","header-above-stick-meta":"","header-main-stick-meta":"","header-below-stick-meta":"","astra-migrate-meta-layouts":"set","ast-page-background-enabled":"default","ast-page-background-meta":{"desktop":{"background-color":"","background-image":"","background-repeat":"repeat","background-position":"center center","background-size":"auto","background-attachment":"scroll","background-type":"","background-media":"","overlay-type":"","overlay-color":"","overlay-opacity":"","overlay-gradient":""},"tablet":{"background-color":"","background-image":"","background-repeat":"repeat","background-position":"center center","background-size":"auto","background-attachment":"scroll","background-type":"","background-media":"","overlay-type":"","overlay-color":"","overlay-opacity":"","overlay-gradient":""},"mobile":{"background-color":"","background-image":"","background-repeat":"repeat","background-position":"center center","background-size":"auto","background-attachment":"scroll","background-type":"","background-media":"","overlay-type":"","overlay-color":"","overlay-opacity":"","overlay-gradient":""}},"ast-content-background-meta":{"desktop":{"background-color":"var(--ast-global-color-5)","background-image":"","background-repeat":"repeat","background-position":"center center","background-size":"auto","background-attachment":"scroll","background-type":"","background-media":"","overlay-type":"","overlay-color":"","overlay-opacity":"","overlay-gradient":""},"tablet":{"background-color":"var(--ast-global-color-5)","background-image":"","background-repeat":"repeat","background-position":"center center","background-size":"auto","background-attachment":"scroll","background-type":"","background-media":"","overlay-type":"","overlay-color":"","overlay-opacity":"","overlay-gradient":""},"mobile":{"background-color":"var(--ast-global-color-5)","background-image":"","background-repeat":"repeat","background-position":"center center","background-size":"auto","background-attachment":"scroll","background-type":"","background-media":"","overlay-type":"","overlay-color":"","overlay-opacity":"","overlay-gradient":""}}},"product_brand":[],"product_cat":[30],"product_tag":[],"class_list":{"0":"post-1571","1":"product","2":"type-product","3":"status-publish","4":"has-post-thumbnail","6":"product_cat-aparelhos-de-soldar","7":"desktop-align-left","8":"tablet-align-left","9":"mobile-align-left","11":"first","12":"instock","13":"sale","14":"shipping-taxable","15":"purchasable","16":"product-type-simple"},"_links":{"self":[{"href":"https:\/\/frm-pt.com\/en\/wp-json\/wp\/v2\/product\/1571","targetHints":{"allow":["GET"]}}],"collection":[{"href":"https:\/\/frm-pt.com\/en\/wp-json\/wp\/v2\/product"}],"about":[{"href":"https:\/\/frm-pt.com\/en\/wp-json\/wp\/v2\/types\/product"}],"wp:featuredmedia":[{"embeddable":true,"href":"https:\/\/frm-pt.com\/en\/wp-json\/wp\/v2\/media\/1582"}],"wp:attachment":[{"href":"https:\/\/frm-pt.com\/en\/wp-json\/wp\/v2\/media?parent=1571"}],"wp:term":[{"taxonomy":"product_brand","embeddable":true,"href":"https:\/\/frm-pt.com\/en\/wp-json\/wp\/v2\/product_brand?post=1571"},{"taxonomy":"product_cat","embeddable":true,"href":"https:\/\/frm-pt.com\/en\/wp-json\/wp\/v2\/product_cat?post=1571"},{"taxonomy":"product_tag","embeddable":true,"href":"https:\/\/frm-pt.com\/en\/wp-json\/wp\/v2\/product_tag?post=1571"}],"curies":[{"name":"wp","href":"https:\/\/api.w.org\/{rel}","templated":true}]}}