{"id":1565,"date":"2024-02-25T22:51:29","date_gmt":"2024-02-25T22:51:29","guid":{"rendered":"https:\/\/frm-pt.com\/?post_type=product&#038;p=1565"},"modified":"2024-03-31T16:59:17","modified_gmt":"2024-03-31T16:59:17","slug":"1565","status":"publish","type":"product","link":"https:\/\/frm-pt.com\/en\/product\/1565\/","title":{"rendered":"Aparelho de Soldar Inverter 250A"},"content":{"rendered":"<h6 class=\"block-product__title\" style=\"text-align: center;\" data-qa=\"builder-product-section-title\">Aparelho de Soldar Inverter 250A<\/h6>\n<p>&nbsp;<\/p>\n<p style=\"text-align: center;\">Fonte de alimenta\u00e7\u00e3o: 220 V ~ 50\/60 Hz<\/p>\n<p style=\"text-align: center;\">Ajuste a corrente de soldagem: 20 &#8211; 250 A<\/p>\n<p style=\"text-align: center;\">Etapa 1 Ciclo de trabalho: 60% &#8211; 250 A<\/p>\n<p style=\"text-align: center;\">Eficiencia: 80 %<\/p>\n<p style=\"text-align: center;\">O arco: grau de contato de prote\u00e7\u00e3o: LP21<\/p>\n<p style=\"text-align: center;\">Comprimento do cabo de solda: 2 m<\/p>\n<p style=\"text-align: center;\">Resfriamento for\u00e7ado (ventilador)<\/p>\n<p style=\"text-align: center;\">Dimens\u00f5es: 250 x 120 x 180 mm<\/p>\n<p style=\"text-align: center;\">Peso: 3,5 kg<\/p>\n<p style=\"text-align: center;\">Apresentam a tecnologia de inversor IGBT<\/p>\n<p style=\"text-align: center;\">Corrente de solda sem fim Ajust\u00e1vel 20 &#8211; 250<\/p>\n<p style=\"text-align: center;\">A possibilidade do uso de eletrodos 1,6 &#8211; 4 mm<\/p>\n<p style=\"text-align: center;\">Ciclo de trabalho de 60% a 250 &#8211; Fun\u00e7\u00e3o A<\/p>\n<p style=\"text-align: center;\">For\u00e7a de arco de arranque a quente Anti-Vara Equipada com protec\u00e7\u00e3o t\u00e9rmica e arranque a ventoinha quente &#8211; este sistema permite-lhe aumentar a corrente de arranque de uma maior igni\u00e7\u00e3o para o arco de soldadura.<\/p>\n<p style=\"text-align: center;\">A fun\u00e7\u00e3o anti aderente impede a inclus\u00e3o de eletrodos de solda para o material.<\/p>\n<p style=\"text-align: center;\">Arc Force &#8211; Um sistema automatizado para estabilizar o arco, seja qual for a sua espessura<\/p>\n<p style=\"text-align: center;\">Equipamentos inclu\u00eddos:<\/p>\n<p style=\"text-align: center;\">Ferro de Solda N250<\/p>\n<p style=\"text-align: center;\">Cabo plano de solda MMA com eletrodo DIN Cabo de massa com DIN Escova e Manual do usu\u00e1rio<\/p>\n<p><img fetchpriority=\"high\" decoding=\"async\" class=\"aligncenter wp-image-1566 size-full\" src=\"https:\/\/frm-pt.com\/wp-content\/uploads\/2024\/02\/store_01H5A5P4YDTK0WRVZBS6J8ZEXX_assets_1689650720984-aparelho-de-soldar-inverter-250a-kraft-muller-novo-1.jpg\" alt=\"\" width=\"500\" height=\"440\" srcset=\"https:\/\/frm-pt.com\/wp-content\/uploads\/2024\/02\/store_01H5A5P4YDTK0WRVZBS6J8ZEXX_assets_1689650720984-aparelho-de-soldar-inverter-250a-kraft-muller-novo-1.jpg 500w, https:\/\/frm-pt.com\/wp-content\/uploads\/2024\/02\/store_01H5A5P4YDTK0WRVZBS6J8ZEXX_assets_1689650720984-aparelho-de-soldar-inverter-250a-kraft-muller-novo-1-300x264.jpg 300w\" sizes=\"(max-width: 500px) 100vw, 500px\" \/><\/p>\n<p><img decoding=\"async\" class=\"aligncenter wp-image-1567 size-full\" src=\"https:\/\/frm-pt.com\/wp-content\/uploads\/2024\/02\/store_01H5A5P4YDTK0WRVZBS6J8ZEXX_assets_1689650720985-aparelho-de-soldar-inverter-250a-kraft-muller-novo-2.jpg\" alt=\"\" width=\"500\" height=\"533\" srcset=\"https:\/\/frm-pt.com\/wp-content\/uploads\/2024\/02\/store_01H5A5P4YDTK0WRVZBS6J8ZEXX_assets_1689650720985-aparelho-de-soldar-inverter-250a-kraft-muller-novo-2.jpg 500w, https:\/\/frm-pt.com\/wp-content\/uploads\/2024\/02\/store_01H5A5P4YDTK0WRVZBS6J8ZEXX_assets_1689650720985-aparelho-de-soldar-inverter-250a-kraft-muller-novo-2-281x300.jpg 281w\" sizes=\"(max-width: 500px) 100vw, 500px\" \/><\/p>\n<p><img decoding=\"async\" class=\"aligncenter wp-image-1568 size-full\" src=\"https:\/\/frm-pt.com\/wp-content\/uploads\/2024\/02\/store_01H5A5P4YDTK0WRVZBS6J8ZEXX_assets_1689650720985-aparelho-de-soldar-inverter-250a-kraft-muller-novo-5.jpg\" alt=\"\" width=\"500\" height=\"500\" srcset=\"https:\/\/frm-pt.com\/wp-content\/uploads\/2024\/02\/store_01H5A5P4YDTK0WRVZBS6J8ZEXX_assets_1689650720985-aparelho-de-soldar-inverter-250a-kraft-muller-novo-5.jpg 500w, https:\/\/frm-pt.com\/wp-content\/uploads\/2024\/02\/store_01H5A5P4YDTK0WRVZBS6J8ZEXX_assets_1689650720985-aparelho-de-soldar-inverter-250a-kraft-muller-novo-5-300x300.jpg 300w, https:\/\/frm-pt.com\/wp-content\/uploads\/2024\/02\/store_01H5A5P4YDTK0WRVZBS6J8ZEXX_assets_1689650720985-aparelho-de-soldar-inverter-250a-kraft-muller-novo-5-150x150.jpg 150w, https:\/\/frm-pt.com\/wp-content\/uploads\/2024\/02\/store_01H5A5P4YDTK0WRVZBS6J8ZEXX_assets_1689650720985-aparelho-de-soldar-inverter-250a-kraft-muller-novo-5-100x100.jpg 100w\" sizes=\"(max-width: 500px) 100vw, 500px\" \/><\/p>\n<p style=\"text-align: center;\">\u2b50\u2b50\u2b50\u2b50\u2b50(4.6)<\/p>\n<p><em>\u2705Fazemos envios \u00e1 cobran\u00e7a para todo Portugal Continental . com\u00a0 c\u00f3digo de rastreo online.\u00a0<\/em><\/p>\n<p><em>\u2705Voc\u00ea somente paga o valor descrito em nosso site, fique tranquilo, n\u00e3o haver\u00e1 cobran\u00e7as adicionais de taxas ou impostos.<\/em><\/p>\n<p><em>\u2705Prazo m\u00e9dio para entrega \u00e9 de 24h a 48h ap\u00f3s o seu pedido.<\/em><\/p>\n<p><em>\u2705Site protegido com os melhores certificados de seguran\u00e7a.<\/em><\/p>","protected":false},"excerpt":{"rendered":"<h6 data-qa=\"builder-product-section-title\"><\/h6>\n<h6 data-qa=\"builder-product-section-title\"><\/h6>\n<p>\ud83d\ude9b\u00a0 Envios \u00e1 Cobran\u00e7a<\/p>\n<p>\ud83d\ude9b Entregas em 24h a 48h<\/p>","protected":false},"featured_media":1566,"template":"","meta":{"nf_dc_page":"","site-sidebar-layout":"default","site-content-layout":"","ast-site-content-layout":"default","site-content-style":"default","site-sidebar-style":"default","ast-global-header-display":"","ast-banner-title-visibility":"","ast-main-header-display":"","ast-hfb-above-header-display":"","ast-hfb-below-header-display":"","ast-hfb-mobile-header-display":"","site-post-title":"","ast-breadcrumbs-content":"","ast-featured-img":"","footer-sml-layout":"","ast-disable-related-posts":"","theme-transparent-header-meta":"default","adv-header-id-meta":"","stick-header-meta":"","header-above-stick-meta":"","header-main-stick-meta":"","header-below-stick-meta":"","astra-migrate-meta-layouts":"set","ast-page-background-enabled":"default","ast-page-background-meta":{"desktop":{"background-color":"","background-image":"","background-repeat":"repeat","background-position":"center center","background-size":"auto","background-attachment":"scroll","background-type":"","background-media":"","overlay-type":"","overlay-color":"","overlay-opacity":"","overlay-gradient":""},"tablet":{"background-color":"","background-image":"","background-repeat":"repeat","background-position":"center center","background-size":"auto","background-attachment":"scroll","background-type":"","background-media":"","overlay-type":"","overlay-color":"","overlay-opacity":"","overlay-gradient":""},"mobile":{"background-color":"","background-image":"","background-repeat":"repeat","background-position":"center center","background-size":"auto","background-attachment":"scroll","background-type":"","background-media":"","overlay-type":"","overlay-color":"","overlay-opacity":"","overlay-gradient":""}},"ast-content-background-meta":{"desktop":{"background-color":"var(--ast-global-color-5)","background-image":"","background-repeat":"repeat","background-position":"center center","background-size":"auto","background-attachment":"scroll","background-type":"","background-media":"","overlay-type":"","overlay-color":"","overlay-opacity":"","overlay-gradient":""},"tablet":{"background-color":"var(--ast-global-color-5)","background-image":"","background-repeat":"repeat","background-position":"center center","background-size":"auto","background-attachment":"scroll","background-type":"","background-media":"","overlay-type":"","overlay-color":"","overlay-opacity":"","overlay-gradient":""},"mobile":{"background-color":"var(--ast-global-color-5)","background-image":"","background-repeat":"repeat","background-position":"center center","background-size":"auto","background-attachment":"scroll","background-type":"","background-media":"","overlay-type":"","overlay-color":"","overlay-opacity":"","overlay-gradient":""}}},"product_brand":[],"product_cat":[30],"product_tag":[],"class_list":{"0":"post-1565","1":"product","2":"type-product","3":"status-publish","4":"has-post-thumbnail","6":"product_cat-aparelhos-de-soldar","7":"desktop-align-left","8":"tablet-align-left","9":"mobile-align-left","11":"first","12":"instock","13":"sale","14":"shipping-taxable","15":"purchasable","16":"product-type-simple"},"_links":{"self":[{"href":"https:\/\/frm-pt.com\/en\/wp-json\/wp\/v2\/product\/1565","targetHints":{"allow":["GET"]}}],"collection":[{"href":"https:\/\/frm-pt.com\/en\/wp-json\/wp\/v2\/product"}],"about":[{"href":"https:\/\/frm-pt.com\/en\/wp-json\/wp\/v2\/types\/product"}],"wp:featuredmedia":[{"embeddable":true,"href":"https:\/\/frm-pt.com\/en\/wp-json\/wp\/v2\/media\/1566"}],"wp:attachment":[{"href":"https:\/\/frm-pt.com\/en\/wp-json\/wp\/v2\/media?parent=1565"}],"wp:term":[{"taxonomy":"product_brand","embeddable":true,"href":"https:\/\/frm-pt.com\/en\/wp-json\/wp\/v2\/product_brand?post=1565"},{"taxonomy":"product_cat","embeddable":true,"href":"https:\/\/frm-pt.com\/en\/wp-json\/wp\/v2\/product_cat?post=1565"},{"taxonomy":"product_tag","embeddable":true,"href":"https:\/\/frm-pt.com\/en\/wp-json\/wp\/v2\/product_tag?post=1565"}],"curies":[{"name":"wp","href":"https:\/\/api.w.org\/{rel}","templated":true}]}}