{"id":1556,"date":"2024-02-25T22:38:16","date_gmt":"2024-02-25T22:38:16","guid":{"rendered":"https:\/\/frm-pt.com\/?post_type=product&#038;p=1556"},"modified":"2024-03-31T16:55:34","modified_gmt":"2024-03-31T16:55:34","slug":"1556","status":"publish","type":"product","link":"https:\/\/frm-pt.com\/en\/product\/1556\/","title":{"rendered":"Carrinho de Ferramentas com 6 gavetas 4 com ferramentas"},"content":{"rendered":"<h6 class=\"block-product__title\" style=\"text-align: center;\" data-qa=\"builder-product-section-title\">Carrinho de Ferramentas com 6 gavetas 4 com ferramentas<\/h6>\n<h6 data-qa=\"builder-product-section-title\"><\/h6>\n<p style=\"text-align: center;\">Gra\u00e7as ao seu punho ergon\u00f3mico integrado na superf\u00edcie de trabalho e \u00e0s suas rodas com trav\u00f5es, leve-o a qualquer lugar da sua oficina e tenha sempre a ferramenta de que necessita.<\/p>\n<p style=\"text-align: center;\">Acesse rapidamente suas ferramentas armazenadas em gavetas montadas em corredi\u00e7as telesc\u00f3picas com rolamentos de esferas.<\/p>\n<p style=\"text-align: center;\">Seu sistema anti-capotamento garante estabilidade s\u00f3lida.<\/p>\n<p style=\"text-align: center;\">A bancada \u00e9 projetada em materiais \u00e0 prova de choque que resistir\u00e3o a todas as suas manipula\u00e7\u00f5es em seu gabinete de rolos.<\/p>\n<p style=\"text-align: center;\">Este carrinho de oficina \u00e9 composto por 6 gavetas 4 com ferramentas de qualidade profissional<\/p>\n<p style=\"text-align: center;\">219 pe\u00e7as, organizadas por tipo e tamanho em compartimentos de espuma Eva<\/p>\n<p><img fetchpriority=\"high\" decoding=\"async\" class=\"aligncenter wp-image-1559 size-full\" src=\"https:\/\/frm-pt.com\/wp-content\/uploads\/2024\/02\/widmann-daily-4-drawers-1-1.jpg\" alt=\"\" width=\"500\" height=\"500\" srcset=\"https:\/\/frm-pt.com\/wp-content\/uploads\/2024\/02\/widmann-daily-4-drawers-1-1.jpg 500w, https:\/\/frm-pt.com\/wp-content\/uploads\/2024\/02\/widmann-daily-4-drawers-1-1-300x300.jpg 300w, https:\/\/frm-pt.com\/wp-content\/uploads\/2024\/02\/widmann-daily-4-drawers-1-1-150x150.jpg 150w, https:\/\/frm-pt.com\/wp-content\/uploads\/2024\/02\/widmann-daily-4-drawers-1-1-100x100.jpg 100w\" sizes=\"(max-width: 500px) 100vw, 500px\" \/><\/p>\n<p><img decoding=\"async\" class=\"aligncenter wp-image-1560 size-full\" src=\"https:\/\/frm-pt.com\/wp-content\/uploads\/2024\/02\/Widmann-Mini-Red-Drawer-1-Small-1.jpg\" alt=\"\" width=\"500\" height=\"381\" srcset=\"https:\/\/frm-pt.com\/wp-content\/uploads\/2024\/02\/Widmann-Mini-Red-Drawer-1-Small-1.jpg 500w, https:\/\/frm-pt.com\/wp-content\/uploads\/2024\/02\/Widmann-Mini-Red-Drawer-1-Small-1-300x229.jpg 300w\" sizes=\"(max-width: 500px) 100vw, 500px\" \/><img decoding=\"async\" class=\"aligncenter wp-image-1561 size-full\" src=\"https:\/\/frm-pt.com\/wp-content\/uploads\/2024\/02\/Widmann-Mini-Red-Drawer-2-Small.jpg\" alt=\"\" width=\"500\" height=\"379\" srcset=\"https:\/\/frm-pt.com\/wp-content\/uploads\/2024\/02\/Widmann-Mini-Red-Drawer-2-Small.jpg 500w, https:\/\/frm-pt.com\/wp-content\/uploads\/2024\/02\/Widmann-Mini-Red-Drawer-2-Small-300x227.jpg 300w\" sizes=\"(max-width: 500px) 100vw, 500px\" \/><img loading=\"lazy\" decoding=\"async\" class=\"aligncenter wp-image-1563 size-full\" src=\"https:\/\/frm-pt.com\/wp-content\/uploads\/2024\/02\/Widmann-Mini-Red-Drawer-4-Small.jpg\" alt=\"\" width=\"500\" height=\"386\" srcset=\"https:\/\/frm-pt.com\/wp-content\/uploads\/2024\/02\/Widmann-Mini-Red-Drawer-4-Small.jpg 500w, https:\/\/frm-pt.com\/wp-content\/uploads\/2024\/02\/Widmann-Mini-Red-Drawer-4-Small-300x232.jpg 300w\" sizes=\"(max-width: 500px) 100vw, 500px\" \/><img loading=\"lazy\" decoding=\"async\" class=\"aligncenter wp-image-1562 size-full\" src=\"https:\/\/frm-pt.com\/wp-content\/uploads\/2024\/02\/Widmann-Mini-Red-Drawer-3-Small.jpg\" alt=\"\" width=\"500\" height=\"382\" srcset=\"https:\/\/frm-pt.com\/wp-content\/uploads\/2024\/02\/Widmann-Mini-Red-Drawer-3-Small.jpg 500w, https:\/\/frm-pt.com\/wp-content\/uploads\/2024\/02\/Widmann-Mini-Red-Drawer-3-Small-300x229.jpg 300w\" sizes=\"(max-width: 500px) 100vw, 500px\" \/><\/p>\n<p>&nbsp;<\/p>\n<p style=\"text-align: center;\">\u2b50\u2b50\u2b50\u2b50\u2b50(4.8)<\/p>\n<p><em>\u2705Fazemos envios \u00e1 cobran\u00e7a para todo Portugal Continental . com\u00a0 c\u00f3digo de rastreo online.\u00a0<\/em><\/p>\n<p><em>\u2705Voc\u00ea somente paga o valor descrito em nosso site, fique tranquilo, n\u00e3o haver\u00e1 cobran\u00e7as adicionais de taxas ou impostos.<\/em><\/p>\n<p><em>\u2705Prazo m\u00e9dio para entrega \u00e9 de 24h a 48h ap\u00f3s o seu pedido.<\/em><\/p>\n<p><em>\u2705Site protegido com os melhores certificados de seguran\u00e7a.<\/em><\/p>\n<p>&nbsp;<\/p>","protected":false},"excerpt":{"rendered":"<p>\ud83d\ude9b\u00a0 Envios \u00e1 Cobran\u00e7a<\/p>\n<p>\ud83d\ude9b Entregas em 24h a 48h<\/p>\n<h6 class=\"block-product__title\" style=\"text-align: left;\" data-qa=\"builder-product-section-title\"><\/h6>","protected":false},"featured_media":1559,"template":"","meta":{"nf_dc_page":"","site-sidebar-layout":"default","site-content-layout":"","ast-site-content-layout":"default","site-content-style":"default","site-sidebar-style":"default","ast-global-header-display":"","ast-banner-title-visibility":"","ast-main-header-display":"","ast-hfb-above-header-display":"","ast-hfb-below-header-display":"","ast-hfb-mobile-header-display":"","site-post-title":"","ast-breadcrumbs-content":"","ast-featured-img":"","footer-sml-layout":"","ast-disable-related-posts":"","theme-transparent-header-meta":"default","adv-header-id-meta":"","stick-header-meta":"","header-above-stick-meta":"","header-main-stick-meta":"","header-below-stick-meta":"","astra-migrate-meta-layouts":"set","ast-page-background-enabled":"default","ast-page-background-meta":{"desktop":{"background-color":"","background-image":"","background-repeat":"repeat","background-position":"center center","background-size":"auto","background-attachment":"scroll","background-type":"","background-media":"","overlay-type":"","overlay-color":"","overlay-opacity":"","overlay-gradient":""},"tablet":{"background-color":"","background-image":"","background-repeat":"repeat","background-position":"center center","background-size":"auto","background-attachment":"scroll","background-type":"","background-media":"","overlay-type":"","overlay-color":"","overlay-opacity":"","overlay-gradient":""},"mobile":{"background-color":"","background-image":"","background-repeat":"repeat","background-position":"center center","background-size":"auto","background-attachment":"scroll","background-type":"","background-media":"","overlay-type":"","overlay-color":"","overlay-opacity":"","overlay-gradient":""}},"ast-content-background-meta":{"desktop":{"background-color":"var(--ast-global-color-5)","background-image":"","background-repeat":"repeat","background-position":"center center","background-size":"auto","background-attachment":"scroll","background-type":"","background-media":"","overlay-type":"","overlay-color":"","overlay-opacity":"","overlay-gradient":""},"tablet":{"background-color":"var(--ast-global-color-5)","background-image":"","background-repeat":"repeat","background-position":"center center","background-size":"auto","background-attachment":"scroll","background-type":"","background-media":"","overlay-type":"","overlay-color":"","overlay-opacity":"","overlay-gradient":""},"mobile":{"background-color":"var(--ast-global-color-5)","background-image":"","background-repeat":"repeat","background-position":"center center","background-size":"auto","background-attachment":"scroll","background-type":"","background-media":"","overlay-type":"","overlay-color":"","overlay-opacity":"","overlay-gradient":""}}},"product_brand":[],"product_cat":[31,37],"product_tag":[],"class_list":{"0":"post-1556","1":"product","2":"type-product","3":"status-publish","4":"has-post-thumbnail","6":"product_cat-carrinhos-de-ferramentas","7":"product_cat-ferramentas","8":"desktop-align-left","9":"tablet-align-left","10":"mobile-align-left","12":"first","13":"instock","14":"sale","15":"shipping-taxable","16":"purchasable","17":"product-type-simple"},"_links":{"self":[{"href":"https:\/\/frm-pt.com\/en\/wp-json\/wp\/v2\/product\/1556","targetHints":{"allow":["GET"]}}],"collection":[{"href":"https:\/\/frm-pt.com\/en\/wp-json\/wp\/v2\/product"}],"about":[{"href":"https:\/\/frm-pt.com\/en\/wp-json\/wp\/v2\/types\/product"}],"wp:featuredmedia":[{"embeddable":true,"href":"https:\/\/frm-pt.com\/en\/wp-json\/wp\/v2\/media\/1559"}],"wp:attachment":[{"href":"https:\/\/frm-pt.com\/en\/wp-json\/wp\/v2\/media?parent=1556"}],"wp:term":[{"taxonomy":"product_brand","embeddable":true,"href":"https:\/\/frm-pt.com\/en\/wp-json\/wp\/v2\/product_brand?post=1556"},{"taxonomy":"product_cat","embeddable":true,"href":"https:\/\/frm-pt.com\/en\/wp-json\/wp\/v2\/product_cat?post=1556"},{"taxonomy":"product_tag","embeddable":true,"href":"https:\/\/frm-pt.com\/en\/wp-json\/wp\/v2\/product_tag?post=1556"}],"curies":[{"name":"wp","href":"https:\/\/api.w.org\/{rel}","templated":true}]}}