{"id":1546,"date":"2024-02-25T22:20:46","date_gmt":"2024-02-25T22:20:46","guid":{"rendered":"https:\/\/frm-pt.com\/?post_type=product&#038;p=1546"},"modified":"2024-03-31T16:52:54","modified_gmt":"2024-03-31T16:52:54","slug":"1546","status":"publish","type":"product","link":"https:\/\/frm-pt.com\/en\/product\/1546\/","title":{"rendered":"Carrinho de Ferramentas 258pcs"},"content":{"rendered":"<h6 class=\"block-product__title\" style=\"text-align: center;\" data-qa=\"builder-product-section-title\">Carrinho de Ferramentas 258pcs<\/h6>\n<p>&nbsp;<\/p>\n<p style=\"text-align: center;\">A KraftMuller \u00e9 um conjunto de ferramentas abrangente projetado para atender a v\u00e1rias necessidades. Alojado em um gabinete de metal resistente, este conjunto possui 6 bandejas de ferramentas, oferecendo uma ampla variedade de soquetes, catracas, soquetes de broca, chaves inglesas, chaves de fenda, alicates, martelos, alicates de bombeamento de \u00e1gua, furadeiras e muito mais. Com um total de 258 pe\u00e7as, este conjunto de ferramentas \u00e9 perfeito para profissionais e entusiastas de bricolage. Ele fornece as ferramentas essenciais necess\u00e1rias para projetos de todos os tamanhos, garantindo efici\u00eancia e conveni\u00eancia.<\/p>\n<p><img fetchpriority=\"high\" decoding=\"async\" class=\"aligncenter wp-image-1547 size-full\" src=\"https:\/\/frm-pt.com\/wp-content\/uploads\/2024\/02\/store_01H5A5P4YDTK0WRVZBS6J8ZEXX_assets_1690591404769-Carrinho-de-Ferramentas-258pcs-Verde-Kraftmuller-4.jpg\" alt=\"\" width=\"500\" height=\"430\" srcset=\"https:\/\/frm-pt.com\/wp-content\/uploads\/2024\/02\/store_01H5A5P4YDTK0WRVZBS6J8ZEXX_assets_1690591404769-Carrinho-de-Ferramentas-258pcs-Verde-Kraftmuller-4.jpg 500w, https:\/\/frm-pt.com\/wp-content\/uploads\/2024\/02\/store_01H5A5P4YDTK0WRVZBS6J8ZEXX_assets_1690591404769-Carrinho-de-Ferramentas-258pcs-Verde-Kraftmuller-4-300x258.jpg 300w\" sizes=\"(max-width: 500px) 100vw, 500px\" \/><img decoding=\"async\" class=\"aligncenter wp-image-1548 size-full\" src=\"https:\/\/frm-pt.com\/wp-content\/uploads\/2024\/02\/WhatsApp-Image-2023-06-05-at-14.12.40-3.jpg\" alt=\"\" width=\"500\" height=\"430\" srcset=\"https:\/\/frm-pt.com\/wp-content\/uploads\/2024\/02\/WhatsApp-Image-2023-06-05-at-14.12.40-3.jpg 500w, https:\/\/frm-pt.com\/wp-content\/uploads\/2024\/02\/WhatsApp-Image-2023-06-05-at-14.12.40-3-300x258.jpg 300w\" sizes=\"(max-width: 500px) 100vw, 500px\" \/><img decoding=\"async\" class=\"aligncenter wp-image-1549 size-full\" src=\"https:\/\/frm-pt.com\/wp-content\/uploads\/2024\/02\/WhatsApp-Image-2023-06-05-at-14.12.40-2.jpg\" alt=\"\" width=\"500\" height=\"430\" srcset=\"https:\/\/frm-pt.com\/wp-content\/uploads\/2024\/02\/WhatsApp-Image-2023-06-05-at-14.12.40-2.jpg 500w, https:\/\/frm-pt.com\/wp-content\/uploads\/2024\/02\/WhatsApp-Image-2023-06-05-at-14.12.40-2-300x258.jpg 300w\" sizes=\"(max-width: 500px) 100vw, 500px\" \/><img loading=\"lazy\" decoding=\"async\" class=\"aligncenter wp-image-1550 size-full\" src=\"https:\/\/frm-pt.com\/wp-content\/uploads\/2024\/02\/WhatsApp-Image-2023-06-05-at-14.12.40-1.jpg\" alt=\"\" width=\"500\" height=\"430\" srcset=\"https:\/\/frm-pt.com\/wp-content\/uploads\/2024\/02\/WhatsApp-Image-2023-06-05-at-14.12.40-1.jpg 500w, https:\/\/frm-pt.com\/wp-content\/uploads\/2024\/02\/WhatsApp-Image-2023-06-05-at-14.12.40-1-300x258.jpg 300w\" sizes=\"(max-width: 500px) 100vw, 500px\" \/><img loading=\"lazy\" decoding=\"async\" class=\"aligncenter wp-image-1552 size-full\" src=\"https:\/\/frm-pt.com\/wp-content\/uploads\/2024\/02\/WhatsApp-Image-2023-06-05-at-14.12.40.jpg\" alt=\"\" width=\"500\" height=\"430\" srcset=\"https:\/\/frm-pt.com\/wp-content\/uploads\/2024\/02\/WhatsApp-Image-2023-06-05-at-14.12.40.jpg 500w, https:\/\/frm-pt.com\/wp-content\/uploads\/2024\/02\/WhatsApp-Image-2023-06-05-at-14.12.40-300x258.jpg 300w\" sizes=\"(max-width: 500px) 100vw, 500px\" \/><img loading=\"lazy\" decoding=\"async\" class=\"aligncenter wp-image-1553 size-full\" src=\"https:\/\/frm-pt.com\/wp-content\/uploads\/2024\/02\/WhatsApp-Image-2023-06-05-at-14.12.39-3.jpg\" alt=\"\" width=\"500\" height=\"430\" srcset=\"https:\/\/frm-pt.com\/wp-content\/uploads\/2024\/02\/WhatsApp-Image-2023-06-05-at-14.12.39-3.jpg 500w, https:\/\/frm-pt.com\/wp-content\/uploads\/2024\/02\/WhatsApp-Image-2023-06-05-at-14.12.39-3-300x258.jpg 300w\" sizes=\"(max-width: 500px) 100vw, 500px\" \/><img loading=\"lazy\" decoding=\"async\" class=\"aligncenter wp-image-1551 size-full\" src=\"https:\/\/frm-pt.com\/wp-content\/uploads\/2024\/02\/WhatsApp-Image-2023-06-05-at-14.12.39-4.jpg\" alt=\"\" width=\"500\" height=\"430\" srcset=\"https:\/\/frm-pt.com\/wp-content\/uploads\/2024\/02\/WhatsApp-Image-2023-06-05-at-14.12.39-4.jpg 500w, https:\/\/frm-pt.com\/wp-content\/uploads\/2024\/02\/WhatsApp-Image-2023-06-05-at-14.12.39-4-300x258.jpg 300w\" sizes=\"(max-width: 500px) 100vw, 500px\" \/><\/p>\n<p style=\"text-align: center;\">\u2b50\u2b50\u2b50\u2b50\u2b50(5.2)<\/p>\n<p><em>\u2705Fazemos envios \u00e1 cobran\u00e7a para todo Portugal Continental . com\u00a0 c\u00f3digo de rastreo online.\u00a0<\/em><\/p>\n<p><em>\u2705Voc\u00ea somente paga o valor descrito em nosso site, fique tranquilo, n\u00e3o haver\u00e1 cobran\u00e7as adicionais de taxas ou impostos.<\/em><\/p>\n<p><em>\u2705Prazo m\u00e9dio para entrega \u00e9 de 24h a 48h ap\u00f3s o seu pedido.<\/em><\/p>\n<p><em>\u2705Site protegido com os melhores certificados de seguran\u00e7a.<\/em><\/p>","protected":false},"excerpt":{"rendered":"<p>\ud83d\ude9b\u00a0 Envios \u00e1 Cobran\u00e7a<\/p>\n<p>\ud83d\ude9b Entregas em 24h a 48h<\/p>","protected":false},"featured_media":1554,"template":"","meta":{"nf_dc_page":"","site-sidebar-layout":"default","site-content-layout":"","ast-site-content-layout":"default","site-content-style":"default","site-sidebar-style":"default","ast-global-header-display":"","ast-banner-title-visibility":"","ast-main-header-display":"","ast-hfb-above-header-display":"","ast-hfb-below-header-display":"","ast-hfb-mobile-header-display":"","site-post-title":"","ast-breadcrumbs-content":"","ast-featured-img":"","footer-sml-layout":"","ast-disable-related-posts":"","theme-transparent-header-meta":"default","adv-header-id-meta":"","stick-header-meta":"","header-above-stick-meta":"","header-main-stick-meta":"","header-below-stick-meta":"","astra-migrate-meta-layouts":"set","ast-page-background-enabled":"default","ast-page-background-meta":{"desktop":{"background-color":"","background-image":"","background-repeat":"repeat","background-position":"center center","background-size":"auto","background-attachment":"scroll","background-type":"","background-media":"","overlay-type":"","overlay-color":"","overlay-opacity":"","overlay-gradient":""},"tablet":{"background-color":"","background-image":"","background-repeat":"repeat","background-position":"center center","background-size":"auto","background-attachment":"scroll","background-type":"","background-media":"","overlay-type":"","overlay-color":"","overlay-opacity":"","overlay-gradient":""},"mobile":{"background-color":"","background-image":"","background-repeat":"repeat","background-position":"center center","background-size":"auto","background-attachment":"scroll","background-type":"","background-media":"","overlay-type":"","overlay-color":"","overlay-opacity":"","overlay-gradient":""}},"ast-content-background-meta":{"desktop":{"background-color":"var(--ast-global-color-5)","background-image":"","background-repeat":"repeat","background-position":"center center","background-size":"auto","background-attachment":"scroll","background-type":"","background-media":"","overlay-type":"","overlay-color":"","overlay-opacity":"","overlay-gradient":""},"tablet":{"background-color":"var(--ast-global-color-5)","background-image":"","background-repeat":"repeat","background-position":"center center","background-size":"auto","background-attachment":"scroll","background-type":"","background-media":"","overlay-type":"","overlay-color":"","overlay-opacity":"","overlay-gradient":""},"mobile":{"background-color":"var(--ast-global-color-5)","background-image":"","background-repeat":"repeat","background-position":"center center","background-size":"auto","background-attachment":"scroll","background-type":"","background-media":"","overlay-type":"","overlay-color":"","overlay-opacity":"","overlay-gradient":""}}},"product_brand":[],"product_cat":[31,37],"product_tag":[],"class_list":{"0":"post-1546","1":"product","2":"type-product","3":"status-publish","4":"has-post-thumbnail","6":"product_cat-carrinhos-de-ferramentas","7":"product_cat-ferramentas","8":"desktop-align-left","9":"tablet-align-left","10":"mobile-align-left","12":"first","13":"instock","14":"sale","15":"shipping-taxable","16":"purchasable","17":"product-type-simple"},"_links":{"self":[{"href":"https:\/\/frm-pt.com\/en\/wp-json\/wp\/v2\/product\/1546","targetHints":{"allow":["GET"]}}],"collection":[{"href":"https:\/\/frm-pt.com\/en\/wp-json\/wp\/v2\/product"}],"about":[{"href":"https:\/\/frm-pt.com\/en\/wp-json\/wp\/v2\/types\/product"}],"wp:featuredmedia":[{"embeddable":true,"href":"https:\/\/frm-pt.com\/en\/wp-json\/wp\/v2\/media\/1554"}],"wp:attachment":[{"href":"https:\/\/frm-pt.com\/en\/wp-json\/wp\/v2\/media?parent=1546"}],"wp:term":[{"taxonomy":"product_brand","embeddable":true,"href":"https:\/\/frm-pt.com\/en\/wp-json\/wp\/v2\/product_brand?post=1546"},{"taxonomy":"product_cat","embeddable":true,"href":"https:\/\/frm-pt.com\/en\/wp-json\/wp\/v2\/product_cat?post=1546"},{"taxonomy":"product_tag","embeddable":true,"href":"https:\/\/frm-pt.com\/en\/wp-json\/wp\/v2\/product_tag?post=1546"}],"curies":[{"name":"wp","href":"https:\/\/api.w.org\/{rel}","templated":true}]}}