{"id":1541,"date":"2024-02-25T21:44:52","date_gmt":"2024-02-25T21:44:52","guid":{"rendered":"https:\/\/frm-pt.com\/?post_type=product&#038;p=1541"},"modified":"2025-06-02T21:27:32","modified_gmt":"2025-06-02T21:27:32","slug":"1541","status":"publish","type":"product","link":"https:\/\/frm-pt.com\/en\/product\/1541\/","title":{"rendered":"Grua Dobr\u00e1vel 2 Toneladas Ideal Para Motores"},"content":{"rendered":"<h6 class=\"block-product__title\" style=\"text-align: center;\" data-qa=\"builder-product-section-title\">Grua Guindaste Dobr\u00e1vel Retirar Motores 2T<\/h6>\n<p style=\"text-align: center;\">Caracter\u00edsticas do produto:<br \/>\n&#8211; Um must-have para elevar os motores, m\u00e1quinas e todos os componentes pesados<br \/>\n&#8211; Ideal para mover, reparar, montar<br \/>\n&#8211; Design dobr\u00e1vel \u00e9 f\u00e1cil de armazenar<br \/>\n&#8211; Quatro p\u00e9s ajust\u00e1veis proporcionam uma maior estabilidade<br \/>\n&#8211; As rodas universais proporcionam f\u00e1cil manobra e posicionamento<\/p>\n<p style=\"text-align: center;\">Especifica\u00e7\u00f5es do produto<br \/>\n&#8211; Capacidade m\u00e1xima: 2 toneladas<br \/>\n&#8211; 4 posi\u00e7\u00f5es de bra\u00e7o a escolher (2T, 1-1 \/ 2T, 1T, 1 \/ 2T)<br \/>\n&#8211; Faixa de eleva\u00e7\u00e3o: 0-2000 mm<br \/>\n&#8211; Peso bruto: 29, 30, 23kg<br \/>\n&#8211; Peso l\u00edquido: 27, 29, 22kg<\/p>\n<p style=\"text-align: center;\">Tamanho: 145 * 30 * 18 cm 80.5 * 58.5 * 9 cm<br \/>\n&#8211; A: 1506MM<br \/>\n&#8211; W1: 746MM<br \/>\n&#8211; W2: 1060 mm<br \/>\n&#8211; D: 1642MM<br \/>\nA altura m\u00e1xima de cada posi\u00e7\u00e3o do bra\u00e7o:<br \/>\n&#8211; H1: 1750 mm<br \/>\n&#8211; H2: 1850 mm<br \/>\n&#8211; H3: 1950MM<br \/>\n&#8211; H4: 2050 mm<br \/>\nO comprimento m\u00e1ximo de cada posi\u00e7\u00e3o do bra\u00e7o:<br \/>\n&#8211; F: 937MM<br \/>\n&#8211; F + E: 1107MM<br \/>\n&#8211; F + E + E: 1277MM<br \/>\n&#8211; F + E + E + E: 1447MM<img fetchpriority=\"high\" decoding=\"async\" class=\"aligncenter wp-image-1741 size-full\" style=\"font-style: inherit; font-weight: inherit;\" src=\"https:\/\/frm-pt.com\/wp-content\/uploads\/2024\/02\/store_01H5A5P4YDTK0WRVZBS6J8ZEXX_assets_1689526610494-Grua-Guindaste-DobrA\u00a1vel-Motores-2T-Kraftmuller-3-1.jpg\" alt=\"\" width=\"500\" height=\"431\" srcset=\"https:\/\/frm-pt.com\/wp-content\/uploads\/2024\/02\/store_01H5A5P4YDTK0WRVZBS6J8ZEXX_assets_1689526610494-Grua-Guindaste-DobrA\u00a1vel-Motores-2T-Kraftmuller-3-1.jpg 500w, https:\/\/frm-pt.com\/wp-content\/uploads\/2024\/02\/store_01H5A5P4YDTK0WRVZBS6J8ZEXX_assets_1689526610494-Grua-Guindaste-DobrA\u00a1vel-Motores-2T-Kraftmuller-3-1-300x259.jpg 300w\" sizes=\"(max-width: 500px) 100vw, 500px\" \/><img decoding=\"async\" class=\"aligncenter wp-image-1740 size-full\" src=\"https:\/\/frm-pt.com\/wp-content\/uploads\/2024\/02\/store_01H5A5P4YDTK0WRVZBS6J8ZEXX_assets_1689526610494-Grua-Guindaste-DobrA\u00a1vel-Motores-2T-Kraftmuller-2-1.jpg\" alt=\"\" width=\"500\" height=\"430\" srcset=\"https:\/\/frm-pt.com\/wp-content\/uploads\/2024\/02\/store_01H5A5P4YDTK0WRVZBS6J8ZEXX_assets_1689526610494-Grua-Guindaste-DobrA\u00a1vel-Motores-2T-Kraftmuller-2-1.jpg 500w, https:\/\/frm-pt.com\/wp-content\/uploads\/2024\/02\/store_01H5A5P4YDTK0WRVZBS6J8ZEXX_assets_1689526610494-Grua-Guindaste-DobrA\u00a1vel-Motores-2T-Kraftmuller-2-1-300x258.jpg 300w\" sizes=\"(max-width: 500px) 100vw, 500px\" \/><img decoding=\"async\" class=\"aligncenter wp-image-1739 size-full\" style=\"font-style: inherit; font-weight: inherit;\" src=\"https:\/\/frm-pt.com\/wp-content\/uploads\/2024\/02\/b0d688ae-cd4d-4c35-89f4-320f5bbe3199.jpg\" alt=\"\" width=\"500\" height=\"844\" srcset=\"https:\/\/frm-pt.com\/wp-content\/uploads\/2024\/02\/b0d688ae-cd4d-4c35-89f4-320f5bbe3199.jpg 500w, https:\/\/frm-pt.com\/wp-content\/uploads\/2024\/02\/b0d688ae-cd4d-4c35-89f4-320f5bbe3199-178x300.jpg 178w\" sizes=\"(max-width: 500px) 100vw, 500px\" \/><\/p>\n<p>&nbsp;<\/p>\n<p style=\"text-align: center;\">\u2b50\u2b50\u2b50\u2b50\u2b50(4.8)<\/p>\n<p><em>\u2705Fazemos envios \u00e1 cobran\u00e7a para todo Portugal Continental . com\u00a0 c\u00f3digo de rastreo online.\u00a0<\/em><\/p>\n<p><em>\u2705Voc\u00ea somente paga o valor descrito em nosso site, fique tranquilo, n\u00e3o haver\u00e1 cobran\u00e7as adicionais de taxas ou impostos.<\/em><\/p>\n<p><em>\u2705Prazo m\u00e9dio para entrega \u00e9 de 24h a 48h ap\u00f3s o seu pedido.<\/em><\/p>\n<p><em>\u2705Site protegido com os melhores certificados de seguran\u00e7a.<\/em><\/p>","protected":false},"excerpt":{"rendered":"<h6><\/h6>\n<h6><\/h6>\n<p>\ud83d\ude9b\u00a0 Envios \u00e1 Cobran\u00e7a<\/p>\n<p>\ud83d\ude9b Entregas em 24h a 48h<\/p>","protected":false},"featured_media":1544,"template":"","meta":{"nf_dc_page":"","site-sidebar-layout":"default","site-content-layout":"","ast-site-content-layout":"default","site-content-style":"default","site-sidebar-style":"default","ast-global-header-display":"","ast-banner-title-visibility":"","ast-main-header-display":"","ast-hfb-above-header-display":"","ast-hfb-below-header-display":"","ast-hfb-mobile-header-display":"","site-post-title":"","ast-breadcrumbs-content":"","ast-featured-img":"","footer-sml-layout":"","ast-disable-related-posts":"","theme-transparent-header-meta":"default","adv-header-id-meta":"","stick-header-meta":"","header-above-stick-meta":"","header-main-stick-meta":"","header-below-stick-meta":"","astra-migrate-meta-layouts":"set","ast-page-background-enabled":"default","ast-page-background-meta":{"desktop":{"background-color":"","background-image":"","background-repeat":"repeat","background-position":"center center","background-size":"auto","background-attachment":"scroll","background-type":"","background-media":"","overlay-type":"","overlay-color":"","overlay-opacity":"","overlay-gradient":""},"tablet":{"background-color":"","background-image":"","background-repeat":"repeat","background-position":"center center","background-size":"auto","background-attachment":"scroll","background-type":"","background-media":"","overlay-type":"","overlay-color":"","overlay-opacity":"","overlay-gradient":""},"mobile":{"background-color":"","background-image":"","background-repeat":"repeat","background-position":"center center","background-size":"auto","background-attachment":"scroll","background-type":"","background-media":"","overlay-type":"","overlay-color":"","overlay-opacity":"","overlay-gradient":""}},"ast-content-background-meta":{"desktop":{"background-color":"var(--ast-global-color-5)","background-image":"","background-repeat":"repeat","background-position":"center center","background-size":"auto","background-attachment":"scroll","background-type":"","background-media":"","overlay-type":"","overlay-color":"","overlay-opacity":"","overlay-gradient":""},"tablet":{"background-color":"var(--ast-global-color-5)","background-image":"","background-repeat":"repeat","background-position":"center center","background-size":"auto","background-attachment":"scroll","background-type":"","background-media":"","overlay-type":"","overlay-color":"","overlay-opacity":"","overlay-gradient":""},"mobile":{"background-color":"var(--ast-global-color-5)","background-image":"","background-repeat":"repeat","background-position":"center center","background-size":"auto","background-attachment":"scroll","background-type":"","background-media":"","overlay-type":"","overlay-color":"","overlay-opacity":"","overlay-gradient":""}}},"product_brand":[],"product_cat":[37,32],"product_tag":[],"class_list":{"0":"post-1541","1":"product","2":"type-product","3":"status-publish","4":"has-post-thumbnail","6":"product_cat-ferramentas","7":"product_cat-macacos-e-gruas","8":"desktop-align-left","9":"tablet-align-left","10":"mobile-align-left","12":"first","13":"instock","14":"sale","15":"shipping-taxable","16":"purchasable","17":"product-type-simple"},"_links":{"self":[{"href":"https:\/\/frm-pt.com\/en\/wp-json\/wp\/v2\/product\/1541","targetHints":{"allow":["GET"]}}],"collection":[{"href":"https:\/\/frm-pt.com\/en\/wp-json\/wp\/v2\/product"}],"about":[{"href":"https:\/\/frm-pt.com\/en\/wp-json\/wp\/v2\/types\/product"}],"wp:featuredmedia":[{"embeddable":true,"href":"https:\/\/frm-pt.com\/en\/wp-json\/wp\/v2\/media\/1544"}],"wp:attachment":[{"href":"https:\/\/frm-pt.com\/en\/wp-json\/wp\/v2\/media?parent=1541"}],"wp:term":[{"taxonomy":"product_brand","embeddable":true,"href":"https:\/\/frm-pt.com\/en\/wp-json\/wp\/v2\/product_brand?post=1541"},{"taxonomy":"product_cat","embeddable":true,"href":"https:\/\/frm-pt.com\/en\/wp-json\/wp\/v2\/product_cat?post=1541"},{"taxonomy":"product_tag","embeddable":true,"href":"https:\/\/frm-pt.com\/en\/wp-json\/wp\/v2\/product_tag?post=1541"}],"curies":[{"name":"wp","href":"https:\/\/api.w.org\/{rel}","templated":true}]}}