{"id":1526,"date":"2024-02-14T23:26:56","date_gmt":"2024-02-14T23:26:56","guid":{"rendered":"https:\/\/frm-pt.com\/?post_type=product&#038;p=1526"},"modified":"2024-03-17T21:36:26","modified_gmt":"2024-03-17T21:36:26","slug":"1526","status":"publish","type":"product","link":"https:\/\/frm-pt.com\/en\/product\/1526\/","title":{"rendered":"Mala de ferramentas com trolley 326pcs"},"content":{"rendered":"<h6 style=\"text-align: center;\">Mala de Ferramentas com Trolley KRAFTM\u00dcLLER 326 Pe\u00e7as<\/h6>\n<p style=\"text-align: center;\">Trolley para facilitar o transporte e para fechar a mala.<br \/>\nMala muito completa com 4 prateleiras composto por:<br \/>\n&#8211; 1 Conjunto de Chaves de Fenda, Estrela, Tork, Fenda 6000 V, Roquete Multifun\u00e7\u00f5es, Etc..<br \/>\n&#8211; 1 Conjunto de Chaves de Bocas com Roquete,com Chaves desde a 4mm at\u00e9 \u00e1 30mm com 2 Roquetes, 2 Acrescentos, -1 Acrescento Flex\u00edvel, etc&#8230;.<br \/>\n&#8211; 1 Conjunto com 4 Alicates (Bocas, Universal, Extens\u00edvel e Corte), Chaves Inglesa e Chaves de Bocas com Roquete integrado na pr\u00f3pria chave (da 8mm at\u00e9 \u00e1 19mm)<br \/>\n&#8211; 1 Conjunto com martelo, Pistola de cola Termofusivel, Alicate de Press\u00e3o, N\u00edvel, Fita M\u00e9trica de 5M, Fita Isoladora, Alicate de Corte\/Cravar Ponteiras , X-ACTO, Etc&#8230;<br \/>\nPeso: 13,5kg<\/p>\n<p><img fetchpriority=\"high\" decoding=\"async\" class=\"aligncenter wp-image-1528 size-full\" src=\"https:\/\/frm-pt.com\/wp-content\/uploads\/2024\/02\/KM1111-WhatsAppImage2022-12-30at13.12.55_1.jpg\" alt=\"\" width=\"398\" height=\"333\" srcset=\"https:\/\/frm-pt.com\/wp-content\/uploads\/2024\/02\/KM1111-WhatsAppImage2022-12-30at13.12.55_1.jpg 398w, https:\/\/frm-pt.com\/wp-content\/uploads\/2024\/02\/KM1111-WhatsAppImage2022-12-30at13.12.55_1-300x251.jpg 300w\" sizes=\"(max-width: 398px) 100vw, 398px\" \/><\/p>\n<p><img decoding=\"async\" class=\"size-medium wp-image-1529 aligncenter\" src=\"https:\/\/frm-pt.com\/wp-content\/uploads\/2024\/02\/img-20220518-wa0308-1654669995-1654670175-300x281.jpg\" alt=\"\" width=\"300\" height=\"281\" srcset=\"https:\/\/frm-pt.com\/wp-content\/uploads\/2024\/02\/img-20220518-wa0308-1654669995-1654670175-300x281.jpg 300w, https:\/\/frm-pt.com\/wp-content\/uploads\/2024\/02\/img-20220518-wa0308-1654669995-1654670175.jpg 356w\" sizes=\"(max-width: 300px) 100vw, 300px\" \/><\/p>\n<p style=\"text-align: center;\">\u2b50\u2b50\u2b50\u2b50\u2b50(4.7)<\/p>\n<p><em>\u2705Fazemos envios \u00e1 cobran\u00e7a para todo Portugal Continental . com\u00a0 c\u00f3digo de rastreo online.\u00a0<\/em><\/p>\n<p><em>\u2705Voc\u00ea somente paga o valor descrito em nosso site, fique tranquilo, n\u00e3o haver\u00e1 cobran\u00e7as adicionais de taxas ou impostos.<\/em><\/p>\n<p><em>\u2705Prazo m\u00e9dio para entrega \u00e9 de 24h a 48h ap\u00f3s o seu pedido.<\/em><\/p>\n<p><em>\u2705Site protegido com os melhores certificados de seguran\u00e7a.<\/em><\/p>","protected":false},"excerpt":{"rendered":"<p>&nbsp;<\/p>\n<p>\ud83d\ude9b\u00a0 Envios \u00e1 Cobran\u00e7a<\/p>\n<p>\ud83d\ude9b Entregas em 24h a 48h<\/p>","protected":false},"featured_media":1527,"template":"","meta":{"nf_dc_page":"","site-sidebar-layout":"default","site-content-layout":"","ast-site-content-layout":"default","site-content-style":"default","site-sidebar-style":"default","ast-global-header-display":"","ast-banner-title-visibility":"","ast-main-header-display":"","ast-hfb-above-header-display":"","ast-hfb-below-header-display":"","ast-hfb-mobile-header-display":"","site-post-title":"","ast-breadcrumbs-content":"","ast-featured-img":"","footer-sml-layout":"","ast-disable-related-posts":"","theme-transparent-header-meta":"default","adv-header-id-meta":"","stick-header-meta":"","header-above-stick-meta":"","header-main-stick-meta":"","header-below-stick-meta":"","astra-migrate-meta-layouts":"set","ast-page-background-enabled":"default","ast-page-background-meta":{"desktop":{"background-color":"","background-image":"","background-repeat":"repeat","background-position":"center center","background-size":"auto","background-attachment":"scroll","background-type":"","background-media":"","overlay-type":"","overlay-color":"","overlay-opacity":"","overlay-gradient":""},"tablet":{"background-color":"","background-image":"","background-repeat":"repeat","background-position":"center center","background-size":"auto","background-attachment":"scroll","background-type":"","background-media":"","overlay-type":"","overlay-color":"","overlay-opacity":"","overlay-gradient":""},"mobile":{"background-color":"","background-image":"","background-repeat":"repeat","background-position":"center center","background-size":"auto","background-attachment":"scroll","background-type":"","background-media":"","overlay-type":"","overlay-color":"","overlay-opacity":"","overlay-gradient":""}},"ast-content-background-meta":{"desktop":{"background-color":"var(--ast-global-color-5)","background-image":"","background-repeat":"repeat","background-position":"center center","background-size":"auto","background-attachment":"scroll","background-type":"","background-media":"","overlay-type":"","overlay-color":"","overlay-opacity":"","overlay-gradient":""},"tablet":{"background-color":"var(--ast-global-color-5)","background-image":"","background-repeat":"repeat","background-position":"center center","background-size":"auto","background-attachment":"scroll","background-type":"","background-media":"","overlay-type":"","overlay-color":"","overlay-opacity":"","overlay-gradient":""},"mobile":{"background-color":"var(--ast-global-color-5)","background-image":"","background-repeat":"repeat","background-position":"center center","background-size":"auto","background-attachment":"scroll","background-type":"","background-media":"","overlay-type":"","overlay-color":"","overlay-opacity":"","overlay-gradient":""}}},"product_brand":[],"product_cat":[37,28],"product_tag":[],"class_list":{"0":"post-1526","1":"product","2":"type-product","3":"status-publish","4":"has-post-thumbnail","6":"product_cat-ferramentas","7":"product_cat-malas-de-ferramentas","8":"desktop-align-left","9":"tablet-align-left","10":"mobile-align-left","12":"first","13":"instock","14":"sale","15":"shipping-taxable","16":"purchasable","17":"product-type-simple"},"_links":{"self":[{"href":"https:\/\/frm-pt.com\/en\/wp-json\/wp\/v2\/product\/1526","targetHints":{"allow":["GET"]}}],"collection":[{"href":"https:\/\/frm-pt.com\/en\/wp-json\/wp\/v2\/product"}],"about":[{"href":"https:\/\/frm-pt.com\/en\/wp-json\/wp\/v2\/types\/product"}],"wp:featuredmedia":[{"embeddable":true,"href":"https:\/\/frm-pt.com\/en\/wp-json\/wp\/v2\/media\/1527"}],"wp:attachment":[{"href":"https:\/\/frm-pt.com\/en\/wp-json\/wp\/v2\/media?parent=1526"}],"wp:term":[{"taxonomy":"product_brand","embeddable":true,"href":"https:\/\/frm-pt.com\/en\/wp-json\/wp\/v2\/product_brand?post=1526"},{"taxonomy":"product_cat","embeddable":true,"href":"https:\/\/frm-pt.com\/en\/wp-json\/wp\/v2\/product_cat?post=1526"},{"taxonomy":"product_tag","embeddable":true,"href":"https:\/\/frm-pt.com\/en\/wp-json\/wp\/v2\/product_tag?post=1526"}],"curies":[{"name":"wp","href":"https:\/\/api.w.org\/{rel}","templated":true}]}}