{"id":1518,"date":"2024-02-14T22:51:49","date_gmt":"2024-02-14T22:51:49","guid":{"rendered":"https:\/\/frm-pt.com\/?post_type=product&#038;p=1518"},"modified":"2025-01-15T23:00:43","modified_gmt":"2025-01-15T23:00:43","slug":"1518","status":"publish","type":"product","link":"https:\/\/frm-pt.com\/en\/product\/1518\/","title":{"rendered":"Macaco Novo Modelo 4T Bomba Dupla. Ultra Robusto e Ultra Fino"},"content":{"rendered":"<h5 class=\"block-product__title\" style=\"text-align: center;\" data-qa=\"builder-product-section-title\">Macaco Hidr\u00e1ulico Baixo Perfil Dupla Bomba<\/h5>\n<p>&nbsp;<\/p>\n<p style=\"text-align: center;\">Caracter\u00edsticas:<\/p>\n<p style=\"text-align: center;\">Constru\u00e7\u00e3o em a\u00e7o robusta e totalmente soldada<\/p>\n<p style=\"text-align: center;\">Perfil extremamente baixo<\/p>\n<p style=\"text-align: center;\">Eleva o ve\u00edculo rapidamente com uma a\u00e7\u00e3o r\u00e1pida da bomba<\/p>\n<p style=\"text-align: center;\">Gatilho cardan para controle preciso da descida da carga em qualquer posi\u00e7\u00e3o da manopla<\/p>\n<p style=\"text-align: center;\">Piv\u00f4 da roda traseira de 360 \u00b0 para f\u00e1cil manobra<\/p>\n<p style=\"text-align: center;\">O p\u00e1ra-choques de espuma evita danos no acabamento do ve\u00edculo<\/p>\n<p style=\"text-align: center;\">Classe industrial<\/p>\n<p style=\"text-align: center;\">Especifica\u00e7\u00f5es do produto:<\/p>\n<p style=\"text-align: center;\">Capacidade m\u00e1xima de peso: 4 toneladas.<br \/>\nAltura m\u00ednima: 75mm.<br \/>\nAltura m\u00e1xima: 505mm.<br \/>\nPeso bruto &#8211; 40 kg<\/p>\n<p style=\"text-align: center;\">Estrutura de a\u00e7o pesada e al\u00e7a de a\u00e7o para garantir estabilidade e alta resist\u00eancia<\/p>\n<p style=\"text-align: center;\">Anel de pist\u00e3o e tratamento especial da superf\u00edcie da bomba para garantir durabilidade, aumentar a capacidade de resistir \u00e0 corros\u00e3o<\/p>\n<p style=\"text-align: center;\">A v\u00e1lvula de seguran\u00e7a integrada protege contra sobrecarga do macaco<\/p>\n<p style=\"text-align: center;\">Use \u00f3leo hidr\u00e1ulico de baixa temperatura, para garantir que o ambiente de trabalho n\u00e3o seja limitado (-30 \u2103 ~ 60 \u2103)<\/p>\n<p><img fetchpriority=\"high\" decoding=\"async\" class=\"aligncenter wp-image-3549 size-full\" src=\"https:\/\/frm-pt.com\/wp-content\/uploads\/2024\/02\/Captura-de-ecra-2025-01-15-220408-1.png\" alt=\"\" width=\"1194\" height=\"554\" srcset=\"https:\/\/frm-pt.com\/wp-content\/uploads\/2024\/02\/Captura-de-ecra-2025-01-15-220408-1.png 1194w, https:\/\/frm-pt.com\/wp-content\/uploads\/2024\/02\/Captura-de-ecra-2025-01-15-220408-1-300x139.png 300w, https:\/\/frm-pt.com\/wp-content\/uploads\/2024\/02\/Captura-de-ecra-2025-01-15-220408-1-1024x475.png 1024w, https:\/\/frm-pt.com\/wp-content\/uploads\/2024\/02\/Captura-de-ecra-2025-01-15-220408-1-768x356.png 768w, https:\/\/frm-pt.com\/wp-content\/uploads\/2024\/02\/Captura-de-ecra-2025-01-15-220408-1-600x278.png 600w\" sizes=\"(max-width: 1194px) 100vw, 1194px\" \/><img decoding=\"async\" class=\"aligncenter wp-image-3544 size-large\" src=\"https:\/\/frm-pt.com\/wp-content\/uploads\/2024\/02\/Captura-de-ecra-2025-01-15-220445-1024x762.png\" alt=\"\" width=\"1024\" height=\"762\" srcset=\"https:\/\/frm-pt.com\/wp-content\/uploads\/2024\/02\/Captura-de-ecra-2025-01-15-220445-1024x762.png 1024w, https:\/\/frm-pt.com\/wp-content\/uploads\/2024\/02\/Captura-de-ecra-2025-01-15-220445-300x223.png 300w, https:\/\/frm-pt.com\/wp-content\/uploads\/2024\/02\/Captura-de-ecra-2025-01-15-220445-768x572.png 768w, https:\/\/frm-pt.com\/wp-content\/uploads\/2024\/02\/Captura-de-ecra-2025-01-15-220445-600x446.png 600w, https:\/\/frm-pt.com\/wp-content\/uploads\/2024\/02\/Captura-de-ecra-2025-01-15-220445.png 1196w\" sizes=\"(max-width: 1024px) 100vw, 1024px\" \/><img decoding=\"async\" class=\"aligncenter wp-image-3545 size-large\" src=\"https:\/\/frm-pt.com\/wp-content\/uploads\/2024\/02\/WhatsApp-Image-2025-01-15-at-20.48.01-3-1024x744.jpeg\" alt=\"\" width=\"1024\" height=\"744\" srcset=\"https:\/\/frm-pt.com\/wp-content\/uploads\/2024\/02\/WhatsApp-Image-2025-01-15-at-20.48.01-3-1024x744.jpeg 1024w, https:\/\/frm-pt.com\/wp-content\/uploads\/2024\/02\/WhatsApp-Image-2025-01-15-at-20.48.01-3-300x218.jpeg 300w, https:\/\/frm-pt.com\/wp-content\/uploads\/2024\/02\/WhatsApp-Image-2025-01-15-at-20.48.01-3-768x558.jpeg 768w, https:\/\/frm-pt.com\/wp-content\/uploads\/2024\/02\/WhatsApp-Image-2025-01-15-at-20.48.01-3-600x436.jpeg 600w, https:\/\/frm-pt.com\/wp-content\/uploads\/2024\/02\/WhatsApp-Image-2025-01-15-at-20.48.01-3.jpeg 1076w\" sizes=\"(max-width: 1024px) 100vw, 1024px\" \/><img loading=\"lazy\" decoding=\"async\" class=\"aligncenter wp-image-3546 size-large\" src=\"https:\/\/frm-pt.com\/wp-content\/uploads\/2024\/02\/WhatsApp-Image-2025-01-15-at-20.48.01-1-773x1024.jpeg\" alt=\"\" width=\"773\" height=\"1024\" srcset=\"https:\/\/frm-pt.com\/wp-content\/uploads\/2024\/02\/WhatsApp-Image-2025-01-15-at-20.48.01-1-773x1024.jpeg 773w, https:\/\/frm-pt.com\/wp-content\/uploads\/2024\/02\/WhatsApp-Image-2025-01-15-at-20.48.01-1-227x300.jpeg 227w, https:\/\/frm-pt.com\/wp-content\/uploads\/2024\/02\/WhatsApp-Image-2025-01-15-at-20.48.01-1-768x1017.jpeg 768w, https:\/\/frm-pt.com\/wp-content\/uploads\/2024\/02\/WhatsApp-Image-2025-01-15-at-20.48.01-1-600x794.jpeg 600w, https:\/\/frm-pt.com\/wp-content\/uploads\/2024\/02\/WhatsApp-Image-2025-01-15-at-20.48.01-1.jpeg 1080w\" sizes=\"(max-width: 773px) 100vw, 773px\" \/><img loading=\"lazy\" decoding=\"async\" class=\"aligncenter wp-image-3547\" src=\"https:\/\/frm-pt.com\/wp-content\/uploads\/2024\/02\/WhatsApp-Image-2025-01-15-at-20.48.02.jpeg\" alt=\"\" width=\"773\" height=\"975\" srcset=\"https:\/\/frm-pt.com\/wp-content\/uploads\/2024\/02\/WhatsApp-Image-2025-01-15-at-20.48.02.jpeg 1080w, https:\/\/frm-pt.com\/wp-content\/uploads\/2024\/02\/WhatsApp-Image-2025-01-15-at-20.48.02-238x300.jpeg 238w, https:\/\/frm-pt.com\/wp-content\/uploads\/2024\/02\/WhatsApp-Image-2025-01-15-at-20.48.02-812x1024.jpeg 812w, https:\/\/frm-pt.com\/wp-content\/uploads\/2024\/02\/WhatsApp-Image-2025-01-15-at-20.48.02-768x969.jpeg 768w, https:\/\/frm-pt.com\/wp-content\/uploads\/2024\/02\/WhatsApp-Image-2025-01-15-at-20.48.02-600x757.jpeg 600w\" sizes=\"(max-width: 773px) 100vw, 773px\" \/><\/p>\n<p style=\"text-align: center;\">\u2b50\u2b50\u2b50\u2b50\u2b50(<em>5.6<\/em>)<\/p>\n<p style=\"text-align: center;\"><em>\u2705Fazemos envios \u00e1 cobran\u00e7a para todo Portugal Continental . com\u00a0 c\u00f3digo de rastreo online.\u00a0<\/em><\/p>\n<p style=\"text-align: center;\"><em>\u2705Voc\u00ea somente paga o valor descrito em nosso site, fique tranquilo, n\u00e3o haver\u00e1 cobran\u00e7as adicionais de taxas ou impostos.<\/em><\/p>\n<p style=\"text-align: center;\"><em>\u2705Prazo m\u00e9dio para entrega \u00e9 de 24h a 48h ap\u00f3s o seu pedido.<\/em><\/p>\n<p style=\"text-align: center;\"><em>\u2705Site protegido com os melhores certificados de seguran\u00e7a.<\/em><\/p>","protected":false},"excerpt":{"rendered":"<p>&nbsp;<\/p>\n<p>\ud83d\ude9b\u00a0 Envios \u00e1 Cobran\u00e7a<\/p>\n<p>\ud83d\ude9b Entregas em 24h a 48h<\/p>","protected":false},"featured_media":3548,"template":"","meta":{"nf_dc_page":"","site-sidebar-layout":"default","site-content-layout":"","ast-site-content-layout":"default","site-content-style":"default","site-sidebar-style":"default","ast-global-header-display":"","ast-banner-title-visibility":"","ast-main-header-display":"","ast-hfb-above-header-display":"","ast-hfb-below-header-display":"","ast-hfb-mobile-header-display":"","site-post-title":"","ast-breadcrumbs-content":"","ast-featured-img":"","footer-sml-layout":"","ast-disable-related-posts":"","theme-transparent-header-meta":"default","adv-header-id-meta":"","stick-header-meta":"","header-above-stick-meta":"","header-main-stick-meta":"","header-below-stick-meta":"","astra-migrate-meta-layouts":"set","ast-page-background-enabled":"default","ast-page-background-meta":{"desktop":{"background-color":"","background-image":"","background-repeat":"repeat","background-position":"center center","background-size":"auto","background-attachment":"scroll","background-type":"","background-media":"","overlay-type":"","overlay-color":"","overlay-opacity":"","overlay-gradient":""},"tablet":{"background-color":"","background-image":"","background-repeat":"repeat","background-position":"center center","background-size":"auto","background-attachment":"scroll","background-type":"","background-media":"","overlay-type":"","overlay-color":"","overlay-opacity":"","overlay-gradient":""},"mobile":{"background-color":"","background-image":"","background-repeat":"repeat","background-position":"center center","background-size":"auto","background-attachment":"scroll","background-type":"","background-media":"","overlay-type":"","overlay-color":"","overlay-opacity":"","overlay-gradient":""}},"ast-content-background-meta":{"desktop":{"background-color":"var(--ast-global-color-5)","background-image":"","background-repeat":"repeat","background-position":"center center","background-size":"auto","background-attachment":"scroll","background-type":"","background-media":"","overlay-type":"","overlay-color":"","overlay-opacity":"","overlay-gradient":""},"tablet":{"background-color":"var(--ast-global-color-5)","background-image":"","background-repeat":"repeat","background-position":"center center","background-size":"auto","background-attachment":"scroll","background-type":"","background-media":"","overlay-type":"","overlay-color":"","overlay-opacity":"","overlay-gradient":""},"mobile":{"background-color":"var(--ast-global-color-5)","background-image":"","background-repeat":"repeat","background-position":"center center","background-size":"auto","background-attachment":"scroll","background-type":"","background-media":"","overlay-type":"","overlay-color":"","overlay-opacity":"","overlay-gradient":""}}},"product_brand":[],"product_cat":[37,32],"product_tag":[],"class_list":{"0":"post-1518","1":"product","2":"type-product","3":"status-publish","4":"has-post-thumbnail","6":"product_cat-ferramentas","7":"product_cat-macacos-e-gruas","8":"desktop-align-left","9":"tablet-align-left","10":"mobile-align-left","12":"first","13":"instock","14":"sale","15":"shipping-taxable","16":"purchasable","17":"product-type-simple"},"_links":{"self":[{"href":"https:\/\/frm-pt.com\/en\/wp-json\/wp\/v2\/product\/1518","targetHints":{"allow":["GET"]}}],"collection":[{"href":"https:\/\/frm-pt.com\/en\/wp-json\/wp\/v2\/product"}],"about":[{"href":"https:\/\/frm-pt.com\/en\/wp-json\/wp\/v2\/types\/product"}],"wp:featuredmedia":[{"embeddable":true,"href":"https:\/\/frm-pt.com\/en\/wp-json\/wp\/v2\/media\/3548"}],"wp:attachment":[{"href":"https:\/\/frm-pt.com\/en\/wp-json\/wp\/v2\/media?parent=1518"}],"wp:term":[{"taxonomy":"product_brand","embeddable":true,"href":"https:\/\/frm-pt.com\/en\/wp-json\/wp\/v2\/product_brand?post=1518"},{"taxonomy":"product_cat","embeddable":true,"href":"https:\/\/frm-pt.com\/en\/wp-json\/wp\/v2\/product_cat?post=1518"},{"taxonomy":"product_tag","embeddable":true,"href":"https:\/\/frm-pt.com\/en\/wp-json\/wp\/v2\/product_tag?post=1518"}],"curies":[{"name":"wp","href":"https:\/\/api.w.org\/{rel}","templated":true}]}}