{"id":1498,"date":"2024-02-14T20:11:28","date_gmt":"2024-02-14T20:11:28","guid":{"rendered":"https:\/\/frm-pt.com\/?post_type=product&#038;p=1498"},"modified":"2024-03-17T21:34:37","modified_gmt":"2024-03-17T21:34:37","slug":"1498","status":"publish","type":"product","link":"https:\/\/frm-pt.com\/en\/product\/1498\/","title":{"rendered":"Carrinho de Ferramentas 7 gavetas cheias com porta lateral"},"content":{"rendered":"<h4 class=\"block-product__title\" style=\"text-align: center;\" data-qa=\"builder-product-section-title\">Carrinho de Ferramentas completo<\/h4>\n<p>&nbsp;<\/p>\n<p style=\"text-align: center;\">Equipado com tampo de alum\u00ednio e 7 gavetas trabalhadas, este carrinho ser\u00e1 imprescind\u00edvel na sua garagem.<\/p>\n<p style=\"text-align: center;\">M\u00f3dulos de espuma moldada para armazenamento ideal de ferramentas. Tinta met\u00e1lica envernizada<\/p>\n<p style=\"text-align: center;\">Sistema anti-capotamento<\/p>\n<p style=\"text-align: center;\">Fecho centralizado com chaves<\/p>\n<p style=\"text-align: center;\">Gavetas autoblocantes<\/p>\n<p style=\"text-align: center;\">2 gavetas fundas no fundo<\/p>\n<p style=\"text-align: center;\">Pega ergon\u00f3mica<\/p>\n<p style=\"text-align: center;\">Composi\u00e7\u00e3o:<\/p>\n<p style=\"text-align: center;\">1\u00aa gaveta: conjunto de 3 catracas 1\/4 3\/8 1\/2 com roquetes curtos e longos + 4 soquetes de impacto com anel de teflon<\/p>\n<p style=\"text-align: center;\">2\u00aa gaveta: variedade de bits torx hexagonais btr de 12 pontos para os 3 tamanhos de catraca<\/p>\n<p style=\"text-align: center;\">3\u00aa gaveta: conjunto de chaves planas de 8 a 27mm com olhal de catraca<\/p>\n<p style=\"text-align: center;\">4\u00aa gaveta: variedade de chaves de fenda Phillips planas<\/p>\n<p style=\"text-align: center;\">5\u00aa gaveta: variedade de chaves de boca de 5 a 19 mm<\/p>\n<p style=\"text-align: center;\">6\u00aa gaveta: variedade de chaves torx e btr T<\/p>\n<p style=\"text-align: center;\">7\u00aa gaveta: variedade de alicates, pun\u00e7\u00e3o, martelo<\/p>\n<p><img fetchpriority=\"high\" decoding=\"async\" class=\"aligncenter wp-image-1507 size-full\" src=\"https:\/\/frm-pt.com\/wp-content\/uploads\/2023\/11\/ferramentas-prontos.jpg\" alt=\"\" width=\"500\" height=\"500\" srcset=\"https:\/\/frm-pt.com\/wp-content\/uploads\/2023\/11\/ferramentas-prontos.jpg 500w, https:\/\/frm-pt.com\/wp-content\/uploads\/2023\/11\/ferramentas-prontos-300x300.jpg 300w, https:\/\/frm-pt.com\/wp-content\/uploads\/2023\/11\/ferramentas-prontos-150x150.jpg 150w, https:\/\/frm-pt.com\/wp-content\/uploads\/2023\/11\/ferramentas-prontos-100x100.jpg 100w\" sizes=\"(max-width: 500px) 100vw, 500px\" \/><\/p>\n<p><img decoding=\"async\" class=\"aligncenter wp-image-1508 size-full\" src=\"https:\/\/frm-pt.com\/wp-content\/uploads\/2023\/11\/store_01H5A5P4YDTK0WRVZBS6J8ZEXX_assets_1689465599952-41.jpg\" alt=\"\" width=\"500\" height=\"361\" srcset=\"https:\/\/frm-pt.com\/wp-content\/uploads\/2023\/11\/store_01H5A5P4YDTK0WRVZBS6J8ZEXX_assets_1689465599952-41.jpg 500w, https:\/\/frm-pt.com\/wp-content\/uploads\/2023\/11\/store_01H5A5P4YDTK0WRVZBS6J8ZEXX_assets_1689465599952-41-300x217.jpg 300w\" sizes=\"(max-width: 500px) 100vw, 500px\" \/><\/p>\n<p><img decoding=\"async\" class=\"aligncenter wp-image-1509 size-full\" src=\"https:\/\/frm-pt.com\/wp-content\/uploads\/2023\/11\/store_01H5A5P4YDTK0WRVZBS6J8ZEXX_assets_1689465607028-51.jpg\" alt=\"\" width=\"500\" height=\"363\" srcset=\"https:\/\/frm-pt.com\/wp-content\/uploads\/2023\/11\/store_01H5A5P4YDTK0WRVZBS6J8ZEXX_assets_1689465607028-51.jpg 500w, https:\/\/frm-pt.com\/wp-content\/uploads\/2023\/11\/store_01H5A5P4YDTK0WRVZBS6J8ZEXX_assets_1689465607028-51-300x218.jpg 300w\" sizes=\"(max-width: 500px) 100vw, 500px\" \/><\/p>\n<p><img loading=\"lazy\" decoding=\"async\" class=\"aligncenter wp-image-1510 size-full\" src=\"https:\/\/frm-pt.com\/wp-content\/uploads\/2023\/11\/store_01H5A5P4YDTK0WRVZBS6J8ZEXX_assets_1689465614743-61.jpg\" alt=\"\" width=\"500\" height=\"360\" srcset=\"https:\/\/frm-pt.com\/wp-content\/uploads\/2023\/11\/store_01H5A5P4YDTK0WRVZBS6J8ZEXX_assets_1689465614743-61.jpg 500w, https:\/\/frm-pt.com\/wp-content\/uploads\/2023\/11\/store_01H5A5P4YDTK0WRVZBS6J8ZEXX_assets_1689465614743-61-300x216.jpg 300w\" sizes=\"(max-width: 500px) 100vw, 500px\" \/><\/p>\n<p><img loading=\"lazy\" decoding=\"async\" class=\"aligncenter wp-image-1511 size-full\" src=\"https:\/\/frm-pt.com\/wp-content\/uploads\/2023\/11\/store_01H5A5P4YDTK0WRVZBS6J8ZEXX_assets_1689465624110-71.jpg\" alt=\"\" width=\"500\" height=\"362\" srcset=\"https:\/\/frm-pt.com\/wp-content\/uploads\/2023\/11\/store_01H5A5P4YDTK0WRVZBS6J8ZEXX_assets_1689465624110-71.jpg 500w, https:\/\/frm-pt.com\/wp-content\/uploads\/2023\/11\/store_01H5A5P4YDTK0WRVZBS6J8ZEXX_assets_1689465624110-71-300x217.jpg 300w\" sizes=\"(max-width: 500px) 100vw, 500px\" \/><\/p>\n<p><img loading=\"lazy\" decoding=\"async\" class=\"aligncenter wp-image-1512 size-full\" src=\"https:\/\/frm-pt.com\/wp-content\/uploads\/2024\/02\/store_01H5A5P4YDTK0WRVZBS6J8ZEXX_assets_1689465639176-81.jpg\" alt=\"\" width=\"500\" height=\"259\" srcset=\"https:\/\/frm-pt.com\/wp-content\/uploads\/2024\/02\/store_01H5A5P4YDTK0WRVZBS6J8ZEXX_assets_1689465639176-81.jpg 500w, https:\/\/frm-pt.com\/wp-content\/uploads\/2024\/02\/store_01H5A5P4YDTK0WRVZBS6J8ZEXX_assets_1689465639176-81-300x155.jpg 300w\" sizes=\"(max-width: 500px) 100vw, 500px\" \/><\/p>\n<p><img loading=\"lazy\" decoding=\"async\" class=\"aligncenter wp-image-1513 size-full\" src=\"https:\/\/frm-pt.com\/wp-content\/uploads\/2024\/02\/store_01H5A5P4YDTK0WRVZBS6J8ZEXX_assets_1689465649192-91.jpg\" alt=\"\" width=\"500\" height=\"365\" srcset=\"https:\/\/frm-pt.com\/wp-content\/uploads\/2024\/02\/store_01H5A5P4YDTK0WRVZBS6J8ZEXX_assets_1689465649192-91.jpg 500w, https:\/\/frm-pt.com\/wp-content\/uploads\/2024\/02\/store_01H5A5P4YDTK0WRVZBS6J8ZEXX_assets_1689465649192-91-300x219.jpg 300w\" sizes=\"(max-width: 500px) 100vw, 500px\" \/><\/p>\n<p><img loading=\"lazy\" decoding=\"async\" class=\"aligncenter wp-image-1514 size-full\" src=\"https:\/\/frm-pt.com\/wp-content\/uploads\/2024\/02\/store_01H5A5P4YDTK0WRVZBS6J8ZEXX_assets_1689465657313-101.jpg\" alt=\"\" width=\"500\" height=\"363\" srcset=\"https:\/\/frm-pt.com\/wp-content\/uploads\/2024\/02\/store_01H5A5P4YDTK0WRVZBS6J8ZEXX_assets_1689465657313-101.jpg 500w, https:\/\/frm-pt.com\/wp-content\/uploads\/2024\/02\/store_01H5A5P4YDTK0WRVZBS6J8ZEXX_assets_1689465657313-101-300x218.jpg 300w\" sizes=\"(max-width: 500px) 100vw, 500px\" \/><\/p>\n<p style=\"text-align: center;\">\u2b50\u2b50\u2b50\u2b50\u2b50(4.9)<\/p>\n<p style=\"text-align: left;\"><em>\u2705Fazemos envios \u00e1 cobran\u00e7a para todo Portugal Continental . com\u00a0 c\u00f3digo de rastreo online.\u00a0<\/em><\/p>\n<p style=\"text-align: left;\"><em>\u2705Voc\u00ea somente paga o valor descrito em nosso site, fique tranquilo, n\u00e3o haver\u00e1 cobran\u00e7as adicionais de taxas ou impostos.<\/em><\/p>\n<p style=\"text-align: left;\"><em>\u2705Prazo m\u00e9dio para entrega \u00e9 de 24h a 48h ap\u00f3s o seu pedido.<\/em><\/p>\n<p style=\"text-align: left;\"><em>\u2705Site protegido com os melhores certificados de seguran\u00e7a.<\/em><\/p>","protected":false},"excerpt":{"rendered":"<p>\ud83d\ude9b\u00a0 Envios \u00e1 Cobran\u00e7a<\/p>\n<p>\ud83d\ude9b Entregas em 24h a 48h<\/p>\n<h5 class=\"block-product__title\" style=\"text-align: left;\" data-qa=\"builder-product-section-title\"><\/h5>","protected":false},"featured_media":1507,"template":"","meta":{"nf_dc_page":"","site-sidebar-layout":"default","site-content-layout":"","ast-site-content-layout":"default","site-content-style":"default","site-sidebar-style":"default","ast-global-header-display":"","ast-banner-title-visibility":"","ast-main-header-display":"","ast-hfb-above-header-display":"","ast-hfb-below-header-display":"","ast-hfb-mobile-header-display":"","site-post-title":"","ast-breadcrumbs-content":"","ast-featured-img":"","footer-sml-layout":"","ast-disable-related-posts":"","theme-transparent-header-meta":"default","adv-header-id-meta":"","stick-header-meta":"","header-above-stick-meta":"","header-main-stick-meta":"","header-below-stick-meta":"","astra-migrate-meta-layouts":"set","ast-page-background-enabled":"default","ast-page-background-meta":{"desktop":{"background-color":"","background-image":"","background-repeat":"repeat","background-position":"center center","background-size":"auto","background-attachment":"scroll","background-type":"","background-media":"","overlay-type":"","overlay-color":"","overlay-opacity":"","overlay-gradient":""},"tablet":{"background-color":"","background-image":"","background-repeat":"repeat","background-position":"center center","background-size":"auto","background-attachment":"scroll","background-type":"","background-media":"","overlay-type":"","overlay-color":"","overlay-opacity":"","overlay-gradient":""},"mobile":{"background-color":"","background-image":"","background-repeat":"repeat","background-position":"center center","background-size":"auto","background-attachment":"scroll","background-type":"","background-media":"","overlay-type":"","overlay-color":"","overlay-opacity":"","overlay-gradient":""}},"ast-content-background-meta":{"desktop":{"background-color":"var(--ast-global-color-5)","background-image":"","background-repeat":"repeat","background-position":"center center","background-size":"auto","background-attachment":"scroll","background-type":"","background-media":"","overlay-type":"","overlay-color":"","overlay-opacity":"","overlay-gradient":""},"tablet":{"background-color":"var(--ast-global-color-5)","background-image":"","background-repeat":"repeat","background-position":"center center","background-size":"auto","background-attachment":"scroll","background-type":"","background-media":"","overlay-type":"","overlay-color":"","overlay-opacity":"","overlay-gradient":""},"mobile":{"background-color":"var(--ast-global-color-5)","background-image":"","background-repeat":"repeat","background-position":"center center","background-size":"auto","background-attachment":"scroll","background-type":"","background-media":"","overlay-type":"","overlay-color":"","overlay-opacity":"","overlay-gradient":""}}},"product_brand":[],"product_cat":[31],"product_tag":[],"class_list":{"0":"post-1498","1":"product","2":"type-product","3":"status-publish","4":"has-post-thumbnail","6":"product_cat-carrinhos-de-ferramentas","7":"desktop-align-left","8":"tablet-align-left","9":"mobile-align-left","11":"first","12":"instock","13":"sale","14":"shipping-taxable","15":"purchasable","16":"product-type-simple"},"_links":{"self":[{"href":"https:\/\/frm-pt.com\/en\/wp-json\/wp\/v2\/product\/1498","targetHints":{"allow":["GET"]}}],"collection":[{"href":"https:\/\/frm-pt.com\/en\/wp-json\/wp\/v2\/product"}],"about":[{"href":"https:\/\/frm-pt.com\/en\/wp-json\/wp\/v2\/types\/product"}],"wp:featuredmedia":[{"embeddable":true,"href":"https:\/\/frm-pt.com\/en\/wp-json\/wp\/v2\/media\/1507"}],"wp:attachment":[{"href":"https:\/\/frm-pt.com\/en\/wp-json\/wp\/v2\/media?parent=1498"}],"wp:term":[{"taxonomy":"product_brand","embeddable":true,"href":"https:\/\/frm-pt.com\/en\/wp-json\/wp\/v2\/product_brand?post=1498"},{"taxonomy":"product_cat","embeddable":true,"href":"https:\/\/frm-pt.com\/en\/wp-json\/wp\/v2\/product_cat?post=1498"},{"taxonomy":"product_tag","embeddable":true,"href":"https:\/\/frm-pt.com\/en\/wp-json\/wp\/v2\/product_tag?post=1498"}],"curies":[{"name":"wp","href":"https:\/\/api.w.org\/{rel}","templated":true}]}}