{"id":1486,"date":"2023-11-09T15:57:11","date_gmt":"2023-11-09T15:57:11","guid":{"rendered":"https:\/\/frm-pt.com\/?post_type=product&#038;p=1486"},"modified":"2024-11-04T00:08:25","modified_gmt":"2024-11-04T00:08:25","slug":"mini-motoserra-2-baterias-24v","status":"publish","type":"product","link":"https:\/\/frm-pt.com\/en\/product\/mini-motoserra-2-baterias-24v\/","title":{"rendered":"Mini Motoserra 2 baterias 24v"},"content":{"rendered":"<div class=\"xdj266r x11i5rnm xat24cr x1mh8g0r x1vvkbs x126k92a\">\n<h6 dir=\"auto\" style=\"text-align: center;\">Mini Motoserra 2 baterias 24v<\/h6>\n<div dir=\"auto\"><\/div>\n<div dir=\"auto\">\n<div class=\"x11i5rnm xat24cr x1mh8g0r x1vvkbs xtlvy1s x126k92a\">\n<div dir=\"auto\" style=\"text-align: center;\">Conte\u00fado da caixa:<\/div>\n<div dir=\"auto\" style=\"text-align: center;\"><span class=\"x3nfvp2 x1j61x8r x1fcty0u xdj266r xhhsvwb xat24cr xgzva0m xxymvpz xlup9mm x1kky2od\"><img decoding=\"async\" class=\"xz74otr\" src=\"https:\/\/static.xx.fbcdn.net\/images\/emoji.php\/v9\/t20\/1\/16\/2b07.png\" alt=\"\u2b07\ufe0f\" width=\"16\" height=\"16\" \/><\/span><span class=\"x3nfvp2 x1j61x8r x1fcty0u xdj266r xhhsvwb xat24cr xgzva0m xxymvpz xlup9mm x1kky2od\"><img decoding=\"async\" class=\"xz74otr\" src=\"https:\/\/static.xx.fbcdn.net\/images\/emoji.php\/v9\/t20\/1\/16\/2b07.png\" alt=\"\u2b07\ufe0f\" width=\"16\" height=\"16\" \/><\/span><span class=\"x3nfvp2 x1j61x8r x1fcty0u xdj266r xhhsvwb xat24cr xgzva0m xxymvpz xlup9mm x1kky2od\"><img decoding=\"async\" class=\"xz74otr\" src=\"https:\/\/static.xx.fbcdn.net\/images\/emoji.php\/v9\/t20\/1\/16\/2b07.png\" alt=\"\u2b07\ufe0f\" width=\"16\" height=\"16\" \/><\/span><\/div>\n<div dir=\"auto\" style=\"text-align: center;\">1- Mini Motoserra<\/div>\n<div dir=\"auto\" style=\"text-align: center;\">2-Baterias 24v<\/div>\n<div dir=\"auto\" style=\"text-align: center;\"><span class=\"x3nfvp2 x1j61x8r x1fcty0u xdj266r xhhsvwb xat24cr xgzva0m xxymvpz xlup9mm x1kky2od\"><img decoding=\"async\" class=\"xz74otr\" src=\"https:\/\/static.xx.fbcdn.net\/images\/emoji.php\/v9\/t8d\/1\/16\/2611.png\" alt=\"\u2611\ufe0f\" width=\"16\" height=\"16\" \/><\/span>Carregador<\/div>\n<div dir=\"auto\" style=\"text-align: center;\"><span class=\"x3nfvp2 x1j61x8r x1fcty0u xdj266r xhhsvwb xat24cr xgzva0m xxymvpz xlup9mm x1kky2od\"><img decoding=\"async\" class=\"xz74otr\" src=\"https:\/\/static.xx.fbcdn.net\/images\/emoji.php\/v9\/t8d\/1\/16\/2611.png\" alt=\"\u2611\ufe0f\" width=\"16\" height=\"16\" \/><\/span>Chave de bocas<\/div>\n<div dir=\"auto\" style=\"text-align: center;\"><span class=\"x3nfvp2 x1j61x8r x1fcty0u xdj266r xhhsvwb xat24cr xgzva0m xxymvpz xlup9mm x1kky2od\"><img decoding=\"async\" class=\"xz74otr\" src=\"https:\/\/static.xx.fbcdn.net\/images\/emoji.php\/v9\/t8d\/1\/16\/2611.png\" alt=\"\u2611\ufe0f\" width=\"16\" height=\"16\" \/><\/span>Chave de Fendas<\/div>\n<div dir=\"auto\" style=\"text-align: center;\"><span class=\"x3nfvp2 x1j61x8r x1fcty0u xdj266r xhhsvwb xat24cr xgzva0m xxymvpz xlup9mm x1kky2od\"><img decoding=\"async\" class=\"xz74otr\" src=\"https:\/\/static.xx.fbcdn.net\/images\/emoji.php\/v9\/t8d\/1\/16\/2611.png\" alt=\"\u2611\ufe0f\" width=\"16\" height=\"16\" \/><\/span>Manual de instru\u00e7\u00f5es<\/div>\n<div dir=\"auto\">\n<div dir=\"auto\" style=\"text-align: center;\">\u2b50\u2b50\u2b50\u2b50\u2b50(5.9)<\/div>\n<p style=\"text-align: center;\"><em>\u2705Fazemos envios \u00e1 cobran\u00e7a para todo Portugal Continental . com\u00a0 c\u00f3digo de rastreo online.\u00a0<\/em><\/p>\n<p style=\"text-align: center;\"><em>\u2705Voc\u00ea somente paga o valor descrito em nosso site, fique tranquilo, n\u00e3o haver\u00e1 cobran\u00e7as adicionais de taxas ou impostos.<\/em><\/p>\n<p style=\"text-align: center;\"><em>\u2705Prazo m\u00e9dio para entrega \u00e9 de 24h a 48h ap\u00f3s o seu pedido.<\/em><\/p>\n<p style=\"text-align: center;\"><em>\u2705Site protegido com os melhores certificados de seguran\u00e7a.<\/em><\/p>\n<\/div>\n<\/div>\n<div dir=\"auto\"><\/div>\n<\/div>\n<\/div>\n<div dir=\"auto\"><img fetchpriority=\"high\" decoding=\"async\" class=\"aligncenter wp-image-1489 size-full\" src=\"https:\/\/frm-pt.com\/wp-content\/uploads\/2023\/11\/mms-11.jpg\" alt=\"\" width=\"822\" height=\"823\" srcset=\"https:\/\/frm-pt.com\/wp-content\/uploads\/2023\/11\/mms-11.jpg 822w, https:\/\/frm-pt.com\/wp-content\/uploads\/2023\/11\/mms-11-300x300.jpg 300w, https:\/\/frm-pt.com\/wp-content\/uploads\/2023\/11\/mms-11-150x150.jpg 150w, https:\/\/frm-pt.com\/wp-content\/uploads\/2023\/11\/mms-11-768x769.jpg 768w, https:\/\/frm-pt.com\/wp-content\/uploads\/2023\/11\/mms-11-600x601.jpg 600w, https:\/\/frm-pt.com\/wp-content\/uploads\/2023\/11\/mms-11-100x100.jpg 100w\" sizes=\"(max-width: 822px) 100vw, 822px\" \/><img loading=\"lazy\" decoding=\"async\" class=\"aligncenter wp-image-1490 size-full\" src=\"https:\/\/frm-pt.com\/wp-content\/uploads\/2023\/11\/mms.jpg\" alt=\"\" width=\"822\" height=\"823\" srcset=\"https:\/\/frm-pt.com\/wp-content\/uploads\/2023\/11\/mms.jpg 822w, https:\/\/frm-pt.com\/wp-content\/uploads\/2023\/11\/mms-300x300.jpg 300w, https:\/\/frm-pt.com\/wp-content\/uploads\/2023\/11\/mms-150x150.jpg 150w, https:\/\/frm-pt.com\/wp-content\/uploads\/2023\/11\/mms-768x769.jpg 768w, https:\/\/frm-pt.com\/wp-content\/uploads\/2023\/11\/mms-600x601.jpg 600w, https:\/\/frm-pt.com\/wp-content\/uploads\/2023\/11\/mms-100x100.jpg 100w\" sizes=\"(max-width: 822px) 100vw, 822px\" \/><img loading=\"lazy\" decoding=\"async\" class=\"aligncenter wp-image-1488 size-full\" src=\"https:\/\/frm-pt.com\/wp-content\/uploads\/2023\/11\/mini-motoserra2.jpg\" alt=\"\" width=\"822\" height=\"823\" srcset=\"https:\/\/frm-pt.com\/wp-content\/uploads\/2023\/11\/mini-motoserra2.jpg 822w, https:\/\/frm-pt.com\/wp-content\/uploads\/2023\/11\/mini-motoserra2-300x300.jpg 300w, https:\/\/frm-pt.com\/wp-content\/uploads\/2023\/11\/mini-motoserra2-150x150.jpg 150w, https:\/\/frm-pt.com\/wp-content\/uploads\/2023\/11\/mini-motoserra2-768x769.jpg 768w, https:\/\/frm-pt.com\/wp-content\/uploads\/2023\/11\/mini-motoserra2-600x601.jpg 600w, https:\/\/frm-pt.com\/wp-content\/uploads\/2023\/11\/mini-motoserra2-100x100.jpg 100w\" sizes=\"(max-width: 822px) 100vw, 822px\" \/><\/div>\n<div dir=\"auto\"><\/div>\n<div dir=\"auto\"><\/div>\n<div class=\"x11i5rnm xat24cr x1mh8g0r x1vvkbs xtlvy1s x126k92a\"><\/div>\n<div dir=\"auto\"><\/div>\n<div dir=\"auto\"><\/div>","protected":false},"excerpt":{"rendered":"<p>\ud83d\ude9b\u00a0 Envios \u00e1 Cobran\u00e7a<\/p>\n<p>\ud83d\ude9b Entregas em 24h a 48h<\/p>","protected":false},"featured_media":1487,"template":"","meta":{"nf_dc_page":"","site-sidebar-layout":"default","site-content-layout":"","ast-site-content-layout":"default","site-content-style":"default","site-sidebar-style":"default","ast-global-header-display":"","ast-banner-title-visibility":"","ast-main-header-display":"","ast-hfb-above-header-display":"","ast-hfb-below-header-display":"","ast-hfb-mobile-header-display":"","site-post-title":"","ast-breadcrumbs-content":"","ast-featured-img":"","footer-sml-layout":"","ast-disable-related-posts":"","theme-transparent-header-meta":"default","adv-header-id-meta":"","stick-header-meta":"","header-above-stick-meta":"","header-main-stick-meta":"","header-below-stick-meta":"","astra-migrate-meta-layouts":"set","ast-page-background-enabled":"default","ast-page-background-meta":{"desktop":{"background-color":"","background-image":"","background-repeat":"repeat","background-position":"center center","background-size":"auto","background-attachment":"scroll","background-type":"","background-media":"","overlay-type":"","overlay-color":"","overlay-opacity":"","overlay-gradient":""},"tablet":{"background-color":"","background-image":"","background-repeat":"repeat","background-position":"center center","background-size":"auto","background-attachment":"scroll","background-type":"","background-media":"","overlay-type":"","overlay-color":"","overlay-opacity":"","overlay-gradient":""},"mobile":{"background-color":"","background-image":"","background-repeat":"repeat","background-position":"center center","background-size":"auto","background-attachment":"scroll","background-type":"","background-media":"","overlay-type":"","overlay-color":"","overlay-opacity":"","overlay-gradient":""}},"ast-content-background-meta":{"desktop":{"background-color":"var(--ast-global-color-5)","background-image":"","background-repeat":"repeat","background-position":"center center","background-size":"auto","background-attachment":"scroll","background-type":"","background-media":"","overlay-type":"","overlay-color":"","overlay-opacity":"","overlay-gradient":""},"tablet":{"background-color":"var(--ast-global-color-5)","background-image":"","background-repeat":"repeat","background-position":"center center","background-size":"auto","background-attachment":"scroll","background-type":"","background-media":"","overlay-type":"","overlay-color":"","overlay-opacity":"","overlay-gradient":""},"mobile":{"background-color":"var(--ast-global-color-5)","background-image":"","background-repeat":"repeat","background-position":"center center","background-size":"auto","background-attachment":"scroll","background-type":"","background-media":"","overlay-type":"","overlay-color":"","overlay-opacity":"","overlay-gradient":""}}},"product_brand":[],"product_cat":[29],"product_tag":[],"class_list":{"0":"post-1486","1":"product","2":"type-product","3":"status-publish","4":"has-post-thumbnail","6":"product_cat-maquinas-de-jardim","7":"desktop-align-left","8":"tablet-align-left","9":"mobile-align-left","11":"first","12":"instock","13":"sale","14":"shipping-taxable","15":"purchasable","16":"product-type-simple"},"_links":{"self":[{"href":"https:\/\/frm-pt.com\/en\/wp-json\/wp\/v2\/product\/1486","targetHints":{"allow":["GET"]}}],"collection":[{"href":"https:\/\/frm-pt.com\/en\/wp-json\/wp\/v2\/product"}],"about":[{"href":"https:\/\/frm-pt.com\/en\/wp-json\/wp\/v2\/types\/product"}],"wp:featuredmedia":[{"embeddable":true,"href":"https:\/\/frm-pt.com\/en\/wp-json\/wp\/v2\/media\/1487"}],"wp:attachment":[{"href":"https:\/\/frm-pt.com\/en\/wp-json\/wp\/v2\/media?parent=1486"}],"wp:term":[{"taxonomy":"product_brand","embeddable":true,"href":"https:\/\/frm-pt.com\/en\/wp-json\/wp\/v2\/product_brand?post=1486"},{"taxonomy":"product_cat","embeddable":true,"href":"https:\/\/frm-pt.com\/en\/wp-json\/wp\/v2\/product_cat?post=1486"},{"taxonomy":"product_tag","embeddable":true,"href":"https:\/\/frm-pt.com\/en\/wp-json\/wp\/v2\/product_tag?post=1486"}],"curies":[{"name":"wp","href":"https:\/\/api.w.org\/{rel}","templated":true}]}}