{"id":1434,"date":"2023-11-02T22:35:18","date_gmt":"2023-11-02T22:35:18","guid":{"rendered":"https:\/\/frm-pt.com\/?page_id=1434"},"modified":"2023-11-02T22:35:18","modified_gmt":"2023-11-02T22:35:18","slug":"politica-de-privacidade","status":"publish","type":"page","link":"https:\/\/frm-pt.com\/en\/politica-de-privacidade\/","title":{"rendered":"Pol\u00edtica de Privacidade"},"content":{"rendered":"<p>Pol\u00edtica de Privacidade Nosso site respeita sua privacidade e busca proteger seus dados pessoais. A Pol\u00edtica de Privacidade explica como coletamos e usamos seus dados pessoais (sob certas circunst\u00e2ncias). Tamb\u00e9m menciona os procedimentos utilizados para garantir a privacidade de suas informa\u00e7\u00f5es. Por fim, esta pol\u00edtica define as op\u00e7\u00f5es dispon\u00edveis para voc\u00ea em rela\u00e7\u00e3o \u00e0 coleta, uso e divulga\u00e7\u00e3o de dados pessoais. Ao visitar o Site diretamente ou atrav\u00e9s de outro site, voc\u00ea concorda com as pr\u00e1ticas descritas nesta Pol\u00edtica. Proteger seus dados \u00e9 muito importante para n\u00f3s. Portanto, seu nome e outras informa\u00e7\u00f5es relacionadas a voc\u00ea s\u00e3o usadas da maneira descrita na Pol\u00edtica de Privacidade. Coletaremos informa\u00e7\u00f5es conforme necess\u00e1rio ou se for diretamente necess\u00e1rio para nossas negocia\u00e7\u00f5es com voc\u00ea. Reteremos seus dados de acordo com a lei ou os usaremos para os fins para os quais foram coletados. Voc\u00ea pode navegar no site sem precisar fornecer nenhum dado pessoal. Sua identidade pessoal permanece an\u00f4nima durante toda a sua visita ao site e n\u00e3o \u00e9 revelada a menos que voc\u00ea tenha uma conta eletr\u00f4nica especial no site que voc\u00ea acessa usando seu nome de usu\u00e1rio e senha. &nbsp;<\/p>\n\n\n\n<p>&nbsp;1 \u2013 Os dados que coletamos: Podemos precisar coletar suas informa\u00e7\u00f5es se voc\u00ea quiser fazer um pedido de um item em nosso site. Coletamos, armazenamos e processamos seus dados necess\u00e1rios para acompanhar sua compra em nosso site para proteger quaisquer demandas potenciais que possam surgir posteriormente e para fornecer a voc\u00ea os servi\u00e7os dispon\u00edveis para n\u00f3s. Podemos coletar informa\u00e7\u00f5es pessoais, incluindo, mas n\u00e3o se limitando a, nome, sexo, data de nascimento, endere\u00e7o de e-mail, endere\u00e7o postal, endere\u00e7o de entrega (se diferente), n\u00famero de telefone, detalhes de pagamento e detalhes do cart\u00e3o de pagamento. Usamos as informa\u00e7\u00f5es que voc\u00ea fornece para nos permitir processar suas solicita\u00e7\u00f5es e fornecer servi\u00e7os e informa\u00e7\u00f5es exibidas em nosso site que voc\u00ea solicitar. Al\u00e9m disso, usaremos as informa\u00e7\u00f5es que voc\u00ea fornecer para administrar sua conta conosco, verificar suas transa\u00e7\u00f5es financeiras on-line, auditar downloads de dados do Site, identificar visitantes do site e desenvolver e personalizar designs e\/ou conte\u00fado de p\u00e1ginas do site para Comercial. Fazemos v\u00e1rias pesquisas demogr\u00e1ficas e enviamos informa\u00e7\u00f5es \u00fateis ou solicitadas ao usu\u00e1rio, por exemplo, informa\u00e7\u00f5es sobre produtos e servi\u00e7os, caso voc\u00ea n\u00e3o se oponha a ser contatado sobre isso. Entraremos em contato com voc\u00ea por e-mail para fornecer alguns detalhes sobre outros produtos e servi\u00e7os, se desejar, e se preferir n\u00e3o receber comunica\u00e7\u00f5es promocionais e de marketing, desative essa op\u00e7\u00e3o a qualquer momento. Podemos fornecer seu nome e endere\u00e7o a terceiros para entregar seu pedido a voc\u00ea (por exemplo, um operador de entrega ou fornecedor). Podemos armazenar os detalhes do seu pedido atual em nosso site, mas n\u00e3o podemos recuper\u00e1-los diretamente por motivos de seguran\u00e7a. Ao fazer login em sua conta no site, voc\u00ea pode ver as informa\u00e7\u00f5es e detalhes de suas compras que voc\u00ea solicitou ou que enviar\u00e1 em breve. Voc\u00ea tamb\u00e9m pode gerenciar seus dados de endere\u00e7o. Voc\u00ea tamb\u00e9m se compromete a lidar com estrita confidencialidade quando acessar seus dados pessoais e n\u00e3o disponibiliz\u00e1-los a terceiros n\u00e3o autorizados. N\u00e3o somos respons\u00e1veis por qualquer uso indevido de senhas, a menos que esse uso indevido seja nossa culpa Outros usos de suas informa\u00e7\u00f5es pessoais Podemos usar suas informa\u00e7\u00f5es pessoais em pesquisas de opini\u00e3o e pesquisas de marketing, com base em seu desejo, para fins estat\u00edsticos, garantindo sua estrita confidencialidade, e voc\u00ea tem o direito de desistir a qualquer momento. N\u00e3o enviamos respostas a terceiros Seu endere\u00e7o de e-mail s\u00f3 \u00e9 divulgado se voc\u00ea deseja participar das competi\u00e7\u00f5es Mantemos as respostas \u00e0s pesquisas em um local completamente separado do seu e-mail privado. Informa\u00e7\u00f5es sobre n\u00f3s, o Site ou nossos outros sites, nossos produtos, vendas, ofertas, folhetos, etc. em conex\u00e3o com nossas empresas ou parceiros do grupo. Se voc\u00ea n\u00e3o deseja receber essas informa\u00e7\u00f5es adicionais (ou qualquer parte delas), clique no link \u201ccancelar inscri\u00e7\u00e3o\u201d em qualquer e-mail enviado a voc\u00ea e deixaremos de enviar essas informa\u00e7\u00f5es dentro de sete dias \u00fateis (todos os dias, exceto dias s\u00e1bado, domingo, feriados nacionais e religiosos) de receber sua notifica\u00e7\u00e3o. Entraremos em contato com voc\u00ea para obter informa\u00e7\u00f5es quando n\u00e3o estiverem claras. Podemos usar alguns dados, mantendo total privacidade e confidencialidade no site, para outros fins, incluindo verificar o paradeiro dos usu\u00e1rios e acompanhar sua visita ao site ou os links contidos no e-mail enquanto eles se inscrevem para receb\u00ea-lo , e fornecer tais dados an\u00f4nimos, que n\u00e3o permitem sua identifica\u00e7\u00e3o pessoal real, a terceiros, como editores. No entanto, esses dados n\u00e3o o identificar\u00e3o pessoalmente (porque n\u00e3o s\u00e3o pessoalmente identific\u00e1veis) as competi\u00e7\u00f5es Em conex\u00e3o com qualquer competi\u00e7\u00e3o, usamos os dados para notificar os vencedores e anunciar nossas ofertas. Voc\u00ea pode encontrar mais detalhes sobre os termos de participa\u00e7\u00e3o em cada concorr\u00eancia separadamente. Outras partes e links para sites podem transferir suas informa\u00e7\u00f5es para outras empresas do nosso grupo ou para nossos agentes e contratados para nos ajudar com transa\u00e7\u00f5es relacionadas de acordo com os termos da Pol\u00edtica de privacidade. Por exemplo, podemos usar um terceiro para nos ajudar a entregar produtos para voc\u00ea, receber seus pagamentos e us\u00e1-los para fins de pesquisa estat\u00edstica e de marketing ou para auxiliar nossa equipe de atendimento ao cliente. Para trocar informa\u00e7\u00f5es com terceiros para proteger contra fraudes e reduzir o risco de cr\u00e9dito. caso nossa empresa ou parte dela seja vendida, podemos ter que transferir nossos bancos de dados que incluem suas informa\u00e7\u00f5es pessoais. consentimento, a menos que seja necess\u00e1rio para os fins estabelecidos nesta Pol\u00edtica de Privacidade, ou se formos obrigados a faz\u00ea-lo por lei. N\u00e3o cont\u00e9m an\u00fancios de terceiros ou links para outros sites ou frames de outros sites. Observe que n\u00e3o somos respons\u00e1veis pela pol\u00edtica de privacidade de terceiros ou pelo conte\u00fado dessas pol\u00edticas aplicadas em outros sites, e n\u00e3o somos respons\u00e1veis por terceiros para quem transferimos seus dados de acordo com a Pol\u00edtica de Privacidade.<\/p>\n\n\n\n<p>&nbsp;2 \u2013 COOKIES A aceita\u00e7\u00e3o de cookies n\u00e3o \u00e9 um pr\u00e9-requisito para a visita ao Site. No entanto, salientamos que n\u00e3o \u00e9 poss\u00edvel utilizar as fun\u00e7\u00f5es \u201ccesta\u201d do site e encomendar qualquer finalidade sem ativar os cookies. Cookies s\u00e3o pequenos arquivos de texto que permitem que nosso servidor identifique seu computador como usu\u00e1rio \u00fanico ao visitar determinadas p\u00e1ginas do Site. Seu navegador armazena esses arquivos no disco r\u00edgido do seu computador. Os cookies podem ser usados para descobrir um endere\u00e7o de protocolo de Internet (IP), o que economiza tempo quando voc\u00ea est\u00e1 no site ou deseja visit\u00e1-lo. Usamos cookies para garantir sua conveni\u00eancia ao navegar neste site (por exemplo, para lembrar sua identidade quando voc\u00ea deseja modificar seu carrinho de compras sem precisar digitar novamente seu endere\u00e7o de e-mail) e n\u00e3o para obter ou usar outras informa\u00e7\u00f5es sobre voc\u00ea (por exemplo, para fins de comercializa\u00e7\u00e3o). Voc\u00ea pode configurar seu navegador para n\u00e3o aceitar cookies, mas isso limitar\u00e1 seu uso do Site. Certifique-se de que nosso uso de cookies n\u00e3o cont\u00e9m nenhuma informa\u00e7\u00e3o pessoal ou privada e est\u00e1 livre de v\u00edrus. Este site usa o Google Analytics, um servi\u00e7o fornecido pelo Google para analisar p\u00e1ginas da web. Para analisar como os usu\u00e1rios usam o Site, o Google Analytics conta com cookies, que s\u00e3o arquivos de texto colocados em seu computador. O Google transmitir\u00e1 as informa\u00e7\u00f5es geradas pelos cookies sobre seu uso deste site (incluindo seu endere\u00e7o IP) para servidores nos Estados Unidos onde ser\u00e3o armazenados. O Google usar\u00e1 essas informa\u00e7\u00f5es para avaliar seu uso do site, preparar relat\u00f3rios para os operadores do site sobre sua atividade e fornecer outros servi\u00e7os relacionados \u00e0 atividade do site e uso da Internet. O Google tamb\u00e9m pode transferir essas informa\u00e7\u00f5es para terceiros se exigido por lei ou se um terceiro processar as informa\u00e7\u00f5es em nome do Google. O Google n\u00e3o associar\u00e1 seu endere\u00e7o IP a nenhum outro dado que possua. Voc\u00ea pode recusar o uso de cookies selecionando as configura\u00e7\u00f5es apropriadas em seu navegador, mas lembre-se de que voc\u00ea n\u00e3o poder\u00e1 aproveitar todas as funcionalidades do site. Ao usar este site, voc\u00ea concorda que o Google usar\u00e1 seus dados da maneira e para os fins detalhados acima.&nbsp;<\/p>\n\n\n\n<p>3- Seguran\u00e7a Usamos tecnologias e procedimentos de seguran\u00e7a apropriados para evitar qualquer acesso n\u00e3o autorizado ou ilegal, perda ou destrui\u00e7\u00e3o de suas informa\u00e7\u00f5es. Quando coletamos dados atrav\u00e9s do Site, armazenamos suas informa\u00e7\u00f5es pessoais em um banco de dados dentro de um servidor online seguro. Usamos sistemas de firewall em nossos servidores. Quando coletamos os detalhes do cart\u00e3o de pagamento eletronicamente, n\u00f3s os protegemos por meio do uso de criptografia, como Secure Sockets Layer (SSL). Portanto, \u00e9 dif\u00edcil para um hacker descriptografar suas informa\u00e7\u00f5es, pois n\u00e3o podemos garantir 100% de prote\u00e7\u00e3o. Recomendamos fortemente que voc\u00ea n\u00e3o envie todos os detalhes do cart\u00e3o de cr\u00e9dito ou d\u00e9bito ao se comunicar conosco eletronicamente e sem criptografia. Colocamos salvaguardas f\u00edsicas, eletr\u00f4nicas e processuais diretas na coleta, armazenamento e divulga\u00e7\u00e3o de suas informa\u00e7\u00f5es. \u00c0s vezes, nossos procedimentos de seguran\u00e7a exigem que voc\u00ea verifique sua identidade antes de divulgar suas informa\u00e7\u00f5es pessoais. \u00c9 sua responsabilidade proteger sua senha e seu computador de qualquer uso n\u00e3o autorizado.<\/p>\n\n\n\n<p>&nbsp;4 \u2013 Direitos do cliente Se estiver preocupado com os seus dados, tem o direito de solicitar o acesso aos dados pessoais que detemos sobre si ou que nos foram transferidos anteriormente. Voc\u00ea tem o direito de nos pedir para corrigir quaisquer erros em seus dados pessoais e isso \u00e9 feito gratuitamente. Voc\u00ea tamb\u00e9m tem o direito de nos pedir, a qualquer momento, para parar de usar seus dados pessoais para fins de marketing direto.<\/p>","protected":false},"excerpt":{"rendered":"<p>Pol\u00edtica de Privacidade Nosso site respeita sua privacidade e busca proteger seus dados pessoais. A Pol\u00edtica de Privacidade explica como coletamos e usamos seus dados pessoais (sob certas circunst\u00e2ncias). Tamb\u00e9m menciona os procedimentos utilizados para garantir a privacidade de suas informa\u00e7\u00f5es. Por fim, esta pol\u00edtica define as op\u00e7\u00f5es dispon\u00edveis para voc\u00ea em rela\u00e7\u00e3o \u00e0 coleta, [&hellip;]<\/p>\n","protected":false},"author":1,"featured_media":0,"parent":0,"menu_order":0,"comment_status":"closed","ping_status":"closed","template":"","meta":{"nf_dc_page":"","site-sidebar-layout":"default","site-content-layout":"","ast-site-content-layout":"default","site-content-style":"default","site-sidebar-style":"default","ast-global-header-display":"","ast-banner-title-visibility":"","ast-main-header-display":"","ast-hfb-above-header-display":"","ast-hfb-below-header-display":"","ast-hfb-mobile-header-display":"","site-post-title":"","ast-breadcrumbs-content":"","ast-featured-img":"","footer-sml-layout":"","ast-disable-related-posts":"","theme-transparent-header-meta":"","adv-header-id-meta":"","stick-header-meta":"","header-above-stick-meta":"","header-main-stick-meta":"","header-below-stick-meta":"","astra-migrate-meta-layouts":"set","ast-page-background-enabled":"default","ast-page-background-meta":{"desktop":{"background-color":"","background-image":"","background-repeat":"repeat","background-position":"center center","background-size":"auto","background-attachment":"scroll","background-type":"","background-media":"","overlay-type":"","overlay-color":"","overlay-opacity":"","overlay-gradient":""},"tablet":{"background-color":"","background-image":"","background-repeat":"repeat","background-position":"center center","background-size":"auto","background-attachment":"scroll","background-type":"","background-media":"","overlay-type":"","overlay-color":"","overlay-opacity":"","overlay-gradient":""},"mobile":{"background-color":"","background-image":"","background-repeat":"repeat","background-position":"center center","background-size":"auto","background-attachment":"scroll","background-type":"","background-media":"","overlay-type":"","overlay-color":"","overlay-opacity":"","overlay-gradient":""}},"ast-content-background-meta":{"desktop":{"background-color":"var(--ast-global-color-5)","background-image":"","background-repeat":"repeat","background-position":"center center","background-size":"auto","background-attachment":"scroll","background-type":"","background-media":"","overlay-type":"","overlay-color":"","overlay-opacity":"","overlay-gradient":""},"tablet":{"background-color":"var(--ast-global-color-5)","background-image":"","background-repeat":"repeat","background-position":"center center","background-size":"auto","background-attachment":"scroll","background-type":"","background-media":"","overlay-type":"","overlay-color":"","overlay-opacity":"","overlay-gradient":""},"mobile":{"background-color":"var(--ast-global-color-5)","background-image":"","background-repeat":"repeat","background-position":"center center","background-size":"auto","background-attachment":"scroll","background-type":"","background-media":"","overlay-type":"","overlay-color":"","overlay-opacity":"","overlay-gradient":""}},"footnotes":""},"class_list":["post-1434","page","type-page","status-publish","hentry"],"_links":{"self":[{"href":"https:\/\/frm-pt.com\/en\/wp-json\/wp\/v2\/pages\/1434","targetHints":{"allow":["GET"]}}],"collection":[{"href":"https:\/\/frm-pt.com\/en\/wp-json\/wp\/v2\/pages"}],"about":[{"href":"https:\/\/frm-pt.com\/en\/wp-json\/wp\/v2\/types\/page"}],"author":[{"embeddable":true,"href":"https:\/\/frm-pt.com\/en\/wp-json\/wp\/v2\/users\/1"}],"replies":[{"embeddable":true,"href":"https:\/\/frm-pt.com\/en\/wp-json\/wp\/v2\/comments?post=1434"}],"version-history":[{"count":1,"href":"https:\/\/frm-pt.com\/en\/wp-json\/wp\/v2\/pages\/1434\/revisions"}],"predecessor-version":[{"id":1435,"href":"https:\/\/frm-pt.com\/en\/wp-json\/wp\/v2\/pages\/1434\/revisions\/1435"}],"wp:attachment":[{"href":"https:\/\/frm-pt.com\/en\/wp-json\/wp\/v2\/media?parent=1434"}],"curies":[{"name":"wp","href":"https:\/\/api.w.org\/{rel}","templated":true}]}}