{"id":1428,"date":"2023-11-02T22:19:57","date_gmt":"2023-11-02T22:19:57","guid":{"rendered":"https:\/\/frm-pt.com\/?page_id=1428"},"modified":"2023-11-02T22:19:57","modified_gmt":"2023-11-02T22:19:57","slug":"metodos-de-pagamento","status":"publish","type":"page","link":"https:\/\/frm-pt.com\/en\/metodos-de-pagamento\/","title":{"rendered":"M\u00e9todos de Pagamento"},"content":{"rendered":"<p>Dinheiro na entrega (COD)<\/p>\n\n\n\n<p>Pagamento no acto da entrega \u00e9 uma das formas de pagamento dispon\u00edveis na nossa loja, e o pagamento no ato da rece\u00e7\u00e3o significa que o client pode comprar atrav\u00e9s da nossa loja online e escolher o produto que pretende e depois efetuar a encomenda e escolher a forma de pagamento ap\u00f3s o recebimento, o que significa que o processo de pagamento \u00e9 adiado at\u00e9 que o cliente receba o produto que encomendou eletronicamente.<\/p>\n\n\n\n<p>Enviaremos o produto para o local combinado (cidade, bairro, resid\u00eancia ou outro local), e em seguida ser\u00e1 efetuado o pagamento.<\/p>\n\n\n\n<p>Pague pelo PayPal<\/p>\n\n\n\n<p>O pagamento via transfer\u00eancia PayPal \u00e9 um dos m\u00e9todos dispon\u00edveis na nossa loja, e o pagamento \u00e9 feito transferindo o valor acordado para a nossa conta PayPal, ap\u00f3s o que o produto \u00e9 enviado para o local acordado.<\/p>","protected":false},"excerpt":{"rendered":"<p>Dinheiro na entrega (COD) Pagamento no acto da entrega \u00e9 uma das formas de pagamento dispon\u00edveis na nossa loja, e o pagamento no ato da rece\u00e7\u00e3o significa que o client pode comprar atrav\u00e9s da nossa loja online e escolher o produto que pretende e depois efetuar a encomenda e escolher a forma de pagamento ap\u00f3s [&hellip;]<\/p>\n","protected":false},"author":1,"featured_media":0,"parent":0,"menu_order":0,"comment_status":"closed","ping_status":"closed","template":"","meta":{"nf_dc_page":"","site-sidebar-layout":"default","site-content-layout":"","ast-site-content-layout":"default","site-content-style":"default","site-sidebar-style":"default","ast-global-header-display":"","ast-banner-title-visibility":"","ast-main-header-display":"","ast-hfb-above-header-display":"","ast-hfb-below-header-display":"","ast-hfb-mobile-header-display":"","site-post-title":"","ast-breadcrumbs-content":"","ast-featured-img":"","footer-sml-layout":"","ast-disable-related-posts":"","theme-transparent-header-meta":"","adv-header-id-meta":"","stick-header-meta":"","header-above-stick-meta":"","header-main-stick-meta":"","header-below-stick-meta":"","astra-migrate-meta-layouts":"set","ast-page-background-enabled":"default","ast-page-background-meta":{"desktop":{"background-color":"","background-image":"","background-repeat":"repeat","background-position":"center center","background-size":"auto","background-attachment":"scroll","background-type":"","background-media":"","overlay-type":"","overlay-color":"","overlay-opacity":"","overlay-gradient":""},"tablet":{"background-color":"","background-image":"","background-repeat":"repeat","background-position":"center center","background-size":"auto","background-attachment":"scroll","background-type":"","background-media":"","overlay-type":"","overlay-color":"","overlay-opacity":"","overlay-gradient":""},"mobile":{"background-color":"","background-image":"","background-repeat":"repeat","background-position":"center center","background-size":"auto","background-attachment":"scroll","background-type":"","background-media":"","overlay-type":"","overlay-color":"","overlay-opacity":"","overlay-gradient":""}},"ast-content-background-meta":{"desktop":{"background-color":"var(--ast-global-color-5)","background-image":"","background-repeat":"repeat","background-position":"center center","background-size":"auto","background-attachment":"scroll","background-type":"","background-media":"","overlay-type":"","overlay-color":"","overlay-opacity":"","overlay-gradient":""},"tablet":{"background-color":"var(--ast-global-color-5)","background-image":"","background-repeat":"repeat","background-position":"center center","background-size":"auto","background-attachment":"scroll","background-type":"","background-media":"","overlay-type":"","overlay-color":"","overlay-opacity":"","overlay-gradient":""},"mobile":{"background-color":"var(--ast-global-color-5)","background-image":"","background-repeat":"repeat","background-position":"center center","background-size":"auto","background-attachment":"scroll","background-type":"","background-media":"","overlay-type":"","overlay-color":"","overlay-opacity":"","overlay-gradient":""}},"footnotes":""},"class_list":["post-1428","page","type-page","status-publish","hentry"],"_links":{"self":[{"href":"https:\/\/frm-pt.com\/en\/wp-json\/wp\/v2\/pages\/1428","targetHints":{"allow":["GET"]}}],"collection":[{"href":"https:\/\/frm-pt.com\/en\/wp-json\/wp\/v2\/pages"}],"about":[{"href":"https:\/\/frm-pt.com\/en\/wp-json\/wp\/v2\/types\/page"}],"author":[{"embeddable":true,"href":"https:\/\/frm-pt.com\/en\/wp-json\/wp\/v2\/users\/1"}],"replies":[{"embeddable":true,"href":"https:\/\/frm-pt.com\/en\/wp-json\/wp\/v2\/comments?post=1428"}],"version-history":[{"count":1,"href":"https:\/\/frm-pt.com\/en\/wp-json\/wp\/v2\/pages\/1428\/revisions"}],"predecessor-version":[{"id":1429,"href":"https:\/\/frm-pt.com\/en\/wp-json\/wp\/v2\/pages\/1428\/revisions\/1429"}],"wp:attachment":[{"href":"https:\/\/frm-pt.com\/en\/wp-json\/wp\/v2\/media?parent=1428"}],"curies":[{"name":"wp","href":"https:\/\/api.w.org\/{rel}","templated":true}]}}